{"id":39609,"date":"2025-02-19T13:41:58","date_gmt":"2025-02-19T11:41:58","guid":{"rendered":"https:\/\/brilune.eu\/?post_type=product&#038;p=39609"},"modified":"2025-02-19T14:10:48","modified_gmt":"2025-02-19T12:10:48","slug":"datorgalds-ar-stativu","status":"publish","type":"product","link":"https:\/\/brilune.eu\/lv\/product\/datorgalds-ar-stativu\/","title":{"rendered":"Datorgalds ar stat\u012bvu"},"content":{"rendered":"<p>Stil\u012bgs rakst\u0101mgalds ar dabisku apdari ir lieliska izv\u0113le j\u016bsu darba vietai. T\u0101 lakoniskais dizains ar baltu r\u0101mi un koka galda virsmu rad\u012bs harmonisku kombin\u0101ciju jebkur\u0101 interjer\u0101. Galdam ir \u016bdens un skr\u0101p\u0113jumiem iztur\u012bgas \u012bpa\u0161\u012bbas, kas padara to iztur\u012bgu un viegli t\u012br\u0101mu. Komplekt\u0101 ir tr\u012bs uzglab\u0101\u0161anas atvilktnes, kas pal\u012bdz uztur\u0113t j\u016bsu darba vietu k\u0101rt\u012bgu un sak\u0101rtotu. Ir ar\u012b viens plaukts papildu piederumiem. \u0160is rakst\u0101mgalds ir ide\u0101ls risin\u0101jums gan m\u0101j\u0101m, gan birojam, nodro\u0161inot komfortu un funkcionalit\u0101ti. Materi\u0101ls: koks, t\u0113rauds. Izm\u0113ri: 100\u00d750\u00d773 cm.<\/p>\n","protected":false},"excerpt":{"rendered":"<p>Stil\u012bgs rakst\u0101mgalds ar dabisku apdari ir lieliska izv\u0113le j\u016bsu darba vietai. T\u0101 lakoniskais dizains ar baltu r\u0101mi un koka galda virsmu rad\u012bs harmonisku&#8230;<\/p>\n","protected":false},"featured_media":12181,"comment_status":"open","ping_status":"closed","template":"","meta":[],"product_brand":[],"product_cat":[2991,5662],"product_tag":[],"class_list":{"0":"post-39609","1":"product","2":"type-product","3":"status-publish","4":"has-post-thumbnail","6":"product_cat-bernu-rakstamgaldi-galdi-2","7":"product_cat-bernu-rakstamgaldi-galdi-5","9":"first","10":"instock","11":"shipping-taxable","12":"purchasable","13":"product-type-simple"},"yoast_head":"<!-- This site is optimized with the Yoast SEO plugin v26.0 - https:\/\/yoast.com\/wordpress\/plugins\/seo\/ -->\n<title>Datorgalds ar stat\u012bvu<\/title>\n<meta name=\"description\" content=\"Stil\u012bgs rakst\u0101mgalds ar dabisku apdari ir lieliska izv\u0113le j\u016bsu darba vietai. T\u0101 lakoniskais dizains ar baltu r\u0101mi un koka galda virsmu rad\u012bs harmonisku...\" \/>\n<meta name=\"robots\" content=\"index, follow, max-snippet:-1, max-image-preview:large, max-video-preview:-1\" \/>\n<link rel=\"canonical\" href=\"https:\/\/brilune.eu\/lv\/product\/datorgalds-ar-stativu\/\" \/>\n<meta property=\"og:locale\" content=\"lv_LV\" \/>\n<meta property=\"og:type\" content=\"article\" \/>\n<meta property=\"og:title\" content=\"Datorgalds ar stat\u012bvu\" \/>\n<meta property=\"og:description\" content=\"Stil\u012bgs rakst\u0101mgalds ar dabisku apdari ir lieliska izv\u0113le j\u016bsu darba vietai. T\u0101 lakoniskais dizains ar baltu r\u0101mi un koka galda virsmu rad\u012bs harmonisku...\" \/>\n<meta property=\"og:url\" content=\"https:\/\/brilune.eu\/lv\/product\/datorgalds-ar-stativu\/\" \/>\n<meta property=\"og:site_name\" content=\"Brilune\" \/>\n<meta property=\"article:modified_time\" content=\"2025-02-19T12:10:48+00:00\" \/>\n<meta property=\"og:image\" content=\"https:\/\/brilune.eu\/wp-content\/uploads\/2025\/01\/13581779.png\" \/>\n\t<meta property=\"og:image:width\" content=\"800\" \/>\n\t<meta property=\"og:image:height\" content=\"800\" \/>\n\t<meta property=\"og:image:type\" content=\"image\/png\" \/>\n<meta name=\"twitter:card\" content=\"summary_large_image\" \/>\n<meta name=\"twitter:label1\" content=\"Est. reading time\" \/>\n\t<meta name=\"twitter:data1\" content=\"1 minute\" \/>\n<script type=\"application\/ld+json\" class=\"yoast-schema-graph\">{\"@context\":\"https:\/\/schema.org\",\"@graph\":[{\"@type\":\"WebPage\",\"@id\":\"https:\/\/brilune.eu\/lv\/product\/datorgalds-ar-stativu\/\",\"url\":\"https:\/\/brilune.eu\/lv\/product\/datorgalds-ar-stativu\/\",\"name\":\"Datorgalds ar stat\u012bvu\",\"isPartOf\":{\"@id\":\"https:\/\/brilune.eu\/lv\/#website\"},\"primaryImageOfPage\":{\"@id\":\"https:\/\/brilune.eu\/lv\/product\/datorgalds-ar-stativu\/#primaryimage\"},\"image\":{\"@id\":\"https:\/\/brilune.eu\/lv\/product\/datorgalds-ar-stativu\/#primaryimage\"},\"thumbnailUrl\":\"https:\/\/brilune.eu\/wp-content\/uploads\/2025\/01\/13581779.png\",\"datePublished\":\"2025-02-19T11:41:58+00:00\",\"dateModified\":\"2025-02-19T12:10:48+00:00\",\"description\":\"Stil\u012bgs rakst\u0101mgalds ar dabisku apdari ir lieliska izv\u0113le j\u016bsu darba vietai. T\u0101 lakoniskais dizains ar baltu r\u0101mi un koka galda virsmu rad\u012bs harmonisku...\",\"breadcrumb\":{\"@id\":\"https:\/\/brilune.eu\/lv\/product\/datorgalds-ar-stativu\/#breadcrumb\"},\"inLanguage\":\"lv-LV\",\"potentialAction\":[{\"@type\":\"ReadAction\",\"target\":[\"https:\/\/brilune.eu\/lv\/product\/datorgalds-ar-stativu\/\"]}]},{\"@type\":\"ImageObject\",\"inLanguage\":\"lv-LV\",\"@id\":\"https:\/\/brilune.eu\/lv\/product\/datorgalds-ar-stativu\/#primaryimage\",\"url\":\"https:\/\/brilune.eu\/wp-content\/uploads\/2025\/01\/13581779.png\",\"contentUrl\":\"https:\/\/brilune.eu\/wp-content\/uploads\/2025\/01\/13581779.png\",\"width\":800,\"height\":800},{\"@type\":\"BreadcrumbList\",\"@id\":\"https:\/\/brilune.eu\/lv\/product\/datorgalds-ar-stativu\/#breadcrumb\",\"itemListElement\":[{\"@type\":\"ListItem\",\"position\":1,\"name\":\"S\u0101kums\",\"item\":\"https:\/\/brilune.eu\/lv\/brilune-mebeles\/\"},{\"@type\":\"ListItem\",\"position\":2,\"name\":\"Visi produkti\",\"item\":\"https:\/\/brilune.eu\/lv\/shop\/\"},{\"@type\":\"ListItem\",\"position\":3,\"name\":\"Datorgalds ar stat\u012bvu\"}]},{\"@type\":\"WebSite\",\"@id\":\"https:\/\/brilune.eu\/lv\/#website\",\"url\":\"https:\/\/brilune.eu\/lv\/\",\"name\":\"Brilune\",\"description\":\"M\u0113s pied\u0101v\u0101jam unik\u0101lus un nebiju\u0161us dizainus, kas apvieno eleganci, funkcionalit\u0101ti un rado\u0161umu.\",\"potentialAction\":[{\"@type\":\"SearchAction\",\"target\":{\"@type\":\"EntryPoint\",\"urlTemplate\":\"https:\/\/brilune.eu\/lv\/?s={search_term_string}\"},\"query-input\":{\"@type\":\"PropertyValueSpecification\",\"valueRequired\":true,\"valueName\":\"search_term_string\"}}],\"inLanguage\":\"lv-LV\"}]}<\/script>\n<!-- \/ Yoast SEO plugin. -->","yoast_head_json":{"title":"Datorgalds ar stat\u012bvu","description":"Stil\u012bgs rakst\u0101mgalds ar dabisku apdari ir lieliska izv\u0113le j\u016bsu darba vietai. T\u0101 lakoniskais dizains ar baltu r\u0101mi un koka galda virsmu rad\u012bs harmonisku...","robots":{"index":"index","follow":"follow","max-snippet":"max-snippet:-1","max-image-preview":"max-image-preview:large","max-video-preview":"max-video-preview:-1"},"canonical":"https:\/\/brilune.eu\/lv\/product\/datorgalds-ar-stativu\/","og_locale":"lv_LV","og_type":"article","og_title":"Datorgalds ar stat\u012bvu","og_description":"Stil\u012bgs rakst\u0101mgalds ar dabisku apdari ir lieliska izv\u0113le j\u016bsu darba vietai. T\u0101 lakoniskais dizains ar baltu r\u0101mi un koka galda virsmu rad\u012bs harmonisku...","og_url":"https:\/\/brilune.eu\/lv\/product\/datorgalds-ar-stativu\/","og_site_name":"Brilune","article_modified_time":"2025-02-19T12:10:48+00:00","og_image":[{"width":800,"height":800,"url":"https:\/\/brilune.eu\/wp-content\/uploads\/2025\/01\/13581779.png","type":"image\/png"}],"twitter_card":"summary_large_image","twitter_misc":{"Est. reading time":"1 minute"},"schema":{"@context":"https:\/\/schema.org","@graph":[{"@type":"WebPage","@id":"https:\/\/brilune.eu\/lv\/product\/datorgalds-ar-stativu\/","url":"https:\/\/brilune.eu\/lv\/product\/datorgalds-ar-stativu\/","name":"Datorgalds ar stat\u012bvu","isPartOf":{"@id":"https:\/\/brilune.eu\/lv\/#website"},"primaryImageOfPage":{"@id":"https:\/\/brilune.eu\/lv\/product\/datorgalds-ar-stativu\/#primaryimage"},"image":{"@id":"https:\/\/brilune.eu\/lv\/product\/datorgalds-ar-stativu\/#primaryimage"},"thumbnailUrl":"https:\/\/brilune.eu\/wp-content\/uploads\/2025\/01\/13581779.png","datePublished":"2025-02-19T11:41:58+00:00","dateModified":"2025-02-19T12:10:48+00:00","description":"Stil\u012bgs rakst\u0101mgalds ar dabisku apdari ir lieliska izv\u0113le j\u016bsu darba vietai. T\u0101 lakoniskais dizains ar baltu r\u0101mi un koka galda virsmu rad\u012bs harmonisku...","breadcrumb":{"@id":"https:\/\/brilune.eu\/lv\/product\/datorgalds-ar-stativu\/#breadcrumb"},"inLanguage":"lv-LV","potentialAction":[{"@type":"ReadAction","target":["https:\/\/brilune.eu\/lv\/product\/datorgalds-ar-stativu\/"]}]},{"@type":"ImageObject","inLanguage":"lv-LV","@id":"https:\/\/brilune.eu\/lv\/product\/datorgalds-ar-stativu\/#primaryimage","url":"https:\/\/brilune.eu\/wp-content\/uploads\/2025\/01\/13581779.png","contentUrl":"https:\/\/brilune.eu\/wp-content\/uploads\/2025\/01\/13581779.png","width":800,"height":800},{"@type":"BreadcrumbList","@id":"https:\/\/brilune.eu\/lv\/product\/datorgalds-ar-stativu\/#breadcrumb","itemListElement":[{"@type":"ListItem","position":1,"name":"S\u0101kums","item":"https:\/\/brilune.eu\/lv\/brilune-mebeles\/"},{"@type":"ListItem","position":2,"name":"Visi produkti","item":"https:\/\/brilune.eu\/lv\/shop\/"},{"@type":"ListItem","position":3,"name":"Datorgalds ar stat\u012bvu"}]},{"@type":"WebSite","@id":"https:\/\/brilune.eu\/lv\/#website","url":"https:\/\/brilune.eu\/lv\/","name":"Brilune","description":"M\u0113s pied\u0101v\u0101jam unik\u0101lus un nebiju\u0161us dizainus, kas apvieno eleganci, funkcionalit\u0101ti un rado\u0161umu.","potentialAction":[{"@type":"SearchAction","target":{"@type":"EntryPoint","urlTemplate":"https:\/\/brilune.eu\/lv\/?s={search_term_string}"},"query-input":{"@type":"PropertyValueSpecification","valueRequired":true,"valueName":"search_term_string"}}],"inLanguage":"lv-LV"}]}},"jetpack_sharing_enabled":true,"_links":{"self":[{"href":"https:\/\/brilune.eu\/lv\/wp-json\/wp\/v2\/product\/39609","targetHints":{"allow":["GET"]}}],"collection":[{"href":"https:\/\/brilune.eu\/lv\/wp-json\/wp\/v2\/product"}],"about":[{"href":"https:\/\/brilune.eu\/lv\/wp-json\/wp\/v2\/types\/product"}],"replies":[{"embeddable":true,"href":"https:\/\/brilune.eu\/lv\/wp-json\/wp\/v2\/comments?post=39609"}],"version-history":[{"count":1,"href":"https:\/\/brilune.eu\/lv\/wp-json\/wp\/v2\/product\/39609\/revisions"}],"predecessor-version":[{"id":39661,"href":"https:\/\/brilune.eu\/lv\/wp-json\/wp\/v2\/product\/39609\/revisions\/39661"}],"wp:featuredmedia":[{"embeddable":true,"href":"https:\/\/brilune.eu\/lv\/wp-json\/wp\/v2\/media\/12181"}],"wp:attachment":[{"href":"https:\/\/brilune.eu\/lv\/wp-json\/wp\/v2\/media?parent=39609"}],"wp:term":[{"taxonomy":"product_brand","embeddable":true,"href":"https:\/\/brilune.eu\/lv\/wp-json\/wp\/v2\/product_brand?post=39609"},{"taxonomy":"product_cat","embeddable":true,"href":"https:\/\/brilune.eu\/lv\/wp-json\/wp\/v2\/product_cat?post=39609"},{"taxonomy":"product_tag","embeddable":true,"href":"https:\/\/brilune.eu\/lv\/wp-json\/wp\/v2\/product_tag?post=39609"}],"curies":[{"name":"wp","href":"https:\/\/api.w.org\/{rel}","templated":true}]}}