{"id":39606,"date":"2025-02-19T13:41:57","date_gmt":"2025-02-19T11:41:57","guid":{"rendered":"https:\/\/brilune.eu\/?post_type=product&#038;p=39606"},"modified":"2025-02-19T14:10:46","modified_gmt":"2025-02-19T12:10:46","slug":"datorgalds-ar-regulejamu-augstumu-2","status":"publish","type":"product","link":"https:\/\/brilune.eu\/lv\/product\/datorgalds-ar-regulejamu-augstumu-2\/","title":{"rendered":"Datorgalds ar regul\u0113jamu augstumu"},"content":{"rendered":"<p>Stil\u012bgs rakst\u0101mgalds ir ide\u0101li piem\u0113rots, lai izveidotu \u0113rtu darba vietu. T\u0101 elegantais dizains un t\u012br\u0101s l\u012bnijas harmoniski iek\u013caujas jebkur\u0101 interjer\u0101, pievienojot izsmalcin\u0101t\u012bbu. Galds ir izgatavots no kvalitat\u012bviem materi\u0101liem, kas ir iztur\u012bgi pret \u016bdeni un skr\u0101p\u0113jumiem, padarot to iztur\u012bgu un viegli t\u012br\u0101mu. Atvilktnes nodro\u0161ina \u0113rtu vietu biroja piederumu un dokumentu glab\u0101\u0161anai, k\u0101 ar\u012b pal\u012bdz uztur\u0113t k\u0101rt\u012bgu darba vietu. Galda augstumu var regul\u0113t, \u013caujot to piel\u0101got sav\u0101m v\u0113lm\u0113m. \u0160is galds b\u016bs lielisks papildin\u0101jums j\u016bsu m\u0101j\u0101m, nodro\u0161inot komfortu un funkcionalit\u0101ti vien\u0101. Materi\u0101ls: koks, met\u0101ls. Izm\u0113ri: 120\u00d760\u00d780 cm.<\/p>\n","protected":false},"excerpt":{"rendered":"<p>Stil\u012bgs rakst\u0101mgalds ir ide\u0101li piem\u0113rots, lai izveidotu \u0113rtu darba vietu. T\u0101 elegantais dizains un t\u012br\u0101s l\u012bnijas harmoniski iek\u013caujas jebkur\u0101 interjer\u0101, pievienojot izsmalcin\u0101t\u012bbu. Th&#8230;<\/p>\n","protected":false},"featured_media":12174,"comment_status":"open","ping_status":"closed","template":"","meta":[],"product_brand":[],"product_cat":[2991,5662],"product_tag":[],"class_list":{"0":"post-39606","1":"product","2":"type-product","3":"status-publish","4":"has-post-thumbnail","6":"product_cat-bernu-rakstamgaldi-galdi-2","7":"product_cat-bernu-rakstamgaldi-galdi-5","9":"first","10":"instock","11":"shipping-taxable","12":"purchasable","13":"product-type-simple"},"yoast_head":"<!-- This site is optimized with the Yoast SEO plugin v26.0 - https:\/\/yoast.com\/wordpress\/plugins\/seo\/ -->\n<title>Datorgalds ar regul\u0113jamu augstumu<\/title>\n<meta name=\"description\" content=\"Stil\u012bgs rakst\u0101mgalds ir ide\u0101li piem\u0113rots, lai izveidotu \u0113rtu darba vietu. T\u0101 elegantais dizains un t\u012br\u0101s l\u012bnijas harmoniski iek\u013caujas jebkur\u0101 interjer\u0101, pievienojot izsmalcin\u0101t\u012bbu. Th...\" \/>\n<meta name=\"robots\" content=\"index, follow, max-snippet:-1, max-image-preview:large, max-video-preview:-1\" \/>\n<link rel=\"canonical\" href=\"https:\/\/brilune.eu\/lv\/product\/datorgalds-ar-regulejamu-augstumu-2\/\" \/>\n<meta property=\"og:locale\" content=\"lv_LV\" \/>\n<meta property=\"og:type\" content=\"article\" \/>\n<meta property=\"og:title\" content=\"Datorgalds ar regul\u0113jamu augstumu\" \/>\n<meta property=\"og:description\" content=\"Stil\u012bgs rakst\u0101mgalds ir ide\u0101li piem\u0113rots, lai izveidotu \u0113rtu darba vietu. T\u0101 elegantais dizains un t\u012br\u0101s l\u012bnijas harmoniski iek\u013caujas jebkur\u0101 interjer\u0101, pievienojot izsmalcin\u0101t\u012bbu. Th...\" \/>\n<meta property=\"og:url\" content=\"https:\/\/brilune.eu\/lv\/product\/datorgalds-ar-regulejamu-augstumu-2\/\" \/>\n<meta property=\"og:site_name\" content=\"Brilune\" \/>\n<meta property=\"article:modified_time\" content=\"2025-02-19T12:10:46+00:00\" \/>\n<meta property=\"og:image\" content=\"https:\/\/brilune.eu\/wp-content\/uploads\/2025\/01\/14024373.png\" \/>\n\t<meta property=\"og:image:width\" content=\"800\" \/>\n\t<meta property=\"og:image:height\" content=\"800\" \/>\n\t<meta property=\"og:image:type\" content=\"image\/png\" \/>\n<meta name=\"twitter:card\" content=\"summary_large_image\" \/>\n<meta name=\"twitter:label1\" content=\"Est. reading time\" \/>\n\t<meta name=\"twitter:data1\" content=\"1 minute\" \/>\n<script type=\"application\/ld+json\" class=\"yoast-schema-graph\">{\"@context\":\"https:\/\/schema.org\",\"@graph\":[{\"@type\":\"WebPage\",\"@id\":\"https:\/\/brilune.eu\/lv\/product\/datorgalds-ar-regulejamu-augstumu-2\/\",\"url\":\"https:\/\/brilune.eu\/lv\/product\/datorgalds-ar-regulejamu-augstumu-2\/\",\"name\":\"Datorgalds ar regul\u0113jamu augstumu\",\"isPartOf\":{\"@id\":\"https:\/\/brilune.eu\/lv\/#website\"},\"primaryImageOfPage\":{\"@id\":\"https:\/\/brilune.eu\/lv\/product\/datorgalds-ar-regulejamu-augstumu-2\/#primaryimage\"},\"image\":{\"@id\":\"https:\/\/brilune.eu\/lv\/product\/datorgalds-ar-regulejamu-augstumu-2\/#primaryimage\"},\"thumbnailUrl\":\"https:\/\/brilune.eu\/wp-content\/uploads\/2025\/01\/14024373.png\",\"datePublished\":\"2025-02-19T11:41:57+00:00\",\"dateModified\":\"2025-02-19T12:10:46+00:00\",\"description\":\"Stil\u012bgs rakst\u0101mgalds ir ide\u0101li piem\u0113rots, lai izveidotu \u0113rtu darba vietu. T\u0101 elegantais dizains un t\u012br\u0101s l\u012bnijas harmoniski iek\u013caujas jebkur\u0101 interjer\u0101, pievienojot izsmalcin\u0101t\u012bbu. Th...\",\"breadcrumb\":{\"@id\":\"https:\/\/brilune.eu\/lv\/product\/datorgalds-ar-regulejamu-augstumu-2\/#breadcrumb\"},\"inLanguage\":\"lv-LV\",\"potentialAction\":[{\"@type\":\"ReadAction\",\"target\":[\"https:\/\/brilune.eu\/lv\/product\/datorgalds-ar-regulejamu-augstumu-2\/\"]}]},{\"@type\":\"ImageObject\",\"inLanguage\":\"lv-LV\",\"@id\":\"https:\/\/brilune.eu\/lv\/product\/datorgalds-ar-regulejamu-augstumu-2\/#primaryimage\",\"url\":\"https:\/\/brilune.eu\/wp-content\/uploads\/2025\/01\/14024373.png\",\"contentUrl\":\"https:\/\/brilune.eu\/wp-content\/uploads\/2025\/01\/14024373.png\",\"width\":800,\"height\":800},{\"@type\":\"BreadcrumbList\",\"@id\":\"https:\/\/brilune.eu\/lv\/product\/datorgalds-ar-regulejamu-augstumu-2\/#breadcrumb\",\"itemListElement\":[{\"@type\":\"ListItem\",\"position\":1,\"name\":\"S\u0101kums\",\"item\":\"https:\/\/brilune.eu\/lv\/brilune-mebeles\/\"},{\"@type\":\"ListItem\",\"position\":2,\"name\":\"Visi produkti\",\"item\":\"https:\/\/brilune.eu\/lv\/shop\/\"},{\"@type\":\"ListItem\",\"position\":3,\"name\":\"Datorgalds ar regul\u0113jamu augstumu\"}]},{\"@type\":\"WebSite\",\"@id\":\"https:\/\/brilune.eu\/lv\/#website\",\"url\":\"https:\/\/brilune.eu\/lv\/\",\"name\":\"Brilune\",\"description\":\"M\u0113s pied\u0101v\u0101jam unik\u0101lus un nebiju\u0161us dizainus, kas apvieno eleganci, funkcionalit\u0101ti un rado\u0161umu.\",\"potentialAction\":[{\"@type\":\"SearchAction\",\"target\":{\"@type\":\"EntryPoint\",\"urlTemplate\":\"https:\/\/brilune.eu\/lv\/?s={search_term_string}\"},\"query-input\":{\"@type\":\"PropertyValueSpecification\",\"valueRequired\":true,\"valueName\":\"search_term_string\"}}],\"inLanguage\":\"lv-LV\"}]}<\/script>\n<!-- \/ Yoast SEO plugin. -->","yoast_head_json":{"title":"Datorgalds ar regul\u0113jamu augstumu","description":"Stil\u012bgs rakst\u0101mgalds ir ide\u0101li piem\u0113rots, lai izveidotu \u0113rtu darba vietu. T\u0101 elegantais dizains un t\u012br\u0101s l\u012bnijas harmoniski iek\u013caujas jebkur\u0101 interjer\u0101, pievienojot izsmalcin\u0101t\u012bbu. Th...","robots":{"index":"index","follow":"follow","max-snippet":"max-snippet:-1","max-image-preview":"max-image-preview:large","max-video-preview":"max-video-preview:-1"},"canonical":"https:\/\/brilune.eu\/lv\/product\/datorgalds-ar-regulejamu-augstumu-2\/","og_locale":"lv_LV","og_type":"article","og_title":"Datorgalds ar regul\u0113jamu augstumu","og_description":"Stil\u012bgs rakst\u0101mgalds ir ide\u0101li piem\u0113rots, lai izveidotu \u0113rtu darba vietu. T\u0101 elegantais dizains un t\u012br\u0101s l\u012bnijas harmoniski iek\u013caujas jebkur\u0101 interjer\u0101, pievienojot izsmalcin\u0101t\u012bbu. Th...","og_url":"https:\/\/brilune.eu\/lv\/product\/datorgalds-ar-regulejamu-augstumu-2\/","og_site_name":"Brilune","article_modified_time":"2025-02-19T12:10:46+00:00","og_image":[{"width":800,"height":800,"url":"https:\/\/brilune.eu\/wp-content\/uploads\/2025\/01\/14024373.png","type":"image\/png"}],"twitter_card":"summary_large_image","twitter_misc":{"Est. reading time":"1 minute"},"schema":{"@context":"https:\/\/schema.org","@graph":[{"@type":"WebPage","@id":"https:\/\/brilune.eu\/lv\/product\/datorgalds-ar-regulejamu-augstumu-2\/","url":"https:\/\/brilune.eu\/lv\/product\/datorgalds-ar-regulejamu-augstumu-2\/","name":"Datorgalds ar regul\u0113jamu augstumu","isPartOf":{"@id":"https:\/\/brilune.eu\/lv\/#website"},"primaryImageOfPage":{"@id":"https:\/\/brilune.eu\/lv\/product\/datorgalds-ar-regulejamu-augstumu-2\/#primaryimage"},"image":{"@id":"https:\/\/brilune.eu\/lv\/product\/datorgalds-ar-regulejamu-augstumu-2\/#primaryimage"},"thumbnailUrl":"https:\/\/brilune.eu\/wp-content\/uploads\/2025\/01\/14024373.png","datePublished":"2025-02-19T11:41:57+00:00","dateModified":"2025-02-19T12:10:46+00:00","description":"Stil\u012bgs rakst\u0101mgalds ir ide\u0101li piem\u0113rots, lai izveidotu \u0113rtu darba vietu. T\u0101 elegantais dizains un t\u012br\u0101s l\u012bnijas harmoniski iek\u013caujas jebkur\u0101 interjer\u0101, pievienojot izsmalcin\u0101t\u012bbu. Th...","breadcrumb":{"@id":"https:\/\/brilune.eu\/lv\/product\/datorgalds-ar-regulejamu-augstumu-2\/#breadcrumb"},"inLanguage":"lv-LV","potentialAction":[{"@type":"ReadAction","target":["https:\/\/brilune.eu\/lv\/product\/datorgalds-ar-regulejamu-augstumu-2\/"]}]},{"@type":"ImageObject","inLanguage":"lv-LV","@id":"https:\/\/brilune.eu\/lv\/product\/datorgalds-ar-regulejamu-augstumu-2\/#primaryimage","url":"https:\/\/brilune.eu\/wp-content\/uploads\/2025\/01\/14024373.png","contentUrl":"https:\/\/brilune.eu\/wp-content\/uploads\/2025\/01\/14024373.png","width":800,"height":800},{"@type":"BreadcrumbList","@id":"https:\/\/brilune.eu\/lv\/product\/datorgalds-ar-regulejamu-augstumu-2\/#breadcrumb","itemListElement":[{"@type":"ListItem","position":1,"name":"S\u0101kums","item":"https:\/\/brilune.eu\/lv\/brilune-mebeles\/"},{"@type":"ListItem","position":2,"name":"Visi produkti","item":"https:\/\/brilune.eu\/lv\/shop\/"},{"@type":"ListItem","position":3,"name":"Datorgalds ar regul\u0113jamu augstumu"}]},{"@type":"WebSite","@id":"https:\/\/brilune.eu\/lv\/#website","url":"https:\/\/brilune.eu\/lv\/","name":"Brilune","description":"M\u0113s pied\u0101v\u0101jam unik\u0101lus un nebiju\u0161us dizainus, kas apvieno eleganci, funkcionalit\u0101ti un rado\u0161umu.","potentialAction":[{"@type":"SearchAction","target":{"@type":"EntryPoint","urlTemplate":"https:\/\/brilune.eu\/lv\/?s={search_term_string}"},"query-input":{"@type":"PropertyValueSpecification","valueRequired":true,"valueName":"search_term_string"}}],"inLanguage":"lv-LV"}]}},"jetpack_sharing_enabled":true,"_links":{"self":[{"href":"https:\/\/brilune.eu\/lv\/wp-json\/wp\/v2\/product\/39606","targetHints":{"allow":["GET"]}}],"collection":[{"href":"https:\/\/brilune.eu\/lv\/wp-json\/wp\/v2\/product"}],"about":[{"href":"https:\/\/brilune.eu\/lv\/wp-json\/wp\/v2\/types\/product"}],"replies":[{"embeddable":true,"href":"https:\/\/brilune.eu\/lv\/wp-json\/wp\/v2\/comments?post=39606"}],"version-history":[{"count":1,"href":"https:\/\/brilune.eu\/lv\/wp-json\/wp\/v2\/product\/39606\/revisions"}],"predecessor-version":[{"id":39658,"href":"https:\/\/brilune.eu\/lv\/wp-json\/wp\/v2\/product\/39606\/revisions\/39658"}],"wp:featuredmedia":[{"embeddable":true,"href":"https:\/\/brilune.eu\/lv\/wp-json\/wp\/v2\/media\/12174"}],"wp:attachment":[{"href":"https:\/\/brilune.eu\/lv\/wp-json\/wp\/v2\/media?parent=39606"}],"wp:term":[{"taxonomy":"product_brand","embeddable":true,"href":"https:\/\/brilune.eu\/lv\/wp-json\/wp\/v2\/product_brand?post=39606"},{"taxonomy":"product_cat","embeddable":true,"href":"https:\/\/brilune.eu\/lv\/wp-json\/wp\/v2\/product_cat?post=39606"},{"taxonomy":"product_tag","embeddable":true,"href":"https:\/\/brilune.eu\/lv\/wp-json\/wp\/v2\/product_tag?post=39606"}],"curies":[{"name":"wp","href":"https:\/\/api.w.org\/{rel}","templated":true}]}}