{"id":39566,"date":"2025-02-19T13:41:07","date_gmt":"2025-02-19T11:41:07","guid":{"rendered":"https:\/\/brilune.eu\/?post_type=product&#038;p=39566"},"modified":"2025-02-19T14:10:32","modified_gmt":"2025-02-19T12:10:32","slug":"darba-galds-ar-regulejamu-augstumu-4","status":"publish","type":"product","link":"https:\/\/brilune.eu\/lv\/product\/darba-galds-ar-regulejamu-augstumu-4\/","title":{"rendered":"Darba galds ar regul\u0113jamu augstumu"},"content":{"rendered":"<p>Galds spilgti zil\u0101 kr\u0101s\u0101 ar baltu virsmu b\u016bs ide\u0101ls risin\u0101jums b\u0113rnu istabai, veicinot j\u016bsu b\u0113rna rado\u0161\u0101 potenci\u0101la att\u012bst\u012bbu. Tas ir apr\u012bkots ar regul\u0113jamu augstumu, kas \u013cauj to piel\u0101got b\u0113rna augumam, nodro\u0161inot komfortu nodarb\u012bbu laik\u0101. Pla\u0161\u0101 galda virsma ir ide\u0101li piem\u0113rota m\u0101c\u012bbu gr\u0101mat\u0101m un biroja piederumiem, savuk\u0101rt ieb\u016bv\u0113tie plaukti un uzglab\u0101\u0161ana pal\u012bdz sak\u0101rtot j\u016bsu darba vietu. Izm\u0113ri: 80\u00d760\u00d7135 cm. Materi\u0101li: koks.<\/p>\n","protected":false},"excerpt":{"rendered":"<p>Galds spilgti zil\u0101 kr\u0101s\u0101 ar baltu virsmu b\u016bs ide\u0101ls risin\u0101jums b\u0113rnu istabai, veicinot j\u016bsu b\u0113rna rado\u0161\u0101 potenci\u0101la att\u012bst\u012bbu. Tas&#8230;<\/p>\n","protected":false},"featured_media":12091,"comment_status":"open","ping_status":"closed","template":"","meta":[],"product_brand":[],"product_cat":[2991,5662],"product_tag":[],"class_list":{"0":"post-39566","1":"product","2":"type-product","3":"status-publish","4":"has-post-thumbnail","6":"product_cat-bernu-rakstamgaldi-galdi-2","7":"product_cat-bernu-rakstamgaldi-galdi-5","9":"first","10":"instock","11":"shipping-taxable","12":"purchasable","13":"product-type-simple"},"yoast_head":"<!-- This site is optimized with the Yoast SEO plugin v26.0 - https:\/\/yoast.com\/wordpress\/plugins\/seo\/ -->\n<title>Darba galds ar regul\u0113jamu augstumu<\/title>\n<meta name=\"description\" content=\"Galds spilgti zil\u0101 kr\u0101s\u0101 ar baltu virsmu b\u016bs ide\u0101ls risin\u0101jums b\u0113rnu istabai, veicinot j\u016bsu b\u0113rna rado\u0161\u0101 potenci\u0101la att\u012bst\u012bbu. Tas...\" \/>\n<meta name=\"robots\" content=\"index, follow, max-snippet:-1, max-image-preview:large, max-video-preview:-1\" \/>\n<link rel=\"canonical\" href=\"https:\/\/brilune.eu\/lv\/product\/darba-galds-ar-regulejamu-augstumu-4\/\" \/>\n<meta property=\"og:locale\" content=\"lv_LV\" \/>\n<meta property=\"og:type\" content=\"article\" \/>\n<meta property=\"og:title\" content=\"Darba galds ar regul\u0113jamu augstumu\" \/>\n<meta property=\"og:description\" content=\"Galds spilgti zil\u0101 kr\u0101s\u0101 ar baltu virsmu b\u016bs ide\u0101ls risin\u0101jums b\u0113rnu istabai, veicinot j\u016bsu b\u0113rna rado\u0161\u0101 potenci\u0101la att\u012bst\u012bbu. Tas...\" \/>\n<meta property=\"og:url\" content=\"https:\/\/brilune.eu\/lv\/product\/darba-galds-ar-regulejamu-augstumu-4\/\" \/>\n<meta property=\"og:site_name\" content=\"Brilune\" \/>\n<meta property=\"article:modified_time\" content=\"2025-02-19T12:10:32+00:00\" \/>\n<meta property=\"og:image\" content=\"https:\/\/brilune.eu\/wp-content\/uploads\/2025\/01\/14413560.png\" \/>\n\t<meta property=\"og:image:width\" content=\"800\" \/>\n\t<meta property=\"og:image:height\" content=\"800\" \/>\n\t<meta property=\"og:image:type\" content=\"image\/png\" \/>\n<meta name=\"twitter:card\" content=\"summary_large_image\" \/>\n<script type=\"application\/ld+json\" class=\"yoast-schema-graph\">{\"@context\":\"https:\/\/schema.org\",\"@graph\":[{\"@type\":\"WebPage\",\"@id\":\"https:\/\/brilune.eu\/lv\/product\/darba-galds-ar-regulejamu-augstumu-4\/\",\"url\":\"https:\/\/brilune.eu\/lv\/product\/darba-galds-ar-regulejamu-augstumu-4\/\",\"name\":\"Darba galds ar regul\u0113jamu augstumu\",\"isPartOf\":{\"@id\":\"https:\/\/brilune.eu\/lv\/#website\"},\"primaryImageOfPage\":{\"@id\":\"https:\/\/brilune.eu\/lv\/product\/darba-galds-ar-regulejamu-augstumu-4\/#primaryimage\"},\"image\":{\"@id\":\"https:\/\/brilune.eu\/lv\/product\/darba-galds-ar-regulejamu-augstumu-4\/#primaryimage\"},\"thumbnailUrl\":\"https:\/\/brilune.eu\/wp-content\/uploads\/2025\/01\/14413560.png\",\"datePublished\":\"2025-02-19T11:41:07+00:00\",\"dateModified\":\"2025-02-19T12:10:32+00:00\",\"description\":\"Galds spilgti zil\u0101 kr\u0101s\u0101 ar baltu virsmu b\u016bs ide\u0101ls risin\u0101jums b\u0113rnu istabai, veicinot j\u016bsu b\u0113rna rado\u0161\u0101 potenci\u0101la att\u012bst\u012bbu. Tas...\",\"breadcrumb\":{\"@id\":\"https:\/\/brilune.eu\/lv\/product\/darba-galds-ar-regulejamu-augstumu-4\/#breadcrumb\"},\"inLanguage\":\"lv-LV\",\"potentialAction\":[{\"@type\":\"ReadAction\",\"target\":[\"https:\/\/brilune.eu\/lv\/product\/darba-galds-ar-regulejamu-augstumu-4\/\"]}]},{\"@type\":\"ImageObject\",\"inLanguage\":\"lv-LV\",\"@id\":\"https:\/\/brilune.eu\/lv\/product\/darba-galds-ar-regulejamu-augstumu-4\/#primaryimage\",\"url\":\"https:\/\/brilune.eu\/wp-content\/uploads\/2025\/01\/14413560.png\",\"contentUrl\":\"https:\/\/brilune.eu\/wp-content\/uploads\/2025\/01\/14413560.png\",\"width\":800,\"height\":800},{\"@type\":\"BreadcrumbList\",\"@id\":\"https:\/\/brilune.eu\/lv\/product\/darba-galds-ar-regulejamu-augstumu-4\/#breadcrumb\",\"itemListElement\":[{\"@type\":\"ListItem\",\"position\":1,\"name\":\"S\u0101kums\",\"item\":\"https:\/\/brilune.eu\/lv\/brilune-mebeles\/\"},{\"@type\":\"ListItem\",\"position\":2,\"name\":\"Visi produkti\",\"item\":\"https:\/\/brilune.eu\/lv\/shop\/\"},{\"@type\":\"ListItem\",\"position\":3,\"name\":\"Darba galds ar regul\u0113jamu augstumu\"}]},{\"@type\":\"WebSite\",\"@id\":\"https:\/\/brilune.eu\/lv\/#website\",\"url\":\"https:\/\/brilune.eu\/lv\/\",\"name\":\"Brilune\",\"description\":\"M\u0113s pied\u0101v\u0101jam unik\u0101lus un nebiju\u0161us dizainus, kas apvieno eleganci, funkcionalit\u0101ti un rado\u0161umu.\",\"potentialAction\":[{\"@type\":\"SearchAction\",\"target\":{\"@type\":\"EntryPoint\",\"urlTemplate\":\"https:\/\/brilune.eu\/lv\/?s={search_term_string}\"},\"query-input\":{\"@type\":\"PropertyValueSpecification\",\"valueRequired\":true,\"valueName\":\"search_term_string\"}}],\"inLanguage\":\"lv-LV\"}]}<\/script>\n<!-- \/ Yoast SEO plugin. -->","yoast_head_json":{"title":"Darba galds ar regul\u0113jamu augstumu","description":"Galds spilgti zil\u0101 kr\u0101s\u0101 ar baltu virsmu b\u016bs ide\u0101ls risin\u0101jums b\u0113rnu istabai, veicinot j\u016bsu b\u0113rna rado\u0161\u0101 potenci\u0101la att\u012bst\u012bbu. Tas...","robots":{"index":"index","follow":"follow","max-snippet":"max-snippet:-1","max-image-preview":"max-image-preview:large","max-video-preview":"max-video-preview:-1"},"canonical":"https:\/\/brilune.eu\/lv\/product\/darba-galds-ar-regulejamu-augstumu-4\/","og_locale":"lv_LV","og_type":"article","og_title":"Darba galds ar regul\u0113jamu augstumu","og_description":"Galds spilgti zil\u0101 kr\u0101s\u0101 ar baltu virsmu b\u016bs ide\u0101ls risin\u0101jums b\u0113rnu istabai, veicinot j\u016bsu b\u0113rna rado\u0161\u0101 potenci\u0101la att\u012bst\u012bbu. Tas...","og_url":"https:\/\/brilune.eu\/lv\/product\/darba-galds-ar-regulejamu-augstumu-4\/","og_site_name":"Brilune","article_modified_time":"2025-02-19T12:10:32+00:00","og_image":[{"width":800,"height":800,"url":"https:\/\/brilune.eu\/wp-content\/uploads\/2025\/01\/14413560.png","type":"image\/png"}],"twitter_card":"summary_large_image","schema":{"@context":"https:\/\/schema.org","@graph":[{"@type":"WebPage","@id":"https:\/\/brilune.eu\/lv\/product\/darba-galds-ar-regulejamu-augstumu-4\/","url":"https:\/\/brilune.eu\/lv\/product\/darba-galds-ar-regulejamu-augstumu-4\/","name":"Darba galds ar regul\u0113jamu augstumu","isPartOf":{"@id":"https:\/\/brilune.eu\/lv\/#website"},"primaryImageOfPage":{"@id":"https:\/\/brilune.eu\/lv\/product\/darba-galds-ar-regulejamu-augstumu-4\/#primaryimage"},"image":{"@id":"https:\/\/brilune.eu\/lv\/product\/darba-galds-ar-regulejamu-augstumu-4\/#primaryimage"},"thumbnailUrl":"https:\/\/brilune.eu\/wp-content\/uploads\/2025\/01\/14413560.png","datePublished":"2025-02-19T11:41:07+00:00","dateModified":"2025-02-19T12:10:32+00:00","description":"Galds spilgti zil\u0101 kr\u0101s\u0101 ar baltu virsmu b\u016bs ide\u0101ls risin\u0101jums b\u0113rnu istabai, veicinot j\u016bsu b\u0113rna rado\u0161\u0101 potenci\u0101la att\u012bst\u012bbu. Tas...","breadcrumb":{"@id":"https:\/\/brilune.eu\/lv\/product\/darba-galds-ar-regulejamu-augstumu-4\/#breadcrumb"},"inLanguage":"lv-LV","potentialAction":[{"@type":"ReadAction","target":["https:\/\/brilune.eu\/lv\/product\/darba-galds-ar-regulejamu-augstumu-4\/"]}]},{"@type":"ImageObject","inLanguage":"lv-LV","@id":"https:\/\/brilune.eu\/lv\/product\/darba-galds-ar-regulejamu-augstumu-4\/#primaryimage","url":"https:\/\/brilune.eu\/wp-content\/uploads\/2025\/01\/14413560.png","contentUrl":"https:\/\/brilune.eu\/wp-content\/uploads\/2025\/01\/14413560.png","width":800,"height":800},{"@type":"BreadcrumbList","@id":"https:\/\/brilune.eu\/lv\/product\/darba-galds-ar-regulejamu-augstumu-4\/#breadcrumb","itemListElement":[{"@type":"ListItem","position":1,"name":"S\u0101kums","item":"https:\/\/brilune.eu\/lv\/brilune-mebeles\/"},{"@type":"ListItem","position":2,"name":"Visi produkti","item":"https:\/\/brilune.eu\/lv\/shop\/"},{"@type":"ListItem","position":3,"name":"Darba galds ar regul\u0113jamu augstumu"}]},{"@type":"WebSite","@id":"https:\/\/brilune.eu\/lv\/#website","url":"https:\/\/brilune.eu\/lv\/","name":"Brilune","description":"M\u0113s pied\u0101v\u0101jam unik\u0101lus un nebiju\u0161us dizainus, kas apvieno eleganci, funkcionalit\u0101ti un rado\u0161umu.","potentialAction":[{"@type":"SearchAction","target":{"@type":"EntryPoint","urlTemplate":"https:\/\/brilune.eu\/lv\/?s={search_term_string}"},"query-input":{"@type":"PropertyValueSpecification","valueRequired":true,"valueName":"search_term_string"}}],"inLanguage":"lv-LV"}]}},"jetpack_sharing_enabled":true,"_links":{"self":[{"href":"https:\/\/brilune.eu\/lv\/wp-json\/wp\/v2\/product\/39566","targetHints":{"allow":["GET"]}}],"collection":[{"href":"https:\/\/brilune.eu\/lv\/wp-json\/wp\/v2\/product"}],"about":[{"href":"https:\/\/brilune.eu\/lv\/wp-json\/wp\/v2\/types\/product"}],"replies":[{"embeddable":true,"href":"https:\/\/brilune.eu\/lv\/wp-json\/wp\/v2\/comments?post=39566"}],"version-history":[{"count":1,"href":"https:\/\/brilune.eu\/lv\/wp-json\/wp\/v2\/product\/39566\/revisions"}],"predecessor-version":[{"id":39618,"href":"https:\/\/brilune.eu\/lv\/wp-json\/wp\/v2\/product\/39566\/revisions\/39618"}],"wp:featuredmedia":[{"embeddable":true,"href":"https:\/\/brilune.eu\/lv\/wp-json\/wp\/v2\/media\/12091"}],"wp:attachment":[{"href":"https:\/\/brilune.eu\/lv\/wp-json\/wp\/v2\/media?parent=39566"}],"wp:term":[{"taxonomy":"product_brand","embeddable":true,"href":"https:\/\/brilune.eu\/lv\/wp-json\/wp\/v2\/product_brand?post=39566"},{"taxonomy":"product_cat","embeddable":true,"href":"https:\/\/brilune.eu\/lv\/wp-json\/wp\/v2\/product_cat?post=39566"},{"taxonomy":"product_tag","embeddable":true,"href":"https:\/\/brilune.eu\/lv\/wp-json\/wp\/v2\/product_tag?post=39566"}],"curies":[{"name":"wp","href":"https:\/\/api.w.org\/{rel}","templated":true}]}}