{"id":39522,"date":"2025-02-19T13:40:18","date_gmt":"2025-02-19T11:40:18","guid":{"rendered":"https:\/\/brilune.eu\/?post_type=product&#038;p=39522"},"modified":"2025-02-19T14:10:17","modified_gmt":"2025-02-19T12:10:17","slug":"bernu-datorgalds-un-kresls-2","status":"publish","type":"product","link":"https:\/\/brilune.eu\/lv\/product\/bernu-datorgalds-un-kresls-2\/","title":{"rendered":"B\u0113rnu datorgalds un kr\u0113sls"},"content":{"rendered":"<p>Br\u012bni\u0161\u0137\u012bgs rakst\u0101mgalda un kr\u0113sla komplekts k\u013c\u016bs par svar\u012bgu j\u016bsu b\u0113rna m\u0101c\u012bbu telpas da\u013cu. Galds ir apr\u012bkots ar \u0113rtu pagarin\u0101jumu ar plauktiem gr\u0101matu un piederumu uzglab\u0101\u0161anai, kas pal\u012bdz uztur\u0113t k\u0101rt\u012bbu un padara visu nepiecie\u0161amo pieejamu. Koka dabisk\u0101 kr\u0101sa harmoniz\u0113jas ar jebkuru interjeru, un kr\u0113sls ar noapa\u013cotu atzveltni nodro\u0161ina komfortu un uztur pareizu st\u0101ju. \u0160is komplekts ir sp\u0113c\u012bgs, iztur\u012bgs un ar gludu dizainu. Izm\u0113rs: 120\u00d760\u00d7110 cm. Materi\u0101ls: koks.<\/p>\n","protected":false},"excerpt":{"rendered":"<p>Br\u012bni\u0161\u0137\u012bgs rakst\u0101mgalda un kr\u0113sla komplekts k\u013c\u016bs par svar\u012bgu j\u016bsu b\u0113rna m\u0101c\u012bbu telpas da\u013cu. Galds ir apr\u012bkots ar \u0113rtu pagarin\u0101jumu ar plauktiem f&#8230;<\/p>\n","protected":false},"featured_media":12004,"comment_status":"open","ping_status":"closed","template":"","meta":[],"product_brand":[],"product_cat":[2991,5662],"product_tag":[],"class_list":{"0":"post-39522","1":"product","2":"type-product","3":"status-publish","4":"has-post-thumbnail","6":"product_cat-bernu-rakstamgaldi-galdi-2","7":"product_cat-bernu-rakstamgaldi-galdi-5","9":"first","10":"instock","11":"shipping-taxable","12":"purchasable","13":"product-type-simple"},"yoast_head":"<!-- This site is optimized with the Yoast SEO plugin v26.0 - https:\/\/yoast.com\/wordpress\/plugins\/seo\/ -->\n<title>B\u0113rnu datorgalds un kr\u0113sls<\/title>\n<meta name=\"description\" content=\"Br\u012bni\u0161\u0137\u012bgs rakst\u0101mgalda un kr\u0113sla komplekts k\u013c\u016bs par svar\u012bgu j\u016bsu b\u0113rna m\u0101c\u012bbu telpas da\u013cu. Galds ir apr\u012bkots ar \u0113rtu pagarin\u0101jumu ar plauktiem f...\" \/>\n<meta name=\"robots\" content=\"index, follow, max-snippet:-1, max-image-preview:large, max-video-preview:-1\" \/>\n<link rel=\"canonical\" href=\"https:\/\/brilune.eu\/lv\/product\/bernu-datorgalds-un-kresls-2\/\" \/>\n<meta property=\"og:locale\" content=\"lv_LV\" \/>\n<meta property=\"og:type\" content=\"article\" \/>\n<meta property=\"og:title\" content=\"B\u0113rnu datorgalds un kr\u0113sls\" \/>\n<meta property=\"og:description\" content=\"Br\u012bni\u0161\u0137\u012bgs rakst\u0101mgalda un kr\u0113sla komplekts k\u013c\u016bs par svar\u012bgu j\u016bsu b\u0113rna m\u0101c\u012bbu telpas da\u013cu. Galds ir apr\u012bkots ar \u0113rtu pagarin\u0101jumu ar plauktiem f...\" \/>\n<meta property=\"og:url\" content=\"https:\/\/brilune.eu\/lv\/product\/bernu-datorgalds-un-kresls-2\/\" \/>\n<meta property=\"og:site_name\" content=\"Brilune\" \/>\n<meta property=\"article:modified_time\" content=\"2025-02-19T12:10:17+00:00\" \/>\n<meta property=\"og:image\" content=\"https:\/\/brilune.eu\/wp-content\/uploads\/2025\/01\/14621812.png\" \/>\n\t<meta property=\"og:image:width\" content=\"800\" \/>\n\t<meta property=\"og:image:height\" content=\"800\" \/>\n\t<meta property=\"og:image:type\" content=\"image\/png\" \/>\n<meta name=\"twitter:card\" content=\"summary_large_image\" \/>\n<script type=\"application\/ld+json\" class=\"yoast-schema-graph\">{\"@context\":\"https:\/\/schema.org\",\"@graph\":[{\"@type\":\"WebPage\",\"@id\":\"https:\/\/brilune.eu\/lv\/product\/bernu-datorgalds-un-kresls-2\/\",\"url\":\"https:\/\/brilune.eu\/lv\/product\/bernu-datorgalds-un-kresls-2\/\",\"name\":\"B\u0113rnu datorgalds un kr\u0113sls\",\"isPartOf\":{\"@id\":\"https:\/\/brilune.eu\/lv\/#website\"},\"primaryImageOfPage\":{\"@id\":\"https:\/\/brilune.eu\/lv\/product\/bernu-datorgalds-un-kresls-2\/#primaryimage\"},\"image\":{\"@id\":\"https:\/\/brilune.eu\/lv\/product\/bernu-datorgalds-un-kresls-2\/#primaryimage\"},\"thumbnailUrl\":\"https:\/\/brilune.eu\/wp-content\/uploads\/2025\/01\/14621812.png\",\"datePublished\":\"2025-02-19T11:40:18+00:00\",\"dateModified\":\"2025-02-19T12:10:17+00:00\",\"description\":\"Br\u012bni\u0161\u0137\u012bgs rakst\u0101mgalda un kr\u0113sla komplekts k\u013c\u016bs par svar\u012bgu j\u016bsu b\u0113rna m\u0101c\u012bbu telpas da\u013cu. Galds ir apr\u012bkots ar \u0113rtu pagarin\u0101jumu ar plauktiem f...\",\"breadcrumb\":{\"@id\":\"https:\/\/brilune.eu\/lv\/product\/bernu-datorgalds-un-kresls-2\/#breadcrumb\"},\"inLanguage\":\"lv-LV\",\"potentialAction\":[{\"@type\":\"ReadAction\",\"target\":[\"https:\/\/brilune.eu\/lv\/product\/bernu-datorgalds-un-kresls-2\/\"]}]},{\"@type\":\"ImageObject\",\"inLanguage\":\"lv-LV\",\"@id\":\"https:\/\/brilune.eu\/lv\/product\/bernu-datorgalds-un-kresls-2\/#primaryimage\",\"url\":\"https:\/\/brilune.eu\/wp-content\/uploads\/2025\/01\/14621812.png\",\"contentUrl\":\"https:\/\/brilune.eu\/wp-content\/uploads\/2025\/01\/14621812.png\",\"width\":800,\"height\":800},{\"@type\":\"BreadcrumbList\",\"@id\":\"https:\/\/brilune.eu\/lv\/product\/bernu-datorgalds-un-kresls-2\/#breadcrumb\",\"itemListElement\":[{\"@type\":\"ListItem\",\"position\":1,\"name\":\"S\u0101kums\",\"item\":\"https:\/\/brilune.eu\/lv\/brilune-mebeles\/\"},{\"@type\":\"ListItem\",\"position\":2,\"name\":\"Visi produkti\",\"item\":\"https:\/\/brilune.eu\/lv\/shop\/\"},{\"@type\":\"ListItem\",\"position\":3,\"name\":\"B\u0113rnu datorgalds un kr\u0113sls\"}]},{\"@type\":\"WebSite\",\"@id\":\"https:\/\/brilune.eu\/lv\/#website\",\"url\":\"https:\/\/brilune.eu\/lv\/\",\"name\":\"Brilune\",\"description\":\"M\u0113s pied\u0101v\u0101jam unik\u0101lus un nebiju\u0161us dizainus, kas apvieno eleganci, funkcionalit\u0101ti un rado\u0161umu.\",\"potentialAction\":[{\"@type\":\"SearchAction\",\"target\":{\"@type\":\"EntryPoint\",\"urlTemplate\":\"https:\/\/brilune.eu\/lv\/?s={search_term_string}\"},\"query-input\":{\"@type\":\"PropertyValueSpecification\",\"valueRequired\":true,\"valueName\":\"search_term_string\"}}],\"inLanguage\":\"lv-LV\"}]}<\/script>\n<!-- \/ Yoast SEO plugin. -->","yoast_head_json":{"title":"B\u0113rnu datorgalds un kr\u0113sls","description":"Br\u012bni\u0161\u0137\u012bgs rakst\u0101mgalda un kr\u0113sla komplekts k\u013c\u016bs par svar\u012bgu j\u016bsu b\u0113rna m\u0101c\u012bbu telpas da\u013cu. Galds ir apr\u012bkots ar \u0113rtu pagarin\u0101jumu ar plauktiem f...","robots":{"index":"index","follow":"follow","max-snippet":"max-snippet:-1","max-image-preview":"max-image-preview:large","max-video-preview":"max-video-preview:-1"},"canonical":"https:\/\/brilune.eu\/lv\/product\/bernu-datorgalds-un-kresls-2\/","og_locale":"lv_LV","og_type":"article","og_title":"B\u0113rnu datorgalds un kr\u0113sls","og_description":"Br\u012bni\u0161\u0137\u012bgs rakst\u0101mgalda un kr\u0113sla komplekts k\u013c\u016bs par svar\u012bgu j\u016bsu b\u0113rna m\u0101c\u012bbu telpas da\u013cu. Galds ir apr\u012bkots ar \u0113rtu pagarin\u0101jumu ar plauktiem f...","og_url":"https:\/\/brilune.eu\/lv\/product\/bernu-datorgalds-un-kresls-2\/","og_site_name":"Brilune","article_modified_time":"2025-02-19T12:10:17+00:00","og_image":[{"width":800,"height":800,"url":"https:\/\/brilune.eu\/wp-content\/uploads\/2025\/01\/14621812.png","type":"image\/png"}],"twitter_card":"summary_large_image","schema":{"@context":"https:\/\/schema.org","@graph":[{"@type":"WebPage","@id":"https:\/\/brilune.eu\/lv\/product\/bernu-datorgalds-un-kresls-2\/","url":"https:\/\/brilune.eu\/lv\/product\/bernu-datorgalds-un-kresls-2\/","name":"B\u0113rnu datorgalds un kr\u0113sls","isPartOf":{"@id":"https:\/\/brilune.eu\/lv\/#website"},"primaryImageOfPage":{"@id":"https:\/\/brilune.eu\/lv\/product\/bernu-datorgalds-un-kresls-2\/#primaryimage"},"image":{"@id":"https:\/\/brilune.eu\/lv\/product\/bernu-datorgalds-un-kresls-2\/#primaryimage"},"thumbnailUrl":"https:\/\/brilune.eu\/wp-content\/uploads\/2025\/01\/14621812.png","datePublished":"2025-02-19T11:40:18+00:00","dateModified":"2025-02-19T12:10:17+00:00","description":"Br\u012bni\u0161\u0137\u012bgs rakst\u0101mgalda un kr\u0113sla komplekts k\u013c\u016bs par svar\u012bgu j\u016bsu b\u0113rna m\u0101c\u012bbu telpas da\u013cu. Galds ir apr\u012bkots ar \u0113rtu pagarin\u0101jumu ar plauktiem f...","breadcrumb":{"@id":"https:\/\/brilune.eu\/lv\/product\/bernu-datorgalds-un-kresls-2\/#breadcrumb"},"inLanguage":"lv-LV","potentialAction":[{"@type":"ReadAction","target":["https:\/\/brilune.eu\/lv\/product\/bernu-datorgalds-un-kresls-2\/"]}]},{"@type":"ImageObject","inLanguage":"lv-LV","@id":"https:\/\/brilune.eu\/lv\/product\/bernu-datorgalds-un-kresls-2\/#primaryimage","url":"https:\/\/brilune.eu\/wp-content\/uploads\/2025\/01\/14621812.png","contentUrl":"https:\/\/brilune.eu\/wp-content\/uploads\/2025\/01\/14621812.png","width":800,"height":800},{"@type":"BreadcrumbList","@id":"https:\/\/brilune.eu\/lv\/product\/bernu-datorgalds-un-kresls-2\/#breadcrumb","itemListElement":[{"@type":"ListItem","position":1,"name":"S\u0101kums","item":"https:\/\/brilune.eu\/lv\/brilune-mebeles\/"},{"@type":"ListItem","position":2,"name":"Visi produkti","item":"https:\/\/brilune.eu\/lv\/shop\/"},{"@type":"ListItem","position":3,"name":"B\u0113rnu datorgalds un kr\u0113sls"}]},{"@type":"WebSite","@id":"https:\/\/brilune.eu\/lv\/#website","url":"https:\/\/brilune.eu\/lv\/","name":"Brilune","description":"M\u0113s pied\u0101v\u0101jam unik\u0101lus un nebiju\u0161us dizainus, kas apvieno eleganci, funkcionalit\u0101ti un rado\u0161umu.","potentialAction":[{"@type":"SearchAction","target":{"@type":"EntryPoint","urlTemplate":"https:\/\/brilune.eu\/lv\/?s={search_term_string}"},"query-input":{"@type":"PropertyValueSpecification","valueRequired":true,"valueName":"search_term_string"}}],"inLanguage":"lv-LV"}]}},"jetpack_sharing_enabled":true,"_links":{"self":[{"href":"https:\/\/brilune.eu\/lv\/wp-json\/wp\/v2\/product\/39522","targetHints":{"allow":["GET"]}}],"collection":[{"href":"https:\/\/brilune.eu\/lv\/wp-json\/wp\/v2\/product"}],"about":[{"href":"https:\/\/brilune.eu\/lv\/wp-json\/wp\/v2\/types\/product"}],"replies":[{"embeddable":true,"href":"https:\/\/brilune.eu\/lv\/wp-json\/wp\/v2\/comments?post=39522"}],"version-history":[{"count":1,"href":"https:\/\/brilune.eu\/lv\/wp-json\/wp\/v2\/product\/39522\/revisions"}],"predecessor-version":[{"id":39572,"href":"https:\/\/brilune.eu\/lv\/wp-json\/wp\/v2\/product\/39522\/revisions\/39572"}],"wp:featuredmedia":[{"embeddable":true,"href":"https:\/\/brilune.eu\/lv\/wp-json\/wp\/v2\/media\/12004"}],"wp:attachment":[{"href":"https:\/\/brilune.eu\/lv\/wp-json\/wp\/v2\/media?parent=39522"}],"wp:term":[{"taxonomy":"product_brand","embeddable":true,"href":"https:\/\/brilune.eu\/lv\/wp-json\/wp\/v2\/product_brand?post=39522"},{"taxonomy":"product_cat","embeddable":true,"href":"https:\/\/brilune.eu\/lv\/wp-json\/wp\/v2\/product_cat?post=39522"},{"taxonomy":"product_tag","embeddable":true,"href":"https:\/\/brilune.eu\/lv\/wp-json\/wp\/v2\/product_tag?post=39522"}],"curies":[{"name":"wp","href":"https:\/\/api.w.org\/{rel}","templated":true}]}}