{"id":39499,"date":"2025-02-19T13:39:52","date_gmt":"2025-02-19T11:39:52","guid":{"rendered":"https:\/\/brilune.eu\/?post_type=product&#038;p=39499"},"modified":"2025-02-19T14:10:09","modified_gmt":"2025-02-19T12:10:09","slug":"vienvietiga-bernu-gulta-2","status":"publish","type":"product","link":"https:\/\/brilune.eu\/lv\/product\/vienvietiga-bernu-gulta-2\/","title":{"rendered":"Vienviet\u012bga b\u0113rnu gulta"},"content":{"rendered":"<p>\u0160\u012b vienviet\u012bg\u0101 gulta b\u0113rnu istabai ir moderns risin\u0101jums, kas pie\u0161\u0137irs interjeram komfortu un stilu. Izgatavots no iztur\u012bga koka un p\u0101rkl\u0101ts ar m\u012bkstu m\u0101ksl\u012bgo \u0101du, tam ir pievilc\u012bgs zils tonis, kas b\u016bs piem\u0113rots jebkurai telpai. \u0112rts galvgalis nodro\u0161ina \u0113rtu poz\u012bciju las\u012b\u0161anai vai atp\u016btai, un zemais kl\u012brenss zem gultas \u013cauj uztur\u0113t k\u0101rt\u012bbu, nov\u0113r\u0161ot nepiecie\u0161am\u012bbu p\u0113c bie\u017eas t\u012br\u012b\u0161anas. Komplekt\u0101 ietilpst matracis, kas pild\u012bts ar videi draudz\u012bgu kokosriekstu \u0161\u0137iedru, lai nodro\u0161in\u0101tu vesel\u012bgu miegu un atbalstu. Matra\u010da izm\u0113ri ir 100cm x 190cm un gultas izm\u0113ri 102x202x103cm. Komplekt\u0101 neietilpst naktsgaldi\u0146\u0161, kas \u013cauj \u0113rti apvienot gultu ar da\u017e\u0101d\u0101m m\u0113bel\u0113m. Materi\u0101ls: koks.<\/p>\n","protected":false},"excerpt":{"rendered":"<p>\u0160\u012b vienviet\u012bg\u0101 gulta b\u0113rnu istabai ir moderns risin\u0101jums, kas pie\u0161\u0137irs interjeram komfortu un stilu. Izgatavots no iztur\u012bga koka un p\u0101rkl\u0101ts ar m\u012bkstu m\u0101ksl\u012bgo \u0101du&#8230;<\/p>\n","protected":false},"featured_media":11966,"comment_status":"open","ping_status":"closed","template":"","meta":[],"product_brand":[],"product_cat":[2987,5655],"product_tag":[],"class_list":{"0":"post-39499","1":"product","2":"type-product","3":"status-publish","4":"has-post-thumbnail","6":"product_cat-bernu-gultas-gultas-3","7":"product_cat-bernu-gultas-gultas-10","9":"first","10":"instock","11":"shipping-taxable","12":"purchasable","13":"product-type-simple"},"yoast_head":"<!-- This site is optimized with the Yoast SEO plugin v26.0 - https:\/\/yoast.com\/wordpress\/plugins\/seo\/ -->\n<title>Vienviet\u012bga b\u0113rnu gulta<\/title>\n<meta name=\"description\" content=\"\u0160\u012b vienviet\u012bg\u0101 gulta b\u0113rnu istabai ir moderns risin\u0101jums, kas pie\u0161\u0137irs interjeram komfortu un stilu. Izgatavots no iztur\u012bga koka un p\u0101rkl\u0101ts ar m\u012bkstu m\u0101ksl\u012bgo \u0101du...\" \/>\n<meta name=\"robots\" content=\"index, follow, max-snippet:-1, max-image-preview:large, max-video-preview:-1\" \/>\n<link rel=\"canonical\" href=\"https:\/\/brilune.eu\/lv\/product\/vienvietiga-bernu-gulta-2\/\" \/>\n<meta property=\"og:locale\" content=\"lv_LV\" \/>\n<meta property=\"og:type\" content=\"article\" \/>\n<meta property=\"og:title\" content=\"Vienviet\u012bga b\u0113rnu gulta\" \/>\n<meta property=\"og:description\" content=\"\u0160\u012b vienviet\u012bg\u0101 gulta b\u0113rnu istabai ir moderns risin\u0101jums, kas pie\u0161\u0137irs interjeram komfortu un stilu. Izgatavots no iztur\u012bga koka un p\u0101rkl\u0101ts ar m\u012bkstu m\u0101ksl\u012bgo \u0101du...\" \/>\n<meta property=\"og:url\" content=\"https:\/\/brilune.eu\/lv\/product\/vienvietiga-bernu-gulta-2\/\" \/>\n<meta property=\"og:site_name\" content=\"Brilune\" \/>\n<meta property=\"article:modified_time\" content=\"2025-02-19T12:10:09+00:00\" \/>\n<meta property=\"og:image\" content=\"https:\/\/brilune.eu\/wp-content\/uploads\/2025\/01\/14632184.png\" \/>\n\t<meta property=\"og:image:width\" content=\"800\" \/>\n\t<meta property=\"og:image:height\" content=\"800\" \/>\n\t<meta property=\"og:image:type\" content=\"image\/png\" \/>\n<meta name=\"twitter:card\" content=\"summary_large_image\" \/>\n<meta name=\"twitter:label1\" content=\"Est. reading time\" \/>\n\t<meta name=\"twitter:data1\" content=\"1 minute\" \/>\n<script type=\"application\/ld+json\" class=\"yoast-schema-graph\">{\"@context\":\"https:\/\/schema.org\",\"@graph\":[{\"@type\":\"WebPage\",\"@id\":\"https:\/\/brilune.eu\/lv\/product\/vienvietiga-bernu-gulta-2\/\",\"url\":\"https:\/\/brilune.eu\/lv\/product\/vienvietiga-bernu-gulta-2\/\",\"name\":\"Vienviet\u012bga b\u0113rnu gulta\",\"isPartOf\":{\"@id\":\"https:\/\/brilune.eu\/lv\/#website\"},\"primaryImageOfPage\":{\"@id\":\"https:\/\/brilune.eu\/lv\/product\/vienvietiga-bernu-gulta-2\/#primaryimage\"},\"image\":{\"@id\":\"https:\/\/brilune.eu\/lv\/product\/vienvietiga-bernu-gulta-2\/#primaryimage\"},\"thumbnailUrl\":\"https:\/\/brilune.eu\/wp-content\/uploads\/2025\/01\/14632184.png\",\"datePublished\":\"2025-02-19T11:39:52+00:00\",\"dateModified\":\"2025-02-19T12:10:09+00:00\",\"description\":\"\u0160\u012b vienviet\u012bg\u0101 gulta b\u0113rnu istabai ir moderns risin\u0101jums, kas pie\u0161\u0137irs interjeram komfortu un stilu. Izgatavots no iztur\u012bga koka un p\u0101rkl\u0101ts ar m\u012bkstu m\u0101ksl\u012bgo \u0101du...\",\"breadcrumb\":{\"@id\":\"https:\/\/brilune.eu\/lv\/product\/vienvietiga-bernu-gulta-2\/#breadcrumb\"},\"inLanguage\":\"lv-LV\",\"potentialAction\":[{\"@type\":\"ReadAction\",\"target\":[\"https:\/\/brilune.eu\/lv\/product\/vienvietiga-bernu-gulta-2\/\"]}]},{\"@type\":\"ImageObject\",\"inLanguage\":\"lv-LV\",\"@id\":\"https:\/\/brilune.eu\/lv\/product\/vienvietiga-bernu-gulta-2\/#primaryimage\",\"url\":\"https:\/\/brilune.eu\/wp-content\/uploads\/2025\/01\/14632184.png\",\"contentUrl\":\"https:\/\/brilune.eu\/wp-content\/uploads\/2025\/01\/14632184.png\",\"width\":800,\"height\":800},{\"@type\":\"BreadcrumbList\",\"@id\":\"https:\/\/brilune.eu\/lv\/product\/vienvietiga-bernu-gulta-2\/#breadcrumb\",\"itemListElement\":[{\"@type\":\"ListItem\",\"position\":1,\"name\":\"S\u0101kums\",\"item\":\"https:\/\/brilune.eu\/lv\/brilune-mebeles\/\"},{\"@type\":\"ListItem\",\"position\":2,\"name\":\"Visi produkti\",\"item\":\"https:\/\/brilune.eu\/lv\/shop\/\"},{\"@type\":\"ListItem\",\"position\":3,\"name\":\"Vienviet\u012bga b\u0113rnu gulta\"}]},{\"@type\":\"WebSite\",\"@id\":\"https:\/\/brilune.eu\/lv\/#website\",\"url\":\"https:\/\/brilune.eu\/lv\/\",\"name\":\"Brilune\",\"description\":\"M\u0113s pied\u0101v\u0101jam unik\u0101lus un nebiju\u0161us dizainus, kas apvieno eleganci, funkcionalit\u0101ti un rado\u0161umu.\",\"potentialAction\":[{\"@type\":\"SearchAction\",\"target\":{\"@type\":\"EntryPoint\",\"urlTemplate\":\"https:\/\/brilune.eu\/lv\/?s={search_term_string}\"},\"query-input\":{\"@type\":\"PropertyValueSpecification\",\"valueRequired\":true,\"valueName\":\"search_term_string\"}}],\"inLanguage\":\"lv-LV\"}]}<\/script>\n<!-- \/ Yoast SEO plugin. -->","yoast_head_json":{"title":"Vienviet\u012bga b\u0113rnu gulta","description":"\u0160\u012b vienviet\u012bg\u0101 gulta b\u0113rnu istabai ir moderns risin\u0101jums, kas pie\u0161\u0137irs interjeram komfortu un stilu. Izgatavots no iztur\u012bga koka un p\u0101rkl\u0101ts ar m\u012bkstu m\u0101ksl\u012bgo \u0101du...","robots":{"index":"index","follow":"follow","max-snippet":"max-snippet:-1","max-image-preview":"max-image-preview:large","max-video-preview":"max-video-preview:-1"},"canonical":"https:\/\/brilune.eu\/lv\/product\/vienvietiga-bernu-gulta-2\/","og_locale":"lv_LV","og_type":"article","og_title":"Vienviet\u012bga b\u0113rnu gulta","og_description":"\u0160\u012b vienviet\u012bg\u0101 gulta b\u0113rnu istabai ir moderns risin\u0101jums, kas pie\u0161\u0137irs interjeram komfortu un stilu. Izgatavots no iztur\u012bga koka un p\u0101rkl\u0101ts ar m\u012bkstu m\u0101ksl\u012bgo \u0101du...","og_url":"https:\/\/brilune.eu\/lv\/product\/vienvietiga-bernu-gulta-2\/","og_site_name":"Brilune","article_modified_time":"2025-02-19T12:10:09+00:00","og_image":[{"width":800,"height":800,"url":"https:\/\/brilune.eu\/wp-content\/uploads\/2025\/01\/14632184.png","type":"image\/png"}],"twitter_card":"summary_large_image","twitter_misc":{"Est. reading time":"1 minute"},"schema":{"@context":"https:\/\/schema.org","@graph":[{"@type":"WebPage","@id":"https:\/\/brilune.eu\/lv\/product\/vienvietiga-bernu-gulta-2\/","url":"https:\/\/brilune.eu\/lv\/product\/vienvietiga-bernu-gulta-2\/","name":"Vienviet\u012bga b\u0113rnu gulta","isPartOf":{"@id":"https:\/\/brilune.eu\/lv\/#website"},"primaryImageOfPage":{"@id":"https:\/\/brilune.eu\/lv\/product\/vienvietiga-bernu-gulta-2\/#primaryimage"},"image":{"@id":"https:\/\/brilune.eu\/lv\/product\/vienvietiga-bernu-gulta-2\/#primaryimage"},"thumbnailUrl":"https:\/\/brilune.eu\/wp-content\/uploads\/2025\/01\/14632184.png","datePublished":"2025-02-19T11:39:52+00:00","dateModified":"2025-02-19T12:10:09+00:00","description":"\u0160\u012b vienviet\u012bg\u0101 gulta b\u0113rnu istabai ir moderns risin\u0101jums, kas pie\u0161\u0137irs interjeram komfortu un stilu. Izgatavots no iztur\u012bga koka un p\u0101rkl\u0101ts ar m\u012bkstu m\u0101ksl\u012bgo \u0101du...","breadcrumb":{"@id":"https:\/\/brilune.eu\/lv\/product\/vienvietiga-bernu-gulta-2\/#breadcrumb"},"inLanguage":"lv-LV","potentialAction":[{"@type":"ReadAction","target":["https:\/\/brilune.eu\/lv\/product\/vienvietiga-bernu-gulta-2\/"]}]},{"@type":"ImageObject","inLanguage":"lv-LV","@id":"https:\/\/brilune.eu\/lv\/product\/vienvietiga-bernu-gulta-2\/#primaryimage","url":"https:\/\/brilune.eu\/wp-content\/uploads\/2025\/01\/14632184.png","contentUrl":"https:\/\/brilune.eu\/wp-content\/uploads\/2025\/01\/14632184.png","width":800,"height":800},{"@type":"BreadcrumbList","@id":"https:\/\/brilune.eu\/lv\/product\/vienvietiga-bernu-gulta-2\/#breadcrumb","itemListElement":[{"@type":"ListItem","position":1,"name":"S\u0101kums","item":"https:\/\/brilune.eu\/lv\/brilune-mebeles\/"},{"@type":"ListItem","position":2,"name":"Visi produkti","item":"https:\/\/brilune.eu\/lv\/shop\/"},{"@type":"ListItem","position":3,"name":"Vienviet\u012bga b\u0113rnu gulta"}]},{"@type":"WebSite","@id":"https:\/\/brilune.eu\/lv\/#website","url":"https:\/\/brilune.eu\/lv\/","name":"Brilune","description":"M\u0113s pied\u0101v\u0101jam unik\u0101lus un nebiju\u0161us dizainus, kas apvieno eleganci, funkcionalit\u0101ti un rado\u0161umu.","potentialAction":[{"@type":"SearchAction","target":{"@type":"EntryPoint","urlTemplate":"https:\/\/brilune.eu\/lv\/?s={search_term_string}"},"query-input":{"@type":"PropertyValueSpecification","valueRequired":true,"valueName":"search_term_string"}}],"inLanguage":"lv-LV"}]}},"jetpack_sharing_enabled":true,"_links":{"self":[{"href":"https:\/\/brilune.eu\/lv\/wp-json\/wp\/v2\/product\/39499","targetHints":{"allow":["GET"]}}],"collection":[{"href":"https:\/\/brilune.eu\/lv\/wp-json\/wp\/v2\/product"}],"about":[{"href":"https:\/\/brilune.eu\/lv\/wp-json\/wp\/v2\/types\/product"}],"replies":[{"embeddable":true,"href":"https:\/\/brilune.eu\/lv\/wp-json\/wp\/v2\/comments?post=39499"}],"version-history":[{"count":1,"href":"https:\/\/brilune.eu\/lv\/wp-json\/wp\/v2\/product\/39499\/revisions"}],"predecessor-version":[{"id":39550,"href":"https:\/\/brilune.eu\/lv\/wp-json\/wp\/v2\/product\/39499\/revisions\/39550"}],"wp:featuredmedia":[{"embeddable":true,"href":"https:\/\/brilune.eu\/lv\/wp-json\/wp\/v2\/media\/11966"}],"wp:attachment":[{"href":"https:\/\/brilune.eu\/lv\/wp-json\/wp\/v2\/media?parent=39499"}],"wp:term":[{"taxonomy":"product_brand","embeddable":true,"href":"https:\/\/brilune.eu\/lv\/wp-json\/wp\/v2\/product_brand?post=39499"},{"taxonomy":"product_cat","embeddable":true,"href":"https:\/\/brilune.eu\/lv\/wp-json\/wp\/v2\/product_cat?post=39499"},{"taxonomy":"product_tag","embeddable":true,"href":"https:\/\/brilune.eu\/lv\/wp-json\/wp\/v2\/product_tag?post=39499"}],"curies":[{"name":"wp","href":"https:\/\/api.w.org\/{rel}","templated":true}]}}