{"id":39458,"date":"2025-02-19T13:39:04","date_gmt":"2025-02-19T11:39:04","guid":{"rendered":"https:\/\/brilune.eu\/?post_type=product&#038;p=39458"},"modified":"2025-02-19T14:09:58","modified_gmt":"2025-02-19T12:09:58","slug":"gulta-ar-uzglabasanas-sistemu-un-plauktiem","status":"publish","type":"product","link":"https:\/\/brilune.eu\/lv\/product\/gulta-ar-uzglabasanas-sistemu-un-plauktiem\/","title":{"rendered":"Gulta ar uzglab\u0101\u0161anas sist\u0113mu un plauktiem"},"content":{"rendered":"<p>Koka gulta ar atvilktn\u0113m glab\u0101\u0161anai un gr\u0101matu plauktu virs gultas ir ide\u0101ls risin\u0101jums kompaktai uzglab\u0101\u0161anai. \u0112rt\u0101s atvilktnes \u013cauj pasl\u0113pt visu nepiecie\u0161amo pie rokas, un plaukti rada papildu vietu gr\u0101mat\u0101m vai dekorat\u012bviem priek\u0161metiem. \u0160\u012b gulta harmoniski sapl\u016bst ar da\u017e\u0101diem stiliem un ir praktiska izv\u0113le tiem, kas nov\u0113rt\u0113 organiz\u0113t\u012bbu un m\u0101j\u012bgumu. Izm\u0113rs: 200x100x195 cm, matracis komplekt\u0101. Materi\u0101ls: koks.<\/p>\n","protected":false},"excerpt":{"rendered":"<p>Koka gulta ar atvilktn\u0113m glab\u0101\u0161anai un gr\u0101matu plauktu virs gultas ir ide\u0101ls risin\u0101jums kompaktai uzglab\u0101\u0161anai. \u0112rt\u0101s atvilktnes \u013cauj pasl\u0113pt visu, ko&#8230;<\/p>\n","protected":false},"featured_media":11903,"comment_status":"open","ping_status":"closed","template":"","meta":[],"product_brand":[],"product_cat":[2987,5655],"product_tag":[],"class_list":{"0":"post-39458","1":"product","2":"type-product","3":"status-publish","4":"has-post-thumbnail","6":"product_cat-bernu-gultas-gultas-3","7":"product_cat-bernu-gultas-gultas-10","9":"first","10":"instock","11":"shipping-taxable","12":"purchasable","13":"product-type-simple"},"yoast_head":"<!-- This site is optimized with the Yoast SEO plugin v26.0 - https:\/\/yoast.com\/wordpress\/plugins\/seo\/ -->\n<title>Gulta ar uzglab\u0101\u0161anas sist\u0113mu un plauktiem<\/title>\n<meta name=\"description\" content=\"Koka gulta ar atvilktn\u0113m glab\u0101\u0161anai un gr\u0101matu plauktu virs gultas ir ide\u0101ls risin\u0101jums kompaktai uzglab\u0101\u0161anai. \u0112rt\u0101s atvilktnes \u013cauj pasl\u0113pt visu, ko...\" \/>\n<meta name=\"robots\" content=\"index, follow, max-snippet:-1, max-image-preview:large, max-video-preview:-1\" \/>\n<link rel=\"canonical\" href=\"https:\/\/brilune.eu\/lv\/product\/gulta-ar-uzglabasanas-sistemu-un-plauktiem\/\" \/>\n<meta property=\"og:locale\" content=\"lv_LV\" \/>\n<meta property=\"og:type\" content=\"article\" \/>\n<meta property=\"og:title\" content=\"Gulta ar uzglab\u0101\u0161anas sist\u0113mu un plauktiem\" \/>\n<meta property=\"og:description\" content=\"Koka gulta ar atvilktn\u0113m glab\u0101\u0161anai un gr\u0101matu plauktu virs gultas ir ide\u0101ls risin\u0101jums kompaktai uzglab\u0101\u0161anai. \u0112rt\u0101s atvilktnes \u013cauj pasl\u0113pt visu, ko...\" \/>\n<meta property=\"og:url\" content=\"https:\/\/brilune.eu\/lv\/product\/gulta-ar-uzglabasanas-sistemu-un-plauktiem\/\" \/>\n<meta property=\"og:site_name\" content=\"Brilune\" \/>\n<meta property=\"article:modified_time\" content=\"2025-02-19T12:09:58+00:00\" \/>\n<meta property=\"og:image\" content=\"https:\/\/brilune.eu\/wp-content\/uploads\/2025\/01\/14670362.png\" \/>\n\t<meta property=\"og:image:width\" content=\"800\" \/>\n\t<meta property=\"og:image:height\" content=\"800\" \/>\n\t<meta property=\"og:image:type\" content=\"image\/png\" \/>\n<meta name=\"twitter:card\" content=\"summary_large_image\" \/>\n<script type=\"application\/ld+json\" class=\"yoast-schema-graph\">{\"@context\":\"https:\/\/schema.org\",\"@graph\":[{\"@type\":\"WebPage\",\"@id\":\"https:\/\/brilune.eu\/lv\/product\/gulta-ar-uzglabasanas-sistemu-un-plauktiem\/\",\"url\":\"https:\/\/brilune.eu\/lv\/product\/gulta-ar-uzglabasanas-sistemu-un-plauktiem\/\",\"name\":\"Gulta ar uzglab\u0101\u0161anas sist\u0113mu un plauktiem\",\"isPartOf\":{\"@id\":\"https:\/\/brilune.eu\/lv\/#website\"},\"primaryImageOfPage\":{\"@id\":\"https:\/\/brilune.eu\/lv\/product\/gulta-ar-uzglabasanas-sistemu-un-plauktiem\/#primaryimage\"},\"image\":{\"@id\":\"https:\/\/brilune.eu\/lv\/product\/gulta-ar-uzglabasanas-sistemu-un-plauktiem\/#primaryimage\"},\"thumbnailUrl\":\"https:\/\/brilune.eu\/wp-content\/uploads\/2025\/01\/14670362.png\",\"datePublished\":\"2025-02-19T11:39:04+00:00\",\"dateModified\":\"2025-02-19T12:09:58+00:00\",\"description\":\"Koka gulta ar atvilktn\u0113m glab\u0101\u0161anai un gr\u0101matu plauktu virs gultas ir ide\u0101ls risin\u0101jums kompaktai uzglab\u0101\u0161anai. \u0112rt\u0101s atvilktnes \u013cauj pasl\u0113pt visu, ko...\",\"breadcrumb\":{\"@id\":\"https:\/\/brilune.eu\/lv\/product\/gulta-ar-uzglabasanas-sistemu-un-plauktiem\/#breadcrumb\"},\"inLanguage\":\"lv-LV\",\"potentialAction\":[{\"@type\":\"ReadAction\",\"target\":[\"https:\/\/brilune.eu\/lv\/product\/gulta-ar-uzglabasanas-sistemu-un-plauktiem\/\"]}]},{\"@type\":\"ImageObject\",\"inLanguage\":\"lv-LV\",\"@id\":\"https:\/\/brilune.eu\/lv\/product\/gulta-ar-uzglabasanas-sistemu-un-plauktiem\/#primaryimage\",\"url\":\"https:\/\/brilune.eu\/wp-content\/uploads\/2025\/01\/14670362.png\",\"contentUrl\":\"https:\/\/brilune.eu\/wp-content\/uploads\/2025\/01\/14670362.png\",\"width\":800,\"height\":800},{\"@type\":\"BreadcrumbList\",\"@id\":\"https:\/\/brilune.eu\/lv\/product\/gulta-ar-uzglabasanas-sistemu-un-plauktiem\/#breadcrumb\",\"itemListElement\":[{\"@type\":\"ListItem\",\"position\":1,\"name\":\"S\u0101kums\",\"item\":\"https:\/\/brilune.eu\/lv\/brilune-mebeles\/\"},{\"@type\":\"ListItem\",\"position\":2,\"name\":\"Visi produkti\",\"item\":\"https:\/\/brilune.eu\/lv\/shop\/\"},{\"@type\":\"ListItem\",\"position\":3,\"name\":\"Gulta ar uzglab\u0101\u0161anas sist\u0113mu un plauktiem\"}]},{\"@type\":\"WebSite\",\"@id\":\"https:\/\/brilune.eu\/lv\/#website\",\"url\":\"https:\/\/brilune.eu\/lv\/\",\"name\":\"Brilune\",\"description\":\"M\u0113s pied\u0101v\u0101jam unik\u0101lus un nebiju\u0161us dizainus, kas apvieno eleganci, funkcionalit\u0101ti un rado\u0161umu.\",\"potentialAction\":[{\"@type\":\"SearchAction\",\"target\":{\"@type\":\"EntryPoint\",\"urlTemplate\":\"https:\/\/brilune.eu\/lv\/?s={search_term_string}\"},\"query-input\":{\"@type\":\"PropertyValueSpecification\",\"valueRequired\":true,\"valueName\":\"search_term_string\"}}],\"inLanguage\":\"lv-LV\"}]}<\/script>\n<!-- \/ Yoast SEO plugin. -->","yoast_head_json":{"title":"Gulta ar uzglab\u0101\u0161anas sist\u0113mu un plauktiem","description":"Koka gulta ar atvilktn\u0113m glab\u0101\u0161anai un gr\u0101matu plauktu virs gultas ir ide\u0101ls risin\u0101jums kompaktai uzglab\u0101\u0161anai. \u0112rt\u0101s atvilktnes \u013cauj pasl\u0113pt visu, ko...","robots":{"index":"index","follow":"follow","max-snippet":"max-snippet:-1","max-image-preview":"max-image-preview:large","max-video-preview":"max-video-preview:-1"},"canonical":"https:\/\/brilune.eu\/lv\/product\/gulta-ar-uzglabasanas-sistemu-un-plauktiem\/","og_locale":"lv_LV","og_type":"article","og_title":"Gulta ar uzglab\u0101\u0161anas sist\u0113mu un plauktiem","og_description":"Koka gulta ar atvilktn\u0113m glab\u0101\u0161anai un gr\u0101matu plauktu virs gultas ir ide\u0101ls risin\u0101jums kompaktai uzglab\u0101\u0161anai. \u0112rt\u0101s atvilktnes \u013cauj pasl\u0113pt visu, ko...","og_url":"https:\/\/brilune.eu\/lv\/product\/gulta-ar-uzglabasanas-sistemu-un-plauktiem\/","og_site_name":"Brilune","article_modified_time":"2025-02-19T12:09:58+00:00","og_image":[{"width":800,"height":800,"url":"https:\/\/brilune.eu\/wp-content\/uploads\/2025\/01\/14670362.png","type":"image\/png"}],"twitter_card":"summary_large_image","schema":{"@context":"https:\/\/schema.org","@graph":[{"@type":"WebPage","@id":"https:\/\/brilune.eu\/lv\/product\/gulta-ar-uzglabasanas-sistemu-un-plauktiem\/","url":"https:\/\/brilune.eu\/lv\/product\/gulta-ar-uzglabasanas-sistemu-un-plauktiem\/","name":"Gulta ar uzglab\u0101\u0161anas sist\u0113mu un plauktiem","isPartOf":{"@id":"https:\/\/brilune.eu\/lv\/#website"},"primaryImageOfPage":{"@id":"https:\/\/brilune.eu\/lv\/product\/gulta-ar-uzglabasanas-sistemu-un-plauktiem\/#primaryimage"},"image":{"@id":"https:\/\/brilune.eu\/lv\/product\/gulta-ar-uzglabasanas-sistemu-un-plauktiem\/#primaryimage"},"thumbnailUrl":"https:\/\/brilune.eu\/wp-content\/uploads\/2025\/01\/14670362.png","datePublished":"2025-02-19T11:39:04+00:00","dateModified":"2025-02-19T12:09:58+00:00","description":"Koka gulta ar atvilktn\u0113m glab\u0101\u0161anai un gr\u0101matu plauktu virs gultas ir ide\u0101ls risin\u0101jums kompaktai uzglab\u0101\u0161anai. \u0112rt\u0101s atvilktnes \u013cauj pasl\u0113pt visu, ko...","breadcrumb":{"@id":"https:\/\/brilune.eu\/lv\/product\/gulta-ar-uzglabasanas-sistemu-un-plauktiem\/#breadcrumb"},"inLanguage":"lv-LV","potentialAction":[{"@type":"ReadAction","target":["https:\/\/brilune.eu\/lv\/product\/gulta-ar-uzglabasanas-sistemu-un-plauktiem\/"]}]},{"@type":"ImageObject","inLanguage":"lv-LV","@id":"https:\/\/brilune.eu\/lv\/product\/gulta-ar-uzglabasanas-sistemu-un-plauktiem\/#primaryimage","url":"https:\/\/brilune.eu\/wp-content\/uploads\/2025\/01\/14670362.png","contentUrl":"https:\/\/brilune.eu\/wp-content\/uploads\/2025\/01\/14670362.png","width":800,"height":800},{"@type":"BreadcrumbList","@id":"https:\/\/brilune.eu\/lv\/product\/gulta-ar-uzglabasanas-sistemu-un-plauktiem\/#breadcrumb","itemListElement":[{"@type":"ListItem","position":1,"name":"S\u0101kums","item":"https:\/\/brilune.eu\/lv\/brilune-mebeles\/"},{"@type":"ListItem","position":2,"name":"Visi produkti","item":"https:\/\/brilune.eu\/lv\/shop\/"},{"@type":"ListItem","position":3,"name":"Gulta ar uzglab\u0101\u0161anas sist\u0113mu un plauktiem"}]},{"@type":"WebSite","@id":"https:\/\/brilune.eu\/lv\/#website","url":"https:\/\/brilune.eu\/lv\/","name":"Brilune","description":"M\u0113s pied\u0101v\u0101jam unik\u0101lus un nebiju\u0161us dizainus, kas apvieno eleganci, funkcionalit\u0101ti un rado\u0161umu.","potentialAction":[{"@type":"SearchAction","target":{"@type":"EntryPoint","urlTemplate":"https:\/\/brilune.eu\/lv\/?s={search_term_string}"},"query-input":{"@type":"PropertyValueSpecification","valueRequired":true,"valueName":"search_term_string"}}],"inLanguage":"lv-LV"}]}},"jetpack_sharing_enabled":true,"_links":{"self":[{"href":"https:\/\/brilune.eu\/lv\/wp-json\/wp\/v2\/product\/39458","targetHints":{"allow":["GET"]}}],"collection":[{"href":"https:\/\/brilune.eu\/lv\/wp-json\/wp\/v2\/product"}],"about":[{"href":"https:\/\/brilune.eu\/lv\/wp-json\/wp\/v2\/types\/product"}],"replies":[{"embeddable":true,"href":"https:\/\/brilune.eu\/lv\/wp-json\/wp\/v2\/comments?post=39458"}],"version-history":[{"count":1,"href":"https:\/\/brilune.eu\/lv\/wp-json\/wp\/v2\/product\/39458\/revisions"}],"predecessor-version":[{"id":39511,"href":"https:\/\/brilune.eu\/lv\/wp-json\/wp\/v2\/product\/39458\/revisions\/39511"}],"wp:featuredmedia":[{"embeddable":true,"href":"https:\/\/brilune.eu\/lv\/wp-json\/wp\/v2\/media\/11903"}],"wp:attachment":[{"href":"https:\/\/brilune.eu\/lv\/wp-json\/wp\/v2\/media?parent=39458"}],"wp:term":[{"taxonomy":"product_brand","embeddable":true,"href":"https:\/\/brilune.eu\/lv\/wp-json\/wp\/v2\/product_brand?post=39458"},{"taxonomy":"product_cat","embeddable":true,"href":"https:\/\/brilune.eu\/lv\/wp-json\/wp\/v2\/product_cat?post=39458"},{"taxonomy":"product_tag","embeddable":true,"href":"https:\/\/brilune.eu\/lv\/wp-json\/wp\/v2\/product_tag?post=39458"}],"curies":[{"name":"wp","href":"https:\/\/api.w.org\/{rel}","templated":true}]}}