{"id":39455,"date":"2025-02-19T13:39:04","date_gmt":"2025-02-19T11:39:04","guid":{"rendered":"https:\/\/brilune.eu\/?post_type=product&#038;p=39455"},"modified":"2025-02-19T14:09:56","modified_gmt":"2025-02-19T12:09:56","slug":"bernu-koka-gulta-2","status":"publish","type":"product","link":"https:\/\/brilune.eu\/lv\/product\/bernu-koka-gulta-2\/","title":{"rendered":"B\u0113rnu koka gulta"},"content":{"rendered":"<p>Pla\u0161\u0101 mas\u012bvkoka vienviet\u012bg\u0101 gulta piesaista ar savu minim\u0101listisko pieeju un dab\u012bg\u0101 koka toni. T\u0101 vienk\u0101r\u0161\u012bba padara \u0161o modeli par ide\u0101lu papildin\u0101jumu jebkuram interjeram, k\u0101 ar\u012b rada miera un klusuma atmosf\u0113ru. \u0160\u012b gulta ir ide\u0101la vieta atp\u016btai, un t\u0101s iztur\u012bga konstrukcija nodro\u0161ina iztur\u012bbu un komfortu daudzus gadus uz priek\u0161u. Izm\u0113rs: 200x135x60. Materi\u0101ls: koks.<\/p>\n","protected":false},"excerpt":{"rendered":"<p>Pla\u0161\u0101 mas\u012bvkoka vienviet\u012bg\u0101 gulta piesaista ar savu minim\u0101listisko pieeju un dab\u012bg\u0101 koka toni. T\u0101 vienk\u0101r\u0161\u012bba padara \u0161o modeli par ide\u0101lu papildin\u0101jumu jebkuram interjeram&#8230;<\/p>\n","protected":false},"featured_media":11903,"comment_status":"open","ping_status":"closed","template":"","meta":[],"product_brand":[],"product_cat":[2987,5655],"product_tag":[],"class_list":{"0":"post-39455","1":"product","2":"type-product","3":"status-publish","4":"has-post-thumbnail","6":"product_cat-bernu-gultas-gultas-3","7":"product_cat-bernu-gultas-gultas-10","9":"first","10":"instock","11":"shipping-taxable","12":"purchasable","13":"product-type-simple"},"yoast_head":"<!-- This site is optimized with the Yoast SEO plugin v26.0 - https:\/\/yoast.com\/wordpress\/plugins\/seo\/ -->\n<title>B\u0113rnu koka gulta<\/title>\n<meta name=\"description\" content=\"Pla\u0161\u0101 mas\u012bvkoka vienviet\u012bg\u0101 gulta piesaista ar savu minim\u0101listisko pieeju un dab\u012bg\u0101 koka toni. T\u0101 vienk\u0101r\u0161\u012bba padara \u0161o modeli par ide\u0101lu papildin\u0101jumu jebkuram interjeram...\" \/>\n<meta name=\"robots\" content=\"index, follow, max-snippet:-1, max-image-preview:large, max-video-preview:-1\" \/>\n<link rel=\"canonical\" href=\"https:\/\/brilune.eu\/lv\/product\/bernu-koka-gulta-2\/\" \/>\n<meta property=\"og:locale\" content=\"lv_LV\" \/>\n<meta property=\"og:type\" content=\"article\" \/>\n<meta property=\"og:title\" content=\"B\u0113rnu koka gulta\" \/>\n<meta property=\"og:description\" content=\"Pla\u0161\u0101 mas\u012bvkoka vienviet\u012bg\u0101 gulta piesaista ar savu minim\u0101listisko pieeju un dab\u012bg\u0101 koka toni. T\u0101 vienk\u0101r\u0161\u012bba padara \u0161o modeli par ide\u0101lu papildin\u0101jumu jebkuram interjeram...\" \/>\n<meta property=\"og:url\" content=\"https:\/\/brilune.eu\/lv\/product\/bernu-koka-gulta-2\/\" \/>\n<meta property=\"og:site_name\" content=\"Brilune\" \/>\n<meta property=\"article:modified_time\" content=\"2025-02-19T12:09:56+00:00\" \/>\n<meta property=\"og:image\" content=\"https:\/\/brilune.eu\/wp-content\/uploads\/2025\/01\/14670362.png\" \/>\n\t<meta property=\"og:image:width\" content=\"800\" \/>\n\t<meta property=\"og:image:height\" content=\"800\" \/>\n\t<meta property=\"og:image:type\" content=\"image\/png\" \/>\n<meta name=\"twitter:card\" content=\"summary_large_image\" \/>\n<script type=\"application\/ld+json\" class=\"yoast-schema-graph\">{\"@context\":\"https:\/\/schema.org\",\"@graph\":[{\"@type\":\"WebPage\",\"@id\":\"https:\/\/brilune.eu\/lv\/product\/bernu-koka-gulta-2\/\",\"url\":\"https:\/\/brilune.eu\/lv\/product\/bernu-koka-gulta-2\/\",\"name\":\"B\u0113rnu koka gulta\",\"isPartOf\":{\"@id\":\"https:\/\/brilune.eu\/lv\/#website\"},\"primaryImageOfPage\":{\"@id\":\"https:\/\/brilune.eu\/lv\/product\/bernu-koka-gulta-2\/#primaryimage\"},\"image\":{\"@id\":\"https:\/\/brilune.eu\/lv\/product\/bernu-koka-gulta-2\/#primaryimage\"},\"thumbnailUrl\":\"https:\/\/brilune.eu\/wp-content\/uploads\/2025\/01\/14670362.png\",\"datePublished\":\"2025-02-19T11:39:04+00:00\",\"dateModified\":\"2025-02-19T12:09:56+00:00\",\"description\":\"Pla\u0161\u0101 mas\u012bvkoka vienviet\u012bg\u0101 gulta piesaista ar savu minim\u0101listisko pieeju un dab\u012bg\u0101 koka toni. T\u0101 vienk\u0101r\u0161\u012bba padara \u0161o modeli par ide\u0101lu papildin\u0101jumu jebkuram interjeram...\",\"breadcrumb\":{\"@id\":\"https:\/\/brilune.eu\/lv\/product\/bernu-koka-gulta-2\/#breadcrumb\"},\"inLanguage\":\"lv-LV\",\"potentialAction\":[{\"@type\":\"ReadAction\",\"target\":[\"https:\/\/brilune.eu\/lv\/product\/bernu-koka-gulta-2\/\"]}]},{\"@type\":\"ImageObject\",\"inLanguage\":\"lv-LV\",\"@id\":\"https:\/\/brilune.eu\/lv\/product\/bernu-koka-gulta-2\/#primaryimage\",\"url\":\"https:\/\/brilune.eu\/wp-content\/uploads\/2025\/01\/14670362.png\",\"contentUrl\":\"https:\/\/brilune.eu\/wp-content\/uploads\/2025\/01\/14670362.png\",\"width\":800,\"height\":800},{\"@type\":\"BreadcrumbList\",\"@id\":\"https:\/\/brilune.eu\/lv\/product\/bernu-koka-gulta-2\/#breadcrumb\",\"itemListElement\":[{\"@type\":\"ListItem\",\"position\":1,\"name\":\"S\u0101kums\",\"item\":\"https:\/\/brilune.eu\/lv\/brilune-mebeles\/\"},{\"@type\":\"ListItem\",\"position\":2,\"name\":\"Visi produkti\",\"item\":\"https:\/\/brilune.eu\/lv\/shop\/\"},{\"@type\":\"ListItem\",\"position\":3,\"name\":\"B\u0113rnu koka gulta\"}]},{\"@type\":\"WebSite\",\"@id\":\"https:\/\/brilune.eu\/lv\/#website\",\"url\":\"https:\/\/brilune.eu\/lv\/\",\"name\":\"Brilune\",\"description\":\"M\u0113s pied\u0101v\u0101jam unik\u0101lus un nebiju\u0161us dizainus, kas apvieno eleganci, funkcionalit\u0101ti un rado\u0161umu.\",\"potentialAction\":[{\"@type\":\"SearchAction\",\"target\":{\"@type\":\"EntryPoint\",\"urlTemplate\":\"https:\/\/brilune.eu\/lv\/?s={search_term_string}\"},\"query-input\":{\"@type\":\"PropertyValueSpecification\",\"valueRequired\":true,\"valueName\":\"search_term_string\"}}],\"inLanguage\":\"lv-LV\"}]}<\/script>\n<!-- \/ Yoast SEO plugin. -->","yoast_head_json":{"title":"B\u0113rnu koka gulta","description":"Pla\u0161\u0101 mas\u012bvkoka vienviet\u012bg\u0101 gulta piesaista ar savu minim\u0101listisko pieeju un dab\u012bg\u0101 koka toni. T\u0101 vienk\u0101r\u0161\u012bba padara \u0161o modeli par ide\u0101lu papildin\u0101jumu jebkuram interjeram...","robots":{"index":"index","follow":"follow","max-snippet":"max-snippet:-1","max-image-preview":"max-image-preview:large","max-video-preview":"max-video-preview:-1"},"canonical":"https:\/\/brilune.eu\/lv\/product\/bernu-koka-gulta-2\/","og_locale":"lv_LV","og_type":"article","og_title":"B\u0113rnu koka gulta","og_description":"Pla\u0161\u0101 mas\u012bvkoka vienviet\u012bg\u0101 gulta piesaista ar savu minim\u0101listisko pieeju un dab\u012bg\u0101 koka toni. T\u0101 vienk\u0101r\u0161\u012bba padara \u0161o modeli par ide\u0101lu papildin\u0101jumu jebkuram interjeram...","og_url":"https:\/\/brilune.eu\/lv\/product\/bernu-koka-gulta-2\/","og_site_name":"Brilune","article_modified_time":"2025-02-19T12:09:56+00:00","og_image":[{"width":800,"height":800,"url":"https:\/\/brilune.eu\/wp-content\/uploads\/2025\/01\/14670362.png","type":"image\/png"}],"twitter_card":"summary_large_image","schema":{"@context":"https:\/\/schema.org","@graph":[{"@type":"WebPage","@id":"https:\/\/brilune.eu\/lv\/product\/bernu-koka-gulta-2\/","url":"https:\/\/brilune.eu\/lv\/product\/bernu-koka-gulta-2\/","name":"B\u0113rnu koka gulta","isPartOf":{"@id":"https:\/\/brilune.eu\/lv\/#website"},"primaryImageOfPage":{"@id":"https:\/\/brilune.eu\/lv\/product\/bernu-koka-gulta-2\/#primaryimage"},"image":{"@id":"https:\/\/brilune.eu\/lv\/product\/bernu-koka-gulta-2\/#primaryimage"},"thumbnailUrl":"https:\/\/brilune.eu\/wp-content\/uploads\/2025\/01\/14670362.png","datePublished":"2025-02-19T11:39:04+00:00","dateModified":"2025-02-19T12:09:56+00:00","description":"Pla\u0161\u0101 mas\u012bvkoka vienviet\u012bg\u0101 gulta piesaista ar savu minim\u0101listisko pieeju un dab\u012bg\u0101 koka toni. T\u0101 vienk\u0101r\u0161\u012bba padara \u0161o modeli par ide\u0101lu papildin\u0101jumu jebkuram interjeram...","breadcrumb":{"@id":"https:\/\/brilune.eu\/lv\/product\/bernu-koka-gulta-2\/#breadcrumb"},"inLanguage":"lv-LV","potentialAction":[{"@type":"ReadAction","target":["https:\/\/brilune.eu\/lv\/product\/bernu-koka-gulta-2\/"]}]},{"@type":"ImageObject","inLanguage":"lv-LV","@id":"https:\/\/brilune.eu\/lv\/product\/bernu-koka-gulta-2\/#primaryimage","url":"https:\/\/brilune.eu\/wp-content\/uploads\/2025\/01\/14670362.png","contentUrl":"https:\/\/brilune.eu\/wp-content\/uploads\/2025\/01\/14670362.png","width":800,"height":800},{"@type":"BreadcrumbList","@id":"https:\/\/brilune.eu\/lv\/product\/bernu-koka-gulta-2\/#breadcrumb","itemListElement":[{"@type":"ListItem","position":1,"name":"S\u0101kums","item":"https:\/\/brilune.eu\/lv\/brilune-mebeles\/"},{"@type":"ListItem","position":2,"name":"Visi produkti","item":"https:\/\/brilune.eu\/lv\/shop\/"},{"@type":"ListItem","position":3,"name":"B\u0113rnu koka gulta"}]},{"@type":"WebSite","@id":"https:\/\/brilune.eu\/lv\/#website","url":"https:\/\/brilune.eu\/lv\/","name":"Brilune","description":"M\u0113s pied\u0101v\u0101jam unik\u0101lus un nebiju\u0161us dizainus, kas apvieno eleganci, funkcionalit\u0101ti un rado\u0161umu.","potentialAction":[{"@type":"SearchAction","target":{"@type":"EntryPoint","urlTemplate":"https:\/\/brilune.eu\/lv\/?s={search_term_string}"},"query-input":{"@type":"PropertyValueSpecification","valueRequired":true,"valueName":"search_term_string"}}],"inLanguage":"lv-LV"}]}},"jetpack_sharing_enabled":true,"_links":{"self":[{"href":"https:\/\/brilune.eu\/lv\/wp-json\/wp\/v2\/product\/39455","targetHints":{"allow":["GET"]}}],"collection":[{"href":"https:\/\/brilune.eu\/lv\/wp-json\/wp\/v2\/product"}],"about":[{"href":"https:\/\/brilune.eu\/lv\/wp-json\/wp\/v2\/types\/product"}],"replies":[{"embeddable":true,"href":"https:\/\/brilune.eu\/lv\/wp-json\/wp\/v2\/comments?post=39455"}],"version-history":[{"count":1,"href":"https:\/\/brilune.eu\/lv\/wp-json\/wp\/v2\/product\/39455\/revisions"}],"predecessor-version":[{"id":39508,"href":"https:\/\/brilune.eu\/lv\/wp-json\/wp\/v2\/product\/39455\/revisions\/39508"}],"wp:featuredmedia":[{"embeddable":true,"href":"https:\/\/brilune.eu\/lv\/wp-json\/wp\/v2\/media\/11903"}],"wp:attachment":[{"href":"https:\/\/brilune.eu\/lv\/wp-json\/wp\/v2\/media?parent=39455"}],"wp:term":[{"taxonomy":"product_brand","embeddable":true,"href":"https:\/\/brilune.eu\/lv\/wp-json\/wp\/v2\/product_brand?post=39455"},{"taxonomy":"product_cat","embeddable":true,"href":"https:\/\/brilune.eu\/lv\/wp-json\/wp\/v2\/product_cat?post=39455"},{"taxonomy":"product_tag","embeddable":true,"href":"https:\/\/brilune.eu\/lv\/wp-json\/wp\/v2\/product_tag?post=39455"}],"curies":[{"name":"wp","href":"https:\/\/api.w.org\/{rel}","templated":true}]}}