{"id":39408,"date":"2025-02-19T13:38:13","date_gmt":"2025-02-19T11:38:13","guid":{"rendered":"https:\/\/brilune.eu\/?post_type=product&#038;p=39408"},"modified":"2025-02-19T14:09:40","modified_gmt":"2025-02-19T12:09:40","slug":"koka-kumode-ar-grebtiem-rakstiem-3","status":"publish","type":"product","link":"https:\/\/brilune.eu\/lv\/product\/koka-kumode-ar-grebtiem-rakstiem-3\/","title":{"rendered":"Koka kumode ar grebtiem rakstiem"},"content":{"rendered":"<p>\u0160\u012b tr\u012bs atvilkt\u0146u, tr\u012bsdurvju kumode apvieno kr\u0101\u0161\u0146u stilu ar augstu funkcionalit\u0101ti. Pla\u0161i iek\u0161\u0113jie nodal\u012bjumi \u013cauj uzglab\u0101t visu nepiecie\u0161amo, vienlaikus nodro\u0161inot \u0113rtu piek\u013cuvi katram priek\u0161metam. Stingrs koka r\u0101mis un augstas kvalit\u0101tes priedes izmanto\u0161ana pie\u0161\u0137ir tai stabilit\u0101ti un iztur\u012bbu, un stil\u012bgais dizains padara to par jebkuras telpas rot\u0101jumu.<br \/>\nIzm\u0113ri: 140\u00d739\u00d793 cm, materi\u0101li: koks, priede.<\/p>\n","protected":false},"excerpt":{"rendered":"<p>\u0160\u012b tr\u012bs atvilkt\u0146u, tr\u012bsdurvju kumode apvieno kr\u0101\u0161\u0146u stilu ar augstu funkcionalit\u0101ti. Pla\u0161i iek\u0161\u0113jie nodal\u012bjumi \u013cauj uzglab\u0101t visu, ko&#8230;<\/p>\n","protected":false},"featured_media":11832,"comment_status":"open","ping_status":"closed","template":"","meta":[],"product_brand":[],"product_cat":[1742,5653],"product_tag":[],"class_list":{"0":"post-39408","1":"product","2":"type-product","3":"status-publish","4":"has-post-thumbnail","6":"product_cat-bufetes-un-bufetes","7":"product_cat-bufetes-un-bufetes-uzglabasana","9":"first","10":"instock","11":"shipping-taxable","12":"purchasable","13":"product-type-simple"},"yoast_head":"<!-- This site is optimized with the Yoast SEO plugin v26.0 - https:\/\/yoast.com\/wordpress\/plugins\/seo\/ -->\n<title>Koka kumode ar grebtiem rakstiem<\/title>\n<meta name=\"description\" content=\"\u0160\u012b tr\u012bs atvilkt\u0146u, tr\u012bsdurvju kumode apvieno kr\u0101\u0161\u0146u stilu ar augstu funkcionalit\u0101ti. Pla\u0161i iek\u0161\u0113jie nodal\u012bjumi \u013cauj uzglab\u0101t visu, ko...\" \/>\n<meta name=\"robots\" content=\"index, follow, max-snippet:-1, max-image-preview:large, max-video-preview:-1\" \/>\n<link rel=\"canonical\" href=\"https:\/\/brilune.eu\/lv\/product\/koka-kumode-ar-grebtiem-rakstiem-3\/\" \/>\n<meta property=\"og:locale\" content=\"lv_LV\" \/>\n<meta property=\"og:type\" content=\"article\" \/>\n<meta property=\"og:title\" content=\"Koka kumode ar grebtiem rakstiem\" \/>\n<meta property=\"og:description\" content=\"\u0160\u012b tr\u012bs atvilkt\u0146u, tr\u012bsdurvju kumode apvieno kr\u0101\u0161\u0146u stilu ar augstu funkcionalit\u0101ti. Pla\u0161i iek\u0161\u0113jie nodal\u012bjumi \u013cauj uzglab\u0101t visu, ko...\" \/>\n<meta property=\"og:url\" content=\"https:\/\/brilune.eu\/lv\/product\/koka-kumode-ar-grebtiem-rakstiem-3\/\" \/>\n<meta property=\"og:site_name\" content=\"Brilune\" \/>\n<meta property=\"article:modified_time\" content=\"2025-02-19T12:09:40+00:00\" \/>\n<meta property=\"og:image\" content=\"https:\/\/brilune.eu\/wp-content\/uploads\/2025\/01\/14529810.jpg\" \/>\n\t<meta property=\"og:image:width\" content=\"800\" \/>\n\t<meta property=\"og:image:height\" content=\"800\" \/>\n\t<meta property=\"og:image:type\" content=\"image\/jpeg\" \/>\n<meta name=\"twitter:card\" content=\"summary_large_image\" \/>\n<script type=\"application\/ld+json\" class=\"yoast-schema-graph\">{\"@context\":\"https:\/\/schema.org\",\"@graph\":[{\"@type\":\"WebPage\",\"@id\":\"https:\/\/brilune.eu\/lv\/product\/koka-kumode-ar-grebtiem-rakstiem-3\/\",\"url\":\"https:\/\/brilune.eu\/lv\/product\/koka-kumode-ar-grebtiem-rakstiem-3\/\",\"name\":\"Koka kumode ar grebtiem rakstiem\",\"isPartOf\":{\"@id\":\"https:\/\/brilune.eu\/lv\/#website\"},\"primaryImageOfPage\":{\"@id\":\"https:\/\/brilune.eu\/lv\/product\/koka-kumode-ar-grebtiem-rakstiem-3\/#primaryimage\"},\"image\":{\"@id\":\"https:\/\/brilune.eu\/lv\/product\/koka-kumode-ar-grebtiem-rakstiem-3\/#primaryimage\"},\"thumbnailUrl\":\"https:\/\/brilune.eu\/wp-content\/uploads\/2025\/01\/14529810.jpg\",\"datePublished\":\"2025-02-19T11:38:13+00:00\",\"dateModified\":\"2025-02-19T12:09:40+00:00\",\"description\":\"\u0160\u012b tr\u012bs atvilkt\u0146u, tr\u012bsdurvju kumode apvieno kr\u0101\u0161\u0146u stilu ar augstu funkcionalit\u0101ti. Pla\u0161i iek\u0161\u0113jie nodal\u012bjumi \u013cauj uzglab\u0101t visu, ko...\",\"breadcrumb\":{\"@id\":\"https:\/\/brilune.eu\/lv\/product\/koka-kumode-ar-grebtiem-rakstiem-3\/#breadcrumb\"},\"inLanguage\":\"lv-LV\",\"potentialAction\":[{\"@type\":\"ReadAction\",\"target\":[\"https:\/\/brilune.eu\/lv\/product\/koka-kumode-ar-grebtiem-rakstiem-3\/\"]}]},{\"@type\":\"ImageObject\",\"inLanguage\":\"lv-LV\",\"@id\":\"https:\/\/brilune.eu\/lv\/product\/koka-kumode-ar-grebtiem-rakstiem-3\/#primaryimage\",\"url\":\"https:\/\/brilune.eu\/wp-content\/uploads\/2025\/01\/14529810.jpg\",\"contentUrl\":\"https:\/\/brilune.eu\/wp-content\/uploads\/2025\/01\/14529810.jpg\",\"width\":800,\"height\":800},{\"@type\":\"BreadcrumbList\",\"@id\":\"https:\/\/brilune.eu\/lv\/product\/koka-kumode-ar-grebtiem-rakstiem-3\/#breadcrumb\",\"itemListElement\":[{\"@type\":\"ListItem\",\"position\":1,\"name\":\"S\u0101kums\",\"item\":\"https:\/\/brilune.eu\/lv\/brilune-mebeles\/\"},{\"@type\":\"ListItem\",\"position\":2,\"name\":\"Visi produkti\",\"item\":\"https:\/\/brilune.eu\/lv\/shop\/\"},{\"@type\":\"ListItem\",\"position\":3,\"name\":\"Koka kumode ar grebtiem rakstiem\"}]},{\"@type\":\"WebSite\",\"@id\":\"https:\/\/brilune.eu\/lv\/#website\",\"url\":\"https:\/\/brilune.eu\/lv\/\",\"name\":\"Brilune\",\"description\":\"M\u0113s pied\u0101v\u0101jam unik\u0101lus un nebiju\u0161us dizainus, kas apvieno eleganci, funkcionalit\u0101ti un rado\u0161umu.\",\"potentialAction\":[{\"@type\":\"SearchAction\",\"target\":{\"@type\":\"EntryPoint\",\"urlTemplate\":\"https:\/\/brilune.eu\/lv\/?s={search_term_string}\"},\"query-input\":{\"@type\":\"PropertyValueSpecification\",\"valueRequired\":true,\"valueName\":\"search_term_string\"}}],\"inLanguage\":\"lv-LV\"}]}<\/script>\n<!-- \/ Yoast SEO plugin. -->","yoast_head_json":{"title":"Koka kumode ar grebtiem rakstiem","description":"\u0160\u012b tr\u012bs atvilkt\u0146u, tr\u012bsdurvju kumode apvieno kr\u0101\u0161\u0146u stilu ar augstu funkcionalit\u0101ti. Pla\u0161i iek\u0161\u0113jie nodal\u012bjumi \u013cauj uzglab\u0101t visu, ko...","robots":{"index":"index","follow":"follow","max-snippet":"max-snippet:-1","max-image-preview":"max-image-preview:large","max-video-preview":"max-video-preview:-1"},"canonical":"https:\/\/brilune.eu\/lv\/product\/koka-kumode-ar-grebtiem-rakstiem-3\/","og_locale":"lv_LV","og_type":"article","og_title":"Koka kumode ar grebtiem rakstiem","og_description":"\u0160\u012b tr\u012bs atvilkt\u0146u, tr\u012bsdurvju kumode apvieno kr\u0101\u0161\u0146u stilu ar augstu funkcionalit\u0101ti. Pla\u0161i iek\u0161\u0113jie nodal\u012bjumi \u013cauj uzglab\u0101t visu, ko...","og_url":"https:\/\/brilune.eu\/lv\/product\/koka-kumode-ar-grebtiem-rakstiem-3\/","og_site_name":"Brilune","article_modified_time":"2025-02-19T12:09:40+00:00","og_image":[{"width":800,"height":800,"url":"https:\/\/brilune.eu\/wp-content\/uploads\/2025\/01\/14529810.jpg","type":"image\/jpeg"}],"twitter_card":"summary_large_image","schema":{"@context":"https:\/\/schema.org","@graph":[{"@type":"WebPage","@id":"https:\/\/brilune.eu\/lv\/product\/koka-kumode-ar-grebtiem-rakstiem-3\/","url":"https:\/\/brilune.eu\/lv\/product\/koka-kumode-ar-grebtiem-rakstiem-3\/","name":"Koka kumode ar grebtiem rakstiem","isPartOf":{"@id":"https:\/\/brilune.eu\/lv\/#website"},"primaryImageOfPage":{"@id":"https:\/\/brilune.eu\/lv\/product\/koka-kumode-ar-grebtiem-rakstiem-3\/#primaryimage"},"image":{"@id":"https:\/\/brilune.eu\/lv\/product\/koka-kumode-ar-grebtiem-rakstiem-3\/#primaryimage"},"thumbnailUrl":"https:\/\/brilune.eu\/wp-content\/uploads\/2025\/01\/14529810.jpg","datePublished":"2025-02-19T11:38:13+00:00","dateModified":"2025-02-19T12:09:40+00:00","description":"\u0160\u012b tr\u012bs atvilkt\u0146u, tr\u012bsdurvju kumode apvieno kr\u0101\u0161\u0146u stilu ar augstu funkcionalit\u0101ti. Pla\u0161i iek\u0161\u0113jie nodal\u012bjumi \u013cauj uzglab\u0101t visu, ko...","breadcrumb":{"@id":"https:\/\/brilune.eu\/lv\/product\/koka-kumode-ar-grebtiem-rakstiem-3\/#breadcrumb"},"inLanguage":"lv-LV","potentialAction":[{"@type":"ReadAction","target":["https:\/\/brilune.eu\/lv\/product\/koka-kumode-ar-grebtiem-rakstiem-3\/"]}]},{"@type":"ImageObject","inLanguage":"lv-LV","@id":"https:\/\/brilune.eu\/lv\/product\/koka-kumode-ar-grebtiem-rakstiem-3\/#primaryimage","url":"https:\/\/brilune.eu\/wp-content\/uploads\/2025\/01\/14529810.jpg","contentUrl":"https:\/\/brilune.eu\/wp-content\/uploads\/2025\/01\/14529810.jpg","width":800,"height":800},{"@type":"BreadcrumbList","@id":"https:\/\/brilune.eu\/lv\/product\/koka-kumode-ar-grebtiem-rakstiem-3\/#breadcrumb","itemListElement":[{"@type":"ListItem","position":1,"name":"S\u0101kums","item":"https:\/\/brilune.eu\/lv\/brilune-mebeles\/"},{"@type":"ListItem","position":2,"name":"Visi produkti","item":"https:\/\/brilune.eu\/lv\/shop\/"},{"@type":"ListItem","position":3,"name":"Koka kumode ar grebtiem rakstiem"}]},{"@type":"WebSite","@id":"https:\/\/brilune.eu\/lv\/#website","url":"https:\/\/brilune.eu\/lv\/","name":"Brilune","description":"M\u0113s pied\u0101v\u0101jam unik\u0101lus un nebiju\u0161us dizainus, kas apvieno eleganci, funkcionalit\u0101ti un rado\u0161umu.","potentialAction":[{"@type":"SearchAction","target":{"@type":"EntryPoint","urlTemplate":"https:\/\/brilune.eu\/lv\/?s={search_term_string}"},"query-input":{"@type":"PropertyValueSpecification","valueRequired":true,"valueName":"search_term_string"}}],"inLanguage":"lv-LV"}]}},"jetpack_sharing_enabled":true,"_links":{"self":[{"href":"https:\/\/brilune.eu\/lv\/wp-json\/wp\/v2\/product\/39408","targetHints":{"allow":["GET"]}}],"collection":[{"href":"https:\/\/brilune.eu\/lv\/wp-json\/wp\/v2\/product"}],"about":[{"href":"https:\/\/brilune.eu\/lv\/wp-json\/wp\/v2\/types\/product"}],"replies":[{"embeddable":true,"href":"https:\/\/brilune.eu\/lv\/wp-json\/wp\/v2\/comments?post=39408"}],"version-history":[{"count":1,"href":"https:\/\/brilune.eu\/lv\/wp-json\/wp\/v2\/product\/39408\/revisions"}],"predecessor-version":[{"id":39461,"href":"https:\/\/brilune.eu\/lv\/wp-json\/wp\/v2\/product\/39408\/revisions\/39461"}],"wp:featuredmedia":[{"embeddable":true,"href":"https:\/\/brilune.eu\/lv\/wp-json\/wp\/v2\/media\/11832"}],"wp:attachment":[{"href":"https:\/\/brilune.eu\/lv\/wp-json\/wp\/v2\/media?parent=39408"}],"wp:term":[{"taxonomy":"product_brand","embeddable":true,"href":"https:\/\/brilune.eu\/lv\/wp-json\/wp\/v2\/product_brand?post=39408"},{"taxonomy":"product_cat","embeddable":true,"href":"https:\/\/brilune.eu\/lv\/wp-json\/wp\/v2\/product_cat?post=39408"},{"taxonomy":"product_tag","embeddable":true,"href":"https:\/\/brilune.eu\/lv\/wp-json\/wp\/v2\/product_tag?post=39408"}],"curies":[{"name":"wp","href":"https:\/\/api.w.org\/{rel}","templated":true}]}}