{"id":39396,"date":"2025-02-19T13:38:10","date_gmt":"2025-02-19T11:38:10","guid":{"rendered":"https:\/\/brilune.eu\/?post_type=product&#038;p=39396"},"modified":"2025-02-19T14:09:32","modified_gmt":"2025-02-19T12:09:32","slug":"moderns-stura-skapis","status":"publish","type":"product","link":"https:\/\/brilune.eu\/lv\/product\/moderns-stura-skapis\/","title":{"rendered":"Moderns st\u016bra skapis"},"content":{"rendered":"<p>\u0160is stil\u012bgais st\u016bra skapis modern\u0101 melnbalt\u0101 dizain\u0101 pie\u0161\u0137ir interjeram izsmalcin\u0101t\u012bbu un funkcionalit\u0101ti. T\u0101 br\u012bvi st\u0101vo\u0161ais dizains \u0113rti iederas st\u016bros, ietaupot vietu un radot pievilc\u012bgu uzglab\u0101\u0161anas vietu. Skapim ir iztur\u012bgs \u0101r\u0113jais plaukts, kas ir ide\u0101li piem\u0113rots gr\u0101matu, dekorat\u012bvu priek\u0161metu vai mazu augu izst\u0101d\u012b\u0161anai. Skapis ar glud\u0101m durv\u012bm un vienk\u0101r\u0161iem rokturiem uzsver izstr\u0101d\u0101juma minim\u0101lismu, pievienojot gl\u012btu un elegantu izskatu. Pateicoties vienk\u0101r\u0161aj\u0101m form\u0101m un vienk\u0101r\u0161aj\u0101m kr\u0101s\u0101m, \u0161is skapis lieliski papildin\u0101s m\u016bsdien\u012bgu interjeru, uzsverot izsmalcin\u0101t\u012bbu un funkcionalit\u0101ti.<\/p>\n<p>Izm\u0113ri: 45\u00d745\u00d7120 cm, materi\u0101ls: koks.<\/p>\n","protected":false},"excerpt":{"rendered":"<p>\u0160is stil\u012bgais st\u016bra skapis modern\u0101 melnbalt\u0101 dizain\u0101 pie\u0161\u0137ir interjeram izsmalcin\u0101t\u012bbu un funkcionalit\u0101ti. T\u0101 br\u012bvi st\u0101vo\u0161ais dizains \u0113rti iederas&#8230;<\/p>\n","protected":false},"featured_media":11748,"comment_status":"open","ping_status":"closed","template":"","meta":[],"product_brand":[],"product_cat":[1741,5651],"product_tag":[],"class_list":{"0":"post-39396","1":"product","2":"type-product","3":"status-publish","4":"has-post-thumbnail","6":"product_cat-skapji-un-lades","7":"product_cat-skapji-un-lades-uzglabasana","9":"first","10":"instock","11":"shipping-taxable","12":"purchasable","13":"product-type-simple"},"yoast_head":"<!-- This site is optimized with the Yoast SEO plugin v26.0 - https:\/\/yoast.com\/wordpress\/plugins\/seo\/ -->\n<title>Moderns st\u016bra skapis<\/title>\n<meta name=\"description\" content=\"\u0160is stil\u012bgais st\u016bra skapis modern\u0101 melnbalt\u0101 dizain\u0101 pie\u0161\u0137ir interjeram izsmalcin\u0101t\u012bbu un funkcionalit\u0101ti. T\u0101 br\u012bvi st\u0101vo\u0161ais dizains \u0113rti iederas...\" \/>\n<meta name=\"robots\" content=\"index, follow, max-snippet:-1, max-image-preview:large, max-video-preview:-1\" \/>\n<link rel=\"canonical\" href=\"https:\/\/brilune.eu\/lv\/product\/moderns-stura-skapis\/\" \/>\n<meta property=\"og:locale\" content=\"lv_LV\" \/>\n<meta property=\"og:type\" content=\"article\" \/>\n<meta property=\"og:title\" content=\"Moderns st\u016bra skapis\" \/>\n<meta property=\"og:description\" content=\"\u0160is stil\u012bgais st\u016bra skapis modern\u0101 melnbalt\u0101 dizain\u0101 pie\u0161\u0137ir interjeram izsmalcin\u0101t\u012bbu un funkcionalit\u0101ti. T\u0101 br\u012bvi st\u0101vo\u0161ais dizains \u0113rti iederas...\" \/>\n<meta property=\"og:url\" content=\"https:\/\/brilune.eu\/lv\/product\/moderns-stura-skapis\/\" \/>\n<meta property=\"og:site_name\" content=\"Brilune\" \/>\n<meta property=\"article:modified_time\" content=\"2025-02-19T12:09:32+00:00\" \/>\n<meta property=\"og:image\" content=\"https:\/\/brilune.eu\/wp-content\/uploads\/2025\/01\/14544862.png\" \/>\n\t<meta property=\"og:image:width\" content=\"800\" \/>\n\t<meta property=\"og:image:height\" content=\"800\" \/>\n\t<meta property=\"og:image:type\" content=\"image\/png\" \/>\n<meta name=\"twitter:card\" content=\"summary_large_image\" \/>\n<meta name=\"twitter:label1\" content=\"Est. reading time\" \/>\n\t<meta name=\"twitter:data1\" content=\"1 minute\" \/>\n<script type=\"application\/ld+json\" class=\"yoast-schema-graph\">{\"@context\":\"https:\/\/schema.org\",\"@graph\":[{\"@type\":\"WebPage\",\"@id\":\"https:\/\/brilune.eu\/lv\/product\/moderns-stura-skapis\/\",\"url\":\"https:\/\/brilune.eu\/lv\/product\/moderns-stura-skapis\/\",\"name\":\"Moderns st\u016bra skapis\",\"isPartOf\":{\"@id\":\"https:\/\/brilune.eu\/lv\/#website\"},\"primaryImageOfPage\":{\"@id\":\"https:\/\/brilune.eu\/lv\/product\/moderns-stura-skapis\/#primaryimage\"},\"image\":{\"@id\":\"https:\/\/brilune.eu\/lv\/product\/moderns-stura-skapis\/#primaryimage\"},\"thumbnailUrl\":\"https:\/\/brilune.eu\/wp-content\/uploads\/2025\/01\/14544862.png\",\"datePublished\":\"2025-02-19T11:38:10+00:00\",\"dateModified\":\"2025-02-19T12:09:32+00:00\",\"description\":\"\u0160is stil\u012bgais st\u016bra skapis modern\u0101 melnbalt\u0101 dizain\u0101 pie\u0161\u0137ir interjeram izsmalcin\u0101t\u012bbu un funkcionalit\u0101ti. T\u0101 br\u012bvi st\u0101vo\u0161ais dizains \u0113rti iederas...\",\"breadcrumb\":{\"@id\":\"https:\/\/brilune.eu\/lv\/product\/moderns-stura-skapis\/#breadcrumb\"},\"inLanguage\":\"lv-LV\",\"potentialAction\":[{\"@type\":\"ReadAction\",\"target\":[\"https:\/\/brilune.eu\/lv\/product\/moderns-stura-skapis\/\"]}]},{\"@type\":\"ImageObject\",\"inLanguage\":\"lv-LV\",\"@id\":\"https:\/\/brilune.eu\/lv\/product\/moderns-stura-skapis\/#primaryimage\",\"url\":\"https:\/\/brilune.eu\/wp-content\/uploads\/2025\/01\/14544862.png\",\"contentUrl\":\"https:\/\/brilune.eu\/wp-content\/uploads\/2025\/01\/14544862.png\",\"width\":800,\"height\":800},{\"@type\":\"BreadcrumbList\",\"@id\":\"https:\/\/brilune.eu\/lv\/product\/moderns-stura-skapis\/#breadcrumb\",\"itemListElement\":[{\"@type\":\"ListItem\",\"position\":1,\"name\":\"S\u0101kums\",\"item\":\"https:\/\/brilune.eu\/lv\/brilune-mebeles\/\"},{\"@type\":\"ListItem\",\"position\":2,\"name\":\"Visi produkti\",\"item\":\"https:\/\/brilune.eu\/lv\/shop\/\"},{\"@type\":\"ListItem\",\"position\":3,\"name\":\"Moderns st\u016bra skapis\"}]},{\"@type\":\"WebSite\",\"@id\":\"https:\/\/brilune.eu\/lv\/#website\",\"url\":\"https:\/\/brilune.eu\/lv\/\",\"name\":\"Brilune\",\"description\":\"M\u0113s pied\u0101v\u0101jam unik\u0101lus un nebiju\u0161us dizainus, kas apvieno eleganci, funkcionalit\u0101ti un rado\u0161umu.\",\"potentialAction\":[{\"@type\":\"SearchAction\",\"target\":{\"@type\":\"EntryPoint\",\"urlTemplate\":\"https:\/\/brilune.eu\/lv\/?s={search_term_string}\"},\"query-input\":{\"@type\":\"PropertyValueSpecification\",\"valueRequired\":true,\"valueName\":\"search_term_string\"}}],\"inLanguage\":\"lv-LV\"}]}<\/script>\n<!-- \/ Yoast SEO plugin. -->","yoast_head_json":{"title":"Moderns st\u016bra skapis","description":"\u0160is stil\u012bgais st\u016bra skapis modern\u0101 melnbalt\u0101 dizain\u0101 pie\u0161\u0137ir interjeram izsmalcin\u0101t\u012bbu un funkcionalit\u0101ti. T\u0101 br\u012bvi st\u0101vo\u0161ais dizains \u0113rti iederas...","robots":{"index":"index","follow":"follow","max-snippet":"max-snippet:-1","max-image-preview":"max-image-preview:large","max-video-preview":"max-video-preview:-1"},"canonical":"https:\/\/brilune.eu\/lv\/product\/moderns-stura-skapis\/","og_locale":"lv_LV","og_type":"article","og_title":"Moderns st\u016bra skapis","og_description":"\u0160is stil\u012bgais st\u016bra skapis modern\u0101 melnbalt\u0101 dizain\u0101 pie\u0161\u0137ir interjeram izsmalcin\u0101t\u012bbu un funkcionalit\u0101ti. T\u0101 br\u012bvi st\u0101vo\u0161ais dizains \u0113rti iederas...","og_url":"https:\/\/brilune.eu\/lv\/product\/moderns-stura-skapis\/","og_site_name":"Brilune","article_modified_time":"2025-02-19T12:09:32+00:00","og_image":[{"width":800,"height":800,"url":"https:\/\/brilune.eu\/wp-content\/uploads\/2025\/01\/14544862.png","type":"image\/png"}],"twitter_card":"summary_large_image","twitter_misc":{"Est. reading time":"1 minute"},"schema":{"@context":"https:\/\/schema.org","@graph":[{"@type":"WebPage","@id":"https:\/\/brilune.eu\/lv\/product\/moderns-stura-skapis\/","url":"https:\/\/brilune.eu\/lv\/product\/moderns-stura-skapis\/","name":"Moderns st\u016bra skapis","isPartOf":{"@id":"https:\/\/brilune.eu\/lv\/#website"},"primaryImageOfPage":{"@id":"https:\/\/brilune.eu\/lv\/product\/moderns-stura-skapis\/#primaryimage"},"image":{"@id":"https:\/\/brilune.eu\/lv\/product\/moderns-stura-skapis\/#primaryimage"},"thumbnailUrl":"https:\/\/brilune.eu\/wp-content\/uploads\/2025\/01\/14544862.png","datePublished":"2025-02-19T11:38:10+00:00","dateModified":"2025-02-19T12:09:32+00:00","description":"\u0160is stil\u012bgais st\u016bra skapis modern\u0101 melnbalt\u0101 dizain\u0101 pie\u0161\u0137ir interjeram izsmalcin\u0101t\u012bbu un funkcionalit\u0101ti. T\u0101 br\u012bvi st\u0101vo\u0161ais dizains \u0113rti iederas...","breadcrumb":{"@id":"https:\/\/brilune.eu\/lv\/product\/moderns-stura-skapis\/#breadcrumb"},"inLanguage":"lv-LV","potentialAction":[{"@type":"ReadAction","target":["https:\/\/brilune.eu\/lv\/product\/moderns-stura-skapis\/"]}]},{"@type":"ImageObject","inLanguage":"lv-LV","@id":"https:\/\/brilune.eu\/lv\/product\/moderns-stura-skapis\/#primaryimage","url":"https:\/\/brilune.eu\/wp-content\/uploads\/2025\/01\/14544862.png","contentUrl":"https:\/\/brilune.eu\/wp-content\/uploads\/2025\/01\/14544862.png","width":800,"height":800},{"@type":"BreadcrumbList","@id":"https:\/\/brilune.eu\/lv\/product\/moderns-stura-skapis\/#breadcrumb","itemListElement":[{"@type":"ListItem","position":1,"name":"S\u0101kums","item":"https:\/\/brilune.eu\/lv\/brilune-mebeles\/"},{"@type":"ListItem","position":2,"name":"Visi produkti","item":"https:\/\/brilune.eu\/lv\/shop\/"},{"@type":"ListItem","position":3,"name":"Moderns st\u016bra skapis"}]},{"@type":"WebSite","@id":"https:\/\/brilune.eu\/lv\/#website","url":"https:\/\/brilune.eu\/lv\/","name":"Brilune","description":"M\u0113s pied\u0101v\u0101jam unik\u0101lus un nebiju\u0161us dizainus, kas apvieno eleganci, funkcionalit\u0101ti un rado\u0161umu.","potentialAction":[{"@type":"SearchAction","target":{"@type":"EntryPoint","urlTemplate":"https:\/\/brilune.eu\/lv\/?s={search_term_string}"},"query-input":{"@type":"PropertyValueSpecification","valueRequired":true,"valueName":"search_term_string"}}],"inLanguage":"lv-LV"}]}},"jetpack_sharing_enabled":true,"_links":{"self":[{"href":"https:\/\/brilune.eu\/lv\/wp-json\/wp\/v2\/product\/39396","targetHints":{"allow":["GET"]}}],"collection":[{"href":"https:\/\/brilune.eu\/lv\/wp-json\/wp\/v2\/product"}],"about":[{"href":"https:\/\/brilune.eu\/lv\/wp-json\/wp\/v2\/types\/product"}],"replies":[{"embeddable":true,"href":"https:\/\/brilune.eu\/lv\/wp-json\/wp\/v2\/comments?post=39396"}],"version-history":[{"count":1,"href":"https:\/\/brilune.eu\/lv\/wp-json\/wp\/v2\/product\/39396\/revisions"}],"predecessor-version":[{"id":39438,"href":"https:\/\/brilune.eu\/lv\/wp-json\/wp\/v2\/product\/39396\/revisions\/39438"}],"wp:featuredmedia":[{"embeddable":true,"href":"https:\/\/brilune.eu\/lv\/wp-json\/wp\/v2\/media\/11748"}],"wp:attachment":[{"href":"https:\/\/brilune.eu\/lv\/wp-json\/wp\/v2\/media?parent=39396"}],"wp:term":[{"taxonomy":"product_brand","embeddable":true,"href":"https:\/\/brilune.eu\/lv\/wp-json\/wp\/v2\/product_brand?post=39396"},{"taxonomy":"product_cat","embeddable":true,"href":"https:\/\/brilune.eu\/lv\/wp-json\/wp\/v2\/product_cat?post=39396"},{"taxonomy":"product_tag","embeddable":true,"href":"https:\/\/brilune.eu\/lv\/wp-json\/wp\/v2\/product_tag?post=39396"}],"curies":[{"name":"wp","href":"https:\/\/api.w.org\/{rel}","templated":true}]}}