{"id":39393,"date":"2025-02-19T13:38:09","date_gmt":"2025-02-19T11:38:09","guid":{"rendered":"https:\/\/brilune.eu\/?post_type=product&#038;p=39393"},"modified":"2025-02-19T14:09:27","modified_gmt":"2025-02-19T12:09:27","slug":"stura-vintage-naktsskapitis-2","status":"publish","type":"product","link":"https:\/\/brilune.eu\/lv\/product\/stura-vintage-naktsskapitis-2\/","title":{"rendered":"St\u016bra vintage naktsskap\u012btis"},"content":{"rendered":"<p>\u0160is vintage st\u016bra skapis apvieno tradicion\u0101lo stilu ar harmoniskiem br\u016bniem, za\u013ciem un dzelteniem to\u0146iem, lai rad\u012btu m\u0101j\u012bgu akcentu. Iztur\u012bg\u0101 koka konstrukcija ar m\u0101ksl\u012bgi novecotu virsmu pie\u0161\u0137ir izstr\u0101d\u0101jumam \u012bpa\u0161u \u0161armu un vieglu laika efektu. Aug\u0161\u0113jais plaukts ir lieliska vieta, kur novietot dekorat\u012bvus priek\u0161metus vai gr\u0101matas, pievienojot m\u0101j\u012bgas deta\u013cas. Skap\u012btim ir atvilktnes ar \u0113rtiem rokturiem, nodro\u0161inot papildus vietu uzglab\u0101\u0161anai. Klasisks dizains, kas akcent\u0113ts ar bag\u0101t\u012bg\u0101m dab\u012bg\u0101m kr\u0101s\u0101m, padara \u0161o tualetes galdi\u0146u ide\u0101li piem\u0113rotu st\u016bra telp\u0101m.<\/p>\n<p>Izm\u0113ri: 47\u00d747\u00d7115 cm, materi\u0101ls: koks.<\/p>\n","protected":false},"excerpt":{"rendered":"<p>\u0160is vintage st\u016bra skapis apvieno tradicion\u0101lo stilu ar harmoniskiem br\u016bniem, za\u013ciem un dzelteniem to\u0146iem, lai rad\u012btu m\u0101j\u012bgu akcentu. Iztur\u012bg\u0101 koka konstrukcija&#8230;<\/p>\n","protected":false},"featured_media":11744,"comment_status":"open","ping_status":"closed","template":"","meta":[],"product_brand":[],"product_cat":[1741,5651],"product_tag":[],"class_list":{"0":"post-39393","1":"product","2":"type-product","3":"status-publish","4":"has-post-thumbnail","6":"product_cat-skapji-un-lades","7":"product_cat-skapji-un-lades-uzglabasana","9":"first","10":"instock","11":"shipping-taxable","12":"purchasable","13":"product-type-simple"},"yoast_head":"<!-- This site is optimized with the Yoast SEO plugin v26.0 - https:\/\/yoast.com\/wordpress\/plugins\/seo\/ -->\n<title>St\u016bra vintage naktsskap\u012btis<\/title>\n<meta name=\"description\" content=\"\u0160is vintage st\u016bra skapis apvieno tradicion\u0101lo stilu ar harmoniskiem br\u016bniem, za\u013ciem un dzelteniem to\u0146iem, lai rad\u012btu m\u0101j\u012bgu akcentu. Iztur\u012bg\u0101 koka konstrukcija...\" \/>\n<meta name=\"robots\" content=\"index, follow, max-snippet:-1, max-image-preview:large, max-video-preview:-1\" \/>\n<link rel=\"canonical\" href=\"https:\/\/brilune.eu\/lv\/product\/stura-vintage-naktsskapitis-2\/\" \/>\n<meta property=\"og:locale\" content=\"lv_LV\" \/>\n<meta property=\"og:type\" content=\"article\" \/>\n<meta property=\"og:title\" content=\"St\u016bra vintage naktsskap\u012btis\" \/>\n<meta property=\"og:description\" content=\"\u0160is vintage st\u016bra skapis apvieno tradicion\u0101lo stilu ar harmoniskiem br\u016bniem, za\u013ciem un dzelteniem to\u0146iem, lai rad\u012btu m\u0101j\u012bgu akcentu. Iztur\u012bg\u0101 koka konstrukcija...\" \/>\n<meta property=\"og:url\" content=\"https:\/\/brilune.eu\/lv\/product\/stura-vintage-naktsskapitis-2\/\" \/>\n<meta property=\"og:site_name\" content=\"Brilune\" \/>\n<meta property=\"article:modified_time\" content=\"2025-02-19T12:09:27+00:00\" \/>\n<meta property=\"og:image\" content=\"https:\/\/brilune.eu\/wp-content\/uploads\/2025\/01\/14544720.jpg\" \/>\n\t<meta property=\"og:image:width\" content=\"800\" \/>\n\t<meta property=\"og:image:height\" content=\"800\" \/>\n\t<meta property=\"og:image:type\" content=\"image\/jpeg\" \/>\n<meta name=\"twitter:card\" content=\"summary_large_image\" \/>\n<meta name=\"twitter:label1\" content=\"Est. reading time\" \/>\n\t<meta name=\"twitter:data1\" content=\"1 minute\" \/>\n<script type=\"application\/ld+json\" class=\"yoast-schema-graph\">{\"@context\":\"https:\/\/schema.org\",\"@graph\":[{\"@type\":\"WebPage\",\"@id\":\"https:\/\/brilune.eu\/lv\/product\/stura-vintage-naktsskapitis-2\/\",\"url\":\"https:\/\/brilune.eu\/lv\/product\/stura-vintage-naktsskapitis-2\/\",\"name\":\"St\u016bra vintage naktsskap\u012btis\",\"isPartOf\":{\"@id\":\"https:\/\/brilune.eu\/lv\/#website\"},\"primaryImageOfPage\":{\"@id\":\"https:\/\/brilune.eu\/lv\/product\/stura-vintage-naktsskapitis-2\/#primaryimage\"},\"image\":{\"@id\":\"https:\/\/brilune.eu\/lv\/product\/stura-vintage-naktsskapitis-2\/#primaryimage\"},\"thumbnailUrl\":\"https:\/\/brilune.eu\/wp-content\/uploads\/2025\/01\/14544720.jpg\",\"datePublished\":\"2025-02-19T11:38:09+00:00\",\"dateModified\":\"2025-02-19T12:09:27+00:00\",\"description\":\"\u0160is vintage st\u016bra skapis apvieno tradicion\u0101lo stilu ar harmoniskiem br\u016bniem, za\u013ciem un dzelteniem to\u0146iem, lai rad\u012btu m\u0101j\u012bgu akcentu. Iztur\u012bg\u0101 koka konstrukcija...\",\"breadcrumb\":{\"@id\":\"https:\/\/brilune.eu\/lv\/product\/stura-vintage-naktsskapitis-2\/#breadcrumb\"},\"inLanguage\":\"lv-LV\",\"potentialAction\":[{\"@type\":\"ReadAction\",\"target\":[\"https:\/\/brilune.eu\/lv\/product\/stura-vintage-naktsskapitis-2\/\"]}]},{\"@type\":\"ImageObject\",\"inLanguage\":\"lv-LV\",\"@id\":\"https:\/\/brilune.eu\/lv\/product\/stura-vintage-naktsskapitis-2\/#primaryimage\",\"url\":\"https:\/\/brilune.eu\/wp-content\/uploads\/2025\/01\/14544720.jpg\",\"contentUrl\":\"https:\/\/brilune.eu\/wp-content\/uploads\/2025\/01\/14544720.jpg\",\"width\":800,\"height\":800},{\"@type\":\"BreadcrumbList\",\"@id\":\"https:\/\/brilune.eu\/lv\/product\/stura-vintage-naktsskapitis-2\/#breadcrumb\",\"itemListElement\":[{\"@type\":\"ListItem\",\"position\":1,\"name\":\"S\u0101kums\",\"item\":\"https:\/\/brilune.eu\/lv\/brilune-mebeles\/\"},{\"@type\":\"ListItem\",\"position\":2,\"name\":\"Visi produkti\",\"item\":\"https:\/\/brilune.eu\/lv\/shop\/\"},{\"@type\":\"ListItem\",\"position\":3,\"name\":\"St\u016bra vintage naktsskap\u012btis\"}]},{\"@type\":\"WebSite\",\"@id\":\"https:\/\/brilune.eu\/lv\/#website\",\"url\":\"https:\/\/brilune.eu\/lv\/\",\"name\":\"Brilune\",\"description\":\"M\u0113s pied\u0101v\u0101jam unik\u0101lus un nebiju\u0161us dizainus, kas apvieno eleganci, funkcionalit\u0101ti un rado\u0161umu.\",\"potentialAction\":[{\"@type\":\"SearchAction\",\"target\":{\"@type\":\"EntryPoint\",\"urlTemplate\":\"https:\/\/brilune.eu\/lv\/?s={search_term_string}\"},\"query-input\":{\"@type\":\"PropertyValueSpecification\",\"valueRequired\":true,\"valueName\":\"search_term_string\"}}],\"inLanguage\":\"lv-LV\"}]}<\/script>\n<!-- \/ Yoast SEO plugin. -->","yoast_head_json":{"title":"St\u016bra vintage naktsskap\u012btis","description":"\u0160is vintage st\u016bra skapis apvieno tradicion\u0101lo stilu ar harmoniskiem br\u016bniem, za\u013ciem un dzelteniem to\u0146iem, lai rad\u012btu m\u0101j\u012bgu akcentu. Iztur\u012bg\u0101 koka konstrukcija...","robots":{"index":"index","follow":"follow","max-snippet":"max-snippet:-1","max-image-preview":"max-image-preview:large","max-video-preview":"max-video-preview:-1"},"canonical":"https:\/\/brilune.eu\/lv\/product\/stura-vintage-naktsskapitis-2\/","og_locale":"lv_LV","og_type":"article","og_title":"St\u016bra vintage naktsskap\u012btis","og_description":"\u0160is vintage st\u016bra skapis apvieno tradicion\u0101lo stilu ar harmoniskiem br\u016bniem, za\u013ciem un dzelteniem to\u0146iem, lai rad\u012btu m\u0101j\u012bgu akcentu. Iztur\u012bg\u0101 koka konstrukcija...","og_url":"https:\/\/brilune.eu\/lv\/product\/stura-vintage-naktsskapitis-2\/","og_site_name":"Brilune","article_modified_time":"2025-02-19T12:09:27+00:00","og_image":[{"width":800,"height":800,"url":"https:\/\/brilune.eu\/wp-content\/uploads\/2025\/01\/14544720.jpg","type":"image\/jpeg"}],"twitter_card":"summary_large_image","twitter_misc":{"Est. reading time":"1 minute"},"schema":{"@context":"https:\/\/schema.org","@graph":[{"@type":"WebPage","@id":"https:\/\/brilune.eu\/lv\/product\/stura-vintage-naktsskapitis-2\/","url":"https:\/\/brilune.eu\/lv\/product\/stura-vintage-naktsskapitis-2\/","name":"St\u016bra vintage naktsskap\u012btis","isPartOf":{"@id":"https:\/\/brilune.eu\/lv\/#website"},"primaryImageOfPage":{"@id":"https:\/\/brilune.eu\/lv\/product\/stura-vintage-naktsskapitis-2\/#primaryimage"},"image":{"@id":"https:\/\/brilune.eu\/lv\/product\/stura-vintage-naktsskapitis-2\/#primaryimage"},"thumbnailUrl":"https:\/\/brilune.eu\/wp-content\/uploads\/2025\/01\/14544720.jpg","datePublished":"2025-02-19T11:38:09+00:00","dateModified":"2025-02-19T12:09:27+00:00","description":"\u0160is vintage st\u016bra skapis apvieno tradicion\u0101lo stilu ar harmoniskiem br\u016bniem, za\u013ciem un dzelteniem to\u0146iem, lai rad\u012btu m\u0101j\u012bgu akcentu. Iztur\u012bg\u0101 koka konstrukcija...","breadcrumb":{"@id":"https:\/\/brilune.eu\/lv\/product\/stura-vintage-naktsskapitis-2\/#breadcrumb"},"inLanguage":"lv-LV","potentialAction":[{"@type":"ReadAction","target":["https:\/\/brilune.eu\/lv\/product\/stura-vintage-naktsskapitis-2\/"]}]},{"@type":"ImageObject","inLanguage":"lv-LV","@id":"https:\/\/brilune.eu\/lv\/product\/stura-vintage-naktsskapitis-2\/#primaryimage","url":"https:\/\/brilune.eu\/wp-content\/uploads\/2025\/01\/14544720.jpg","contentUrl":"https:\/\/brilune.eu\/wp-content\/uploads\/2025\/01\/14544720.jpg","width":800,"height":800},{"@type":"BreadcrumbList","@id":"https:\/\/brilune.eu\/lv\/product\/stura-vintage-naktsskapitis-2\/#breadcrumb","itemListElement":[{"@type":"ListItem","position":1,"name":"S\u0101kums","item":"https:\/\/brilune.eu\/lv\/brilune-mebeles\/"},{"@type":"ListItem","position":2,"name":"Visi produkti","item":"https:\/\/brilune.eu\/lv\/shop\/"},{"@type":"ListItem","position":3,"name":"St\u016bra vintage naktsskap\u012btis"}]},{"@type":"WebSite","@id":"https:\/\/brilune.eu\/lv\/#website","url":"https:\/\/brilune.eu\/lv\/","name":"Brilune","description":"M\u0113s pied\u0101v\u0101jam unik\u0101lus un nebiju\u0161us dizainus, kas apvieno eleganci, funkcionalit\u0101ti un rado\u0161umu.","potentialAction":[{"@type":"SearchAction","target":{"@type":"EntryPoint","urlTemplate":"https:\/\/brilune.eu\/lv\/?s={search_term_string}"},"query-input":{"@type":"PropertyValueSpecification","valueRequired":true,"valueName":"search_term_string"}}],"inLanguage":"lv-LV"}]}},"jetpack_sharing_enabled":true,"_links":{"self":[{"href":"https:\/\/brilune.eu\/lv\/wp-json\/wp\/v2\/product\/39393","targetHints":{"allow":["GET"]}}],"collection":[{"href":"https:\/\/brilune.eu\/lv\/wp-json\/wp\/v2\/product"}],"about":[{"href":"https:\/\/brilune.eu\/lv\/wp-json\/wp\/v2\/types\/product"}],"replies":[{"embeddable":true,"href":"https:\/\/brilune.eu\/lv\/wp-json\/wp\/v2\/comments?post=39393"}],"version-history":[{"count":1,"href":"https:\/\/brilune.eu\/lv\/wp-json\/wp\/v2\/product\/39393\/revisions"}],"predecessor-version":[{"id":39423,"href":"https:\/\/brilune.eu\/lv\/wp-json\/wp\/v2\/product\/39393\/revisions\/39423"}],"wp:featuredmedia":[{"embeddable":true,"href":"https:\/\/brilune.eu\/lv\/wp-json\/wp\/v2\/media\/11744"}],"wp:attachment":[{"href":"https:\/\/brilune.eu\/lv\/wp-json\/wp\/v2\/media?parent=39393"}],"wp:term":[{"taxonomy":"product_brand","embeddable":true,"href":"https:\/\/brilune.eu\/lv\/wp-json\/wp\/v2\/product_brand?post=39393"},{"taxonomy":"product_cat","embeddable":true,"href":"https:\/\/brilune.eu\/lv\/wp-json\/wp\/v2\/product_cat?post=39393"},{"taxonomy":"product_tag","embeddable":true,"href":"https:\/\/brilune.eu\/lv\/wp-json\/wp\/v2\/product_tag?post=39393"}],"curies":[{"name":"wp","href":"https:\/\/api.w.org\/{rel}","templated":true}]}}