{"id":39384,"date":"2025-02-19T13:38:07","date_gmt":"2025-02-19T11:38:07","guid":{"rendered":"https:\/\/brilune.eu\/?post_type=product&#038;p=39384"},"modified":"2025-02-19T14:09:23","modified_gmt":"2025-02-19T12:09:23","slug":"vintage-tv-stativs-11","status":"publish","type":"product","link":"https:\/\/brilune.eu\/lv\/product\/vintage-tv-stativs-11\/","title":{"rendered":"Vintage TV stat\u012bvs"},"content":{"rendered":"<p>\u0160is vintage naktsskap\u012btis lieliski apvieno funkcionalit\u0101ti un stilu. Ar tr\u012bs ietilp\u012bgiem skapjiem varat \u0113rti sak\u0101rtot da\u017e\u0101du priek\u0161metu glab\u0101\u0161anu, s\u0101kot no dokumentiem un beidzot ar dekorat\u012bviem priek\u0161metiem. Katra \u0161\u012b skapja deta\u013ca ir veidota ar m\u012blest\u012bbu un uzman\u012bbu, padarot to ne tikai par praktisku risin\u0101jumu j\u016bsu m\u0101j\u0101m, bet ar\u012b par \u012bstu m\u0101kslas darbu. T\u0101 izsmalcin\u0101tais dizains lieliski ieder\u0113sies da\u017e\u0101dos interjera stilos, s\u0101kot no klasisk\u0101 l\u012bdz modernam, pie\u0161\u0137irot tam \u012bpa\u0161u atmosf\u0113ru un stilu.<\/p>\n<p>Izm\u0113ri: 180\u00d740\u00d754 cm. Materi\u0101ls: koks<\/p>\n","protected":false},"excerpt":{"rendered":"<p>\u0160is vintage naktsskap\u012btis lieliski apvieno funkcionalit\u0101ti un stilu. Ar t\u0101 trim ietilp\u012bgajiem skapjiem varat \u0113rti sak\u0101rtot da\u017e\u0101du priek\u0161metu uzglab\u0101\u0161anu&#8230;<\/p>\n","protected":false},"featured_media":11693,"comment_status":"open","ping_status":"closed","template":"","meta":[],"product_brand":[],"product_cat":[2963,2978],"product_tag":[],"class_list":{"0":"post-39384","1":"product","2":"type-product","3":"status-publish","4":"has-post-thumbnail","6":"product_cat-tv-stativi-un-izklaides-centri-kratuve-2","7":"product_cat-tv-stativi-un-izklaides-centri-kratuve-2-2","9":"first","10":"instock","11":"shipping-taxable","12":"purchasable","13":"product-type-simple"},"yoast_head":"<!-- This site is optimized with the Yoast SEO plugin v26.0 - https:\/\/yoast.com\/wordpress\/plugins\/seo\/ -->\n<title>Vintage TV stat\u012bvs<\/title>\n<meta name=\"description\" content=\"\u0160is vintage naktsskap\u012btis lieliski apvieno funkcionalit\u0101ti un stilu. Ar t\u0101 trim ietilp\u012bgajiem skapjiem varat \u0113rti sak\u0101rtot da\u017e\u0101du priek\u0161metu uzglab\u0101\u0161anu...\" \/>\n<meta name=\"robots\" content=\"index, follow, max-snippet:-1, max-image-preview:large, max-video-preview:-1\" \/>\n<link rel=\"canonical\" href=\"https:\/\/brilune.eu\/lv\/product\/vintage-tv-stativs-11\/\" \/>\n<meta property=\"og:locale\" content=\"lv_LV\" \/>\n<meta property=\"og:type\" content=\"article\" \/>\n<meta property=\"og:title\" content=\"Vintage TV stat\u012bvs\" \/>\n<meta property=\"og:description\" content=\"\u0160is vintage naktsskap\u012btis lieliski apvieno funkcionalit\u0101ti un stilu. Ar t\u0101 trim ietilp\u012bgajiem skapjiem varat \u0113rti sak\u0101rtot da\u017e\u0101du priek\u0161metu uzglab\u0101\u0161anu...\" \/>\n<meta property=\"og:url\" content=\"https:\/\/brilune.eu\/lv\/product\/vintage-tv-stativs-11\/\" \/>\n<meta property=\"og:site_name\" content=\"Brilune\" \/>\n<meta property=\"article:modified_time\" content=\"2025-02-19T12:09:23+00:00\" \/>\n<meta property=\"og:image\" content=\"https:\/\/brilune.eu\/wp-content\/uploads\/2025\/01\/12757142.png\" \/>\n\t<meta property=\"og:image:width\" content=\"800\" \/>\n\t<meta property=\"og:image:height\" content=\"800\" \/>\n\t<meta property=\"og:image:type\" content=\"image\/png\" \/>\n<meta name=\"twitter:card\" content=\"summary_large_image\" \/>\n<meta name=\"twitter:label1\" content=\"Est. reading time\" \/>\n\t<meta name=\"twitter:data1\" content=\"1 minute\" \/>\n<script type=\"application\/ld+json\" class=\"yoast-schema-graph\">{\"@context\":\"https:\/\/schema.org\",\"@graph\":[{\"@type\":\"WebPage\",\"@id\":\"https:\/\/brilune.eu\/lv\/product\/vintage-tv-stativs-11\/\",\"url\":\"https:\/\/brilune.eu\/lv\/product\/vintage-tv-stativs-11\/\",\"name\":\"Vintage TV stat\u012bvs\",\"isPartOf\":{\"@id\":\"https:\/\/brilune.eu\/lv\/#website\"},\"primaryImageOfPage\":{\"@id\":\"https:\/\/brilune.eu\/lv\/product\/vintage-tv-stativs-11\/#primaryimage\"},\"image\":{\"@id\":\"https:\/\/brilune.eu\/lv\/product\/vintage-tv-stativs-11\/#primaryimage\"},\"thumbnailUrl\":\"https:\/\/brilune.eu\/wp-content\/uploads\/2025\/01\/12757142.png\",\"datePublished\":\"2025-02-19T11:38:07+00:00\",\"dateModified\":\"2025-02-19T12:09:23+00:00\",\"description\":\"\u0160is vintage naktsskap\u012btis lieliski apvieno funkcionalit\u0101ti un stilu. Ar t\u0101 trim ietilp\u012bgajiem skapjiem varat \u0113rti sak\u0101rtot da\u017e\u0101du priek\u0161metu uzglab\u0101\u0161anu...\",\"breadcrumb\":{\"@id\":\"https:\/\/brilune.eu\/lv\/product\/vintage-tv-stativs-11\/#breadcrumb\"},\"inLanguage\":\"lv-LV\",\"potentialAction\":[{\"@type\":\"ReadAction\",\"target\":[\"https:\/\/brilune.eu\/lv\/product\/vintage-tv-stativs-11\/\"]}]},{\"@type\":\"ImageObject\",\"inLanguage\":\"lv-LV\",\"@id\":\"https:\/\/brilune.eu\/lv\/product\/vintage-tv-stativs-11\/#primaryimage\",\"url\":\"https:\/\/brilune.eu\/wp-content\/uploads\/2025\/01\/12757142.png\",\"contentUrl\":\"https:\/\/brilune.eu\/wp-content\/uploads\/2025\/01\/12757142.png\",\"width\":800,\"height\":800},{\"@type\":\"BreadcrumbList\",\"@id\":\"https:\/\/brilune.eu\/lv\/product\/vintage-tv-stativs-11\/#breadcrumb\",\"itemListElement\":[{\"@type\":\"ListItem\",\"position\":1,\"name\":\"S\u0101kums\",\"item\":\"https:\/\/brilune.eu\/lv\/brilune-mebeles\/\"},{\"@type\":\"ListItem\",\"position\":2,\"name\":\"Visi produkti\",\"item\":\"https:\/\/brilune.eu\/lv\/shop\/\"},{\"@type\":\"ListItem\",\"position\":3,\"name\":\"Vintage TV stat\u012bvs\"}]},{\"@type\":\"WebSite\",\"@id\":\"https:\/\/brilune.eu\/lv\/#website\",\"url\":\"https:\/\/brilune.eu\/lv\/\",\"name\":\"Brilune\",\"description\":\"M\u0113s pied\u0101v\u0101jam unik\u0101lus un nebiju\u0161us dizainus, kas apvieno eleganci, funkcionalit\u0101ti un rado\u0161umu.\",\"potentialAction\":[{\"@type\":\"SearchAction\",\"target\":{\"@type\":\"EntryPoint\",\"urlTemplate\":\"https:\/\/brilune.eu\/lv\/?s={search_term_string}\"},\"query-input\":{\"@type\":\"PropertyValueSpecification\",\"valueRequired\":true,\"valueName\":\"search_term_string\"}}],\"inLanguage\":\"lv-LV\"}]}<\/script>\n<!-- \/ Yoast SEO plugin. -->","yoast_head_json":{"title":"Vintage TV stat\u012bvs","description":"\u0160is vintage naktsskap\u012btis lieliski apvieno funkcionalit\u0101ti un stilu. Ar t\u0101 trim ietilp\u012bgajiem skapjiem varat \u0113rti sak\u0101rtot da\u017e\u0101du priek\u0161metu uzglab\u0101\u0161anu...","robots":{"index":"index","follow":"follow","max-snippet":"max-snippet:-1","max-image-preview":"max-image-preview:large","max-video-preview":"max-video-preview:-1"},"canonical":"https:\/\/brilune.eu\/lv\/product\/vintage-tv-stativs-11\/","og_locale":"lv_LV","og_type":"article","og_title":"Vintage TV stat\u012bvs","og_description":"\u0160is vintage naktsskap\u012btis lieliski apvieno funkcionalit\u0101ti un stilu. Ar t\u0101 trim ietilp\u012bgajiem skapjiem varat \u0113rti sak\u0101rtot da\u017e\u0101du priek\u0161metu uzglab\u0101\u0161anu...","og_url":"https:\/\/brilune.eu\/lv\/product\/vintage-tv-stativs-11\/","og_site_name":"Brilune","article_modified_time":"2025-02-19T12:09:23+00:00","og_image":[{"width":800,"height":800,"url":"https:\/\/brilune.eu\/wp-content\/uploads\/2025\/01\/12757142.png","type":"image\/png"}],"twitter_card":"summary_large_image","twitter_misc":{"Est. reading time":"1 minute"},"schema":{"@context":"https:\/\/schema.org","@graph":[{"@type":"WebPage","@id":"https:\/\/brilune.eu\/lv\/product\/vintage-tv-stativs-11\/","url":"https:\/\/brilune.eu\/lv\/product\/vintage-tv-stativs-11\/","name":"Vintage TV stat\u012bvs","isPartOf":{"@id":"https:\/\/brilune.eu\/lv\/#website"},"primaryImageOfPage":{"@id":"https:\/\/brilune.eu\/lv\/product\/vintage-tv-stativs-11\/#primaryimage"},"image":{"@id":"https:\/\/brilune.eu\/lv\/product\/vintage-tv-stativs-11\/#primaryimage"},"thumbnailUrl":"https:\/\/brilune.eu\/wp-content\/uploads\/2025\/01\/12757142.png","datePublished":"2025-02-19T11:38:07+00:00","dateModified":"2025-02-19T12:09:23+00:00","description":"\u0160is vintage naktsskap\u012btis lieliski apvieno funkcionalit\u0101ti un stilu. Ar t\u0101 trim ietilp\u012bgajiem skapjiem varat \u0113rti sak\u0101rtot da\u017e\u0101du priek\u0161metu uzglab\u0101\u0161anu...","breadcrumb":{"@id":"https:\/\/brilune.eu\/lv\/product\/vintage-tv-stativs-11\/#breadcrumb"},"inLanguage":"lv-LV","potentialAction":[{"@type":"ReadAction","target":["https:\/\/brilune.eu\/lv\/product\/vintage-tv-stativs-11\/"]}]},{"@type":"ImageObject","inLanguage":"lv-LV","@id":"https:\/\/brilune.eu\/lv\/product\/vintage-tv-stativs-11\/#primaryimage","url":"https:\/\/brilune.eu\/wp-content\/uploads\/2025\/01\/12757142.png","contentUrl":"https:\/\/brilune.eu\/wp-content\/uploads\/2025\/01\/12757142.png","width":800,"height":800},{"@type":"BreadcrumbList","@id":"https:\/\/brilune.eu\/lv\/product\/vintage-tv-stativs-11\/#breadcrumb","itemListElement":[{"@type":"ListItem","position":1,"name":"S\u0101kums","item":"https:\/\/brilune.eu\/lv\/brilune-mebeles\/"},{"@type":"ListItem","position":2,"name":"Visi produkti","item":"https:\/\/brilune.eu\/lv\/shop\/"},{"@type":"ListItem","position":3,"name":"Vintage TV stat\u012bvs"}]},{"@type":"WebSite","@id":"https:\/\/brilune.eu\/lv\/#website","url":"https:\/\/brilune.eu\/lv\/","name":"Brilune","description":"M\u0113s pied\u0101v\u0101jam unik\u0101lus un nebiju\u0161us dizainus, kas apvieno eleganci, funkcionalit\u0101ti un rado\u0161umu.","potentialAction":[{"@type":"SearchAction","target":{"@type":"EntryPoint","urlTemplate":"https:\/\/brilune.eu\/lv\/?s={search_term_string}"},"query-input":{"@type":"PropertyValueSpecification","valueRequired":true,"valueName":"search_term_string"}}],"inLanguage":"lv-LV"}]}},"jetpack_sharing_enabled":true,"_links":{"self":[{"href":"https:\/\/brilune.eu\/lv\/wp-json\/wp\/v2\/product\/39384","targetHints":{"allow":["GET"]}}],"collection":[{"href":"https:\/\/brilune.eu\/lv\/wp-json\/wp\/v2\/product"}],"about":[{"href":"https:\/\/brilune.eu\/lv\/wp-json\/wp\/v2\/types\/product"}],"replies":[{"embeddable":true,"href":"https:\/\/brilune.eu\/lv\/wp-json\/wp\/v2\/comments?post=39384"}],"version-history":[{"count":1,"href":"https:\/\/brilune.eu\/lv\/wp-json\/wp\/v2\/product\/39384\/revisions"}],"predecessor-version":[{"id":39414,"href":"https:\/\/brilune.eu\/lv\/wp-json\/wp\/v2\/product\/39384\/revisions\/39414"}],"wp:featuredmedia":[{"embeddable":true,"href":"https:\/\/brilune.eu\/lv\/wp-json\/wp\/v2\/media\/11693"}],"wp:attachment":[{"href":"https:\/\/brilune.eu\/lv\/wp-json\/wp\/v2\/media?parent=39384"}],"wp:term":[{"taxonomy":"product_brand","embeddable":true,"href":"https:\/\/brilune.eu\/lv\/wp-json\/wp\/v2\/product_brand?post=39384"},{"taxonomy":"product_cat","embeddable":true,"href":"https:\/\/brilune.eu\/lv\/wp-json\/wp\/v2\/product_cat?post=39384"},{"taxonomy":"product_tag","embeddable":true,"href":"https:\/\/brilune.eu\/lv\/wp-json\/wp\/v2\/product_tag?post=39384"}],"curies":[{"name":"wp","href":"https:\/\/api.w.org\/{rel}","templated":true}]}}