{"id":39356,"date":"2025-02-19T13:14:35","date_gmt":"2025-02-19T11:14:35","guid":{"rendered":"https:\/\/brilune.eu\/?post_type=product&#038;p=39356"},"modified":"2025-02-19T13:33:30","modified_gmt":"2025-02-19T11:33:30","slug":"vintage-tv-stativs-10","status":"publish","type":"product","link":"https:\/\/brilune.eu\/lv\/product\/vintage-tv-stativs-10\/","title":{"rendered":"Vintage TV stat\u012bvs"},"content":{"rendered":"<p>\u0160is vintage cirsts koka bufete b\u016bs satrieco\u0161s papildin\u0101jums j\u016bsu dekoram. T\u0101 klasiskais dizains un siltais koka tonis pie\u0161\u0137ir telpai \u012bpa\u0161u \u0161armu un m\u0101j\u012bgumu. Skapis ir apr\u012bkots ar trim ietilp\u012bg\u0101m atvilktn\u0113m, kas nodro\u0161ina \u0113rtu gr\u0101matu, s\u012bklietu vai elektronikas glab\u0101\u0161anu. Iztur\u012bgi met\u0101la rokturi pie\u0161\u0137ir eleganci, savuk\u0101rt r\u016bp\u012bgi izstr\u0101d\u0101ta apdare izce\u013c katras deta\u013cas unikalit\u0101ti. \u0160is naktsskap\u012btis ir ne tikai funkcion\u0101ls, bet ar\u012b k\u013c\u016bs par stil\u012bgu akcentu J\u016bsu dz\u012bves telp\u0101, radot siltuma un komforta atmosf\u0113ru.<br \/>\nIzm\u0113ri: 160\u00d740\u00d754 cm. Materi\u0101ls: koks<\/p>\n","protected":false},"excerpt":{"rendered":"<p>\u0160is vintage cirsts koka bufete b\u016bs satrieco\u0161s papildin\u0101jums j\u016bsu dekoram. T\u0101 klasiskais dizains un siltais koka tonis pie\u0161\u0137ir telpai \u012bpa\u0161u \u0161armu un m\u0101j\u012bgumu. &#8230;<\/p>\n","protected":false},"featured_media":11693,"comment_status":"open","ping_status":"closed","template":"","meta":[],"product_brand":[],"product_cat":[2963,5640],"product_tag":[],"class_list":{"0":"post-39356","1":"product","2":"type-product","3":"status-publish","4":"has-post-thumbnail","6":"product_cat-tv-stativi-un-izklaides-centri-kratuve-2","7":"product_cat-tv-stativi-un-izklaides-centri-kratuve-2-5","9":"first","10":"instock","11":"shipping-taxable","12":"purchasable","13":"product-type-simple"},"yoast_head":"<!-- This site is optimized with the Yoast SEO plugin v26.0 - https:\/\/yoast.com\/wordpress\/plugins\/seo\/ -->\n<title>Vintage TV stat\u012bvs<\/title>\n<meta name=\"description\" content=\"\u0160is vintage cirsts koka bufete b\u016bs satrieco\u0161s papildin\u0101jums j\u016bsu dekoram. T\u0101 klasiskais dizains un siltais koka tonis pie\u0161\u0137ir telpai \u012bpa\u0161u \u0161armu un m\u0101j\u012bgumu. ...\" \/>\n<meta name=\"robots\" content=\"index, follow, max-snippet:-1, max-image-preview:large, max-video-preview:-1\" \/>\n<link rel=\"canonical\" href=\"https:\/\/brilune.eu\/lv\/product\/vintage-tv-stativs-10\/\" \/>\n<meta property=\"og:locale\" content=\"lv_LV\" \/>\n<meta property=\"og:type\" content=\"article\" \/>\n<meta property=\"og:title\" content=\"Vintage TV stat\u012bvs\" \/>\n<meta property=\"og:description\" content=\"\u0160is vintage cirsts koka bufete b\u016bs satrieco\u0161s papildin\u0101jums j\u016bsu dekoram. T\u0101 klasiskais dizains un siltais koka tonis pie\u0161\u0137ir telpai \u012bpa\u0161u \u0161armu un m\u0101j\u012bgumu. ...\" \/>\n<meta property=\"og:url\" content=\"https:\/\/brilune.eu\/lv\/product\/vintage-tv-stativs-10\/\" \/>\n<meta property=\"og:site_name\" content=\"Brilune\" \/>\n<meta property=\"article:modified_time\" content=\"2025-02-19T11:33:30+00:00\" \/>\n<meta property=\"og:image\" content=\"https:\/\/brilune.eu\/wp-content\/uploads\/2025\/01\/12757142.png\" \/>\n\t<meta property=\"og:image:width\" content=\"800\" \/>\n\t<meta property=\"og:image:height\" content=\"800\" \/>\n\t<meta property=\"og:image:type\" content=\"image\/png\" \/>\n<meta name=\"twitter:card\" content=\"summary_large_image\" \/>\n<meta name=\"twitter:label1\" content=\"Est. reading time\" \/>\n\t<meta name=\"twitter:data1\" content=\"1 minute\" \/>\n<script type=\"application\/ld+json\" class=\"yoast-schema-graph\">{\"@context\":\"https:\/\/schema.org\",\"@graph\":[{\"@type\":\"WebPage\",\"@id\":\"https:\/\/brilune.eu\/lv\/product\/vintage-tv-stativs-10\/\",\"url\":\"https:\/\/brilune.eu\/lv\/product\/vintage-tv-stativs-10\/\",\"name\":\"Vintage TV stat\u012bvs\",\"isPartOf\":{\"@id\":\"https:\/\/brilune.eu\/lv\/#website\"},\"primaryImageOfPage\":{\"@id\":\"https:\/\/brilune.eu\/lv\/product\/vintage-tv-stativs-10\/#primaryimage\"},\"image\":{\"@id\":\"https:\/\/brilune.eu\/lv\/product\/vintage-tv-stativs-10\/#primaryimage\"},\"thumbnailUrl\":\"https:\/\/brilune.eu\/wp-content\/uploads\/2025\/01\/12757142.png\",\"datePublished\":\"2025-02-19T11:14:35+00:00\",\"dateModified\":\"2025-02-19T11:33:30+00:00\",\"description\":\"\u0160is vintage cirsts koka bufete b\u016bs satrieco\u0161s papildin\u0101jums j\u016bsu dekoram. T\u0101 klasiskais dizains un siltais koka tonis pie\u0161\u0137ir telpai \u012bpa\u0161u \u0161armu un m\u0101j\u012bgumu. ...\",\"breadcrumb\":{\"@id\":\"https:\/\/brilune.eu\/lv\/product\/vintage-tv-stativs-10\/#breadcrumb\"},\"inLanguage\":\"lv-LV\",\"potentialAction\":[{\"@type\":\"ReadAction\",\"target\":[\"https:\/\/brilune.eu\/lv\/product\/vintage-tv-stativs-10\/\"]}]},{\"@type\":\"ImageObject\",\"inLanguage\":\"lv-LV\",\"@id\":\"https:\/\/brilune.eu\/lv\/product\/vintage-tv-stativs-10\/#primaryimage\",\"url\":\"https:\/\/brilune.eu\/wp-content\/uploads\/2025\/01\/12757142.png\",\"contentUrl\":\"https:\/\/brilune.eu\/wp-content\/uploads\/2025\/01\/12757142.png\",\"width\":800,\"height\":800},{\"@type\":\"BreadcrumbList\",\"@id\":\"https:\/\/brilune.eu\/lv\/product\/vintage-tv-stativs-10\/#breadcrumb\",\"itemListElement\":[{\"@type\":\"ListItem\",\"position\":1,\"name\":\"S\u0101kums\",\"item\":\"https:\/\/brilune.eu\/lv\/brilune-mebeles\/\"},{\"@type\":\"ListItem\",\"position\":2,\"name\":\"Visi produkti\",\"item\":\"https:\/\/brilune.eu\/lv\/shop\/\"},{\"@type\":\"ListItem\",\"position\":3,\"name\":\"Vintage TV stat\u012bvs\"}]},{\"@type\":\"WebSite\",\"@id\":\"https:\/\/brilune.eu\/lv\/#website\",\"url\":\"https:\/\/brilune.eu\/lv\/\",\"name\":\"Brilune\",\"description\":\"M\u0113s pied\u0101v\u0101jam unik\u0101lus un nebiju\u0161us dizainus, kas apvieno eleganci, funkcionalit\u0101ti un rado\u0161umu.\",\"potentialAction\":[{\"@type\":\"SearchAction\",\"target\":{\"@type\":\"EntryPoint\",\"urlTemplate\":\"https:\/\/brilune.eu\/lv\/?s={search_term_string}\"},\"query-input\":{\"@type\":\"PropertyValueSpecification\",\"valueRequired\":true,\"valueName\":\"search_term_string\"}}],\"inLanguage\":\"lv-LV\"}]}<\/script>\n<!-- \/ Yoast SEO plugin. -->","yoast_head_json":{"title":"Vintage TV stat\u012bvs","description":"\u0160is vintage cirsts koka bufete b\u016bs satrieco\u0161s papildin\u0101jums j\u016bsu dekoram. T\u0101 klasiskais dizains un siltais koka tonis pie\u0161\u0137ir telpai \u012bpa\u0161u \u0161armu un m\u0101j\u012bgumu. ...","robots":{"index":"index","follow":"follow","max-snippet":"max-snippet:-1","max-image-preview":"max-image-preview:large","max-video-preview":"max-video-preview:-1"},"canonical":"https:\/\/brilune.eu\/lv\/product\/vintage-tv-stativs-10\/","og_locale":"lv_LV","og_type":"article","og_title":"Vintage TV stat\u012bvs","og_description":"\u0160is vintage cirsts koka bufete b\u016bs satrieco\u0161s papildin\u0101jums j\u016bsu dekoram. T\u0101 klasiskais dizains un siltais koka tonis pie\u0161\u0137ir telpai \u012bpa\u0161u \u0161armu un m\u0101j\u012bgumu. ...","og_url":"https:\/\/brilune.eu\/lv\/product\/vintage-tv-stativs-10\/","og_site_name":"Brilune","article_modified_time":"2025-02-19T11:33:30+00:00","og_image":[{"width":800,"height":800,"url":"https:\/\/brilune.eu\/wp-content\/uploads\/2025\/01\/12757142.png","type":"image\/png"}],"twitter_card":"summary_large_image","twitter_misc":{"Est. reading time":"1 minute"},"schema":{"@context":"https:\/\/schema.org","@graph":[{"@type":"WebPage","@id":"https:\/\/brilune.eu\/lv\/product\/vintage-tv-stativs-10\/","url":"https:\/\/brilune.eu\/lv\/product\/vintage-tv-stativs-10\/","name":"Vintage TV stat\u012bvs","isPartOf":{"@id":"https:\/\/brilune.eu\/lv\/#website"},"primaryImageOfPage":{"@id":"https:\/\/brilune.eu\/lv\/product\/vintage-tv-stativs-10\/#primaryimage"},"image":{"@id":"https:\/\/brilune.eu\/lv\/product\/vintage-tv-stativs-10\/#primaryimage"},"thumbnailUrl":"https:\/\/brilune.eu\/wp-content\/uploads\/2025\/01\/12757142.png","datePublished":"2025-02-19T11:14:35+00:00","dateModified":"2025-02-19T11:33:30+00:00","description":"\u0160is vintage cirsts koka bufete b\u016bs satrieco\u0161s papildin\u0101jums j\u016bsu dekoram. T\u0101 klasiskais dizains un siltais koka tonis pie\u0161\u0137ir telpai \u012bpa\u0161u \u0161armu un m\u0101j\u012bgumu. ...","breadcrumb":{"@id":"https:\/\/brilune.eu\/lv\/product\/vintage-tv-stativs-10\/#breadcrumb"},"inLanguage":"lv-LV","potentialAction":[{"@type":"ReadAction","target":["https:\/\/brilune.eu\/lv\/product\/vintage-tv-stativs-10\/"]}]},{"@type":"ImageObject","inLanguage":"lv-LV","@id":"https:\/\/brilune.eu\/lv\/product\/vintage-tv-stativs-10\/#primaryimage","url":"https:\/\/brilune.eu\/wp-content\/uploads\/2025\/01\/12757142.png","contentUrl":"https:\/\/brilune.eu\/wp-content\/uploads\/2025\/01\/12757142.png","width":800,"height":800},{"@type":"BreadcrumbList","@id":"https:\/\/brilune.eu\/lv\/product\/vintage-tv-stativs-10\/#breadcrumb","itemListElement":[{"@type":"ListItem","position":1,"name":"S\u0101kums","item":"https:\/\/brilune.eu\/lv\/brilune-mebeles\/"},{"@type":"ListItem","position":2,"name":"Visi produkti","item":"https:\/\/brilune.eu\/lv\/shop\/"},{"@type":"ListItem","position":3,"name":"Vintage TV stat\u012bvs"}]},{"@type":"WebSite","@id":"https:\/\/brilune.eu\/lv\/#website","url":"https:\/\/brilune.eu\/lv\/","name":"Brilune","description":"M\u0113s pied\u0101v\u0101jam unik\u0101lus un nebiju\u0161us dizainus, kas apvieno eleganci, funkcionalit\u0101ti un rado\u0161umu.","potentialAction":[{"@type":"SearchAction","target":{"@type":"EntryPoint","urlTemplate":"https:\/\/brilune.eu\/lv\/?s={search_term_string}"},"query-input":{"@type":"PropertyValueSpecification","valueRequired":true,"valueName":"search_term_string"}}],"inLanguage":"lv-LV"}]}},"jetpack_sharing_enabled":true,"_links":{"self":[{"href":"https:\/\/brilune.eu\/lv\/wp-json\/wp\/v2\/product\/39356","targetHints":{"allow":["GET"]}}],"collection":[{"href":"https:\/\/brilune.eu\/lv\/wp-json\/wp\/v2\/product"}],"about":[{"href":"https:\/\/brilune.eu\/lv\/wp-json\/wp\/v2\/types\/product"}],"replies":[{"embeddable":true,"href":"https:\/\/brilune.eu\/lv\/wp-json\/wp\/v2\/comments?post=39356"}],"version-history":[{"count":1,"href":"https:\/\/brilune.eu\/lv\/wp-json\/wp\/v2\/product\/39356\/revisions"}],"predecessor-version":[{"id":39378,"href":"https:\/\/brilune.eu\/lv\/wp-json\/wp\/v2\/product\/39356\/revisions\/39378"}],"wp:featuredmedia":[{"embeddable":true,"href":"https:\/\/brilune.eu\/lv\/wp-json\/wp\/v2\/media\/11693"}],"wp:attachment":[{"href":"https:\/\/brilune.eu\/lv\/wp-json\/wp\/v2\/media?parent=39356"}],"wp:term":[{"taxonomy":"product_brand","embeddable":true,"href":"https:\/\/brilune.eu\/lv\/wp-json\/wp\/v2\/product_brand?post=39356"},{"taxonomy":"product_cat","embeddable":true,"href":"https:\/\/brilune.eu\/lv\/wp-json\/wp\/v2\/product_cat?post=39356"},{"taxonomy":"product_tag","embeddable":true,"href":"https:\/\/brilune.eu\/lv\/wp-json\/wp\/v2\/product_tag?post=39356"}],"curies":[{"name":"wp","href":"https:\/\/api.w.org\/{rel}","templated":true}]}}