{"id":39336,"date":"2025-02-19T13:14:09","date_gmt":"2025-02-19T11:14:09","guid":{"rendered":"https:\/\/brilune.eu\/?post_type=product&#038;p=39336"},"modified":"2025-02-19T13:33:22","modified_gmt":"2025-02-19T11:33:22","slug":"tv-stativs-ar-atvertiem-plauktiem-2","status":"publish","type":"product","link":"https:\/\/brilune.eu\/lv\/product\/tv-stativs-ar-atvertiem-plauktiem-2\/","title":{"rendered":"TV stat\u012bvs ar atv\u0113rtiem plauktiem"},"content":{"rendered":"<p>\u0160is stil\u012bgais televizora stat\u012bvs ar atv\u0113rtu plauktu, kas ir izgatavots gai\u0161\u0101 riekstkoka kr\u0101s\u0101 ar meln\u0101m deta\u013c\u0101m, ir ide\u0101ls modernas m\u0101jas papildin\u0101jums. Pla\u0161i plaukti nodro\u0161ina \u0113rtu mediju apr\u012bkojuma un piederumu glab\u0101\u0161anu, radot komforta un harmonijas atmosf\u0113ru. Lieliska izv\u0113le tiem, kas nov\u0113rt\u0113 funkcionalit\u0101ti un stilu. Izm\u0113ri: 140\u00d735\u00d742 cm. Materi\u0101li: koks.<\/p>\n","protected":false},"excerpt":{"rendered":"<p>\u0160is stil\u012bgais televizora stat\u012bvs ar atv\u0113rtu plauktu, kas ir izgatavots gai\u0161\u0101 riekstkoka kr\u0101s\u0101 ar meln\u0101m deta\u013c\u0101m, ir ide\u0101ls modernas m\u0101jas papildin\u0101jums. Pla\u0161i plaukti nodro\u0161ina komfortablu&#8230;<\/p>\n","protected":false},"featured_media":11662,"comment_status":"open","ping_status":"closed","template":"","meta":[],"product_brand":[],"product_cat":[2963,5640],"product_tag":[],"class_list":{"0":"post-39336","1":"product","2":"type-product","3":"status-publish","4":"has-post-thumbnail","6":"product_cat-tv-stativi-un-izklaides-centri-kratuve-2","7":"product_cat-tv-stativi-un-izklaides-centri-kratuve-2-5","9":"first","10":"instock","11":"shipping-taxable","12":"purchasable","13":"product-type-simple"},"yoast_head":"<!-- This site is optimized with the Yoast SEO plugin v26.0 - https:\/\/yoast.com\/wordpress\/plugins\/seo\/ -->\n<title>TV stat\u012bvs ar atv\u0113rtiem plauktiem<\/title>\n<meta name=\"description\" content=\"\u0160is stil\u012bgais televizora stat\u012bvs ar atv\u0113rtu plauktu, kas ir izgatavots gai\u0161\u0101 riekstkoka kr\u0101s\u0101 ar meln\u0101m deta\u013c\u0101m, ir ide\u0101ls modernas m\u0101jas papildin\u0101jums. Pla\u0161i plaukti nodro\u0161ina komfortablu...\" \/>\n<meta name=\"robots\" content=\"index, follow, max-snippet:-1, max-image-preview:large, max-video-preview:-1\" \/>\n<link rel=\"canonical\" href=\"https:\/\/brilune.eu\/lv\/product\/tv-stativs-ar-atvertiem-plauktiem-2\/\" \/>\n<meta property=\"og:locale\" content=\"lv_LV\" \/>\n<meta property=\"og:type\" content=\"article\" \/>\n<meta property=\"og:title\" content=\"TV stat\u012bvs ar atv\u0113rtiem plauktiem\" \/>\n<meta property=\"og:description\" content=\"\u0160is stil\u012bgais televizora stat\u012bvs ar atv\u0113rtu plauktu, kas ir izgatavots gai\u0161\u0101 riekstkoka kr\u0101s\u0101 ar meln\u0101m deta\u013c\u0101m, ir ide\u0101ls modernas m\u0101jas papildin\u0101jums. Pla\u0161i plaukti nodro\u0161ina komfortablu...\" \/>\n<meta property=\"og:url\" content=\"https:\/\/brilune.eu\/lv\/product\/tv-stativs-ar-atvertiem-plauktiem-2\/\" \/>\n<meta property=\"og:site_name\" content=\"Brilune\" \/>\n<meta property=\"article:modified_time\" content=\"2025-02-19T11:33:22+00:00\" \/>\n<meta property=\"og:image\" content=\"https:\/\/brilune.eu\/wp-content\/uploads\/2025\/01\/12820249.png\" \/>\n\t<meta property=\"og:image:width\" content=\"800\" \/>\n\t<meta property=\"og:image:height\" content=\"800\" \/>\n\t<meta property=\"og:image:type\" content=\"image\/png\" \/>\n<meta name=\"twitter:card\" content=\"summary_large_image\" \/>\n<script type=\"application\/ld+json\" class=\"yoast-schema-graph\">{\"@context\":\"https:\/\/schema.org\",\"@graph\":[{\"@type\":\"WebPage\",\"@id\":\"https:\/\/brilune.eu\/lv\/product\/tv-stativs-ar-atvertiem-plauktiem-2\/\",\"url\":\"https:\/\/brilune.eu\/lv\/product\/tv-stativs-ar-atvertiem-plauktiem-2\/\",\"name\":\"TV stat\u012bvs ar atv\u0113rtiem plauktiem\",\"isPartOf\":{\"@id\":\"https:\/\/brilune.eu\/lv\/#website\"},\"primaryImageOfPage\":{\"@id\":\"https:\/\/brilune.eu\/lv\/product\/tv-stativs-ar-atvertiem-plauktiem-2\/#primaryimage\"},\"image\":{\"@id\":\"https:\/\/brilune.eu\/lv\/product\/tv-stativs-ar-atvertiem-plauktiem-2\/#primaryimage\"},\"thumbnailUrl\":\"https:\/\/brilune.eu\/wp-content\/uploads\/2025\/01\/12820249.png\",\"datePublished\":\"2025-02-19T11:14:09+00:00\",\"dateModified\":\"2025-02-19T11:33:22+00:00\",\"description\":\"\u0160is stil\u012bgais televizora stat\u012bvs ar atv\u0113rtu plauktu, kas ir izgatavots gai\u0161\u0101 riekstkoka kr\u0101s\u0101 ar meln\u0101m deta\u013c\u0101m, ir ide\u0101ls modernas m\u0101jas papildin\u0101jums. Pla\u0161i plaukti nodro\u0161ina komfortablu...\",\"breadcrumb\":{\"@id\":\"https:\/\/brilune.eu\/lv\/product\/tv-stativs-ar-atvertiem-plauktiem-2\/#breadcrumb\"},\"inLanguage\":\"lv-LV\",\"potentialAction\":[{\"@type\":\"ReadAction\",\"target\":[\"https:\/\/brilune.eu\/lv\/product\/tv-stativs-ar-atvertiem-plauktiem-2\/\"]}]},{\"@type\":\"ImageObject\",\"inLanguage\":\"lv-LV\",\"@id\":\"https:\/\/brilune.eu\/lv\/product\/tv-stativs-ar-atvertiem-plauktiem-2\/#primaryimage\",\"url\":\"https:\/\/brilune.eu\/wp-content\/uploads\/2025\/01\/12820249.png\",\"contentUrl\":\"https:\/\/brilune.eu\/wp-content\/uploads\/2025\/01\/12820249.png\",\"width\":800,\"height\":800},{\"@type\":\"BreadcrumbList\",\"@id\":\"https:\/\/brilune.eu\/lv\/product\/tv-stativs-ar-atvertiem-plauktiem-2\/#breadcrumb\",\"itemListElement\":[{\"@type\":\"ListItem\",\"position\":1,\"name\":\"S\u0101kums\",\"item\":\"https:\/\/brilune.eu\/lv\/brilune-mebeles\/\"},{\"@type\":\"ListItem\",\"position\":2,\"name\":\"Visi produkti\",\"item\":\"https:\/\/brilune.eu\/lv\/shop\/\"},{\"@type\":\"ListItem\",\"position\":3,\"name\":\"TV stat\u012bvs ar atv\u0113rtiem plauktiem\"}]},{\"@type\":\"WebSite\",\"@id\":\"https:\/\/brilune.eu\/lv\/#website\",\"url\":\"https:\/\/brilune.eu\/lv\/\",\"name\":\"Brilune\",\"description\":\"M\u0113s pied\u0101v\u0101jam unik\u0101lus un nebiju\u0161us dizainus, kas apvieno eleganci, funkcionalit\u0101ti un rado\u0161umu.\",\"potentialAction\":[{\"@type\":\"SearchAction\",\"target\":{\"@type\":\"EntryPoint\",\"urlTemplate\":\"https:\/\/brilune.eu\/lv\/?s={search_term_string}\"},\"query-input\":{\"@type\":\"PropertyValueSpecification\",\"valueRequired\":true,\"valueName\":\"search_term_string\"}}],\"inLanguage\":\"lv-LV\"}]}<\/script>\n<!-- \/ Yoast SEO plugin. -->","yoast_head_json":{"title":"TV stat\u012bvs ar atv\u0113rtiem plauktiem","description":"\u0160is stil\u012bgais televizora stat\u012bvs ar atv\u0113rtu plauktu, kas ir izgatavots gai\u0161\u0101 riekstkoka kr\u0101s\u0101 ar meln\u0101m deta\u013c\u0101m, ir ide\u0101ls modernas m\u0101jas papildin\u0101jums. Pla\u0161i plaukti nodro\u0161ina komfortablu...","robots":{"index":"index","follow":"follow","max-snippet":"max-snippet:-1","max-image-preview":"max-image-preview:large","max-video-preview":"max-video-preview:-1"},"canonical":"https:\/\/brilune.eu\/lv\/product\/tv-stativs-ar-atvertiem-plauktiem-2\/","og_locale":"lv_LV","og_type":"article","og_title":"TV stat\u012bvs ar atv\u0113rtiem plauktiem","og_description":"\u0160is stil\u012bgais televizora stat\u012bvs ar atv\u0113rtu plauktu, kas ir izgatavots gai\u0161\u0101 riekstkoka kr\u0101s\u0101 ar meln\u0101m deta\u013c\u0101m, ir ide\u0101ls modernas m\u0101jas papildin\u0101jums. Pla\u0161i plaukti nodro\u0161ina komfortablu...","og_url":"https:\/\/brilune.eu\/lv\/product\/tv-stativs-ar-atvertiem-plauktiem-2\/","og_site_name":"Brilune","article_modified_time":"2025-02-19T11:33:22+00:00","og_image":[{"width":800,"height":800,"url":"https:\/\/brilune.eu\/wp-content\/uploads\/2025\/01\/12820249.png","type":"image\/png"}],"twitter_card":"summary_large_image","schema":{"@context":"https:\/\/schema.org","@graph":[{"@type":"WebPage","@id":"https:\/\/brilune.eu\/lv\/product\/tv-stativs-ar-atvertiem-plauktiem-2\/","url":"https:\/\/brilune.eu\/lv\/product\/tv-stativs-ar-atvertiem-plauktiem-2\/","name":"TV stat\u012bvs ar atv\u0113rtiem plauktiem","isPartOf":{"@id":"https:\/\/brilune.eu\/lv\/#website"},"primaryImageOfPage":{"@id":"https:\/\/brilune.eu\/lv\/product\/tv-stativs-ar-atvertiem-plauktiem-2\/#primaryimage"},"image":{"@id":"https:\/\/brilune.eu\/lv\/product\/tv-stativs-ar-atvertiem-plauktiem-2\/#primaryimage"},"thumbnailUrl":"https:\/\/brilune.eu\/wp-content\/uploads\/2025\/01\/12820249.png","datePublished":"2025-02-19T11:14:09+00:00","dateModified":"2025-02-19T11:33:22+00:00","description":"\u0160is stil\u012bgais televizora stat\u012bvs ar atv\u0113rtu plauktu, kas ir izgatavots gai\u0161\u0101 riekstkoka kr\u0101s\u0101 ar meln\u0101m deta\u013c\u0101m, ir ide\u0101ls modernas m\u0101jas papildin\u0101jums. Pla\u0161i plaukti nodro\u0161ina komfortablu...","breadcrumb":{"@id":"https:\/\/brilune.eu\/lv\/product\/tv-stativs-ar-atvertiem-plauktiem-2\/#breadcrumb"},"inLanguage":"lv-LV","potentialAction":[{"@type":"ReadAction","target":["https:\/\/brilune.eu\/lv\/product\/tv-stativs-ar-atvertiem-plauktiem-2\/"]}]},{"@type":"ImageObject","inLanguage":"lv-LV","@id":"https:\/\/brilune.eu\/lv\/product\/tv-stativs-ar-atvertiem-plauktiem-2\/#primaryimage","url":"https:\/\/brilune.eu\/wp-content\/uploads\/2025\/01\/12820249.png","contentUrl":"https:\/\/brilune.eu\/wp-content\/uploads\/2025\/01\/12820249.png","width":800,"height":800},{"@type":"BreadcrumbList","@id":"https:\/\/brilune.eu\/lv\/product\/tv-stativs-ar-atvertiem-plauktiem-2\/#breadcrumb","itemListElement":[{"@type":"ListItem","position":1,"name":"S\u0101kums","item":"https:\/\/brilune.eu\/lv\/brilune-mebeles\/"},{"@type":"ListItem","position":2,"name":"Visi produkti","item":"https:\/\/brilune.eu\/lv\/shop\/"},{"@type":"ListItem","position":3,"name":"TV stat\u012bvs ar atv\u0113rtiem plauktiem"}]},{"@type":"WebSite","@id":"https:\/\/brilune.eu\/lv\/#website","url":"https:\/\/brilune.eu\/lv\/","name":"Brilune","description":"M\u0113s pied\u0101v\u0101jam unik\u0101lus un nebiju\u0161us dizainus, kas apvieno eleganci, funkcionalit\u0101ti un rado\u0161umu.","potentialAction":[{"@type":"SearchAction","target":{"@type":"EntryPoint","urlTemplate":"https:\/\/brilune.eu\/lv\/?s={search_term_string}"},"query-input":{"@type":"PropertyValueSpecification","valueRequired":true,"valueName":"search_term_string"}}],"inLanguage":"lv-LV"}]}},"jetpack_sharing_enabled":true,"_links":{"self":[{"href":"https:\/\/brilune.eu\/lv\/wp-json\/wp\/v2\/product\/39336","targetHints":{"allow":["GET"]}}],"collection":[{"href":"https:\/\/brilune.eu\/lv\/wp-json\/wp\/v2\/product"}],"about":[{"href":"https:\/\/brilune.eu\/lv\/wp-json\/wp\/v2\/types\/product"}],"replies":[{"embeddable":true,"href":"https:\/\/brilune.eu\/lv\/wp-json\/wp\/v2\/comments?post=39336"}],"version-history":[{"count":1,"href":"https:\/\/brilune.eu\/lv\/wp-json\/wp\/v2\/product\/39336\/revisions"}],"predecessor-version":[{"id":39369,"href":"https:\/\/brilune.eu\/lv\/wp-json\/wp\/v2\/product\/39336\/revisions\/39369"}],"wp:featuredmedia":[{"embeddable":true,"href":"https:\/\/brilune.eu\/lv\/wp-json\/wp\/v2\/media\/11662"}],"wp:attachment":[{"href":"https:\/\/brilune.eu\/lv\/wp-json\/wp\/v2\/media?parent=39336"}],"wp:term":[{"taxonomy":"product_brand","embeddable":true,"href":"https:\/\/brilune.eu\/lv\/wp-json\/wp\/v2\/product_brand?post=39336"},{"taxonomy":"product_cat","embeddable":true,"href":"https:\/\/brilune.eu\/lv\/wp-json\/wp\/v2\/product_cat?post=39336"},{"taxonomy":"product_tag","embeddable":true,"href":"https:\/\/brilune.eu\/lv\/wp-json\/wp\/v2\/product_tag?post=39336"}],"curies":[{"name":"wp","href":"https:\/\/api.w.org\/{rel}","templated":true}]}}