{"id":39323,"date":"2025-02-19T13:13:42","date_gmt":"2025-02-19T11:13:42","guid":{"rendered":"https:\/\/brilune.eu\/?post_type=product&#038;p=39323"},"modified":"2025-02-19T13:33:21","modified_gmt":"2025-02-19T11:33:21","slug":"tv-stativs-ar-atvertiem-plauktiem","status":"publish","type":"product","link":"https:\/\/brilune.eu\/lv\/product\/tv-stativs-ar-atvertiem-plauktiem\/","title":{"rendered":"TV stat\u012bvs ar atv\u0113rtiem plauktiem"},"content":{"rendered":"<p>\u0160is elegantais televizora stat\u012bvs ar atv\u0113rtiem plauktiem gai\u0161\u0101 riekstkoka kr\u0101s\u0101 ar melniem akcentiem b\u016bs stil\u012bgs papildin\u0101jums j\u016bsu viesistabai. T\u0101 garums \u013cauj \u0113rti novietot televizoru un citas ier\u012bces, un atv\u0113rtajos plauktos ir pietiekami daudz vietas piederumu glab\u0101\u0161anai. Lakoniskais modernais dizains pie\u0161\u0137irs interjeram izsmalcin\u0101tu izskatu un atvieglos k\u0101rt\u012bbas uztur\u0113\u0161anu. Izm\u0113ri: 120\u00d735\u00d742 cm. Materi\u0101li: koks.<\/p>\n","protected":false},"excerpt":{"rendered":"<p>\u0160is elegantais televizora stat\u012bvs ar atv\u0113rtiem plauktiem gai\u0161\u0101 riekstkoka kr\u0101s\u0101 ar melniem akcentiem b\u016bs stil\u012bgs papildin\u0101jums j\u016bsu viesistabai. T\u0101 garums \u013cauj \u0113rti novietot&#8230;<\/p>\n","protected":false},"featured_media":11662,"comment_status":"open","ping_status":"closed","template":"","meta":[],"product_brand":[],"product_cat":[2963,5640],"product_tag":[],"class_list":{"0":"post-39323","1":"product","2":"type-product","3":"status-publish","4":"has-post-thumbnail","6":"product_cat-tv-stativi-un-izklaides-centri-kratuve-2","7":"product_cat-tv-stativi-un-izklaides-centri-kratuve-2-5","9":"first","10":"instock","11":"shipping-taxable","12":"purchasable","13":"product-type-simple"},"yoast_head":"<!-- This site is optimized with the Yoast SEO plugin v26.0 - https:\/\/yoast.com\/wordpress\/plugins\/seo\/ -->\n<title>TV stat\u012bvs ar atv\u0113rtiem plauktiem<\/title>\n<meta name=\"description\" content=\"\u0160is elegantais televizora stat\u012bvs ar atv\u0113rtiem plauktiem gai\u0161\u0101 riekstkoka kr\u0101s\u0101 ar melniem akcentiem b\u016bs stil\u012bgs papildin\u0101jums j\u016bsu viesistabai. T\u0101 garums \u013cauj \u0113rti novietot...\" \/>\n<meta name=\"robots\" content=\"index, follow, max-snippet:-1, max-image-preview:large, max-video-preview:-1\" \/>\n<link rel=\"canonical\" href=\"https:\/\/brilune.eu\/lv\/product\/tv-stativs-ar-atvertiem-plauktiem\/\" \/>\n<meta property=\"og:locale\" content=\"lv_LV\" \/>\n<meta property=\"og:type\" content=\"article\" \/>\n<meta property=\"og:title\" content=\"TV stat\u012bvs ar atv\u0113rtiem plauktiem\" \/>\n<meta property=\"og:description\" content=\"\u0160is elegantais televizora stat\u012bvs ar atv\u0113rtiem plauktiem gai\u0161\u0101 riekstkoka kr\u0101s\u0101 ar melniem akcentiem b\u016bs stil\u012bgs papildin\u0101jums j\u016bsu viesistabai. T\u0101 garums \u013cauj \u0113rti novietot...\" \/>\n<meta property=\"og:url\" content=\"https:\/\/brilune.eu\/lv\/product\/tv-stativs-ar-atvertiem-plauktiem\/\" \/>\n<meta property=\"og:site_name\" content=\"Brilune\" \/>\n<meta property=\"article:modified_time\" content=\"2025-02-19T11:33:21+00:00\" \/>\n<meta property=\"og:image\" content=\"https:\/\/brilune.eu\/wp-content\/uploads\/2025\/01\/12820249.png\" \/>\n\t<meta property=\"og:image:width\" content=\"800\" \/>\n\t<meta property=\"og:image:height\" content=\"800\" \/>\n\t<meta property=\"og:image:type\" content=\"image\/png\" \/>\n<meta name=\"twitter:card\" content=\"summary_large_image\" \/>\n<script type=\"application\/ld+json\" class=\"yoast-schema-graph\">{\"@context\":\"https:\/\/schema.org\",\"@graph\":[{\"@type\":\"WebPage\",\"@id\":\"https:\/\/brilune.eu\/lv\/product\/tv-stativs-ar-atvertiem-plauktiem\/\",\"url\":\"https:\/\/brilune.eu\/lv\/product\/tv-stativs-ar-atvertiem-plauktiem\/\",\"name\":\"TV stat\u012bvs ar atv\u0113rtiem plauktiem\",\"isPartOf\":{\"@id\":\"https:\/\/brilune.eu\/lv\/#website\"},\"primaryImageOfPage\":{\"@id\":\"https:\/\/brilune.eu\/lv\/product\/tv-stativs-ar-atvertiem-plauktiem\/#primaryimage\"},\"image\":{\"@id\":\"https:\/\/brilune.eu\/lv\/product\/tv-stativs-ar-atvertiem-plauktiem\/#primaryimage\"},\"thumbnailUrl\":\"https:\/\/brilune.eu\/wp-content\/uploads\/2025\/01\/12820249.png\",\"datePublished\":\"2025-02-19T11:13:42+00:00\",\"dateModified\":\"2025-02-19T11:33:21+00:00\",\"description\":\"\u0160is elegantais televizora stat\u012bvs ar atv\u0113rtiem plauktiem gai\u0161\u0101 riekstkoka kr\u0101s\u0101 ar melniem akcentiem b\u016bs stil\u012bgs papildin\u0101jums j\u016bsu viesistabai. T\u0101 garums \u013cauj \u0113rti novietot...\",\"breadcrumb\":{\"@id\":\"https:\/\/brilune.eu\/lv\/product\/tv-stativs-ar-atvertiem-plauktiem\/#breadcrumb\"},\"inLanguage\":\"lv-LV\",\"potentialAction\":[{\"@type\":\"ReadAction\",\"target\":[\"https:\/\/brilune.eu\/lv\/product\/tv-stativs-ar-atvertiem-plauktiem\/\"]}]},{\"@type\":\"ImageObject\",\"inLanguage\":\"lv-LV\",\"@id\":\"https:\/\/brilune.eu\/lv\/product\/tv-stativs-ar-atvertiem-plauktiem\/#primaryimage\",\"url\":\"https:\/\/brilune.eu\/wp-content\/uploads\/2025\/01\/12820249.png\",\"contentUrl\":\"https:\/\/brilune.eu\/wp-content\/uploads\/2025\/01\/12820249.png\",\"width\":800,\"height\":800},{\"@type\":\"BreadcrumbList\",\"@id\":\"https:\/\/brilune.eu\/lv\/product\/tv-stativs-ar-atvertiem-plauktiem\/#breadcrumb\",\"itemListElement\":[{\"@type\":\"ListItem\",\"position\":1,\"name\":\"S\u0101kums\",\"item\":\"https:\/\/brilune.eu\/lv\/brilune-mebeles\/\"},{\"@type\":\"ListItem\",\"position\":2,\"name\":\"Visi produkti\",\"item\":\"https:\/\/brilune.eu\/lv\/shop\/\"},{\"@type\":\"ListItem\",\"position\":3,\"name\":\"TV stat\u012bvs ar atv\u0113rtiem plauktiem\"}]},{\"@type\":\"WebSite\",\"@id\":\"https:\/\/brilune.eu\/lv\/#website\",\"url\":\"https:\/\/brilune.eu\/lv\/\",\"name\":\"Brilune\",\"description\":\"M\u0113s pied\u0101v\u0101jam unik\u0101lus un nebiju\u0161us dizainus, kas apvieno eleganci, funkcionalit\u0101ti un rado\u0161umu.\",\"potentialAction\":[{\"@type\":\"SearchAction\",\"target\":{\"@type\":\"EntryPoint\",\"urlTemplate\":\"https:\/\/brilune.eu\/lv\/?s={search_term_string}\"},\"query-input\":{\"@type\":\"PropertyValueSpecification\",\"valueRequired\":true,\"valueName\":\"search_term_string\"}}],\"inLanguage\":\"lv-LV\"}]}<\/script>\n<!-- \/ Yoast SEO plugin. -->","yoast_head_json":{"title":"TV stat\u012bvs ar atv\u0113rtiem plauktiem","description":"\u0160is elegantais televizora stat\u012bvs ar atv\u0113rtiem plauktiem gai\u0161\u0101 riekstkoka kr\u0101s\u0101 ar melniem akcentiem b\u016bs stil\u012bgs papildin\u0101jums j\u016bsu viesistabai. T\u0101 garums \u013cauj \u0113rti novietot...","robots":{"index":"index","follow":"follow","max-snippet":"max-snippet:-1","max-image-preview":"max-image-preview:large","max-video-preview":"max-video-preview:-1"},"canonical":"https:\/\/brilune.eu\/lv\/product\/tv-stativs-ar-atvertiem-plauktiem\/","og_locale":"lv_LV","og_type":"article","og_title":"TV stat\u012bvs ar atv\u0113rtiem plauktiem","og_description":"\u0160is elegantais televizora stat\u012bvs ar atv\u0113rtiem plauktiem gai\u0161\u0101 riekstkoka kr\u0101s\u0101 ar melniem akcentiem b\u016bs stil\u012bgs papildin\u0101jums j\u016bsu viesistabai. T\u0101 garums \u013cauj \u0113rti novietot...","og_url":"https:\/\/brilune.eu\/lv\/product\/tv-stativs-ar-atvertiem-plauktiem\/","og_site_name":"Brilune","article_modified_time":"2025-02-19T11:33:21+00:00","og_image":[{"width":800,"height":800,"url":"https:\/\/brilune.eu\/wp-content\/uploads\/2025\/01\/12820249.png","type":"image\/png"}],"twitter_card":"summary_large_image","schema":{"@context":"https:\/\/schema.org","@graph":[{"@type":"WebPage","@id":"https:\/\/brilune.eu\/lv\/product\/tv-stativs-ar-atvertiem-plauktiem\/","url":"https:\/\/brilune.eu\/lv\/product\/tv-stativs-ar-atvertiem-plauktiem\/","name":"TV stat\u012bvs ar atv\u0113rtiem plauktiem","isPartOf":{"@id":"https:\/\/brilune.eu\/lv\/#website"},"primaryImageOfPage":{"@id":"https:\/\/brilune.eu\/lv\/product\/tv-stativs-ar-atvertiem-plauktiem\/#primaryimage"},"image":{"@id":"https:\/\/brilune.eu\/lv\/product\/tv-stativs-ar-atvertiem-plauktiem\/#primaryimage"},"thumbnailUrl":"https:\/\/brilune.eu\/wp-content\/uploads\/2025\/01\/12820249.png","datePublished":"2025-02-19T11:13:42+00:00","dateModified":"2025-02-19T11:33:21+00:00","description":"\u0160is elegantais televizora stat\u012bvs ar atv\u0113rtiem plauktiem gai\u0161\u0101 riekstkoka kr\u0101s\u0101 ar melniem akcentiem b\u016bs stil\u012bgs papildin\u0101jums j\u016bsu viesistabai. T\u0101 garums \u013cauj \u0113rti novietot...","breadcrumb":{"@id":"https:\/\/brilune.eu\/lv\/product\/tv-stativs-ar-atvertiem-plauktiem\/#breadcrumb"},"inLanguage":"lv-LV","potentialAction":[{"@type":"ReadAction","target":["https:\/\/brilune.eu\/lv\/product\/tv-stativs-ar-atvertiem-plauktiem\/"]}]},{"@type":"ImageObject","inLanguage":"lv-LV","@id":"https:\/\/brilune.eu\/lv\/product\/tv-stativs-ar-atvertiem-plauktiem\/#primaryimage","url":"https:\/\/brilune.eu\/wp-content\/uploads\/2025\/01\/12820249.png","contentUrl":"https:\/\/brilune.eu\/wp-content\/uploads\/2025\/01\/12820249.png","width":800,"height":800},{"@type":"BreadcrumbList","@id":"https:\/\/brilune.eu\/lv\/product\/tv-stativs-ar-atvertiem-plauktiem\/#breadcrumb","itemListElement":[{"@type":"ListItem","position":1,"name":"S\u0101kums","item":"https:\/\/brilune.eu\/lv\/brilune-mebeles\/"},{"@type":"ListItem","position":2,"name":"Visi produkti","item":"https:\/\/brilune.eu\/lv\/shop\/"},{"@type":"ListItem","position":3,"name":"TV stat\u012bvs ar atv\u0113rtiem plauktiem"}]},{"@type":"WebSite","@id":"https:\/\/brilune.eu\/lv\/#website","url":"https:\/\/brilune.eu\/lv\/","name":"Brilune","description":"M\u0113s pied\u0101v\u0101jam unik\u0101lus un nebiju\u0161us dizainus, kas apvieno eleganci, funkcionalit\u0101ti un rado\u0161umu.","potentialAction":[{"@type":"SearchAction","target":{"@type":"EntryPoint","urlTemplate":"https:\/\/brilune.eu\/lv\/?s={search_term_string}"},"query-input":{"@type":"PropertyValueSpecification","valueRequired":true,"valueName":"search_term_string"}}],"inLanguage":"lv-LV"}]}},"jetpack_sharing_enabled":true,"_links":{"self":[{"href":"https:\/\/brilune.eu\/lv\/wp-json\/wp\/v2\/product\/39323","targetHints":{"allow":["GET"]}}],"collection":[{"href":"https:\/\/brilune.eu\/lv\/wp-json\/wp\/v2\/product"}],"about":[{"href":"https:\/\/brilune.eu\/lv\/wp-json\/wp\/v2\/types\/product"}],"replies":[{"embeddable":true,"href":"https:\/\/brilune.eu\/lv\/wp-json\/wp\/v2\/comments?post=39323"}],"version-history":[{"count":1,"href":"https:\/\/brilune.eu\/lv\/wp-json\/wp\/v2\/product\/39323\/revisions"}],"predecessor-version":[{"id":39366,"href":"https:\/\/brilune.eu\/lv\/wp-json\/wp\/v2\/product\/39323\/revisions\/39366"}],"wp:featuredmedia":[{"embeddable":true,"href":"https:\/\/brilune.eu\/lv\/wp-json\/wp\/v2\/media\/11662"}],"wp:attachment":[{"href":"https:\/\/brilune.eu\/lv\/wp-json\/wp\/v2\/media?parent=39323"}],"wp:term":[{"taxonomy":"product_brand","embeddable":true,"href":"https:\/\/brilune.eu\/lv\/wp-json\/wp\/v2\/product_brand?post=39323"},{"taxonomy":"product_cat","embeddable":true,"href":"https:\/\/brilune.eu\/lv\/wp-json\/wp\/v2\/product_cat?post=39323"},{"taxonomy":"product_tag","embeddable":true,"href":"https:\/\/brilune.eu\/lv\/wp-json\/wp\/v2\/product_tag?post=39323"}],"curies":[{"name":"wp","href":"https:\/\/api.w.org\/{rel}","templated":true}]}}