{"id":39300,"date":"2025-02-19T13:13:17","date_gmt":"2025-02-19T11:13:17","guid":{"rendered":"https:\/\/brilune.eu\/?post_type=product&#038;p=39300"},"modified":"2025-02-19T13:33:11","modified_gmt":"2025-02-19T11:33:11","slug":"musdienigs-tv-stativs-21","status":"publish","type":"product","link":"https:\/\/brilune.eu\/lv\/product\/musdienigs-tv-stativs-21\/","title":{"rendered":"M\u016bsdien\u012bgs TV stat\u012bvs"},"content":{"rendered":"<p>\u0160is m\u016bsdien\u012bgais kr\u0113mkr\u0101sas televizora stat\u012bvs ar div\u0101m durv\u012bm un \u010detr\u0101m ietilp\u012bg\u0101m atvilktn\u0113m ir izsmalcin\u0101ts papildin\u0101jums jebkuram interjeram. Praktiskais uzglab\u0101\u0161anas vietu sadal\u012bjums \u013cauj izvietot visu nepiecie\u0161amo \u2013 no apr\u012bkojuma l\u012bdz s\u012bkumiem, nodro\u0161inot \u0113rtu piek\u013cuvi un pas\u016bt\u012bjumu. \u0112rt\u0101s atvilktnes un durvis padara to funkcion\u0101lu un stil\u012bgu, pie\u0161\u0137irot viesistabai m\u0101j\u012bgu atmosf\u0113ru. Izm\u0113ri: 160\u00d735\u00d760 cm. Materi\u0101li: koks.<\/p>\n","protected":false},"excerpt":{"rendered":"<p>\u0160is m\u016bsdien\u012bgais kr\u0113mkr\u0101sas televizora stat\u012bvs ar div\u0101m durv\u012bm un \u010detr\u0101m ietilp\u012bg\u0101m atvilktn\u0113m ir izsmalcin\u0101ts papildin\u0101jums jebkuram interjeram. Praktisk\u0101 uzglab\u0101\u0161anas sadale &#8230;<\/p>\n","protected":false},"featured_media":11638,"comment_status":"open","ping_status":"closed","template":"","meta":[],"product_brand":[],"product_cat":[2963,5640],"product_tag":[],"class_list":{"0":"post-39300","1":"product","2":"type-product","3":"status-publish","4":"has-post-thumbnail","6":"product_cat-tv-stativi-un-izklaides-centri-kratuve-2","7":"product_cat-tv-stativi-un-izklaides-centri-kratuve-2-5","9":"first","10":"instock","11":"shipping-taxable","12":"purchasable","13":"product-type-simple"},"yoast_head":"<!-- This site is optimized with the Yoast SEO plugin v26.0 - https:\/\/yoast.com\/wordpress\/plugins\/seo\/ -->\n<title>M\u016bsdien\u012bgs TV stat\u012bvs<\/title>\n<meta name=\"description\" content=\"\u0160is m\u016bsdien\u012bgais kr\u0113mkr\u0101sas televizora stat\u012bvs ar div\u0101m durv\u012bm un \u010detr\u0101m ietilp\u012bg\u0101m atvilktn\u0113m ir izsmalcin\u0101ts papildin\u0101jums jebkuram interjeram. Praktisk\u0101 uzglab\u0101\u0161anas sadale ...\" \/>\n<meta name=\"robots\" content=\"index, follow, max-snippet:-1, max-image-preview:large, max-video-preview:-1\" \/>\n<link rel=\"canonical\" href=\"https:\/\/brilune.eu\/lv\/product\/musdienigs-tv-stativs-21\/\" \/>\n<meta property=\"og:locale\" content=\"lv_LV\" \/>\n<meta property=\"og:type\" content=\"article\" \/>\n<meta property=\"og:title\" content=\"M\u016bsdien\u012bgs TV stat\u012bvs\" \/>\n<meta property=\"og:description\" content=\"\u0160is m\u016bsdien\u012bgais kr\u0113mkr\u0101sas televizora stat\u012bvs ar div\u0101m durv\u012bm un \u010detr\u0101m ietilp\u012bg\u0101m atvilktn\u0113m ir izsmalcin\u0101ts papildin\u0101jums jebkuram interjeram. Praktisk\u0101 uzglab\u0101\u0161anas sadale ...\" \/>\n<meta property=\"og:url\" content=\"https:\/\/brilune.eu\/lv\/product\/musdienigs-tv-stativs-21\/\" \/>\n<meta property=\"og:site_name\" content=\"Brilune\" \/>\n<meta property=\"article:modified_time\" content=\"2025-02-19T11:33:11+00:00\" \/>\n<meta property=\"og:image\" content=\"https:\/\/brilune.eu\/wp-content\/uploads\/2025\/01\/13128048.png\" \/>\n\t<meta property=\"og:image:width\" content=\"800\" \/>\n\t<meta property=\"og:image:height\" content=\"800\" \/>\n\t<meta property=\"og:image:type\" content=\"image\/png\" \/>\n<meta name=\"twitter:card\" content=\"summary_large_image\" \/>\n<script type=\"application\/ld+json\" class=\"yoast-schema-graph\">{\"@context\":\"https:\/\/schema.org\",\"@graph\":[{\"@type\":\"WebPage\",\"@id\":\"https:\/\/brilune.eu\/lv\/product\/musdienigs-tv-stativs-21\/\",\"url\":\"https:\/\/brilune.eu\/lv\/product\/musdienigs-tv-stativs-21\/\",\"name\":\"M\u016bsdien\u012bgs TV stat\u012bvs\",\"isPartOf\":{\"@id\":\"https:\/\/brilune.eu\/lv\/#website\"},\"primaryImageOfPage\":{\"@id\":\"https:\/\/brilune.eu\/lv\/product\/musdienigs-tv-stativs-21\/#primaryimage\"},\"image\":{\"@id\":\"https:\/\/brilune.eu\/lv\/product\/musdienigs-tv-stativs-21\/#primaryimage\"},\"thumbnailUrl\":\"https:\/\/brilune.eu\/wp-content\/uploads\/2025\/01\/13128048.png\",\"datePublished\":\"2025-02-19T11:13:17+00:00\",\"dateModified\":\"2025-02-19T11:33:11+00:00\",\"description\":\"\u0160is m\u016bsdien\u012bgais kr\u0113mkr\u0101sas televizora stat\u012bvs ar div\u0101m durv\u012bm un \u010detr\u0101m ietilp\u012bg\u0101m atvilktn\u0113m ir izsmalcin\u0101ts papildin\u0101jums jebkuram interjeram. Praktisk\u0101 uzglab\u0101\u0161anas sadale ...\",\"breadcrumb\":{\"@id\":\"https:\/\/brilune.eu\/lv\/product\/musdienigs-tv-stativs-21\/#breadcrumb\"},\"inLanguage\":\"lv-LV\",\"potentialAction\":[{\"@type\":\"ReadAction\",\"target\":[\"https:\/\/brilune.eu\/lv\/product\/musdienigs-tv-stativs-21\/\"]}]},{\"@type\":\"ImageObject\",\"inLanguage\":\"lv-LV\",\"@id\":\"https:\/\/brilune.eu\/lv\/product\/musdienigs-tv-stativs-21\/#primaryimage\",\"url\":\"https:\/\/brilune.eu\/wp-content\/uploads\/2025\/01\/13128048.png\",\"contentUrl\":\"https:\/\/brilune.eu\/wp-content\/uploads\/2025\/01\/13128048.png\",\"width\":800,\"height\":800},{\"@type\":\"BreadcrumbList\",\"@id\":\"https:\/\/brilune.eu\/lv\/product\/musdienigs-tv-stativs-21\/#breadcrumb\",\"itemListElement\":[{\"@type\":\"ListItem\",\"position\":1,\"name\":\"S\u0101kums\",\"item\":\"https:\/\/brilune.eu\/lv\/brilune-mebeles\/\"},{\"@type\":\"ListItem\",\"position\":2,\"name\":\"Visi produkti\",\"item\":\"https:\/\/brilune.eu\/lv\/shop\/\"},{\"@type\":\"ListItem\",\"position\":3,\"name\":\"M\u016bsdien\u012bgs TV stat\u012bvs\"}]},{\"@type\":\"WebSite\",\"@id\":\"https:\/\/brilune.eu\/lv\/#website\",\"url\":\"https:\/\/brilune.eu\/lv\/\",\"name\":\"Brilune\",\"description\":\"M\u0113s pied\u0101v\u0101jam unik\u0101lus un nebiju\u0161us dizainus, kas apvieno eleganci, funkcionalit\u0101ti un rado\u0161umu.\",\"potentialAction\":[{\"@type\":\"SearchAction\",\"target\":{\"@type\":\"EntryPoint\",\"urlTemplate\":\"https:\/\/brilune.eu\/lv\/?s={search_term_string}\"},\"query-input\":{\"@type\":\"PropertyValueSpecification\",\"valueRequired\":true,\"valueName\":\"search_term_string\"}}],\"inLanguage\":\"lv-LV\"}]}<\/script>\n<!-- \/ Yoast SEO plugin. -->","yoast_head_json":{"title":"M\u016bsdien\u012bgs TV stat\u012bvs","description":"\u0160is m\u016bsdien\u012bgais kr\u0113mkr\u0101sas televizora stat\u012bvs ar div\u0101m durv\u012bm un \u010detr\u0101m ietilp\u012bg\u0101m atvilktn\u0113m ir izsmalcin\u0101ts papildin\u0101jums jebkuram interjeram. Praktisk\u0101 uzglab\u0101\u0161anas sadale ...","robots":{"index":"index","follow":"follow","max-snippet":"max-snippet:-1","max-image-preview":"max-image-preview:large","max-video-preview":"max-video-preview:-1"},"canonical":"https:\/\/brilune.eu\/lv\/product\/musdienigs-tv-stativs-21\/","og_locale":"lv_LV","og_type":"article","og_title":"M\u016bsdien\u012bgs TV stat\u012bvs","og_description":"\u0160is m\u016bsdien\u012bgais kr\u0113mkr\u0101sas televizora stat\u012bvs ar div\u0101m durv\u012bm un \u010detr\u0101m ietilp\u012bg\u0101m atvilktn\u0113m ir izsmalcin\u0101ts papildin\u0101jums jebkuram interjeram. Praktisk\u0101 uzglab\u0101\u0161anas sadale ...","og_url":"https:\/\/brilune.eu\/lv\/product\/musdienigs-tv-stativs-21\/","og_site_name":"Brilune","article_modified_time":"2025-02-19T11:33:11+00:00","og_image":[{"width":800,"height":800,"url":"https:\/\/brilune.eu\/wp-content\/uploads\/2025\/01\/13128048.png","type":"image\/png"}],"twitter_card":"summary_large_image","schema":{"@context":"https:\/\/schema.org","@graph":[{"@type":"WebPage","@id":"https:\/\/brilune.eu\/lv\/product\/musdienigs-tv-stativs-21\/","url":"https:\/\/brilune.eu\/lv\/product\/musdienigs-tv-stativs-21\/","name":"M\u016bsdien\u012bgs TV stat\u012bvs","isPartOf":{"@id":"https:\/\/brilune.eu\/lv\/#website"},"primaryImageOfPage":{"@id":"https:\/\/brilune.eu\/lv\/product\/musdienigs-tv-stativs-21\/#primaryimage"},"image":{"@id":"https:\/\/brilune.eu\/lv\/product\/musdienigs-tv-stativs-21\/#primaryimage"},"thumbnailUrl":"https:\/\/brilune.eu\/wp-content\/uploads\/2025\/01\/13128048.png","datePublished":"2025-02-19T11:13:17+00:00","dateModified":"2025-02-19T11:33:11+00:00","description":"\u0160is m\u016bsdien\u012bgais kr\u0113mkr\u0101sas televizora stat\u012bvs ar div\u0101m durv\u012bm un \u010detr\u0101m ietilp\u012bg\u0101m atvilktn\u0113m ir izsmalcin\u0101ts papildin\u0101jums jebkuram interjeram. Praktisk\u0101 uzglab\u0101\u0161anas sadale ...","breadcrumb":{"@id":"https:\/\/brilune.eu\/lv\/product\/musdienigs-tv-stativs-21\/#breadcrumb"},"inLanguage":"lv-LV","potentialAction":[{"@type":"ReadAction","target":["https:\/\/brilune.eu\/lv\/product\/musdienigs-tv-stativs-21\/"]}]},{"@type":"ImageObject","inLanguage":"lv-LV","@id":"https:\/\/brilune.eu\/lv\/product\/musdienigs-tv-stativs-21\/#primaryimage","url":"https:\/\/brilune.eu\/wp-content\/uploads\/2025\/01\/13128048.png","contentUrl":"https:\/\/brilune.eu\/wp-content\/uploads\/2025\/01\/13128048.png","width":800,"height":800},{"@type":"BreadcrumbList","@id":"https:\/\/brilune.eu\/lv\/product\/musdienigs-tv-stativs-21\/#breadcrumb","itemListElement":[{"@type":"ListItem","position":1,"name":"S\u0101kums","item":"https:\/\/brilune.eu\/lv\/brilune-mebeles\/"},{"@type":"ListItem","position":2,"name":"Visi produkti","item":"https:\/\/brilune.eu\/lv\/shop\/"},{"@type":"ListItem","position":3,"name":"M\u016bsdien\u012bgs TV stat\u012bvs"}]},{"@type":"WebSite","@id":"https:\/\/brilune.eu\/lv\/#website","url":"https:\/\/brilune.eu\/lv\/","name":"Brilune","description":"M\u0113s pied\u0101v\u0101jam unik\u0101lus un nebiju\u0161us dizainus, kas apvieno eleganci, funkcionalit\u0101ti un rado\u0161umu.","potentialAction":[{"@type":"SearchAction","target":{"@type":"EntryPoint","urlTemplate":"https:\/\/brilune.eu\/lv\/?s={search_term_string}"},"query-input":{"@type":"PropertyValueSpecification","valueRequired":true,"valueName":"search_term_string"}}],"inLanguage":"lv-LV"}]}},"jetpack_sharing_enabled":true,"_links":{"self":[{"href":"https:\/\/brilune.eu\/lv\/wp-json\/wp\/v2\/product\/39300","targetHints":{"allow":["GET"]}}],"collection":[{"href":"https:\/\/brilune.eu\/lv\/wp-json\/wp\/v2\/product"}],"about":[{"href":"https:\/\/brilune.eu\/lv\/wp-json\/wp\/v2\/types\/product"}],"replies":[{"embeddable":true,"href":"https:\/\/brilune.eu\/lv\/wp-json\/wp\/v2\/comments?post=39300"}],"version-history":[{"count":1,"href":"https:\/\/brilune.eu\/lv\/wp-json\/wp\/v2\/product\/39300\/revisions"}],"predecessor-version":[{"id":39351,"href":"https:\/\/brilune.eu\/lv\/wp-json\/wp\/v2\/product\/39300\/revisions\/39351"}],"wp:featuredmedia":[{"embeddable":true,"href":"https:\/\/brilune.eu\/lv\/wp-json\/wp\/v2\/media\/11638"}],"wp:attachment":[{"href":"https:\/\/brilune.eu\/lv\/wp-json\/wp\/v2\/media?parent=39300"}],"wp:term":[{"taxonomy":"product_brand","embeddable":true,"href":"https:\/\/brilune.eu\/lv\/wp-json\/wp\/v2\/product_brand?post=39300"},{"taxonomy":"product_cat","embeddable":true,"href":"https:\/\/brilune.eu\/lv\/wp-json\/wp\/v2\/product_cat?post=39300"},{"taxonomy":"product_tag","embeddable":true,"href":"https:\/\/brilune.eu\/lv\/wp-json\/wp\/v2\/product_tag?post=39300"}],"curies":[{"name":"wp","href":"https:\/\/api.w.org\/{rel}","templated":true}]}}