{"id":39278,"date":"2025-02-19T13:12:53","date_gmt":"2025-02-19T11:12:53","guid":{"rendered":"https:\/\/brilune.eu\/?post_type=product&#038;p=39278"},"modified":"2025-02-19T13:33:05","modified_gmt":"2025-02-19T11:33:05","slug":"musdienigs-tv-stativs-18","status":"publish","type":"product","link":"https:\/\/brilune.eu\/lv\/product\/musdienigs-tv-stativs-18\/","title":{"rendered":"M\u016bsdien\u012bgs TV stat\u012bvs"},"content":{"rendered":"<p>Moderns kr\u0113mkr\u0101sas TV stat\u012bvs ar div\u0101m durv\u012bm un div\u0101m ietilp\u012bg\u0101m atvilktn\u0113m, kas veidots minim\u0101lisma stil\u0101. \u0160\u012b m\u0113bele nodro\u0161ina \u0113rtu uzglab\u0101\u0161anu un pal\u012bdz uztur\u0113t k\u0101rt\u012bgu interjeru. Pla\u0161as atvilktnes \u013cauj pasl\u0113pt da\u017e\u0101dus piederumus un sadz\u012bves tehniku, savuk\u0101rt durvis pie\u0161\u0137ir eleganci un funkcionalit\u0101ti. \u0160is skapis lieliski papildin\u0101s jebkuru interjeru, nodro\u0161inot \u0113rtu lieto\u0161anu. Izm\u0113ri: 160\u00d735\u00d740 cm. Materi\u0101li: koks.<\/p>\n","protected":false},"excerpt":{"rendered":"<p>Moderns kr\u0113mkr\u0101sas TV stat\u012bvs ar div\u0101m durv\u012bm un div\u0101m ietilp\u012bg\u0101m atvilktn\u0113m, kas veidots minim\u0101lisma stil\u0101. \u0160\u012b m\u0113bele nodro\u0161ina \u0113rtu uzglab\u0101\u0161anu un pal\u012bdz&#8230;<\/p>\n","protected":false},"featured_media":11610,"comment_status":"open","ping_status":"closed","template":"","meta":[],"product_brand":[],"product_cat":[2963,5640],"product_tag":[],"class_list":{"0":"post-39278","1":"product","2":"type-product","3":"status-publish","4":"has-post-thumbnail","6":"product_cat-tv-stativi-un-izklaides-centri-kratuve-2","7":"product_cat-tv-stativi-un-izklaides-centri-kratuve-2-5","9":"first","10":"instock","11":"shipping-taxable","12":"purchasable","13":"product-type-simple"},"yoast_head":"<!-- This site is optimized with the Yoast SEO plugin v26.0 - https:\/\/yoast.com\/wordpress\/plugins\/seo\/ -->\n<title>M\u016bsdien\u012bgs TV stat\u012bvs<\/title>\n<meta name=\"description\" content=\"Moderns kr\u0113mkr\u0101sas TV stat\u012bvs ar div\u0101m durv\u012bm un div\u0101m ietilp\u012bg\u0101m atvilktn\u0113m, kas veidots minim\u0101lisma stil\u0101. \u0160\u012b m\u0113bele nodro\u0161ina \u0113rtu uzglab\u0101\u0161anu un pal\u012bdz...\" \/>\n<meta name=\"robots\" content=\"index, follow, max-snippet:-1, max-image-preview:large, max-video-preview:-1\" \/>\n<link rel=\"canonical\" href=\"https:\/\/brilune.eu\/lv\/product\/musdienigs-tv-stativs-18\/\" \/>\n<meta property=\"og:locale\" content=\"lv_LV\" \/>\n<meta property=\"og:type\" content=\"article\" \/>\n<meta property=\"og:title\" content=\"M\u016bsdien\u012bgs TV stat\u012bvs\" \/>\n<meta property=\"og:description\" content=\"Moderns kr\u0113mkr\u0101sas TV stat\u012bvs ar div\u0101m durv\u012bm un div\u0101m ietilp\u012bg\u0101m atvilktn\u0113m, kas veidots minim\u0101lisma stil\u0101. \u0160\u012b m\u0113bele nodro\u0161ina \u0113rtu uzglab\u0101\u0161anu un pal\u012bdz...\" \/>\n<meta property=\"og:url\" content=\"https:\/\/brilune.eu\/lv\/product\/musdienigs-tv-stativs-18\/\" \/>\n<meta property=\"og:site_name\" content=\"Brilune\" \/>\n<meta property=\"article:modified_time\" content=\"2025-02-19T11:33:05+00:00\" \/>\n<meta property=\"og:image\" content=\"https:\/\/brilune.eu\/wp-content\/uploads\/2025\/01\/13128045.png\" \/>\n\t<meta property=\"og:image:width\" content=\"800\" \/>\n\t<meta property=\"og:image:height\" content=\"800\" \/>\n\t<meta property=\"og:image:type\" content=\"image\/png\" \/>\n<meta name=\"twitter:card\" content=\"summary_large_image\" \/>\n<script type=\"application\/ld+json\" class=\"yoast-schema-graph\">{\"@context\":\"https:\/\/schema.org\",\"@graph\":[{\"@type\":\"WebPage\",\"@id\":\"https:\/\/brilune.eu\/lv\/product\/musdienigs-tv-stativs-18\/\",\"url\":\"https:\/\/brilune.eu\/lv\/product\/musdienigs-tv-stativs-18\/\",\"name\":\"M\u016bsdien\u012bgs TV stat\u012bvs\",\"isPartOf\":{\"@id\":\"https:\/\/brilune.eu\/lv\/#website\"},\"primaryImageOfPage\":{\"@id\":\"https:\/\/brilune.eu\/lv\/product\/musdienigs-tv-stativs-18\/#primaryimage\"},\"image\":{\"@id\":\"https:\/\/brilune.eu\/lv\/product\/musdienigs-tv-stativs-18\/#primaryimage\"},\"thumbnailUrl\":\"https:\/\/brilune.eu\/wp-content\/uploads\/2025\/01\/13128045.png\",\"datePublished\":\"2025-02-19T11:12:53+00:00\",\"dateModified\":\"2025-02-19T11:33:05+00:00\",\"description\":\"Moderns kr\u0113mkr\u0101sas TV stat\u012bvs ar div\u0101m durv\u012bm un div\u0101m ietilp\u012bg\u0101m atvilktn\u0113m, kas veidots minim\u0101lisma stil\u0101. \u0160\u012b m\u0113bele nodro\u0161ina \u0113rtu uzglab\u0101\u0161anu un pal\u012bdz...\",\"breadcrumb\":{\"@id\":\"https:\/\/brilune.eu\/lv\/product\/musdienigs-tv-stativs-18\/#breadcrumb\"},\"inLanguage\":\"lv-LV\",\"potentialAction\":[{\"@type\":\"ReadAction\",\"target\":[\"https:\/\/brilune.eu\/lv\/product\/musdienigs-tv-stativs-18\/\"]}]},{\"@type\":\"ImageObject\",\"inLanguage\":\"lv-LV\",\"@id\":\"https:\/\/brilune.eu\/lv\/product\/musdienigs-tv-stativs-18\/#primaryimage\",\"url\":\"https:\/\/brilune.eu\/wp-content\/uploads\/2025\/01\/13128045.png\",\"contentUrl\":\"https:\/\/brilune.eu\/wp-content\/uploads\/2025\/01\/13128045.png\",\"width\":800,\"height\":800},{\"@type\":\"BreadcrumbList\",\"@id\":\"https:\/\/brilune.eu\/lv\/product\/musdienigs-tv-stativs-18\/#breadcrumb\",\"itemListElement\":[{\"@type\":\"ListItem\",\"position\":1,\"name\":\"S\u0101kums\",\"item\":\"https:\/\/brilune.eu\/lv\/brilune-mebeles\/\"},{\"@type\":\"ListItem\",\"position\":2,\"name\":\"Visi produkti\",\"item\":\"https:\/\/brilune.eu\/lv\/shop\/\"},{\"@type\":\"ListItem\",\"position\":3,\"name\":\"M\u016bsdien\u012bgs TV stat\u012bvs\"}]},{\"@type\":\"WebSite\",\"@id\":\"https:\/\/brilune.eu\/lv\/#website\",\"url\":\"https:\/\/brilune.eu\/lv\/\",\"name\":\"Brilune\",\"description\":\"M\u0113s pied\u0101v\u0101jam unik\u0101lus un nebiju\u0161us dizainus, kas apvieno eleganci, funkcionalit\u0101ti un rado\u0161umu.\",\"potentialAction\":[{\"@type\":\"SearchAction\",\"target\":{\"@type\":\"EntryPoint\",\"urlTemplate\":\"https:\/\/brilune.eu\/lv\/?s={search_term_string}\"},\"query-input\":{\"@type\":\"PropertyValueSpecification\",\"valueRequired\":true,\"valueName\":\"search_term_string\"}}],\"inLanguage\":\"lv-LV\"}]}<\/script>\n<!-- \/ Yoast SEO plugin. -->","yoast_head_json":{"title":"M\u016bsdien\u012bgs TV stat\u012bvs","description":"Moderns kr\u0113mkr\u0101sas TV stat\u012bvs ar div\u0101m durv\u012bm un div\u0101m ietilp\u012bg\u0101m atvilktn\u0113m, kas veidots minim\u0101lisma stil\u0101. \u0160\u012b m\u0113bele nodro\u0161ina \u0113rtu uzglab\u0101\u0161anu un pal\u012bdz...","robots":{"index":"index","follow":"follow","max-snippet":"max-snippet:-1","max-image-preview":"max-image-preview:large","max-video-preview":"max-video-preview:-1"},"canonical":"https:\/\/brilune.eu\/lv\/product\/musdienigs-tv-stativs-18\/","og_locale":"lv_LV","og_type":"article","og_title":"M\u016bsdien\u012bgs TV stat\u012bvs","og_description":"Moderns kr\u0113mkr\u0101sas TV stat\u012bvs ar div\u0101m durv\u012bm un div\u0101m ietilp\u012bg\u0101m atvilktn\u0113m, kas veidots minim\u0101lisma stil\u0101. \u0160\u012b m\u0113bele nodro\u0161ina \u0113rtu uzglab\u0101\u0161anu un pal\u012bdz...","og_url":"https:\/\/brilune.eu\/lv\/product\/musdienigs-tv-stativs-18\/","og_site_name":"Brilune","article_modified_time":"2025-02-19T11:33:05+00:00","og_image":[{"width":800,"height":800,"url":"https:\/\/brilune.eu\/wp-content\/uploads\/2025\/01\/13128045.png","type":"image\/png"}],"twitter_card":"summary_large_image","schema":{"@context":"https:\/\/schema.org","@graph":[{"@type":"WebPage","@id":"https:\/\/brilune.eu\/lv\/product\/musdienigs-tv-stativs-18\/","url":"https:\/\/brilune.eu\/lv\/product\/musdienigs-tv-stativs-18\/","name":"M\u016bsdien\u012bgs TV stat\u012bvs","isPartOf":{"@id":"https:\/\/brilune.eu\/lv\/#website"},"primaryImageOfPage":{"@id":"https:\/\/brilune.eu\/lv\/product\/musdienigs-tv-stativs-18\/#primaryimage"},"image":{"@id":"https:\/\/brilune.eu\/lv\/product\/musdienigs-tv-stativs-18\/#primaryimage"},"thumbnailUrl":"https:\/\/brilune.eu\/wp-content\/uploads\/2025\/01\/13128045.png","datePublished":"2025-02-19T11:12:53+00:00","dateModified":"2025-02-19T11:33:05+00:00","description":"Moderns kr\u0113mkr\u0101sas TV stat\u012bvs ar div\u0101m durv\u012bm un div\u0101m ietilp\u012bg\u0101m atvilktn\u0113m, kas veidots minim\u0101lisma stil\u0101. \u0160\u012b m\u0113bele nodro\u0161ina \u0113rtu uzglab\u0101\u0161anu un pal\u012bdz...","breadcrumb":{"@id":"https:\/\/brilune.eu\/lv\/product\/musdienigs-tv-stativs-18\/#breadcrumb"},"inLanguage":"lv-LV","potentialAction":[{"@type":"ReadAction","target":["https:\/\/brilune.eu\/lv\/product\/musdienigs-tv-stativs-18\/"]}]},{"@type":"ImageObject","inLanguage":"lv-LV","@id":"https:\/\/brilune.eu\/lv\/product\/musdienigs-tv-stativs-18\/#primaryimage","url":"https:\/\/brilune.eu\/wp-content\/uploads\/2025\/01\/13128045.png","contentUrl":"https:\/\/brilune.eu\/wp-content\/uploads\/2025\/01\/13128045.png","width":800,"height":800},{"@type":"BreadcrumbList","@id":"https:\/\/brilune.eu\/lv\/product\/musdienigs-tv-stativs-18\/#breadcrumb","itemListElement":[{"@type":"ListItem","position":1,"name":"S\u0101kums","item":"https:\/\/brilune.eu\/lv\/brilune-mebeles\/"},{"@type":"ListItem","position":2,"name":"Visi produkti","item":"https:\/\/brilune.eu\/lv\/shop\/"},{"@type":"ListItem","position":3,"name":"M\u016bsdien\u012bgs TV stat\u012bvs"}]},{"@type":"WebSite","@id":"https:\/\/brilune.eu\/lv\/#website","url":"https:\/\/brilune.eu\/lv\/","name":"Brilune","description":"M\u0113s pied\u0101v\u0101jam unik\u0101lus un nebiju\u0161us dizainus, kas apvieno eleganci, funkcionalit\u0101ti un rado\u0161umu.","potentialAction":[{"@type":"SearchAction","target":{"@type":"EntryPoint","urlTemplate":"https:\/\/brilune.eu\/lv\/?s={search_term_string}"},"query-input":{"@type":"PropertyValueSpecification","valueRequired":true,"valueName":"search_term_string"}}],"inLanguage":"lv-LV"}]}},"jetpack_sharing_enabled":true,"_links":{"self":[{"href":"https:\/\/brilune.eu\/lv\/wp-json\/wp\/v2\/product\/39278","targetHints":{"allow":["GET"]}}],"collection":[{"href":"https:\/\/brilune.eu\/lv\/wp-json\/wp\/v2\/product"}],"about":[{"href":"https:\/\/brilune.eu\/lv\/wp-json\/wp\/v2\/types\/product"}],"replies":[{"embeddable":true,"href":"https:\/\/brilune.eu\/lv\/wp-json\/wp\/v2\/comments?post=39278"}],"version-history":[{"count":1,"href":"https:\/\/brilune.eu\/lv\/wp-json\/wp\/v2\/product\/39278\/revisions"}],"predecessor-version":[{"id":39329,"href":"https:\/\/brilune.eu\/lv\/wp-json\/wp\/v2\/product\/39278\/revisions\/39329"}],"wp:featuredmedia":[{"embeddable":true,"href":"https:\/\/brilune.eu\/lv\/wp-json\/wp\/v2\/media\/11610"}],"wp:attachment":[{"href":"https:\/\/brilune.eu\/lv\/wp-json\/wp\/v2\/media?parent=39278"}],"wp:term":[{"taxonomy":"product_brand","embeddable":true,"href":"https:\/\/brilune.eu\/lv\/wp-json\/wp\/v2\/product_brand?post=39278"},{"taxonomy":"product_cat","embeddable":true,"href":"https:\/\/brilune.eu\/lv\/wp-json\/wp\/v2\/product_cat?post=39278"},{"taxonomy":"product_tag","embeddable":true,"href":"https:\/\/brilune.eu\/lv\/wp-json\/wp\/v2\/product_tag?post=39278"}],"curies":[{"name":"wp","href":"https:\/\/api.w.org\/{rel}","templated":true}]}}