{"id":39275,"date":"2025-02-19T13:12:53","date_gmt":"2025-02-19T11:12:53","guid":{"rendered":"https:\/\/brilune.eu\/?post_type=product&#038;p=39275"},"modified":"2025-02-19T13:33:04","modified_gmt":"2025-02-19T11:33:04","slug":"musdienigs-tv-stativs-17","status":"publish","type":"product","link":"https:\/\/brilune.eu\/lv\/product\/musdienigs-tv-stativs-17\/","title":{"rendered":"M\u016bsdien\u012bgs TV stat\u012bvs"},"content":{"rendered":"<p>Elegants kr\u0113mkr\u0101sas TV stat\u012bvs ar gludu dizainu un t\u012br\u0101m l\u012bnij\u0101m b\u016bs funkcion\u0101ls papildin\u0101jums m\u016bsdien\u012bgam interjeram. Skapis ir apr\u012bkots ar div\u0101m durv\u012bm un div\u0101m ietilp\u012bg\u0101m atvilktn\u0113m, nodro\u0161inot pietiekami daudz vietas apr\u012bkojuma un piederumu uzglab\u0101\u0161anai. Atvilktnes viegli atveras, lai nodro\u0161in\u0101tu \u0113rtu uzglab\u0101\u0161anas vietu, savuk\u0101rt durvis pasl\u0113pj kabe\u013cus un ier\u012bces. \u0160\u012b m\u0113bele ir ide\u0101li piem\u0113rota dz\u012bvojam\u0101m istab\u0101m, radot m\u0101j\u012bguma un k\u0101rt\u012bbas saj\u016btu. Izm\u0113ri: 140\u00d735\u00d740 cm. Materi\u0101li: koks.<\/p>\n","protected":false},"excerpt":{"rendered":"<p>Elegants kr\u0113mkr\u0101sas TV stat\u012bvs ar gludu dizainu un t\u012br\u0101m l\u012bnij\u0101m b\u016bs funkcion\u0101ls papildin\u0101jums m\u016bsdien\u012bgam interjeram. Skapis ir apr\u012bkots ar div\u0101m durv\u012bm&#8230;<\/p>\n","protected":false},"featured_media":11610,"comment_status":"open","ping_status":"closed","template":"","meta":[],"product_brand":[],"product_cat":[2963,5640],"product_tag":[],"class_list":{"0":"post-39275","1":"product","2":"type-product","3":"status-publish","4":"has-post-thumbnail","6":"product_cat-tv-stativi-un-izklaides-centri-kratuve-2","7":"product_cat-tv-stativi-un-izklaides-centri-kratuve-2-5","9":"first","10":"instock","11":"shipping-taxable","12":"purchasable","13":"product-type-simple"},"yoast_head":"<!-- This site is optimized with the Yoast SEO plugin v26.0 - https:\/\/yoast.com\/wordpress\/plugins\/seo\/ -->\n<title>M\u016bsdien\u012bgs TV stat\u012bvs<\/title>\n<meta name=\"description\" content=\"Elegants kr\u0113mkr\u0101sas TV stat\u012bvs ar gludu dizainu un t\u012br\u0101m l\u012bnij\u0101m b\u016bs funkcion\u0101ls papildin\u0101jums m\u016bsdien\u012bgam interjeram. Skapis ir apr\u012bkots ar div\u0101m durv\u012bm...\" \/>\n<meta name=\"robots\" content=\"index, follow, max-snippet:-1, max-image-preview:large, max-video-preview:-1\" \/>\n<link rel=\"canonical\" href=\"https:\/\/brilune.eu\/lv\/product\/musdienigs-tv-stativs-17\/\" \/>\n<meta property=\"og:locale\" content=\"lv_LV\" \/>\n<meta property=\"og:type\" content=\"article\" \/>\n<meta property=\"og:title\" content=\"M\u016bsdien\u012bgs TV stat\u012bvs\" \/>\n<meta property=\"og:description\" content=\"Elegants kr\u0113mkr\u0101sas TV stat\u012bvs ar gludu dizainu un t\u012br\u0101m l\u012bnij\u0101m b\u016bs funkcion\u0101ls papildin\u0101jums m\u016bsdien\u012bgam interjeram. Skapis ir apr\u012bkots ar div\u0101m durv\u012bm...\" \/>\n<meta property=\"og:url\" content=\"https:\/\/brilune.eu\/lv\/product\/musdienigs-tv-stativs-17\/\" \/>\n<meta property=\"og:site_name\" content=\"Brilune\" \/>\n<meta property=\"article:modified_time\" content=\"2025-02-19T11:33:04+00:00\" \/>\n<meta property=\"og:image\" content=\"https:\/\/brilune.eu\/wp-content\/uploads\/2025\/01\/13128045.png\" \/>\n\t<meta property=\"og:image:width\" content=\"800\" \/>\n\t<meta property=\"og:image:height\" content=\"800\" \/>\n\t<meta property=\"og:image:type\" content=\"image\/png\" \/>\n<meta name=\"twitter:card\" content=\"summary_large_image\" \/>\n<meta name=\"twitter:label1\" content=\"Est. reading time\" \/>\n\t<meta name=\"twitter:data1\" content=\"1 minute\" \/>\n<script type=\"application\/ld+json\" class=\"yoast-schema-graph\">{\"@context\":\"https:\/\/schema.org\",\"@graph\":[{\"@type\":\"WebPage\",\"@id\":\"https:\/\/brilune.eu\/lv\/product\/musdienigs-tv-stativs-17\/\",\"url\":\"https:\/\/brilune.eu\/lv\/product\/musdienigs-tv-stativs-17\/\",\"name\":\"M\u016bsdien\u012bgs TV stat\u012bvs\",\"isPartOf\":{\"@id\":\"https:\/\/brilune.eu\/lv\/#website\"},\"primaryImageOfPage\":{\"@id\":\"https:\/\/brilune.eu\/lv\/product\/musdienigs-tv-stativs-17\/#primaryimage\"},\"image\":{\"@id\":\"https:\/\/brilune.eu\/lv\/product\/musdienigs-tv-stativs-17\/#primaryimage\"},\"thumbnailUrl\":\"https:\/\/brilune.eu\/wp-content\/uploads\/2025\/01\/13128045.png\",\"datePublished\":\"2025-02-19T11:12:53+00:00\",\"dateModified\":\"2025-02-19T11:33:04+00:00\",\"description\":\"Elegants kr\u0113mkr\u0101sas TV stat\u012bvs ar gludu dizainu un t\u012br\u0101m l\u012bnij\u0101m b\u016bs funkcion\u0101ls papildin\u0101jums m\u016bsdien\u012bgam interjeram. Skapis ir apr\u012bkots ar div\u0101m durv\u012bm...\",\"breadcrumb\":{\"@id\":\"https:\/\/brilune.eu\/lv\/product\/musdienigs-tv-stativs-17\/#breadcrumb\"},\"inLanguage\":\"lv-LV\",\"potentialAction\":[{\"@type\":\"ReadAction\",\"target\":[\"https:\/\/brilune.eu\/lv\/product\/musdienigs-tv-stativs-17\/\"]}]},{\"@type\":\"ImageObject\",\"inLanguage\":\"lv-LV\",\"@id\":\"https:\/\/brilune.eu\/lv\/product\/musdienigs-tv-stativs-17\/#primaryimage\",\"url\":\"https:\/\/brilune.eu\/wp-content\/uploads\/2025\/01\/13128045.png\",\"contentUrl\":\"https:\/\/brilune.eu\/wp-content\/uploads\/2025\/01\/13128045.png\",\"width\":800,\"height\":800},{\"@type\":\"BreadcrumbList\",\"@id\":\"https:\/\/brilune.eu\/lv\/product\/musdienigs-tv-stativs-17\/#breadcrumb\",\"itemListElement\":[{\"@type\":\"ListItem\",\"position\":1,\"name\":\"S\u0101kums\",\"item\":\"https:\/\/brilune.eu\/lv\/brilune-mebeles\/\"},{\"@type\":\"ListItem\",\"position\":2,\"name\":\"Visi produkti\",\"item\":\"https:\/\/brilune.eu\/lv\/shop\/\"},{\"@type\":\"ListItem\",\"position\":3,\"name\":\"M\u016bsdien\u012bgs TV stat\u012bvs\"}]},{\"@type\":\"WebSite\",\"@id\":\"https:\/\/brilune.eu\/lv\/#website\",\"url\":\"https:\/\/brilune.eu\/lv\/\",\"name\":\"Brilune\",\"description\":\"M\u0113s pied\u0101v\u0101jam unik\u0101lus un nebiju\u0161us dizainus, kas apvieno eleganci, funkcionalit\u0101ti un rado\u0161umu.\",\"potentialAction\":[{\"@type\":\"SearchAction\",\"target\":{\"@type\":\"EntryPoint\",\"urlTemplate\":\"https:\/\/brilune.eu\/lv\/?s={search_term_string}\"},\"query-input\":{\"@type\":\"PropertyValueSpecification\",\"valueRequired\":true,\"valueName\":\"search_term_string\"}}],\"inLanguage\":\"lv-LV\"}]}<\/script>\n<!-- \/ Yoast SEO plugin. -->","yoast_head_json":{"title":"M\u016bsdien\u012bgs TV stat\u012bvs","description":"Elegants kr\u0113mkr\u0101sas TV stat\u012bvs ar gludu dizainu un t\u012br\u0101m l\u012bnij\u0101m b\u016bs funkcion\u0101ls papildin\u0101jums m\u016bsdien\u012bgam interjeram. Skapis ir apr\u012bkots ar div\u0101m durv\u012bm...","robots":{"index":"index","follow":"follow","max-snippet":"max-snippet:-1","max-image-preview":"max-image-preview:large","max-video-preview":"max-video-preview:-1"},"canonical":"https:\/\/brilune.eu\/lv\/product\/musdienigs-tv-stativs-17\/","og_locale":"lv_LV","og_type":"article","og_title":"M\u016bsdien\u012bgs TV stat\u012bvs","og_description":"Elegants kr\u0113mkr\u0101sas TV stat\u012bvs ar gludu dizainu un t\u012br\u0101m l\u012bnij\u0101m b\u016bs funkcion\u0101ls papildin\u0101jums m\u016bsdien\u012bgam interjeram. Skapis ir apr\u012bkots ar div\u0101m durv\u012bm...","og_url":"https:\/\/brilune.eu\/lv\/product\/musdienigs-tv-stativs-17\/","og_site_name":"Brilune","article_modified_time":"2025-02-19T11:33:04+00:00","og_image":[{"width":800,"height":800,"url":"https:\/\/brilune.eu\/wp-content\/uploads\/2025\/01\/13128045.png","type":"image\/png"}],"twitter_card":"summary_large_image","twitter_misc":{"Est. reading time":"1 minute"},"schema":{"@context":"https:\/\/schema.org","@graph":[{"@type":"WebPage","@id":"https:\/\/brilune.eu\/lv\/product\/musdienigs-tv-stativs-17\/","url":"https:\/\/brilune.eu\/lv\/product\/musdienigs-tv-stativs-17\/","name":"M\u016bsdien\u012bgs TV stat\u012bvs","isPartOf":{"@id":"https:\/\/brilune.eu\/lv\/#website"},"primaryImageOfPage":{"@id":"https:\/\/brilune.eu\/lv\/product\/musdienigs-tv-stativs-17\/#primaryimage"},"image":{"@id":"https:\/\/brilune.eu\/lv\/product\/musdienigs-tv-stativs-17\/#primaryimage"},"thumbnailUrl":"https:\/\/brilune.eu\/wp-content\/uploads\/2025\/01\/13128045.png","datePublished":"2025-02-19T11:12:53+00:00","dateModified":"2025-02-19T11:33:04+00:00","description":"Elegants kr\u0113mkr\u0101sas TV stat\u012bvs ar gludu dizainu un t\u012br\u0101m l\u012bnij\u0101m b\u016bs funkcion\u0101ls papildin\u0101jums m\u016bsdien\u012bgam interjeram. Skapis ir apr\u012bkots ar div\u0101m durv\u012bm...","breadcrumb":{"@id":"https:\/\/brilune.eu\/lv\/product\/musdienigs-tv-stativs-17\/#breadcrumb"},"inLanguage":"lv-LV","potentialAction":[{"@type":"ReadAction","target":["https:\/\/brilune.eu\/lv\/product\/musdienigs-tv-stativs-17\/"]}]},{"@type":"ImageObject","inLanguage":"lv-LV","@id":"https:\/\/brilune.eu\/lv\/product\/musdienigs-tv-stativs-17\/#primaryimage","url":"https:\/\/brilune.eu\/wp-content\/uploads\/2025\/01\/13128045.png","contentUrl":"https:\/\/brilune.eu\/wp-content\/uploads\/2025\/01\/13128045.png","width":800,"height":800},{"@type":"BreadcrumbList","@id":"https:\/\/brilune.eu\/lv\/product\/musdienigs-tv-stativs-17\/#breadcrumb","itemListElement":[{"@type":"ListItem","position":1,"name":"S\u0101kums","item":"https:\/\/brilune.eu\/lv\/brilune-mebeles\/"},{"@type":"ListItem","position":2,"name":"Visi produkti","item":"https:\/\/brilune.eu\/lv\/shop\/"},{"@type":"ListItem","position":3,"name":"M\u016bsdien\u012bgs TV stat\u012bvs"}]},{"@type":"WebSite","@id":"https:\/\/brilune.eu\/lv\/#website","url":"https:\/\/brilune.eu\/lv\/","name":"Brilune","description":"M\u0113s pied\u0101v\u0101jam unik\u0101lus un nebiju\u0161us dizainus, kas apvieno eleganci, funkcionalit\u0101ti un rado\u0161umu.","potentialAction":[{"@type":"SearchAction","target":{"@type":"EntryPoint","urlTemplate":"https:\/\/brilune.eu\/lv\/?s={search_term_string}"},"query-input":{"@type":"PropertyValueSpecification","valueRequired":true,"valueName":"search_term_string"}}],"inLanguage":"lv-LV"}]}},"jetpack_sharing_enabled":true,"_links":{"self":[{"href":"https:\/\/brilune.eu\/lv\/wp-json\/wp\/v2\/product\/39275","targetHints":{"allow":["GET"]}}],"collection":[{"href":"https:\/\/brilune.eu\/lv\/wp-json\/wp\/v2\/product"}],"about":[{"href":"https:\/\/brilune.eu\/lv\/wp-json\/wp\/v2\/types\/product"}],"replies":[{"embeddable":true,"href":"https:\/\/brilune.eu\/lv\/wp-json\/wp\/v2\/comments?post=39275"}],"version-history":[{"count":1,"href":"https:\/\/brilune.eu\/lv\/wp-json\/wp\/v2\/product\/39275\/revisions"}],"predecessor-version":[{"id":39326,"href":"https:\/\/brilune.eu\/lv\/wp-json\/wp\/v2\/product\/39275\/revisions\/39326"}],"wp:featuredmedia":[{"embeddable":true,"href":"https:\/\/brilune.eu\/lv\/wp-json\/wp\/v2\/media\/11610"}],"wp:attachment":[{"href":"https:\/\/brilune.eu\/lv\/wp-json\/wp\/v2\/media?parent=39275"}],"wp:term":[{"taxonomy":"product_brand","embeddable":true,"href":"https:\/\/brilune.eu\/lv\/wp-json\/wp\/v2\/product_brand?post=39275"},{"taxonomy":"product_cat","embeddable":true,"href":"https:\/\/brilune.eu\/lv\/wp-json\/wp\/v2\/product_cat?post=39275"},{"taxonomy":"product_tag","embeddable":true,"href":"https:\/\/brilune.eu\/lv\/wp-json\/wp\/v2\/product_tag?post=39275"}],"curies":[{"name":"wp","href":"https:\/\/api.w.org\/{rel}","templated":true}]}}