{"id":39258,"date":"2025-02-19T13:12:29","date_gmt":"2025-02-19T11:12:29","guid":{"rendered":"https:\/\/brilune.eu\/?post_type=product&#038;p=39258"},"modified":"2025-02-19T13:32:59","modified_gmt":"2025-02-19T11:32:59","slug":"musdienigs-tv-stativs-15","status":"publish","type":"product","link":"https:\/\/brilune.eu\/lv\/product\/musdienigs-tv-stativs-15\/","title":{"rendered":"M\u016bsdien\u012bgs TV stat\u012bvs"},"content":{"rendered":"<p>Elegants balts televizora stat\u012bvs ar t\u012br\u0101m l\u012bnij\u0101m un \u010detr\u0101m atvilktn\u0113m b\u016bs j\u016bsu m\u0101jas centr\u0101lais elements, pied\u0101v\u0101jot pla\u0161u un sl\u0113ptu uzglab\u0101\u0161anas vietu. M\u012bkstais nokr\u0101sa un vienk\u0101r\u0161ais dizains padara to par daudzpus\u012bgu papildin\u0101jumu jebkurai telpai. Izm\u0113ri: 160\u00d730\u00d740 cm. Materi\u0101li: koks.<\/p>\n","protected":false},"excerpt":{"rendered":"<p>Elegants balts televizora stat\u012bvs ar t\u012br\u0101m l\u012bnij\u0101m un \u010detr\u0101m atvilktn\u0113m b\u016bs j\u016bsu m\u0101jas centr\u0101lais elements, pied\u0101v\u0101jot pla\u0161u un sl\u0113ptu uzglab\u0101\u0161anas vietu. Maigs nokr\u0101sa un vienk\u0101r\u0161a des&#8230;<\/p>\n","protected":false},"featured_media":11602,"comment_status":"open","ping_status":"closed","template":"","meta":[],"product_brand":[],"product_cat":[5640,2963],"product_tag":[],"class_list":{"0":"post-39258","1":"product","2":"type-product","3":"status-publish","4":"has-post-thumbnail","6":"product_cat-tv-stativi-un-izklaides-centri-kratuve-2-5","7":"product_cat-tv-stativi-un-izklaides-centri-kratuve-2","9":"first","10":"instock","11":"shipping-taxable","12":"purchasable","13":"product-type-simple"},"yoast_head":"<!-- This site is optimized with the Yoast SEO plugin v26.0 - https:\/\/yoast.com\/wordpress\/plugins\/seo\/ -->\n<title>M\u016bsdien\u012bgs TV stat\u012bvs<\/title>\n<meta name=\"description\" content=\"Elegants balts televizora stat\u012bvs ar t\u012br\u0101m l\u012bnij\u0101m un \u010detr\u0101m atvilktn\u0113m b\u016bs j\u016bsu m\u0101jas centr\u0101lais elements, pied\u0101v\u0101jot pla\u0161u un sl\u0113ptu uzglab\u0101\u0161anas vietu. Maigs nokr\u0101sa un vienk\u0101r\u0161a des...\" \/>\n<meta name=\"robots\" content=\"index, follow, max-snippet:-1, max-image-preview:large, max-video-preview:-1\" \/>\n<link rel=\"canonical\" href=\"https:\/\/brilune.eu\/lv\/product\/musdienigs-tv-stativs-15\/\" \/>\n<meta property=\"og:locale\" content=\"lv_LV\" \/>\n<meta property=\"og:type\" content=\"article\" \/>\n<meta property=\"og:title\" content=\"M\u016bsdien\u012bgs TV stat\u012bvs\" \/>\n<meta property=\"og:description\" content=\"Elegants balts televizora stat\u012bvs ar t\u012br\u0101m l\u012bnij\u0101m un \u010detr\u0101m atvilktn\u0113m b\u016bs j\u016bsu m\u0101jas centr\u0101lais elements, pied\u0101v\u0101jot pla\u0161u un sl\u0113ptu uzglab\u0101\u0161anas vietu. Maigs nokr\u0101sa un vienk\u0101r\u0161a des...\" \/>\n<meta property=\"og:url\" content=\"https:\/\/brilune.eu\/lv\/product\/musdienigs-tv-stativs-15\/\" \/>\n<meta property=\"og:site_name\" content=\"Brilune\" \/>\n<meta property=\"article:modified_time\" content=\"2025-02-19T11:32:59+00:00\" \/>\n<meta property=\"og:image\" content=\"https:\/\/brilune.eu\/wp-content\/uploads\/2025\/01\/13203895.png\" \/>\n\t<meta property=\"og:image:width\" content=\"800\" \/>\n\t<meta property=\"og:image:height\" content=\"800\" \/>\n\t<meta property=\"og:image:type\" content=\"image\/png\" \/>\n<meta name=\"twitter:card\" content=\"summary_large_image\" \/>\n<script type=\"application\/ld+json\" class=\"yoast-schema-graph\">{\"@context\":\"https:\/\/schema.org\",\"@graph\":[{\"@type\":\"WebPage\",\"@id\":\"https:\/\/brilune.eu\/lv\/product\/musdienigs-tv-stativs-15\/\",\"url\":\"https:\/\/brilune.eu\/lv\/product\/musdienigs-tv-stativs-15\/\",\"name\":\"M\u016bsdien\u012bgs TV stat\u012bvs\",\"isPartOf\":{\"@id\":\"https:\/\/brilune.eu\/lv\/#website\"},\"primaryImageOfPage\":{\"@id\":\"https:\/\/brilune.eu\/lv\/product\/musdienigs-tv-stativs-15\/#primaryimage\"},\"image\":{\"@id\":\"https:\/\/brilune.eu\/lv\/product\/musdienigs-tv-stativs-15\/#primaryimage\"},\"thumbnailUrl\":\"https:\/\/brilune.eu\/wp-content\/uploads\/2025\/01\/13203895.png\",\"datePublished\":\"2025-02-19T11:12:29+00:00\",\"dateModified\":\"2025-02-19T11:32:59+00:00\",\"description\":\"Elegants balts televizora stat\u012bvs ar t\u012br\u0101m l\u012bnij\u0101m un \u010detr\u0101m atvilktn\u0113m b\u016bs j\u016bsu m\u0101jas centr\u0101lais elements, pied\u0101v\u0101jot pla\u0161u un sl\u0113ptu uzglab\u0101\u0161anas vietu. Maigs nokr\u0101sa un vienk\u0101r\u0161a des...\",\"breadcrumb\":{\"@id\":\"https:\/\/brilune.eu\/lv\/product\/musdienigs-tv-stativs-15\/#breadcrumb\"},\"inLanguage\":\"lv-LV\",\"potentialAction\":[{\"@type\":\"ReadAction\",\"target\":[\"https:\/\/brilune.eu\/lv\/product\/musdienigs-tv-stativs-15\/\"]}]},{\"@type\":\"ImageObject\",\"inLanguage\":\"lv-LV\",\"@id\":\"https:\/\/brilune.eu\/lv\/product\/musdienigs-tv-stativs-15\/#primaryimage\",\"url\":\"https:\/\/brilune.eu\/wp-content\/uploads\/2025\/01\/13203895.png\",\"contentUrl\":\"https:\/\/brilune.eu\/wp-content\/uploads\/2025\/01\/13203895.png\",\"width\":800,\"height\":800},{\"@type\":\"BreadcrumbList\",\"@id\":\"https:\/\/brilune.eu\/lv\/product\/musdienigs-tv-stativs-15\/#breadcrumb\",\"itemListElement\":[{\"@type\":\"ListItem\",\"position\":1,\"name\":\"S\u0101kums\",\"item\":\"https:\/\/brilune.eu\/lv\/brilune-mebeles\/\"},{\"@type\":\"ListItem\",\"position\":2,\"name\":\"Visi produkti\",\"item\":\"https:\/\/brilune.eu\/lv\/shop\/\"},{\"@type\":\"ListItem\",\"position\":3,\"name\":\"M\u016bsdien\u012bgs TV stat\u012bvs\"}]},{\"@type\":\"WebSite\",\"@id\":\"https:\/\/brilune.eu\/lv\/#website\",\"url\":\"https:\/\/brilune.eu\/lv\/\",\"name\":\"Brilune\",\"description\":\"M\u0113s pied\u0101v\u0101jam unik\u0101lus un nebiju\u0161us dizainus, kas apvieno eleganci, funkcionalit\u0101ti un rado\u0161umu.\",\"potentialAction\":[{\"@type\":\"SearchAction\",\"target\":{\"@type\":\"EntryPoint\",\"urlTemplate\":\"https:\/\/brilune.eu\/lv\/?s={search_term_string}\"},\"query-input\":{\"@type\":\"PropertyValueSpecification\",\"valueRequired\":true,\"valueName\":\"search_term_string\"}}],\"inLanguage\":\"lv-LV\"}]}<\/script>\n<!-- \/ Yoast SEO plugin. -->","yoast_head_json":{"title":"M\u016bsdien\u012bgs TV stat\u012bvs","description":"Elegants balts televizora stat\u012bvs ar t\u012br\u0101m l\u012bnij\u0101m un \u010detr\u0101m atvilktn\u0113m b\u016bs j\u016bsu m\u0101jas centr\u0101lais elements, pied\u0101v\u0101jot pla\u0161u un sl\u0113ptu uzglab\u0101\u0161anas vietu. Maigs nokr\u0101sa un vienk\u0101r\u0161a des...","robots":{"index":"index","follow":"follow","max-snippet":"max-snippet:-1","max-image-preview":"max-image-preview:large","max-video-preview":"max-video-preview:-1"},"canonical":"https:\/\/brilune.eu\/lv\/product\/musdienigs-tv-stativs-15\/","og_locale":"lv_LV","og_type":"article","og_title":"M\u016bsdien\u012bgs TV stat\u012bvs","og_description":"Elegants balts televizora stat\u012bvs ar t\u012br\u0101m l\u012bnij\u0101m un \u010detr\u0101m atvilktn\u0113m b\u016bs j\u016bsu m\u0101jas centr\u0101lais elements, pied\u0101v\u0101jot pla\u0161u un sl\u0113ptu uzglab\u0101\u0161anas vietu. Maigs nokr\u0101sa un vienk\u0101r\u0161a des...","og_url":"https:\/\/brilune.eu\/lv\/product\/musdienigs-tv-stativs-15\/","og_site_name":"Brilune","article_modified_time":"2025-02-19T11:32:59+00:00","og_image":[{"width":800,"height":800,"url":"https:\/\/brilune.eu\/wp-content\/uploads\/2025\/01\/13203895.png","type":"image\/png"}],"twitter_card":"summary_large_image","schema":{"@context":"https:\/\/schema.org","@graph":[{"@type":"WebPage","@id":"https:\/\/brilune.eu\/lv\/product\/musdienigs-tv-stativs-15\/","url":"https:\/\/brilune.eu\/lv\/product\/musdienigs-tv-stativs-15\/","name":"M\u016bsdien\u012bgs TV stat\u012bvs","isPartOf":{"@id":"https:\/\/brilune.eu\/lv\/#website"},"primaryImageOfPage":{"@id":"https:\/\/brilune.eu\/lv\/product\/musdienigs-tv-stativs-15\/#primaryimage"},"image":{"@id":"https:\/\/brilune.eu\/lv\/product\/musdienigs-tv-stativs-15\/#primaryimage"},"thumbnailUrl":"https:\/\/brilune.eu\/wp-content\/uploads\/2025\/01\/13203895.png","datePublished":"2025-02-19T11:12:29+00:00","dateModified":"2025-02-19T11:32:59+00:00","description":"Elegants balts televizora stat\u012bvs ar t\u012br\u0101m l\u012bnij\u0101m un \u010detr\u0101m atvilktn\u0113m b\u016bs j\u016bsu m\u0101jas centr\u0101lais elements, pied\u0101v\u0101jot pla\u0161u un sl\u0113ptu uzglab\u0101\u0161anas vietu. Maigs nokr\u0101sa un vienk\u0101r\u0161a des...","breadcrumb":{"@id":"https:\/\/brilune.eu\/lv\/product\/musdienigs-tv-stativs-15\/#breadcrumb"},"inLanguage":"lv-LV","potentialAction":[{"@type":"ReadAction","target":["https:\/\/brilune.eu\/lv\/product\/musdienigs-tv-stativs-15\/"]}]},{"@type":"ImageObject","inLanguage":"lv-LV","@id":"https:\/\/brilune.eu\/lv\/product\/musdienigs-tv-stativs-15\/#primaryimage","url":"https:\/\/brilune.eu\/wp-content\/uploads\/2025\/01\/13203895.png","contentUrl":"https:\/\/brilune.eu\/wp-content\/uploads\/2025\/01\/13203895.png","width":800,"height":800},{"@type":"BreadcrumbList","@id":"https:\/\/brilune.eu\/lv\/product\/musdienigs-tv-stativs-15\/#breadcrumb","itemListElement":[{"@type":"ListItem","position":1,"name":"S\u0101kums","item":"https:\/\/brilune.eu\/lv\/brilune-mebeles\/"},{"@type":"ListItem","position":2,"name":"Visi produkti","item":"https:\/\/brilune.eu\/lv\/shop\/"},{"@type":"ListItem","position":3,"name":"M\u016bsdien\u012bgs TV stat\u012bvs"}]},{"@type":"WebSite","@id":"https:\/\/brilune.eu\/lv\/#website","url":"https:\/\/brilune.eu\/lv\/","name":"Brilune","description":"M\u0113s pied\u0101v\u0101jam unik\u0101lus un nebiju\u0161us dizainus, kas apvieno eleganci, funkcionalit\u0101ti un rado\u0161umu.","potentialAction":[{"@type":"SearchAction","target":{"@type":"EntryPoint","urlTemplate":"https:\/\/brilune.eu\/lv\/?s={search_term_string}"},"query-input":{"@type":"PropertyValueSpecification","valueRequired":true,"valueName":"search_term_string"}}],"inLanguage":"lv-LV"}]}},"jetpack_sharing_enabled":true,"_links":{"self":[{"href":"https:\/\/brilune.eu\/lv\/wp-json\/wp\/v2\/product\/39258","targetHints":{"allow":["GET"]}}],"collection":[{"href":"https:\/\/brilune.eu\/lv\/wp-json\/wp\/v2\/product"}],"about":[{"href":"https:\/\/brilune.eu\/lv\/wp-json\/wp\/v2\/types\/product"}],"replies":[{"embeddable":true,"href":"https:\/\/brilune.eu\/lv\/wp-json\/wp\/v2\/comments?post=39258"}],"version-history":[{"count":1,"href":"https:\/\/brilune.eu\/lv\/wp-json\/wp\/v2\/product\/39258\/revisions"}],"predecessor-version":[{"id":39309,"href":"https:\/\/brilune.eu\/lv\/wp-json\/wp\/v2\/product\/39258\/revisions\/39309"}],"wp:featuredmedia":[{"embeddable":true,"href":"https:\/\/brilune.eu\/lv\/wp-json\/wp\/v2\/media\/11602"}],"wp:attachment":[{"href":"https:\/\/brilune.eu\/lv\/wp-json\/wp\/v2\/media?parent=39258"}],"wp:term":[{"taxonomy":"product_brand","embeddable":true,"href":"https:\/\/brilune.eu\/lv\/wp-json\/wp\/v2\/product_brand?post=39258"},{"taxonomy":"product_cat","embeddable":true,"href":"https:\/\/brilune.eu\/lv\/wp-json\/wp\/v2\/product_cat?post=39258"},{"taxonomy":"product_tag","embeddable":true,"href":"https:\/\/brilune.eu\/lv\/wp-json\/wp\/v2\/product_tag?post=39258"}],"curies":[{"name":"wp","href":"https:\/\/api.w.org\/{rel}","templated":true}]}}