{"id":39249,"date":"2025-02-19T13:12:06","date_gmt":"2025-02-19T11:12:06","guid":{"rendered":"https:\/\/brilune.eu\/?post_type=product&#038;p=39249"},"modified":"2025-02-19T13:32:55","modified_gmt":"2025-02-19T11:32:55","slug":"neliels-tv-stativs","status":"publish","type":"product","link":"https:\/\/brilune.eu\/lv\/product\/neliels-tv-stativs\/","title":{"rendered":"Neliels TV stat\u012bvs"},"content":{"rendered":"<p>\u0160is kompaktais TV stat\u012bvs elegant\u0101 pel\u0113k\u0101 un balt\u0101 kr\u0101su sh\u0113m\u0101 ir lieliski piem\u0113rots m\u016bsdien\u012bgam interjeram, radot gl\u012btu un stil\u012bgu akcentu pat neliel\u0101s telp\u0101s. Izgatavots no kvalitat\u012bva koka, tam ir lakonisks dizains un divas sl\u0113gtas sekcijas, kas nodro\u0161ina \u0113rtu lietu glab\u0101\u0161anu un uztur k\u0101rt\u012bbu telp\u0101. Vienk\u0101r\u0161s un funkcion\u0101ls skapis ir ide\u0101li piem\u0113rots telpas organiz\u0113\u0161anai bez liek\u0101m deta\u013c\u0101m. Izm\u0113ri: 100\u00d730\u00d740 cm. Materi\u0101li: koks.<\/p>\n","protected":false},"excerpt":{"rendered":"<p>\u0160is kompaktais TV stat\u012bvs elegant\u0101 pel\u0113k\u0101 un balt\u0101 kr\u0101su sh\u0113m\u0101 ir lieliski piem\u0113rots m\u016bsdien\u012bgam interjeram, radot gl\u012btu un stil\u012bgu akcentu pat neliel\u0101s telp\u0101s. Izgatavots o&#8230;<\/p>\n","protected":false},"featured_media":11562,"comment_status":"open","ping_status":"closed","template":"","meta":[],"product_brand":[],"product_cat":[2963,5640],"product_tag":[],"class_list":{"0":"post-39249","1":"product","2":"type-product","3":"status-publish","4":"has-post-thumbnail","6":"product_cat-tv-stativi-un-izklaides-centri-kratuve-2","7":"product_cat-tv-stativi-un-izklaides-centri-kratuve-2-5","9":"first","10":"instock","11":"shipping-taxable","12":"purchasable","13":"product-type-simple"},"yoast_head":"<!-- This site is optimized with the Yoast SEO plugin v26.0 - https:\/\/yoast.com\/wordpress\/plugins\/seo\/ -->\n<title>Neliels TV stat\u012bvs<\/title>\n<meta name=\"description\" content=\"\u0160is kompaktais TV stat\u012bvs elegant\u0101 pel\u0113k\u0101 un balt\u0101 kr\u0101su sh\u0113m\u0101 ir lieliski piem\u0113rots m\u016bsdien\u012bgam interjeram, radot gl\u012btu un stil\u012bgu akcentu pat neliel\u0101s telp\u0101s. Izgatavots o...\" \/>\n<meta name=\"robots\" content=\"index, follow, max-snippet:-1, max-image-preview:large, max-video-preview:-1\" \/>\n<link rel=\"canonical\" href=\"https:\/\/brilune.eu\/lv\/product\/neliels-tv-stativs\/\" \/>\n<meta property=\"og:locale\" content=\"lv_LV\" \/>\n<meta property=\"og:type\" content=\"article\" \/>\n<meta property=\"og:title\" content=\"Neliels TV stat\u012bvs\" \/>\n<meta property=\"og:description\" content=\"\u0160is kompaktais TV stat\u012bvs elegant\u0101 pel\u0113k\u0101 un balt\u0101 kr\u0101su sh\u0113m\u0101 ir lieliski piem\u0113rots m\u016bsdien\u012bgam interjeram, radot gl\u012btu un stil\u012bgu akcentu pat neliel\u0101s telp\u0101s. Izgatavots o...\" \/>\n<meta property=\"og:url\" content=\"https:\/\/brilune.eu\/lv\/product\/neliels-tv-stativs\/\" \/>\n<meta property=\"og:site_name\" content=\"Brilune\" \/>\n<meta property=\"article:modified_time\" content=\"2025-02-19T11:32:55+00:00\" \/>\n<meta property=\"og:image\" content=\"https:\/\/brilune.eu\/wp-content\/uploads\/2025\/01\/13203897.png\" \/>\n\t<meta property=\"og:image:width\" content=\"800\" \/>\n\t<meta property=\"og:image:height\" content=\"800\" \/>\n\t<meta property=\"og:image:type\" content=\"image\/png\" \/>\n<meta name=\"twitter:card\" content=\"summary_large_image\" \/>\n<script type=\"application\/ld+json\" class=\"yoast-schema-graph\">{\"@context\":\"https:\/\/schema.org\",\"@graph\":[{\"@type\":\"WebPage\",\"@id\":\"https:\/\/brilune.eu\/lv\/product\/neliels-tv-stativs\/\",\"url\":\"https:\/\/brilune.eu\/lv\/product\/neliels-tv-stativs\/\",\"name\":\"Neliels TV stat\u012bvs\",\"isPartOf\":{\"@id\":\"https:\/\/brilune.eu\/lv\/#website\"},\"primaryImageOfPage\":{\"@id\":\"https:\/\/brilune.eu\/lv\/product\/neliels-tv-stativs\/#primaryimage\"},\"image\":{\"@id\":\"https:\/\/brilune.eu\/lv\/product\/neliels-tv-stativs\/#primaryimage\"},\"thumbnailUrl\":\"https:\/\/brilune.eu\/wp-content\/uploads\/2025\/01\/13203897.png\",\"datePublished\":\"2025-02-19T11:12:06+00:00\",\"dateModified\":\"2025-02-19T11:32:55+00:00\",\"description\":\"\u0160is kompaktais TV stat\u012bvs elegant\u0101 pel\u0113k\u0101 un balt\u0101 kr\u0101su sh\u0113m\u0101 ir lieliski piem\u0113rots m\u016bsdien\u012bgam interjeram, radot gl\u012btu un stil\u012bgu akcentu pat neliel\u0101s telp\u0101s. Izgatavots o...\",\"breadcrumb\":{\"@id\":\"https:\/\/brilune.eu\/lv\/product\/neliels-tv-stativs\/#breadcrumb\"},\"inLanguage\":\"lv-LV\",\"potentialAction\":[{\"@type\":\"ReadAction\",\"target\":[\"https:\/\/brilune.eu\/lv\/product\/neliels-tv-stativs\/\"]}]},{\"@type\":\"ImageObject\",\"inLanguage\":\"lv-LV\",\"@id\":\"https:\/\/brilune.eu\/lv\/product\/neliels-tv-stativs\/#primaryimage\",\"url\":\"https:\/\/brilune.eu\/wp-content\/uploads\/2025\/01\/13203897.png\",\"contentUrl\":\"https:\/\/brilune.eu\/wp-content\/uploads\/2025\/01\/13203897.png\",\"width\":800,\"height\":800},{\"@type\":\"BreadcrumbList\",\"@id\":\"https:\/\/brilune.eu\/lv\/product\/neliels-tv-stativs\/#breadcrumb\",\"itemListElement\":[{\"@type\":\"ListItem\",\"position\":1,\"name\":\"S\u0101kums\",\"item\":\"https:\/\/brilune.eu\/lv\/brilune-mebeles\/\"},{\"@type\":\"ListItem\",\"position\":2,\"name\":\"Visi produkti\",\"item\":\"https:\/\/brilune.eu\/lv\/shop\/\"},{\"@type\":\"ListItem\",\"position\":3,\"name\":\"Neliels TV stat\u012bvs\"}]},{\"@type\":\"WebSite\",\"@id\":\"https:\/\/brilune.eu\/lv\/#website\",\"url\":\"https:\/\/brilune.eu\/lv\/\",\"name\":\"Brilune\",\"description\":\"M\u0113s pied\u0101v\u0101jam unik\u0101lus un nebiju\u0161us dizainus, kas apvieno eleganci, funkcionalit\u0101ti un rado\u0161umu.\",\"potentialAction\":[{\"@type\":\"SearchAction\",\"target\":{\"@type\":\"EntryPoint\",\"urlTemplate\":\"https:\/\/brilune.eu\/lv\/?s={search_term_string}\"},\"query-input\":{\"@type\":\"PropertyValueSpecification\",\"valueRequired\":true,\"valueName\":\"search_term_string\"}}],\"inLanguage\":\"lv-LV\"}]}<\/script>\n<!-- \/ Yoast SEO plugin. -->","yoast_head_json":{"title":"Neliels TV stat\u012bvs","description":"\u0160is kompaktais TV stat\u012bvs elegant\u0101 pel\u0113k\u0101 un balt\u0101 kr\u0101su sh\u0113m\u0101 ir lieliski piem\u0113rots m\u016bsdien\u012bgam interjeram, radot gl\u012btu un stil\u012bgu akcentu pat neliel\u0101s telp\u0101s. Izgatavots o...","robots":{"index":"index","follow":"follow","max-snippet":"max-snippet:-1","max-image-preview":"max-image-preview:large","max-video-preview":"max-video-preview:-1"},"canonical":"https:\/\/brilune.eu\/lv\/product\/neliels-tv-stativs\/","og_locale":"lv_LV","og_type":"article","og_title":"Neliels TV stat\u012bvs","og_description":"\u0160is kompaktais TV stat\u012bvs elegant\u0101 pel\u0113k\u0101 un balt\u0101 kr\u0101su sh\u0113m\u0101 ir lieliski piem\u0113rots m\u016bsdien\u012bgam interjeram, radot gl\u012btu un stil\u012bgu akcentu pat neliel\u0101s telp\u0101s. Izgatavots o...","og_url":"https:\/\/brilune.eu\/lv\/product\/neliels-tv-stativs\/","og_site_name":"Brilune","article_modified_time":"2025-02-19T11:32:55+00:00","og_image":[{"width":800,"height":800,"url":"https:\/\/brilune.eu\/wp-content\/uploads\/2025\/01\/13203897.png","type":"image\/png"}],"twitter_card":"summary_large_image","schema":{"@context":"https:\/\/schema.org","@graph":[{"@type":"WebPage","@id":"https:\/\/brilune.eu\/lv\/product\/neliels-tv-stativs\/","url":"https:\/\/brilune.eu\/lv\/product\/neliels-tv-stativs\/","name":"Neliels TV stat\u012bvs","isPartOf":{"@id":"https:\/\/brilune.eu\/lv\/#website"},"primaryImageOfPage":{"@id":"https:\/\/brilune.eu\/lv\/product\/neliels-tv-stativs\/#primaryimage"},"image":{"@id":"https:\/\/brilune.eu\/lv\/product\/neliels-tv-stativs\/#primaryimage"},"thumbnailUrl":"https:\/\/brilune.eu\/wp-content\/uploads\/2025\/01\/13203897.png","datePublished":"2025-02-19T11:12:06+00:00","dateModified":"2025-02-19T11:32:55+00:00","description":"\u0160is kompaktais TV stat\u012bvs elegant\u0101 pel\u0113k\u0101 un balt\u0101 kr\u0101su sh\u0113m\u0101 ir lieliski piem\u0113rots m\u016bsdien\u012bgam interjeram, radot gl\u012btu un stil\u012bgu akcentu pat neliel\u0101s telp\u0101s. Izgatavots o...","breadcrumb":{"@id":"https:\/\/brilune.eu\/lv\/product\/neliels-tv-stativs\/#breadcrumb"},"inLanguage":"lv-LV","potentialAction":[{"@type":"ReadAction","target":["https:\/\/brilune.eu\/lv\/product\/neliels-tv-stativs\/"]}]},{"@type":"ImageObject","inLanguage":"lv-LV","@id":"https:\/\/brilune.eu\/lv\/product\/neliels-tv-stativs\/#primaryimage","url":"https:\/\/brilune.eu\/wp-content\/uploads\/2025\/01\/13203897.png","contentUrl":"https:\/\/brilune.eu\/wp-content\/uploads\/2025\/01\/13203897.png","width":800,"height":800},{"@type":"BreadcrumbList","@id":"https:\/\/brilune.eu\/lv\/product\/neliels-tv-stativs\/#breadcrumb","itemListElement":[{"@type":"ListItem","position":1,"name":"S\u0101kums","item":"https:\/\/brilune.eu\/lv\/brilune-mebeles\/"},{"@type":"ListItem","position":2,"name":"Visi produkti","item":"https:\/\/brilune.eu\/lv\/shop\/"},{"@type":"ListItem","position":3,"name":"Neliels TV stat\u012bvs"}]},{"@type":"WebSite","@id":"https:\/\/brilune.eu\/lv\/#website","url":"https:\/\/brilune.eu\/lv\/","name":"Brilune","description":"M\u0113s pied\u0101v\u0101jam unik\u0101lus un nebiju\u0161us dizainus, kas apvieno eleganci, funkcionalit\u0101ti un rado\u0161umu.","potentialAction":[{"@type":"SearchAction","target":{"@type":"EntryPoint","urlTemplate":"https:\/\/brilune.eu\/lv\/?s={search_term_string}"},"query-input":{"@type":"PropertyValueSpecification","valueRequired":true,"valueName":"search_term_string"}}],"inLanguage":"lv-LV"}]}},"jetpack_sharing_enabled":true,"_links":{"self":[{"href":"https:\/\/brilune.eu\/lv\/wp-json\/wp\/v2\/product\/39249","targetHints":{"allow":["GET"]}}],"collection":[{"href":"https:\/\/brilune.eu\/lv\/wp-json\/wp\/v2\/product"}],"about":[{"href":"https:\/\/brilune.eu\/lv\/wp-json\/wp\/v2\/types\/product"}],"replies":[{"embeddable":true,"href":"https:\/\/brilune.eu\/lv\/wp-json\/wp\/v2\/comments?post=39249"}],"version-history":[{"count":1,"href":"https:\/\/brilune.eu\/lv\/wp-json\/wp\/v2\/product\/39249\/revisions"}],"predecessor-version":[{"id":39290,"href":"https:\/\/brilune.eu\/lv\/wp-json\/wp\/v2\/product\/39249\/revisions\/39290"}],"wp:featuredmedia":[{"embeddable":true,"href":"https:\/\/brilune.eu\/lv\/wp-json\/wp\/v2\/media\/11562"}],"wp:attachment":[{"href":"https:\/\/brilune.eu\/lv\/wp-json\/wp\/v2\/media?parent=39249"}],"wp:term":[{"taxonomy":"product_brand","embeddable":true,"href":"https:\/\/brilune.eu\/lv\/wp-json\/wp\/v2\/product_brand?post=39249"},{"taxonomy":"product_cat","embeddable":true,"href":"https:\/\/brilune.eu\/lv\/wp-json\/wp\/v2\/product_cat?post=39249"},{"taxonomy":"product_tag","embeddable":true,"href":"https:\/\/brilune.eu\/lv\/wp-json\/wp\/v2\/product_tag?post=39249"}],"curies":[{"name":"wp","href":"https:\/\/api.w.org\/{rel}","templated":true}]}}