{"id":39229,"date":"2025-02-19T13:12:04","date_gmt":"2025-02-19T11:12:04","guid":{"rendered":"https:\/\/brilune.eu\/?post_type=product&#038;p=39229"},"modified":"2025-02-19T13:32:49","modified_gmt":"2025-02-19T11:32:49","slug":"musdienigs-tv-stativs-10","status":"publish","type":"product","link":"https:\/\/brilune.eu\/lv\/product\/musdienigs-tv-stativs-10\/","title":{"rendered":"M\u016bsdien\u012bgs TV stat\u012bvs"},"content":{"rendered":"<p>\u0160im stil\u012bgajam televizora stat\u012bvam ir m\u016bsdien\u012bgs dizains, kas apvieno dabiskos un baltos to\u0146us, lai j\u016bsu m\u0101j\u0101s rad\u012btu svaigu un m\u0101j\u012bgu saj\u016btu. Izgatavots no kvalitat\u012bva koka, tam ir vienk\u0101r\u0161a un eleganta forma, kas padara to par ide\u0101lu risin\u0101jumu viesistabai vai gu\u013camistabai. Skapis ir apr\u012bkots ar trim \u0113rt\u0101m atvilktn\u0113m nelielu priek\u0161metu glab\u0101\u0161anai un atv\u0113rtu plauktu apr\u012bkojuma vai dekoru novieto\u0161anai, radot k\u0101rt\u012bbu un komfortu. Komplekt\u0101 ietilpst caurumi mont\u0101\u017eai, kuriem nav nepiecie\u0161ama papildu urb\u0161ana. Izm\u0113ri: 140\u00d730\u00d742 cm. Materi\u0101li: koks.<\/p>\n","protected":false},"excerpt":{"rendered":"<p>\u0160im stil\u012bgajam televizora stat\u012bvam ir m\u016bsdien\u012bgs dizains, kas apvieno dabiskos un baltos to\u0146us, lai j\u016bsu m\u0101j\u0101s rad\u012btu svaigu un m\u0101j\u012bgu saj\u016btu. Izgatavots no kvalitat\u012bva koka,&#8230;<\/p>\n","protected":false},"featured_media":11550,"comment_status":"open","ping_status":"closed","template":"","meta":[],"product_brand":[],"product_cat":[2963,5640],"product_tag":[],"class_list":{"0":"post-39229","1":"product","2":"type-product","3":"status-publish","4":"has-post-thumbnail","6":"product_cat-tv-stativi-un-izklaides-centri-kratuve-2","7":"product_cat-tv-stativi-un-izklaides-centri-kratuve-2-5","9":"first","10":"instock","11":"shipping-taxable","12":"purchasable","13":"product-type-simple"},"yoast_head":"<!-- This site is optimized with the Yoast SEO plugin v26.0 - https:\/\/yoast.com\/wordpress\/plugins\/seo\/ -->\n<title>M\u016bsdien\u012bgs TV stat\u012bvs<\/title>\n<meta name=\"description\" content=\"\u0160im stil\u012bgajam televizora stat\u012bvam ir m\u016bsdien\u012bgs dizains, kas apvieno dabiskos un baltos to\u0146us, lai j\u016bsu m\u0101j\u0101s rad\u012btu svaigu un m\u0101j\u012bgu saj\u016btu. Izgatavots no kvalitat\u012bva koka,...\" \/>\n<meta name=\"robots\" content=\"index, follow, max-snippet:-1, max-image-preview:large, max-video-preview:-1\" \/>\n<link rel=\"canonical\" href=\"https:\/\/brilune.eu\/lv\/product\/musdienigs-tv-stativs-10\/\" \/>\n<meta property=\"og:locale\" content=\"lv_LV\" \/>\n<meta property=\"og:type\" content=\"article\" \/>\n<meta property=\"og:title\" content=\"M\u016bsdien\u012bgs TV stat\u012bvs\" \/>\n<meta property=\"og:description\" content=\"\u0160im stil\u012bgajam televizora stat\u012bvam ir m\u016bsdien\u012bgs dizains, kas apvieno dabiskos un baltos to\u0146us, lai j\u016bsu m\u0101j\u0101s rad\u012btu svaigu un m\u0101j\u012bgu saj\u016btu. Izgatavots no kvalitat\u012bva koka,...\" \/>\n<meta property=\"og:url\" content=\"https:\/\/brilune.eu\/lv\/product\/musdienigs-tv-stativs-10\/\" \/>\n<meta property=\"og:site_name\" content=\"Brilune\" \/>\n<meta property=\"article:modified_time\" content=\"2025-02-19T11:32:49+00:00\" \/>\n<meta property=\"og:image\" content=\"https:\/\/brilune.eu\/wp-content\/uploads\/2025\/01\/13229883.png\" \/>\n\t<meta property=\"og:image:width\" content=\"800\" \/>\n\t<meta property=\"og:image:height\" content=\"800\" \/>\n\t<meta property=\"og:image:type\" content=\"image\/png\" \/>\n<meta name=\"twitter:card\" content=\"summary_large_image\" \/>\n<meta name=\"twitter:label1\" content=\"Est. reading time\" \/>\n\t<meta name=\"twitter:data1\" content=\"1 minute\" \/>\n<script type=\"application\/ld+json\" class=\"yoast-schema-graph\">{\"@context\":\"https:\/\/schema.org\",\"@graph\":[{\"@type\":\"WebPage\",\"@id\":\"https:\/\/brilune.eu\/lv\/product\/musdienigs-tv-stativs-10\/\",\"url\":\"https:\/\/brilune.eu\/lv\/product\/musdienigs-tv-stativs-10\/\",\"name\":\"M\u016bsdien\u012bgs TV stat\u012bvs\",\"isPartOf\":{\"@id\":\"https:\/\/brilune.eu\/lv\/#website\"},\"primaryImageOfPage\":{\"@id\":\"https:\/\/brilune.eu\/lv\/product\/musdienigs-tv-stativs-10\/#primaryimage\"},\"image\":{\"@id\":\"https:\/\/brilune.eu\/lv\/product\/musdienigs-tv-stativs-10\/#primaryimage\"},\"thumbnailUrl\":\"https:\/\/brilune.eu\/wp-content\/uploads\/2025\/01\/13229883.png\",\"datePublished\":\"2025-02-19T11:12:04+00:00\",\"dateModified\":\"2025-02-19T11:32:49+00:00\",\"description\":\"\u0160im stil\u012bgajam televizora stat\u012bvam ir m\u016bsdien\u012bgs dizains, kas apvieno dabiskos un baltos to\u0146us, lai j\u016bsu m\u0101j\u0101s rad\u012btu svaigu un m\u0101j\u012bgu saj\u016btu. Izgatavots no kvalitat\u012bva koka,...\",\"breadcrumb\":{\"@id\":\"https:\/\/brilune.eu\/lv\/product\/musdienigs-tv-stativs-10\/#breadcrumb\"},\"inLanguage\":\"lv-LV\",\"potentialAction\":[{\"@type\":\"ReadAction\",\"target\":[\"https:\/\/brilune.eu\/lv\/product\/musdienigs-tv-stativs-10\/\"]}]},{\"@type\":\"ImageObject\",\"inLanguage\":\"lv-LV\",\"@id\":\"https:\/\/brilune.eu\/lv\/product\/musdienigs-tv-stativs-10\/#primaryimage\",\"url\":\"https:\/\/brilune.eu\/wp-content\/uploads\/2025\/01\/13229883.png\",\"contentUrl\":\"https:\/\/brilune.eu\/wp-content\/uploads\/2025\/01\/13229883.png\",\"width\":800,\"height\":800},{\"@type\":\"BreadcrumbList\",\"@id\":\"https:\/\/brilune.eu\/lv\/product\/musdienigs-tv-stativs-10\/#breadcrumb\",\"itemListElement\":[{\"@type\":\"ListItem\",\"position\":1,\"name\":\"S\u0101kums\",\"item\":\"https:\/\/brilune.eu\/lv\/brilune-mebeles\/\"},{\"@type\":\"ListItem\",\"position\":2,\"name\":\"Visi produkti\",\"item\":\"https:\/\/brilune.eu\/lv\/shop\/\"},{\"@type\":\"ListItem\",\"position\":3,\"name\":\"M\u016bsdien\u012bgs TV stat\u012bvs\"}]},{\"@type\":\"WebSite\",\"@id\":\"https:\/\/brilune.eu\/lv\/#website\",\"url\":\"https:\/\/brilune.eu\/lv\/\",\"name\":\"Brilune\",\"description\":\"M\u0113s pied\u0101v\u0101jam unik\u0101lus un nebiju\u0161us dizainus, kas apvieno eleganci, funkcionalit\u0101ti un rado\u0161umu.\",\"potentialAction\":[{\"@type\":\"SearchAction\",\"target\":{\"@type\":\"EntryPoint\",\"urlTemplate\":\"https:\/\/brilune.eu\/lv\/?s={search_term_string}\"},\"query-input\":{\"@type\":\"PropertyValueSpecification\",\"valueRequired\":true,\"valueName\":\"search_term_string\"}}],\"inLanguage\":\"lv-LV\"}]}<\/script>\n<!-- \/ Yoast SEO plugin. -->","yoast_head_json":{"title":"M\u016bsdien\u012bgs TV stat\u012bvs","description":"\u0160im stil\u012bgajam televizora stat\u012bvam ir m\u016bsdien\u012bgs dizains, kas apvieno dabiskos un baltos to\u0146us, lai j\u016bsu m\u0101j\u0101s rad\u012btu svaigu un m\u0101j\u012bgu saj\u016btu. Izgatavots no kvalitat\u012bva koka,...","robots":{"index":"index","follow":"follow","max-snippet":"max-snippet:-1","max-image-preview":"max-image-preview:large","max-video-preview":"max-video-preview:-1"},"canonical":"https:\/\/brilune.eu\/lv\/product\/musdienigs-tv-stativs-10\/","og_locale":"lv_LV","og_type":"article","og_title":"M\u016bsdien\u012bgs TV stat\u012bvs","og_description":"\u0160im stil\u012bgajam televizora stat\u012bvam ir m\u016bsdien\u012bgs dizains, kas apvieno dabiskos un baltos to\u0146us, lai j\u016bsu m\u0101j\u0101s rad\u012btu svaigu un m\u0101j\u012bgu saj\u016btu. Izgatavots no kvalitat\u012bva koka,...","og_url":"https:\/\/brilune.eu\/lv\/product\/musdienigs-tv-stativs-10\/","og_site_name":"Brilune","article_modified_time":"2025-02-19T11:32:49+00:00","og_image":[{"width":800,"height":800,"url":"https:\/\/brilune.eu\/wp-content\/uploads\/2025\/01\/13229883.png","type":"image\/png"}],"twitter_card":"summary_large_image","twitter_misc":{"Est. reading time":"1 minute"},"schema":{"@context":"https:\/\/schema.org","@graph":[{"@type":"WebPage","@id":"https:\/\/brilune.eu\/lv\/product\/musdienigs-tv-stativs-10\/","url":"https:\/\/brilune.eu\/lv\/product\/musdienigs-tv-stativs-10\/","name":"M\u016bsdien\u012bgs TV stat\u012bvs","isPartOf":{"@id":"https:\/\/brilune.eu\/lv\/#website"},"primaryImageOfPage":{"@id":"https:\/\/brilune.eu\/lv\/product\/musdienigs-tv-stativs-10\/#primaryimage"},"image":{"@id":"https:\/\/brilune.eu\/lv\/product\/musdienigs-tv-stativs-10\/#primaryimage"},"thumbnailUrl":"https:\/\/brilune.eu\/wp-content\/uploads\/2025\/01\/13229883.png","datePublished":"2025-02-19T11:12:04+00:00","dateModified":"2025-02-19T11:32:49+00:00","description":"\u0160im stil\u012bgajam televizora stat\u012bvam ir m\u016bsdien\u012bgs dizains, kas apvieno dabiskos un baltos to\u0146us, lai j\u016bsu m\u0101j\u0101s rad\u012btu svaigu un m\u0101j\u012bgu saj\u016btu. Izgatavots no kvalitat\u012bva koka,...","breadcrumb":{"@id":"https:\/\/brilune.eu\/lv\/product\/musdienigs-tv-stativs-10\/#breadcrumb"},"inLanguage":"lv-LV","potentialAction":[{"@type":"ReadAction","target":["https:\/\/brilune.eu\/lv\/product\/musdienigs-tv-stativs-10\/"]}]},{"@type":"ImageObject","inLanguage":"lv-LV","@id":"https:\/\/brilune.eu\/lv\/product\/musdienigs-tv-stativs-10\/#primaryimage","url":"https:\/\/brilune.eu\/wp-content\/uploads\/2025\/01\/13229883.png","contentUrl":"https:\/\/brilune.eu\/wp-content\/uploads\/2025\/01\/13229883.png","width":800,"height":800},{"@type":"BreadcrumbList","@id":"https:\/\/brilune.eu\/lv\/product\/musdienigs-tv-stativs-10\/#breadcrumb","itemListElement":[{"@type":"ListItem","position":1,"name":"S\u0101kums","item":"https:\/\/brilune.eu\/lv\/brilune-mebeles\/"},{"@type":"ListItem","position":2,"name":"Visi produkti","item":"https:\/\/brilune.eu\/lv\/shop\/"},{"@type":"ListItem","position":3,"name":"M\u016bsdien\u012bgs TV stat\u012bvs"}]},{"@type":"WebSite","@id":"https:\/\/brilune.eu\/lv\/#website","url":"https:\/\/brilune.eu\/lv\/","name":"Brilune","description":"M\u0113s pied\u0101v\u0101jam unik\u0101lus un nebiju\u0161us dizainus, kas apvieno eleganci, funkcionalit\u0101ti un rado\u0161umu.","potentialAction":[{"@type":"SearchAction","target":{"@type":"EntryPoint","urlTemplate":"https:\/\/brilune.eu\/lv\/?s={search_term_string}"},"query-input":{"@type":"PropertyValueSpecification","valueRequired":true,"valueName":"search_term_string"}}],"inLanguage":"lv-LV"}]}},"jetpack_sharing_enabled":true,"_links":{"self":[{"href":"https:\/\/brilune.eu\/lv\/wp-json\/wp\/v2\/product\/39229","targetHints":{"allow":["GET"]}}],"collection":[{"href":"https:\/\/brilune.eu\/lv\/wp-json\/wp\/v2\/product"}],"about":[{"href":"https:\/\/brilune.eu\/lv\/wp-json\/wp\/v2\/types\/product"}],"replies":[{"embeddable":true,"href":"https:\/\/brilune.eu\/lv\/wp-json\/wp\/v2\/comments?post=39229"}],"version-history":[{"count":1,"href":"https:\/\/brilune.eu\/lv\/wp-json\/wp\/v2\/product\/39229\/revisions"}],"predecessor-version":[{"id":39270,"href":"https:\/\/brilune.eu\/lv\/wp-json\/wp\/v2\/product\/39229\/revisions\/39270"}],"wp:featuredmedia":[{"embeddable":true,"href":"https:\/\/brilune.eu\/lv\/wp-json\/wp\/v2\/media\/11550"}],"wp:attachment":[{"href":"https:\/\/brilune.eu\/lv\/wp-json\/wp\/v2\/media?parent=39229"}],"wp:term":[{"taxonomy":"product_brand","embeddable":true,"href":"https:\/\/brilune.eu\/lv\/wp-json\/wp\/v2\/product_brand?post=39229"},{"taxonomy":"product_cat","embeddable":true,"href":"https:\/\/brilune.eu\/lv\/wp-json\/wp\/v2\/product_cat?post=39229"},{"taxonomy":"product_tag","embeddable":true,"href":"https:\/\/brilune.eu\/lv\/wp-json\/wp\/v2\/product_tag?post=39229"}],"curies":[{"name":"wp","href":"https:\/\/api.w.org\/{rel}","templated":true}]}}