{"id":39212,"date":"2025-02-19T13:11:40","date_gmt":"2025-02-19T11:11:40","guid":{"rendered":"https:\/\/brilune.eu\/?post_type=product&#038;p=39212"},"modified":"2025-02-19T13:32:43","modified_gmt":"2025-02-19T11:32:43","slug":"tv-stativs-38","status":"publish","type":"product","link":"https:\/\/brilune.eu\/lv\/product\/tv-stativs-38\/","title":{"rendered":"TV stat\u012bvs"},"content":{"rendered":"<p>Iespaid\u012bgs mas\u012bva melna riekstkoka televizora stat\u012bvs b\u016bs viesistabas centr\u0101lais elements, pie\u0161\u0137irot interjeram \u012bpa\u0161u piesk\u0101rienu. \u010cetru atvilkt\u0146u un divu skapju kombin\u0101cija padara to neticami \u0113rtu un ietilp\u012bgu, un ieb\u016bv\u0113t\u0101 kabe\u013cu vad\u012bba vienk\u0101r\u0161o vadu organiz\u0113\u0161anu. T\u0101s dzi\u013cais nokr\u0101sa un meln\u0101 valriekstu tekst\u016bra pie\u0161\u0137ir telpai izsmalcin\u0101t\u012bbu un m\u016bsdien\u012bgumu. Izm\u0113ri: 230\u00d740\u00d745 cm. Materi\u0101li: ciets melns valrieksts.<\/p>\n","protected":false},"excerpt":{"rendered":"<p>Iespaid\u012bgs mas\u012bva melna riekstkoka televizora stat\u012bvs b\u016bs viesistabas centr\u0101lais elements, pie\u0161\u0137irot interjeram \u012bpa\u0161u piesk\u0101rienu. \u010cetru atvilkt\u0146u un&#8230;<\/p>\n","protected":false},"featured_media":11491,"comment_status":"open","ping_status":"closed","template":"","meta":[],"product_brand":[],"product_cat":[2963,5640],"product_tag":[],"class_list":{"0":"post-39212","1":"product","2":"type-product","3":"status-publish","4":"has-post-thumbnail","6":"product_cat-tv-stativi-un-izklaides-centri-kratuve-2","7":"product_cat-tv-stativi-un-izklaides-centri-kratuve-2-5","9":"first","10":"instock","11":"shipping-taxable","12":"purchasable","13":"product-type-simple"},"yoast_head":"<!-- This site is optimized with the Yoast SEO plugin v26.0 - https:\/\/yoast.com\/wordpress\/plugins\/seo\/ -->\n<title>TV stat\u012bvs<\/title>\n<meta name=\"description\" content=\"Iespaid\u012bgs mas\u012bva melna riekstkoka televizora stat\u012bvs b\u016bs viesistabas centr\u0101lais elements, pie\u0161\u0137irot interjeram \u012bpa\u0161u piesk\u0101rienu. \u010cetru atvilkt\u0146u un...\" \/>\n<meta name=\"robots\" content=\"index, follow, max-snippet:-1, max-image-preview:large, max-video-preview:-1\" \/>\n<link rel=\"canonical\" href=\"https:\/\/brilune.eu\/lv\/product\/tv-stativs-38\/\" \/>\n<meta property=\"og:locale\" content=\"lv_LV\" \/>\n<meta property=\"og:type\" content=\"article\" \/>\n<meta property=\"og:title\" content=\"TV stat\u012bvs\" \/>\n<meta property=\"og:description\" content=\"Iespaid\u012bgs mas\u012bva melna riekstkoka televizora stat\u012bvs b\u016bs viesistabas centr\u0101lais elements, pie\u0161\u0137irot interjeram \u012bpa\u0161u piesk\u0101rienu. \u010cetru atvilkt\u0146u un...\" \/>\n<meta property=\"og:url\" content=\"https:\/\/brilune.eu\/lv\/product\/tv-stativs-38\/\" \/>\n<meta property=\"og:site_name\" content=\"Brilune\" \/>\n<meta property=\"article:modified_time\" content=\"2025-02-19T11:32:43+00:00\" \/>\n<meta property=\"og:image\" content=\"https:\/\/brilune.eu\/wp-content\/uploads\/2025\/01\/13237738.png\" \/>\n\t<meta property=\"og:image:width\" content=\"800\" \/>\n\t<meta property=\"og:image:height\" content=\"800\" \/>\n\t<meta property=\"og:image:type\" content=\"image\/png\" \/>\n<meta name=\"twitter:card\" content=\"summary_large_image\" \/>\n<script type=\"application\/ld+json\" class=\"yoast-schema-graph\">{\"@context\":\"https:\/\/schema.org\",\"@graph\":[{\"@type\":\"WebPage\",\"@id\":\"https:\/\/brilune.eu\/lv\/product\/tv-stativs-38\/\",\"url\":\"https:\/\/brilune.eu\/lv\/product\/tv-stativs-38\/\",\"name\":\"TV stat\u012bvs\",\"isPartOf\":{\"@id\":\"https:\/\/brilune.eu\/lv\/#website\"},\"primaryImageOfPage\":{\"@id\":\"https:\/\/brilune.eu\/lv\/product\/tv-stativs-38\/#primaryimage\"},\"image\":{\"@id\":\"https:\/\/brilune.eu\/lv\/product\/tv-stativs-38\/#primaryimage\"},\"thumbnailUrl\":\"https:\/\/brilune.eu\/wp-content\/uploads\/2025\/01\/13237738.png\",\"datePublished\":\"2025-02-19T11:11:40+00:00\",\"dateModified\":\"2025-02-19T11:32:43+00:00\",\"description\":\"Iespaid\u012bgs mas\u012bva melna riekstkoka televizora stat\u012bvs b\u016bs viesistabas centr\u0101lais elements, pie\u0161\u0137irot interjeram \u012bpa\u0161u piesk\u0101rienu. \u010cetru atvilkt\u0146u un...\",\"breadcrumb\":{\"@id\":\"https:\/\/brilune.eu\/lv\/product\/tv-stativs-38\/#breadcrumb\"},\"inLanguage\":\"lv-LV\",\"potentialAction\":[{\"@type\":\"ReadAction\",\"target\":[\"https:\/\/brilune.eu\/lv\/product\/tv-stativs-38\/\"]}]},{\"@type\":\"ImageObject\",\"inLanguage\":\"lv-LV\",\"@id\":\"https:\/\/brilune.eu\/lv\/product\/tv-stativs-38\/#primaryimage\",\"url\":\"https:\/\/brilune.eu\/wp-content\/uploads\/2025\/01\/13237738.png\",\"contentUrl\":\"https:\/\/brilune.eu\/wp-content\/uploads\/2025\/01\/13237738.png\",\"width\":800,\"height\":800},{\"@type\":\"BreadcrumbList\",\"@id\":\"https:\/\/brilune.eu\/lv\/product\/tv-stativs-38\/#breadcrumb\",\"itemListElement\":[{\"@type\":\"ListItem\",\"position\":1,\"name\":\"S\u0101kums\",\"item\":\"https:\/\/brilune.eu\/lv\/brilune-mebeles\/\"},{\"@type\":\"ListItem\",\"position\":2,\"name\":\"Visi produkti\",\"item\":\"https:\/\/brilune.eu\/lv\/shop\/\"},{\"@type\":\"ListItem\",\"position\":3,\"name\":\"TV stat\u012bvs\"}]},{\"@type\":\"WebSite\",\"@id\":\"https:\/\/brilune.eu\/lv\/#website\",\"url\":\"https:\/\/brilune.eu\/lv\/\",\"name\":\"Brilune\",\"description\":\"M\u0113s pied\u0101v\u0101jam unik\u0101lus un nebiju\u0161us dizainus, kas apvieno eleganci, funkcionalit\u0101ti un rado\u0161umu.\",\"potentialAction\":[{\"@type\":\"SearchAction\",\"target\":{\"@type\":\"EntryPoint\",\"urlTemplate\":\"https:\/\/brilune.eu\/lv\/?s={search_term_string}\"},\"query-input\":{\"@type\":\"PropertyValueSpecification\",\"valueRequired\":true,\"valueName\":\"search_term_string\"}}],\"inLanguage\":\"lv-LV\"}]}<\/script>\n<!-- \/ Yoast SEO plugin. -->","yoast_head_json":{"title":"TV stat\u012bvs","description":"Iespaid\u012bgs mas\u012bva melna riekstkoka televizora stat\u012bvs b\u016bs viesistabas centr\u0101lais elements, pie\u0161\u0137irot interjeram \u012bpa\u0161u piesk\u0101rienu. \u010cetru atvilkt\u0146u un...","robots":{"index":"index","follow":"follow","max-snippet":"max-snippet:-1","max-image-preview":"max-image-preview:large","max-video-preview":"max-video-preview:-1"},"canonical":"https:\/\/brilune.eu\/lv\/product\/tv-stativs-38\/","og_locale":"lv_LV","og_type":"article","og_title":"TV stat\u012bvs","og_description":"Iespaid\u012bgs mas\u012bva melna riekstkoka televizora stat\u012bvs b\u016bs viesistabas centr\u0101lais elements, pie\u0161\u0137irot interjeram \u012bpa\u0161u piesk\u0101rienu. \u010cetru atvilkt\u0146u un...","og_url":"https:\/\/brilune.eu\/lv\/product\/tv-stativs-38\/","og_site_name":"Brilune","article_modified_time":"2025-02-19T11:32:43+00:00","og_image":[{"width":800,"height":800,"url":"https:\/\/brilune.eu\/wp-content\/uploads\/2025\/01\/13237738.png","type":"image\/png"}],"twitter_card":"summary_large_image","schema":{"@context":"https:\/\/schema.org","@graph":[{"@type":"WebPage","@id":"https:\/\/brilune.eu\/lv\/product\/tv-stativs-38\/","url":"https:\/\/brilune.eu\/lv\/product\/tv-stativs-38\/","name":"TV stat\u012bvs","isPartOf":{"@id":"https:\/\/brilune.eu\/lv\/#website"},"primaryImageOfPage":{"@id":"https:\/\/brilune.eu\/lv\/product\/tv-stativs-38\/#primaryimage"},"image":{"@id":"https:\/\/brilune.eu\/lv\/product\/tv-stativs-38\/#primaryimage"},"thumbnailUrl":"https:\/\/brilune.eu\/wp-content\/uploads\/2025\/01\/13237738.png","datePublished":"2025-02-19T11:11:40+00:00","dateModified":"2025-02-19T11:32:43+00:00","description":"Iespaid\u012bgs mas\u012bva melna riekstkoka televizora stat\u012bvs b\u016bs viesistabas centr\u0101lais elements, pie\u0161\u0137irot interjeram \u012bpa\u0161u piesk\u0101rienu. \u010cetru atvilkt\u0146u un...","breadcrumb":{"@id":"https:\/\/brilune.eu\/lv\/product\/tv-stativs-38\/#breadcrumb"},"inLanguage":"lv-LV","potentialAction":[{"@type":"ReadAction","target":["https:\/\/brilune.eu\/lv\/product\/tv-stativs-38\/"]}]},{"@type":"ImageObject","inLanguage":"lv-LV","@id":"https:\/\/brilune.eu\/lv\/product\/tv-stativs-38\/#primaryimage","url":"https:\/\/brilune.eu\/wp-content\/uploads\/2025\/01\/13237738.png","contentUrl":"https:\/\/brilune.eu\/wp-content\/uploads\/2025\/01\/13237738.png","width":800,"height":800},{"@type":"BreadcrumbList","@id":"https:\/\/brilune.eu\/lv\/product\/tv-stativs-38\/#breadcrumb","itemListElement":[{"@type":"ListItem","position":1,"name":"S\u0101kums","item":"https:\/\/brilune.eu\/lv\/brilune-mebeles\/"},{"@type":"ListItem","position":2,"name":"Visi produkti","item":"https:\/\/brilune.eu\/lv\/shop\/"},{"@type":"ListItem","position":3,"name":"TV stat\u012bvs"}]},{"@type":"WebSite","@id":"https:\/\/brilune.eu\/lv\/#website","url":"https:\/\/brilune.eu\/lv\/","name":"Brilune","description":"M\u0113s pied\u0101v\u0101jam unik\u0101lus un nebiju\u0161us dizainus, kas apvieno eleganci, funkcionalit\u0101ti un rado\u0161umu.","potentialAction":[{"@type":"SearchAction","target":{"@type":"EntryPoint","urlTemplate":"https:\/\/brilune.eu\/lv\/?s={search_term_string}"},"query-input":{"@type":"PropertyValueSpecification","valueRequired":true,"valueName":"search_term_string"}}],"inLanguage":"lv-LV"}]}},"jetpack_sharing_enabled":true,"_links":{"self":[{"href":"https:\/\/brilune.eu\/lv\/wp-json\/wp\/v2\/product\/39212","targetHints":{"allow":["GET"]}}],"collection":[{"href":"https:\/\/brilune.eu\/lv\/wp-json\/wp\/v2\/product"}],"about":[{"href":"https:\/\/brilune.eu\/lv\/wp-json\/wp\/v2\/types\/product"}],"replies":[{"embeddable":true,"href":"https:\/\/brilune.eu\/lv\/wp-json\/wp\/v2\/comments?post=39212"}],"version-history":[{"count":1,"href":"https:\/\/brilune.eu\/lv\/wp-json\/wp\/v2\/product\/39212\/revisions"}],"predecessor-version":[{"id":39264,"href":"https:\/\/brilune.eu\/lv\/wp-json\/wp\/v2\/product\/39212\/revisions\/39264"}],"wp:featuredmedia":[{"embeddable":true,"href":"https:\/\/brilune.eu\/lv\/wp-json\/wp\/v2\/media\/11491"}],"wp:attachment":[{"href":"https:\/\/brilune.eu\/lv\/wp-json\/wp\/v2\/media?parent=39212"}],"wp:term":[{"taxonomy":"product_brand","embeddable":true,"href":"https:\/\/brilune.eu\/lv\/wp-json\/wp\/v2\/product_brand?post=39212"},{"taxonomy":"product_cat","embeddable":true,"href":"https:\/\/brilune.eu\/lv\/wp-json\/wp\/v2\/product_cat?post=39212"},{"taxonomy":"product_tag","embeddable":true,"href":"https:\/\/brilune.eu\/lv\/wp-json\/wp\/v2\/product_tag?post=39212"}],"curies":[{"name":"wp","href":"https:\/\/api.w.org\/{rel}","templated":true}]}}