{"id":39209,"date":"2025-02-19T13:11:39","date_gmt":"2025-02-19T11:11:39","guid":{"rendered":"https:\/\/brilune.eu\/?post_type=product&#038;p=39209"},"modified":"2025-02-19T13:32:43","modified_gmt":"2025-02-19T11:32:43","slug":"tv-stativs-37","status":"publish","type":"product","link":"https:\/\/brilune.eu\/lv\/product\/tv-stativs-37\/","title":{"rendered":"TV stat\u012bvs"},"content":{"rendered":"<p>\u0160is melna riekstkoka televizora stat\u012bvs apvieno stilu un funkcionalit\u0101ti, pie\u0161\u0137irot j\u016bsu telpai m\u016bsdien\u012bgu eleganci. \u010cetras ietilp\u012bgas atvilktnes un divi skapji nodro\u0161ina pietiekami daudz vietas apr\u012bkojuma un piederumu uzglab\u0101\u0161anai, un t\u0101 gudrais dizains ar kabe\u013cu p\u0101rvald\u012bbu pal\u012bdz sak\u0101rtot lietas. Dabisk\u0101 meln\u0101 valrieksta glud\u0101 virsma uzsver \u0161o m\u0113be\u013cu unik\u0101lo raksturu. Izm\u0113ri: 210\u00d740\u00d745 cm. Materi\u0101li: ciets melns valrieksts.<\/p>\n","protected":false},"excerpt":{"rendered":"<p>\u0160is melna riekstkoka televizora stat\u012bvs apvieno stilu un funkcionalit\u0101ti, pie\u0161\u0137irot j\u016bsu telpai m\u016bsdien\u012bgu eleganci. \u010cetras ietilp\u012bgas atvilktnes un divi skapji nodro\u0161ina pla\u0161u uzglab\u0101\u0161anas vietu&#8230;<\/p>\n","protected":false},"featured_media":11491,"comment_status":"open","ping_status":"closed","template":"","meta":[],"product_brand":[],"product_cat":[5640,2963],"product_tag":[],"class_list":{"0":"post-39209","1":"product","2":"type-product","3":"status-publish","4":"has-post-thumbnail","6":"product_cat-tv-stativi-un-izklaides-centri-kratuve-2-5","7":"product_cat-tv-stativi-un-izklaides-centri-kratuve-2","9":"first","10":"instock","11":"shipping-taxable","12":"purchasable","13":"product-type-simple"},"yoast_head":"<!-- This site is optimized with the Yoast SEO plugin v26.0 - https:\/\/yoast.com\/wordpress\/plugins\/seo\/ -->\n<title>TV stat\u012bvs<\/title>\n<meta name=\"description\" content=\"\u0160is melna riekstkoka televizora stat\u012bvs apvieno stilu un funkcionalit\u0101ti, pie\u0161\u0137irot j\u016bsu telpai m\u016bsdien\u012bgu eleganci. \u010cetras ietilp\u012bgas atvilktnes un divi skapji nodro\u0161ina pla\u0161u uzglab\u0101\u0161anas vietu...\" \/>\n<meta name=\"robots\" content=\"index, follow, max-snippet:-1, max-image-preview:large, max-video-preview:-1\" \/>\n<link rel=\"canonical\" href=\"https:\/\/brilune.eu\/lv\/product\/tv-stativs-37\/\" \/>\n<meta property=\"og:locale\" content=\"lv_LV\" \/>\n<meta property=\"og:type\" content=\"article\" \/>\n<meta property=\"og:title\" content=\"TV stat\u012bvs\" \/>\n<meta property=\"og:description\" content=\"\u0160is melna riekstkoka televizora stat\u012bvs apvieno stilu un funkcionalit\u0101ti, pie\u0161\u0137irot j\u016bsu telpai m\u016bsdien\u012bgu eleganci. \u010cetras ietilp\u012bgas atvilktnes un divi skapji nodro\u0161ina pla\u0161u uzglab\u0101\u0161anas vietu...\" \/>\n<meta property=\"og:url\" content=\"https:\/\/brilune.eu\/lv\/product\/tv-stativs-37\/\" \/>\n<meta property=\"og:site_name\" content=\"Brilune\" \/>\n<meta property=\"article:modified_time\" content=\"2025-02-19T11:32:43+00:00\" \/>\n<meta property=\"og:image\" content=\"https:\/\/brilune.eu\/wp-content\/uploads\/2025\/01\/13237738.png\" \/>\n\t<meta property=\"og:image:width\" content=\"800\" \/>\n\t<meta property=\"og:image:height\" content=\"800\" \/>\n\t<meta property=\"og:image:type\" content=\"image\/png\" \/>\n<meta name=\"twitter:card\" content=\"summary_large_image\" \/>\n<script type=\"application\/ld+json\" class=\"yoast-schema-graph\">{\"@context\":\"https:\/\/schema.org\",\"@graph\":[{\"@type\":\"WebPage\",\"@id\":\"https:\/\/brilune.eu\/lv\/product\/tv-stativs-37\/\",\"url\":\"https:\/\/brilune.eu\/lv\/product\/tv-stativs-37\/\",\"name\":\"TV stat\u012bvs\",\"isPartOf\":{\"@id\":\"https:\/\/brilune.eu\/lv\/#website\"},\"primaryImageOfPage\":{\"@id\":\"https:\/\/brilune.eu\/lv\/product\/tv-stativs-37\/#primaryimage\"},\"image\":{\"@id\":\"https:\/\/brilune.eu\/lv\/product\/tv-stativs-37\/#primaryimage\"},\"thumbnailUrl\":\"https:\/\/brilune.eu\/wp-content\/uploads\/2025\/01\/13237738.png\",\"datePublished\":\"2025-02-19T11:11:39+00:00\",\"dateModified\":\"2025-02-19T11:32:43+00:00\",\"description\":\"\u0160is melna riekstkoka televizora stat\u012bvs apvieno stilu un funkcionalit\u0101ti, pie\u0161\u0137irot j\u016bsu telpai m\u016bsdien\u012bgu eleganci. \u010cetras ietilp\u012bgas atvilktnes un divi skapji nodro\u0161ina pla\u0161u uzglab\u0101\u0161anas vietu...\",\"breadcrumb\":{\"@id\":\"https:\/\/brilune.eu\/lv\/product\/tv-stativs-37\/#breadcrumb\"},\"inLanguage\":\"lv-LV\",\"potentialAction\":[{\"@type\":\"ReadAction\",\"target\":[\"https:\/\/brilune.eu\/lv\/product\/tv-stativs-37\/\"]}]},{\"@type\":\"ImageObject\",\"inLanguage\":\"lv-LV\",\"@id\":\"https:\/\/brilune.eu\/lv\/product\/tv-stativs-37\/#primaryimage\",\"url\":\"https:\/\/brilune.eu\/wp-content\/uploads\/2025\/01\/13237738.png\",\"contentUrl\":\"https:\/\/brilune.eu\/wp-content\/uploads\/2025\/01\/13237738.png\",\"width\":800,\"height\":800},{\"@type\":\"BreadcrumbList\",\"@id\":\"https:\/\/brilune.eu\/lv\/product\/tv-stativs-37\/#breadcrumb\",\"itemListElement\":[{\"@type\":\"ListItem\",\"position\":1,\"name\":\"S\u0101kums\",\"item\":\"https:\/\/brilune.eu\/lv\/brilune-mebeles\/\"},{\"@type\":\"ListItem\",\"position\":2,\"name\":\"Visi produkti\",\"item\":\"https:\/\/brilune.eu\/lv\/shop\/\"},{\"@type\":\"ListItem\",\"position\":3,\"name\":\"TV stat\u012bvs\"}]},{\"@type\":\"WebSite\",\"@id\":\"https:\/\/brilune.eu\/lv\/#website\",\"url\":\"https:\/\/brilune.eu\/lv\/\",\"name\":\"Brilune\",\"description\":\"M\u0113s pied\u0101v\u0101jam unik\u0101lus un nebiju\u0161us dizainus, kas apvieno eleganci, funkcionalit\u0101ti un rado\u0161umu.\",\"potentialAction\":[{\"@type\":\"SearchAction\",\"target\":{\"@type\":\"EntryPoint\",\"urlTemplate\":\"https:\/\/brilune.eu\/lv\/?s={search_term_string}\"},\"query-input\":{\"@type\":\"PropertyValueSpecification\",\"valueRequired\":true,\"valueName\":\"search_term_string\"}}],\"inLanguage\":\"lv-LV\"}]}<\/script>\n<!-- \/ Yoast SEO plugin. -->","yoast_head_json":{"title":"TV stat\u012bvs","description":"\u0160is melna riekstkoka televizora stat\u012bvs apvieno stilu un funkcionalit\u0101ti, pie\u0161\u0137irot j\u016bsu telpai m\u016bsdien\u012bgu eleganci. \u010cetras ietilp\u012bgas atvilktnes un divi skapji nodro\u0161ina pla\u0161u uzglab\u0101\u0161anas vietu...","robots":{"index":"index","follow":"follow","max-snippet":"max-snippet:-1","max-image-preview":"max-image-preview:large","max-video-preview":"max-video-preview:-1"},"canonical":"https:\/\/brilune.eu\/lv\/product\/tv-stativs-37\/","og_locale":"lv_LV","og_type":"article","og_title":"TV stat\u012bvs","og_description":"\u0160is melna riekstkoka televizora stat\u012bvs apvieno stilu un funkcionalit\u0101ti, pie\u0161\u0137irot j\u016bsu telpai m\u016bsdien\u012bgu eleganci. \u010cetras ietilp\u012bgas atvilktnes un divi skapji nodro\u0161ina pla\u0161u uzglab\u0101\u0161anas vietu...","og_url":"https:\/\/brilune.eu\/lv\/product\/tv-stativs-37\/","og_site_name":"Brilune","article_modified_time":"2025-02-19T11:32:43+00:00","og_image":[{"width":800,"height":800,"url":"https:\/\/brilune.eu\/wp-content\/uploads\/2025\/01\/13237738.png","type":"image\/png"}],"twitter_card":"summary_large_image","schema":{"@context":"https:\/\/schema.org","@graph":[{"@type":"WebPage","@id":"https:\/\/brilune.eu\/lv\/product\/tv-stativs-37\/","url":"https:\/\/brilune.eu\/lv\/product\/tv-stativs-37\/","name":"TV stat\u012bvs","isPartOf":{"@id":"https:\/\/brilune.eu\/lv\/#website"},"primaryImageOfPage":{"@id":"https:\/\/brilune.eu\/lv\/product\/tv-stativs-37\/#primaryimage"},"image":{"@id":"https:\/\/brilune.eu\/lv\/product\/tv-stativs-37\/#primaryimage"},"thumbnailUrl":"https:\/\/brilune.eu\/wp-content\/uploads\/2025\/01\/13237738.png","datePublished":"2025-02-19T11:11:39+00:00","dateModified":"2025-02-19T11:32:43+00:00","description":"\u0160is melna riekstkoka televizora stat\u012bvs apvieno stilu un funkcionalit\u0101ti, pie\u0161\u0137irot j\u016bsu telpai m\u016bsdien\u012bgu eleganci. \u010cetras ietilp\u012bgas atvilktnes un divi skapji nodro\u0161ina pla\u0161u uzglab\u0101\u0161anas vietu...","breadcrumb":{"@id":"https:\/\/brilune.eu\/lv\/product\/tv-stativs-37\/#breadcrumb"},"inLanguage":"lv-LV","potentialAction":[{"@type":"ReadAction","target":["https:\/\/brilune.eu\/lv\/product\/tv-stativs-37\/"]}]},{"@type":"ImageObject","inLanguage":"lv-LV","@id":"https:\/\/brilune.eu\/lv\/product\/tv-stativs-37\/#primaryimage","url":"https:\/\/brilune.eu\/wp-content\/uploads\/2025\/01\/13237738.png","contentUrl":"https:\/\/brilune.eu\/wp-content\/uploads\/2025\/01\/13237738.png","width":800,"height":800},{"@type":"BreadcrumbList","@id":"https:\/\/brilune.eu\/lv\/product\/tv-stativs-37\/#breadcrumb","itemListElement":[{"@type":"ListItem","position":1,"name":"S\u0101kums","item":"https:\/\/brilune.eu\/lv\/brilune-mebeles\/"},{"@type":"ListItem","position":2,"name":"Visi produkti","item":"https:\/\/brilune.eu\/lv\/shop\/"},{"@type":"ListItem","position":3,"name":"TV stat\u012bvs"}]},{"@type":"WebSite","@id":"https:\/\/brilune.eu\/lv\/#website","url":"https:\/\/brilune.eu\/lv\/","name":"Brilune","description":"M\u0113s pied\u0101v\u0101jam unik\u0101lus un nebiju\u0161us dizainus, kas apvieno eleganci, funkcionalit\u0101ti un rado\u0161umu.","potentialAction":[{"@type":"SearchAction","target":{"@type":"EntryPoint","urlTemplate":"https:\/\/brilune.eu\/lv\/?s={search_term_string}"},"query-input":{"@type":"PropertyValueSpecification","valueRequired":true,"valueName":"search_term_string"}}],"inLanguage":"lv-LV"}]}},"jetpack_sharing_enabled":true,"_links":{"self":[{"href":"https:\/\/brilune.eu\/lv\/wp-json\/wp\/v2\/product\/39209","targetHints":{"allow":["GET"]}}],"collection":[{"href":"https:\/\/brilune.eu\/lv\/wp-json\/wp\/v2\/product"}],"about":[{"href":"https:\/\/brilune.eu\/lv\/wp-json\/wp\/v2\/types\/product"}],"replies":[{"embeddable":true,"href":"https:\/\/brilune.eu\/lv\/wp-json\/wp\/v2\/comments?post=39209"}],"version-history":[{"count":1,"href":"https:\/\/brilune.eu\/lv\/wp-json\/wp\/v2\/product\/39209\/revisions"}],"predecessor-version":[{"id":39261,"href":"https:\/\/brilune.eu\/lv\/wp-json\/wp\/v2\/product\/39209\/revisions\/39261"}],"wp:featuredmedia":[{"embeddable":true,"href":"https:\/\/brilune.eu\/lv\/wp-json\/wp\/v2\/media\/11491"}],"wp:attachment":[{"href":"https:\/\/brilune.eu\/lv\/wp-json\/wp\/v2\/media?parent=39209"}],"wp:term":[{"taxonomy":"product_brand","embeddable":true,"href":"https:\/\/brilune.eu\/lv\/wp-json\/wp\/v2\/product_brand?post=39209"},{"taxonomy":"product_cat","embeddable":true,"href":"https:\/\/brilune.eu\/lv\/wp-json\/wp\/v2\/product_cat?post=39209"},{"taxonomy":"product_tag","embeddable":true,"href":"https:\/\/brilune.eu\/lv\/wp-json\/wp\/v2\/product_tag?post=39209"}],"curies":[{"name":"wp","href":"https:\/\/api.w.org\/{rel}","templated":true}]}}