{"id":39206,"date":"2025-02-19T13:11:38","date_gmt":"2025-02-19T11:11:38","guid":{"rendered":"https:\/\/brilune.eu\/?post_type=product&#038;p=39206"},"modified":"2025-02-19T13:32:41","modified_gmt":"2025-02-19T11:32:41","slug":"tv-stativs-36","status":"publish","type":"product","link":"https:\/\/brilune.eu\/lv\/product\/tv-stativs-36\/","title":{"rendered":"TV stat\u012bvs"},"content":{"rendered":"<p>\u0160is m\u016bsdien\u012bgais melna riekstkoka televizora stat\u012bvs pie\u0161\u0137irs j\u016bsu interjeram izsmalcin\u0101tas elegances gaisu. Skapis ir apr\u012bkots ar \u010detr\u0101m atvilktn\u0113m un diviem ietilp\u012bgiem glab\u0101\u0161anas skapjiem, kas padara to praktisku un \u0113rti lietojamu. Pies\u0101tin\u0101tais melnais valriekstu nokr\u0101sa pie\u0161\u0137ir m\u0113bel\u0113m dzi\u013cumu un stilu, savuk\u0101rt ieb\u016bv\u0113t\u0101 kabe\u013cu vad\u012bba \u013cauj pasl\u0113pt vadus, lai ieg\u016btu gl\u012btu izskatu. Izm\u0113ri: 180\u00d740\u00d745 cm. Materi\u0101li: ciets melns valrieksts.<\/p>\n","protected":false},"excerpt":{"rendered":"<p>\u0160is m\u016bsdien\u012bgais melna riekstkoka televizora stat\u012bvs pie\u0161\u0137irs j\u016bsu interjeram izsmalcin\u0101tas elegances gaisu. Skapis ir apr\u012bkots ar \u010detr\u0101m atvilktn\u0113m un div\u0101m&#8230;<\/p>\n","protected":false},"featured_media":11491,"comment_status":"open","ping_status":"closed","template":"","meta":[],"product_brand":[],"product_cat":[5640,2963],"product_tag":[],"class_list":{"0":"post-39206","1":"product","2":"type-product","3":"status-publish","4":"has-post-thumbnail","6":"product_cat-tv-stativi-un-izklaides-centri-kratuve-2-5","7":"product_cat-tv-stativi-un-izklaides-centri-kratuve-2","9":"first","10":"instock","11":"shipping-taxable","12":"purchasable","13":"product-type-simple"},"yoast_head":"<!-- This site is optimized with the Yoast SEO plugin v26.0 - https:\/\/yoast.com\/wordpress\/plugins\/seo\/ -->\n<title>TV stat\u012bvs<\/title>\n<meta name=\"description\" content=\"\u0160is m\u016bsdien\u012bgais melna riekstkoka televizora stat\u012bvs pie\u0161\u0137irs j\u016bsu interjeram izsmalcin\u0101tas elegances gaisu. Skapis ir apr\u012bkots ar \u010detr\u0101m atvilktn\u0113m un div\u0101m...\" \/>\n<meta name=\"robots\" content=\"index, follow, max-snippet:-1, max-image-preview:large, max-video-preview:-1\" \/>\n<link rel=\"canonical\" href=\"https:\/\/brilune.eu\/lv\/product\/tv-stativs-36\/\" \/>\n<meta property=\"og:locale\" content=\"lv_LV\" \/>\n<meta property=\"og:type\" content=\"article\" \/>\n<meta property=\"og:title\" content=\"TV stat\u012bvs\" \/>\n<meta property=\"og:description\" content=\"\u0160is m\u016bsdien\u012bgais melna riekstkoka televizora stat\u012bvs pie\u0161\u0137irs j\u016bsu interjeram izsmalcin\u0101tas elegances gaisu. Skapis ir apr\u012bkots ar \u010detr\u0101m atvilktn\u0113m un div\u0101m...\" \/>\n<meta property=\"og:url\" content=\"https:\/\/brilune.eu\/lv\/product\/tv-stativs-36\/\" \/>\n<meta property=\"og:site_name\" content=\"Brilune\" \/>\n<meta property=\"article:modified_time\" content=\"2025-02-19T11:32:41+00:00\" \/>\n<meta property=\"og:image\" content=\"https:\/\/brilune.eu\/wp-content\/uploads\/2025\/01\/13237738.png\" \/>\n\t<meta property=\"og:image:width\" content=\"800\" \/>\n\t<meta property=\"og:image:height\" content=\"800\" \/>\n\t<meta property=\"og:image:type\" content=\"image\/png\" \/>\n<meta name=\"twitter:card\" content=\"summary_large_image\" \/>\n<script type=\"application\/ld+json\" class=\"yoast-schema-graph\">{\"@context\":\"https:\/\/schema.org\",\"@graph\":[{\"@type\":\"WebPage\",\"@id\":\"https:\/\/brilune.eu\/lv\/product\/tv-stativs-36\/\",\"url\":\"https:\/\/brilune.eu\/lv\/product\/tv-stativs-36\/\",\"name\":\"TV stat\u012bvs\",\"isPartOf\":{\"@id\":\"https:\/\/brilune.eu\/lv\/#website\"},\"primaryImageOfPage\":{\"@id\":\"https:\/\/brilune.eu\/lv\/product\/tv-stativs-36\/#primaryimage\"},\"image\":{\"@id\":\"https:\/\/brilune.eu\/lv\/product\/tv-stativs-36\/#primaryimage\"},\"thumbnailUrl\":\"https:\/\/brilune.eu\/wp-content\/uploads\/2025\/01\/13237738.png\",\"datePublished\":\"2025-02-19T11:11:38+00:00\",\"dateModified\":\"2025-02-19T11:32:41+00:00\",\"description\":\"\u0160is m\u016bsdien\u012bgais melna riekstkoka televizora stat\u012bvs pie\u0161\u0137irs j\u016bsu interjeram izsmalcin\u0101tas elegances gaisu. Skapis ir apr\u012bkots ar \u010detr\u0101m atvilktn\u0113m un div\u0101m...\",\"breadcrumb\":{\"@id\":\"https:\/\/brilune.eu\/lv\/product\/tv-stativs-36\/#breadcrumb\"},\"inLanguage\":\"lv-LV\",\"potentialAction\":[{\"@type\":\"ReadAction\",\"target\":[\"https:\/\/brilune.eu\/lv\/product\/tv-stativs-36\/\"]}]},{\"@type\":\"ImageObject\",\"inLanguage\":\"lv-LV\",\"@id\":\"https:\/\/brilune.eu\/lv\/product\/tv-stativs-36\/#primaryimage\",\"url\":\"https:\/\/brilune.eu\/wp-content\/uploads\/2025\/01\/13237738.png\",\"contentUrl\":\"https:\/\/brilune.eu\/wp-content\/uploads\/2025\/01\/13237738.png\",\"width\":800,\"height\":800},{\"@type\":\"BreadcrumbList\",\"@id\":\"https:\/\/brilune.eu\/lv\/product\/tv-stativs-36\/#breadcrumb\",\"itemListElement\":[{\"@type\":\"ListItem\",\"position\":1,\"name\":\"S\u0101kums\",\"item\":\"https:\/\/brilune.eu\/lv\/brilune-mebeles\/\"},{\"@type\":\"ListItem\",\"position\":2,\"name\":\"Visi produkti\",\"item\":\"https:\/\/brilune.eu\/lv\/shop\/\"},{\"@type\":\"ListItem\",\"position\":3,\"name\":\"TV stat\u012bvs\"}]},{\"@type\":\"WebSite\",\"@id\":\"https:\/\/brilune.eu\/lv\/#website\",\"url\":\"https:\/\/brilune.eu\/lv\/\",\"name\":\"Brilune\",\"description\":\"M\u0113s pied\u0101v\u0101jam unik\u0101lus un nebiju\u0161us dizainus, kas apvieno eleganci, funkcionalit\u0101ti un rado\u0161umu.\",\"potentialAction\":[{\"@type\":\"SearchAction\",\"target\":{\"@type\":\"EntryPoint\",\"urlTemplate\":\"https:\/\/brilune.eu\/lv\/?s={search_term_string}\"},\"query-input\":{\"@type\":\"PropertyValueSpecification\",\"valueRequired\":true,\"valueName\":\"search_term_string\"}}],\"inLanguage\":\"lv-LV\"}]}<\/script>\n<!-- \/ Yoast SEO plugin. -->","yoast_head_json":{"title":"TV stat\u012bvs","description":"\u0160is m\u016bsdien\u012bgais melna riekstkoka televizora stat\u012bvs pie\u0161\u0137irs j\u016bsu interjeram izsmalcin\u0101tas elegances gaisu. Skapis ir apr\u012bkots ar \u010detr\u0101m atvilktn\u0113m un div\u0101m...","robots":{"index":"index","follow":"follow","max-snippet":"max-snippet:-1","max-image-preview":"max-image-preview:large","max-video-preview":"max-video-preview:-1"},"canonical":"https:\/\/brilune.eu\/lv\/product\/tv-stativs-36\/","og_locale":"lv_LV","og_type":"article","og_title":"TV stat\u012bvs","og_description":"\u0160is m\u016bsdien\u012bgais melna riekstkoka televizora stat\u012bvs pie\u0161\u0137irs j\u016bsu interjeram izsmalcin\u0101tas elegances gaisu. Skapis ir apr\u012bkots ar \u010detr\u0101m atvilktn\u0113m un div\u0101m...","og_url":"https:\/\/brilune.eu\/lv\/product\/tv-stativs-36\/","og_site_name":"Brilune","article_modified_time":"2025-02-19T11:32:41+00:00","og_image":[{"width":800,"height":800,"url":"https:\/\/brilune.eu\/wp-content\/uploads\/2025\/01\/13237738.png","type":"image\/png"}],"twitter_card":"summary_large_image","schema":{"@context":"https:\/\/schema.org","@graph":[{"@type":"WebPage","@id":"https:\/\/brilune.eu\/lv\/product\/tv-stativs-36\/","url":"https:\/\/brilune.eu\/lv\/product\/tv-stativs-36\/","name":"TV stat\u012bvs","isPartOf":{"@id":"https:\/\/brilune.eu\/lv\/#website"},"primaryImageOfPage":{"@id":"https:\/\/brilune.eu\/lv\/product\/tv-stativs-36\/#primaryimage"},"image":{"@id":"https:\/\/brilune.eu\/lv\/product\/tv-stativs-36\/#primaryimage"},"thumbnailUrl":"https:\/\/brilune.eu\/wp-content\/uploads\/2025\/01\/13237738.png","datePublished":"2025-02-19T11:11:38+00:00","dateModified":"2025-02-19T11:32:41+00:00","description":"\u0160is m\u016bsdien\u012bgais melna riekstkoka televizora stat\u012bvs pie\u0161\u0137irs j\u016bsu interjeram izsmalcin\u0101tas elegances gaisu. Skapis ir apr\u012bkots ar \u010detr\u0101m atvilktn\u0113m un div\u0101m...","breadcrumb":{"@id":"https:\/\/brilune.eu\/lv\/product\/tv-stativs-36\/#breadcrumb"},"inLanguage":"lv-LV","potentialAction":[{"@type":"ReadAction","target":["https:\/\/brilune.eu\/lv\/product\/tv-stativs-36\/"]}]},{"@type":"ImageObject","inLanguage":"lv-LV","@id":"https:\/\/brilune.eu\/lv\/product\/tv-stativs-36\/#primaryimage","url":"https:\/\/brilune.eu\/wp-content\/uploads\/2025\/01\/13237738.png","contentUrl":"https:\/\/brilune.eu\/wp-content\/uploads\/2025\/01\/13237738.png","width":800,"height":800},{"@type":"BreadcrumbList","@id":"https:\/\/brilune.eu\/lv\/product\/tv-stativs-36\/#breadcrumb","itemListElement":[{"@type":"ListItem","position":1,"name":"S\u0101kums","item":"https:\/\/brilune.eu\/lv\/brilune-mebeles\/"},{"@type":"ListItem","position":2,"name":"Visi produkti","item":"https:\/\/brilune.eu\/lv\/shop\/"},{"@type":"ListItem","position":3,"name":"TV stat\u012bvs"}]},{"@type":"WebSite","@id":"https:\/\/brilune.eu\/lv\/#website","url":"https:\/\/brilune.eu\/lv\/","name":"Brilune","description":"M\u0113s pied\u0101v\u0101jam unik\u0101lus un nebiju\u0161us dizainus, kas apvieno eleganci, funkcionalit\u0101ti un rado\u0161umu.","potentialAction":[{"@type":"SearchAction","target":{"@type":"EntryPoint","urlTemplate":"https:\/\/brilune.eu\/lv\/?s={search_term_string}"},"query-input":{"@type":"PropertyValueSpecification","valueRequired":true,"valueName":"search_term_string"}}],"inLanguage":"lv-LV"}]}},"jetpack_sharing_enabled":true,"_links":{"self":[{"href":"https:\/\/brilune.eu\/lv\/wp-json\/wp\/v2\/product\/39206","targetHints":{"allow":["GET"]}}],"collection":[{"href":"https:\/\/brilune.eu\/lv\/wp-json\/wp\/v2\/product"}],"about":[{"href":"https:\/\/brilune.eu\/lv\/wp-json\/wp\/v2\/types\/product"}],"replies":[{"embeddable":true,"href":"https:\/\/brilune.eu\/lv\/wp-json\/wp\/v2\/comments?post=39206"}],"version-history":[{"count":1,"href":"https:\/\/brilune.eu\/lv\/wp-json\/wp\/v2\/product\/39206\/revisions"}],"predecessor-version":[{"id":39247,"href":"https:\/\/brilune.eu\/lv\/wp-json\/wp\/v2\/product\/39206\/revisions\/39247"}],"wp:featuredmedia":[{"embeddable":true,"href":"https:\/\/brilune.eu\/lv\/wp-json\/wp\/v2\/media\/11491"}],"wp:attachment":[{"href":"https:\/\/brilune.eu\/lv\/wp-json\/wp\/v2\/media?parent=39206"}],"wp:term":[{"taxonomy":"product_brand","embeddable":true,"href":"https:\/\/brilune.eu\/lv\/wp-json\/wp\/v2\/product_brand?post=39206"},{"taxonomy":"product_cat","embeddable":true,"href":"https:\/\/brilune.eu\/lv\/wp-json\/wp\/v2\/product_cat?post=39206"},{"taxonomy":"product_tag","embeddable":true,"href":"https:\/\/brilune.eu\/lv\/wp-json\/wp\/v2\/product_tag?post=39206"}],"curies":[{"name":"wp","href":"https:\/\/api.w.org\/{rel}","templated":true}]}}