{"id":39168,"date":"2025-02-19T13:10:50","date_gmt":"2025-02-19T11:10:50","guid":{"rendered":"https:\/\/brilune.eu\/?post_type=product&#038;p=39168"},"modified":"2025-02-19T13:32:31","modified_gmt":"2025-02-19T11:32:31","slug":"vintage-tv-stativs-8","status":"publish","type":"product","link":"https:\/\/brilune.eu\/lv\/product\/vintage-tv-stativs-8\/","title":{"rendered":"Vintage TV stat\u012bvs"},"content":{"rendered":"<p>Stil\u012bgs un ietilp\u012bgs, \u0161is vintage TV stat\u012bvs b\u016bs jebkuras telpas centr\u0101lais elements. Balt\u0101 kr\u0101sa un maigas l\u012bnijas uzsver dizaina eleganci. Divi sl\u0113gti skapji, atvilktnes un atv\u0113rtie plaukti \u013caus uzglab\u0101t visu nepiecie\u0161amo un uztur\u0113t k\u0101rt\u012bbu. Kabe\u013cu p\u0101rvald\u012bba papildina praktiskumu, pasl\u0113pjot vadus. Izm\u0113ri: 200\u00d740\u00d750 cm. Materi\u0101li: koks.<\/p>\n","protected":false},"excerpt":{"rendered":"<p>Stil\u012bgs un ietilp\u012bgs, \u0161is vintage TV stat\u012bvs b\u016bs jebkuras telpas centr\u0101lais elements. Balt\u0101 kr\u0101sa un maigas l\u012bnijas uzsver dizaina eleganci. Divas sl\u0113gtas kab\u012bnes&#8230;<\/p>\n","protected":false},"featured_media":11435,"comment_status":"open","ping_status":"closed","template":"","meta":[],"product_brand":[],"product_cat":[2963,5640],"product_tag":[],"class_list":{"0":"post-39168","1":"product","2":"type-product","3":"status-publish","4":"has-post-thumbnail","6":"product_cat-tv-stativi-un-izklaides-centri-kratuve-2","7":"product_cat-tv-stativi-un-izklaides-centri-kratuve-2-5","9":"first","10":"instock","11":"shipping-taxable","12":"purchasable","13":"product-type-simple"},"yoast_head":"<!-- This site is optimized with the Yoast SEO plugin v26.0 - https:\/\/yoast.com\/wordpress\/plugins\/seo\/ -->\n<title>Vintage TV stat\u012bvs<\/title>\n<meta name=\"description\" content=\"Stil\u012bgs un ietilp\u012bgs, \u0161is vintage TV stat\u012bvs b\u016bs jebkuras telpas centr\u0101lais elements. Balt\u0101 kr\u0101sa un maigas l\u012bnijas uzsver dizaina eleganci. Divas sl\u0113gtas kab\u012bnes...\" \/>\n<meta name=\"robots\" content=\"index, follow, max-snippet:-1, max-image-preview:large, max-video-preview:-1\" \/>\n<link rel=\"canonical\" href=\"https:\/\/brilune.eu\/lv\/product\/vintage-tv-stativs-8\/\" \/>\n<meta property=\"og:locale\" content=\"lv_LV\" \/>\n<meta property=\"og:type\" content=\"article\" \/>\n<meta property=\"og:title\" content=\"Vintage TV stat\u012bvs\" \/>\n<meta property=\"og:description\" content=\"Stil\u012bgs un ietilp\u012bgs, \u0161is vintage TV stat\u012bvs b\u016bs jebkuras telpas centr\u0101lais elements. Balt\u0101 kr\u0101sa un maigas l\u012bnijas uzsver dizaina eleganci. Divas sl\u0113gtas kab\u012bnes...\" \/>\n<meta property=\"og:url\" content=\"https:\/\/brilune.eu\/lv\/product\/vintage-tv-stativs-8\/\" \/>\n<meta property=\"og:site_name\" content=\"Brilune\" \/>\n<meta property=\"article:modified_time\" content=\"2025-02-19T11:32:31+00:00\" \/>\n<meta property=\"og:image\" content=\"https:\/\/brilune.eu\/wp-content\/uploads\/2025\/01\/10464960.jpg\" \/>\n\t<meta property=\"og:image:width\" content=\"800\" \/>\n\t<meta property=\"og:image:height\" content=\"800\" \/>\n\t<meta property=\"og:image:type\" content=\"image\/jpeg\" \/>\n<meta name=\"twitter:card\" content=\"summary_large_image\" \/>\n<script type=\"application\/ld+json\" class=\"yoast-schema-graph\">{\"@context\":\"https:\/\/schema.org\",\"@graph\":[{\"@type\":\"WebPage\",\"@id\":\"https:\/\/brilune.eu\/lv\/product\/vintage-tv-stativs-8\/\",\"url\":\"https:\/\/brilune.eu\/lv\/product\/vintage-tv-stativs-8\/\",\"name\":\"Vintage TV stat\u012bvs\",\"isPartOf\":{\"@id\":\"https:\/\/brilune.eu\/lv\/#website\"},\"primaryImageOfPage\":{\"@id\":\"https:\/\/brilune.eu\/lv\/product\/vintage-tv-stativs-8\/#primaryimage\"},\"image\":{\"@id\":\"https:\/\/brilune.eu\/lv\/product\/vintage-tv-stativs-8\/#primaryimage\"},\"thumbnailUrl\":\"https:\/\/brilune.eu\/wp-content\/uploads\/2025\/01\/10464960.jpg\",\"datePublished\":\"2025-02-19T11:10:50+00:00\",\"dateModified\":\"2025-02-19T11:32:31+00:00\",\"description\":\"Stil\u012bgs un ietilp\u012bgs, \u0161is vintage TV stat\u012bvs b\u016bs jebkuras telpas centr\u0101lais elements. Balt\u0101 kr\u0101sa un maigas l\u012bnijas uzsver dizaina eleganci. Divas sl\u0113gtas kab\u012bnes...\",\"breadcrumb\":{\"@id\":\"https:\/\/brilune.eu\/lv\/product\/vintage-tv-stativs-8\/#breadcrumb\"},\"inLanguage\":\"lv-LV\",\"potentialAction\":[{\"@type\":\"ReadAction\",\"target\":[\"https:\/\/brilune.eu\/lv\/product\/vintage-tv-stativs-8\/\"]}]},{\"@type\":\"ImageObject\",\"inLanguage\":\"lv-LV\",\"@id\":\"https:\/\/brilune.eu\/lv\/product\/vintage-tv-stativs-8\/#primaryimage\",\"url\":\"https:\/\/brilune.eu\/wp-content\/uploads\/2025\/01\/10464960.jpg\",\"contentUrl\":\"https:\/\/brilune.eu\/wp-content\/uploads\/2025\/01\/10464960.jpg\",\"width\":800,\"height\":800},{\"@type\":\"BreadcrumbList\",\"@id\":\"https:\/\/brilune.eu\/lv\/product\/vintage-tv-stativs-8\/#breadcrumb\",\"itemListElement\":[{\"@type\":\"ListItem\",\"position\":1,\"name\":\"S\u0101kums\",\"item\":\"https:\/\/brilune.eu\/lv\/brilune-mebeles\/\"},{\"@type\":\"ListItem\",\"position\":2,\"name\":\"Visi produkti\",\"item\":\"https:\/\/brilune.eu\/lv\/shop\/\"},{\"@type\":\"ListItem\",\"position\":3,\"name\":\"Vintage TV stat\u012bvs\"}]},{\"@type\":\"WebSite\",\"@id\":\"https:\/\/brilune.eu\/lv\/#website\",\"url\":\"https:\/\/brilune.eu\/lv\/\",\"name\":\"Brilune\",\"description\":\"M\u0113s pied\u0101v\u0101jam unik\u0101lus un nebiju\u0161us dizainus, kas apvieno eleganci, funkcionalit\u0101ti un rado\u0161umu.\",\"potentialAction\":[{\"@type\":\"SearchAction\",\"target\":{\"@type\":\"EntryPoint\",\"urlTemplate\":\"https:\/\/brilune.eu\/lv\/?s={search_term_string}\"},\"query-input\":{\"@type\":\"PropertyValueSpecification\",\"valueRequired\":true,\"valueName\":\"search_term_string\"}}],\"inLanguage\":\"lv-LV\"}]}<\/script>\n<!-- \/ Yoast SEO plugin. -->","yoast_head_json":{"title":"Vintage TV stat\u012bvs","description":"Stil\u012bgs un ietilp\u012bgs, \u0161is vintage TV stat\u012bvs b\u016bs jebkuras telpas centr\u0101lais elements. Balt\u0101 kr\u0101sa un maigas l\u012bnijas uzsver dizaina eleganci. Divas sl\u0113gtas kab\u012bnes...","robots":{"index":"index","follow":"follow","max-snippet":"max-snippet:-1","max-image-preview":"max-image-preview:large","max-video-preview":"max-video-preview:-1"},"canonical":"https:\/\/brilune.eu\/lv\/product\/vintage-tv-stativs-8\/","og_locale":"lv_LV","og_type":"article","og_title":"Vintage TV stat\u012bvs","og_description":"Stil\u012bgs un ietilp\u012bgs, \u0161is vintage TV stat\u012bvs b\u016bs jebkuras telpas centr\u0101lais elements. Balt\u0101 kr\u0101sa un maigas l\u012bnijas uzsver dizaina eleganci. Divas sl\u0113gtas kab\u012bnes...","og_url":"https:\/\/brilune.eu\/lv\/product\/vintage-tv-stativs-8\/","og_site_name":"Brilune","article_modified_time":"2025-02-19T11:32:31+00:00","og_image":[{"width":800,"height":800,"url":"https:\/\/brilune.eu\/wp-content\/uploads\/2025\/01\/10464960.jpg","type":"image\/jpeg"}],"twitter_card":"summary_large_image","schema":{"@context":"https:\/\/schema.org","@graph":[{"@type":"WebPage","@id":"https:\/\/brilune.eu\/lv\/product\/vintage-tv-stativs-8\/","url":"https:\/\/brilune.eu\/lv\/product\/vintage-tv-stativs-8\/","name":"Vintage TV stat\u012bvs","isPartOf":{"@id":"https:\/\/brilune.eu\/lv\/#website"},"primaryImageOfPage":{"@id":"https:\/\/brilune.eu\/lv\/product\/vintage-tv-stativs-8\/#primaryimage"},"image":{"@id":"https:\/\/brilune.eu\/lv\/product\/vintage-tv-stativs-8\/#primaryimage"},"thumbnailUrl":"https:\/\/brilune.eu\/wp-content\/uploads\/2025\/01\/10464960.jpg","datePublished":"2025-02-19T11:10:50+00:00","dateModified":"2025-02-19T11:32:31+00:00","description":"Stil\u012bgs un ietilp\u012bgs, \u0161is vintage TV stat\u012bvs b\u016bs jebkuras telpas centr\u0101lais elements. Balt\u0101 kr\u0101sa un maigas l\u012bnijas uzsver dizaina eleganci. Divas sl\u0113gtas kab\u012bnes...","breadcrumb":{"@id":"https:\/\/brilune.eu\/lv\/product\/vintage-tv-stativs-8\/#breadcrumb"},"inLanguage":"lv-LV","potentialAction":[{"@type":"ReadAction","target":["https:\/\/brilune.eu\/lv\/product\/vintage-tv-stativs-8\/"]}]},{"@type":"ImageObject","inLanguage":"lv-LV","@id":"https:\/\/brilune.eu\/lv\/product\/vintage-tv-stativs-8\/#primaryimage","url":"https:\/\/brilune.eu\/wp-content\/uploads\/2025\/01\/10464960.jpg","contentUrl":"https:\/\/brilune.eu\/wp-content\/uploads\/2025\/01\/10464960.jpg","width":800,"height":800},{"@type":"BreadcrumbList","@id":"https:\/\/brilune.eu\/lv\/product\/vintage-tv-stativs-8\/#breadcrumb","itemListElement":[{"@type":"ListItem","position":1,"name":"S\u0101kums","item":"https:\/\/brilune.eu\/lv\/brilune-mebeles\/"},{"@type":"ListItem","position":2,"name":"Visi produkti","item":"https:\/\/brilune.eu\/lv\/shop\/"},{"@type":"ListItem","position":3,"name":"Vintage TV stat\u012bvs"}]},{"@type":"WebSite","@id":"https:\/\/brilune.eu\/lv\/#website","url":"https:\/\/brilune.eu\/lv\/","name":"Brilune","description":"M\u0113s pied\u0101v\u0101jam unik\u0101lus un nebiju\u0161us dizainus, kas apvieno eleganci, funkcionalit\u0101ti un rado\u0161umu.","potentialAction":[{"@type":"SearchAction","target":{"@type":"EntryPoint","urlTemplate":"https:\/\/brilune.eu\/lv\/?s={search_term_string}"},"query-input":{"@type":"PropertyValueSpecification","valueRequired":true,"valueName":"search_term_string"}}],"inLanguage":"lv-LV"}]}},"jetpack_sharing_enabled":true,"_links":{"self":[{"href":"https:\/\/brilune.eu\/lv\/wp-json\/wp\/v2\/product\/39168","targetHints":{"allow":["GET"]}}],"collection":[{"href":"https:\/\/brilune.eu\/lv\/wp-json\/wp\/v2\/product"}],"about":[{"href":"https:\/\/brilune.eu\/lv\/wp-json\/wp\/v2\/types\/product"}],"replies":[{"embeddable":true,"href":"https:\/\/brilune.eu\/lv\/wp-json\/wp\/v2\/comments?post=39168"}],"version-history":[{"count":1,"href":"https:\/\/brilune.eu\/lv\/wp-json\/wp\/v2\/product\/39168\/revisions"}],"predecessor-version":[{"id":39221,"href":"https:\/\/brilune.eu\/lv\/wp-json\/wp\/v2\/product\/39168\/revisions\/39221"}],"wp:featuredmedia":[{"embeddable":true,"href":"https:\/\/brilune.eu\/lv\/wp-json\/wp\/v2\/media\/11435"}],"wp:attachment":[{"href":"https:\/\/brilune.eu\/lv\/wp-json\/wp\/v2\/media?parent=39168"}],"wp:term":[{"taxonomy":"product_brand","embeddable":true,"href":"https:\/\/brilune.eu\/lv\/wp-json\/wp\/v2\/product_brand?post=39168"},{"taxonomy":"product_cat","embeddable":true,"href":"https:\/\/brilune.eu\/lv\/wp-json\/wp\/v2\/product_cat?post=39168"},{"taxonomy":"product_tag","embeddable":true,"href":"https:\/\/brilune.eu\/lv\/wp-json\/wp\/v2\/product_tag?post=39168"}],"curies":[{"name":"wp","href":"https:\/\/api.w.org\/{rel}","templated":true}]}}