{"id":39140,"date":"2025-02-19T13:10:23","date_gmt":"2025-02-19T11:10:23","guid":{"rendered":"https:\/\/brilune.eu\/?post_type=product&#038;p=39140"},"modified":"2025-02-19T13:32:17","modified_gmt":"2025-02-19T11:32:17","slug":"musdienigs-tv-stativs-6","status":"publish","type":"product","link":"https:\/\/brilune.eu\/lv\/product\/musdienigs-tv-stativs-6\/","title":{"rendered":"M\u016bsdien\u012bgs TV stat\u012bvs"},"content":{"rendered":"<p>Moderns, minim\u0101listisks TV stat\u012bvs pel\u0113k\u0101 kr\u0101s\u0101 ar zelta akcentiem. \u0160is modelis pie\u0161\u0137irs izsmalcin\u0101t\u012bbu jebkurai viesistabai, vienlaikus nodro\u0161inot funkcion\u0101lu glab\u0101tuvi ar \u010detr\u0101m atvilktn\u0113m un centr\u0101lo skapi. Vienk\u0101r\u0161ais, bet elegantais dizains lieliski saskan ar zeltainaj\u0101m k\u0101ji\u0146\u0101m, izce\u013cot t\u0101s vieglumu un eleganci. Izm\u0113rs: 160\u00d735\u00d745 cm. Materi\u0101ls: koks.<\/p>\n","protected":false},"excerpt":{"rendered":"<p>Moderns, minim\u0101listisks TV stat\u012bvs pel\u0113k\u0101 kr\u0101s\u0101 ar zelta akcentiem. \u0160is modelis pie\u0161\u0137irs izsmalcin\u0101t\u012bbu jebkurai viesistabai, vienlaikus nodro\u0161inot funkcion\u0101lu glab\u0101tuvi ar \u010detr\u0101m&#8230;<\/p>\n","protected":false},"featured_media":11375,"comment_status":"open","ping_status":"closed","template":"","meta":[],"product_brand":[],"product_cat":[5640,2963],"product_tag":[],"class_list":{"0":"post-39140","1":"product","2":"type-product","3":"status-publish","4":"has-post-thumbnail","6":"product_cat-tv-stativi-un-izklaides-centri-kratuve-2-5","7":"product_cat-tv-stativi-un-izklaides-centri-kratuve-2","9":"first","10":"instock","11":"shipping-taxable","12":"purchasable","13":"product-type-simple"},"yoast_head":"<!-- This site is optimized with the Yoast SEO plugin v26.0 - https:\/\/yoast.com\/wordpress\/plugins\/seo\/ -->\n<title>M\u016bsdien\u012bgs TV stat\u012bvs<\/title>\n<meta name=\"description\" content=\"Moderns, minim\u0101listisks TV stat\u012bvs pel\u0113k\u0101 kr\u0101s\u0101 ar zelta akcentiem. \u0160is modelis pie\u0161\u0137irs izsmalcin\u0101t\u012bbu jebkurai viesistabai, vienlaikus nodro\u0161inot funkcion\u0101lu glab\u0101tuvi ar \u010detr\u0101m...\" \/>\n<meta name=\"robots\" content=\"index, follow, max-snippet:-1, max-image-preview:large, max-video-preview:-1\" \/>\n<link rel=\"canonical\" href=\"https:\/\/brilune.eu\/lv\/product\/musdienigs-tv-stativs-6\/\" \/>\n<meta property=\"og:locale\" content=\"lv_LV\" \/>\n<meta property=\"og:type\" content=\"article\" \/>\n<meta property=\"og:title\" content=\"M\u016bsdien\u012bgs TV stat\u012bvs\" \/>\n<meta property=\"og:description\" content=\"Moderns, minim\u0101listisks TV stat\u012bvs pel\u0113k\u0101 kr\u0101s\u0101 ar zelta akcentiem. \u0160is modelis pie\u0161\u0137irs izsmalcin\u0101t\u012bbu jebkurai viesistabai, vienlaikus nodro\u0161inot funkcion\u0101lu glab\u0101tuvi ar \u010detr\u0101m...\" \/>\n<meta property=\"og:url\" content=\"https:\/\/brilune.eu\/lv\/product\/musdienigs-tv-stativs-6\/\" \/>\n<meta property=\"og:site_name\" content=\"Brilune\" \/>\n<meta property=\"article:modified_time\" content=\"2025-02-19T11:32:17+00:00\" \/>\n<meta property=\"og:image\" content=\"https:\/\/brilune.eu\/wp-content\/uploads\/2025\/01\/9572090.jpg\" \/>\n\t<meta property=\"og:image:width\" content=\"1500\" \/>\n\t<meta property=\"og:image:height\" content=\"1500\" \/>\n\t<meta property=\"og:image:type\" content=\"image\/jpeg\" \/>\n<meta name=\"twitter:card\" content=\"summary_large_image\" \/>\n<script type=\"application\/ld+json\" class=\"yoast-schema-graph\">{\"@context\":\"https:\/\/schema.org\",\"@graph\":[{\"@type\":\"WebPage\",\"@id\":\"https:\/\/brilune.eu\/lv\/product\/musdienigs-tv-stativs-6\/\",\"url\":\"https:\/\/brilune.eu\/lv\/product\/musdienigs-tv-stativs-6\/\",\"name\":\"M\u016bsdien\u012bgs TV stat\u012bvs\",\"isPartOf\":{\"@id\":\"https:\/\/brilune.eu\/lv\/#website\"},\"primaryImageOfPage\":{\"@id\":\"https:\/\/brilune.eu\/lv\/product\/musdienigs-tv-stativs-6\/#primaryimage\"},\"image\":{\"@id\":\"https:\/\/brilune.eu\/lv\/product\/musdienigs-tv-stativs-6\/#primaryimage\"},\"thumbnailUrl\":\"https:\/\/brilune.eu\/wp-content\/uploads\/2025\/01\/9572090.jpg\",\"datePublished\":\"2025-02-19T11:10:23+00:00\",\"dateModified\":\"2025-02-19T11:32:17+00:00\",\"description\":\"Moderns, minim\u0101listisks TV stat\u012bvs pel\u0113k\u0101 kr\u0101s\u0101 ar zelta akcentiem. \u0160is modelis pie\u0161\u0137irs izsmalcin\u0101t\u012bbu jebkurai viesistabai, vienlaikus nodro\u0161inot funkcion\u0101lu glab\u0101tuvi ar \u010detr\u0101m...\",\"breadcrumb\":{\"@id\":\"https:\/\/brilune.eu\/lv\/product\/musdienigs-tv-stativs-6\/#breadcrumb\"},\"inLanguage\":\"lv-LV\",\"potentialAction\":[{\"@type\":\"ReadAction\",\"target\":[\"https:\/\/brilune.eu\/lv\/product\/musdienigs-tv-stativs-6\/\"]}]},{\"@type\":\"ImageObject\",\"inLanguage\":\"lv-LV\",\"@id\":\"https:\/\/brilune.eu\/lv\/product\/musdienigs-tv-stativs-6\/#primaryimage\",\"url\":\"https:\/\/brilune.eu\/wp-content\/uploads\/2025\/01\/9572090.jpg\",\"contentUrl\":\"https:\/\/brilune.eu\/wp-content\/uploads\/2025\/01\/9572090.jpg\",\"width\":1500,\"height\":1500},{\"@type\":\"BreadcrumbList\",\"@id\":\"https:\/\/brilune.eu\/lv\/product\/musdienigs-tv-stativs-6\/#breadcrumb\",\"itemListElement\":[{\"@type\":\"ListItem\",\"position\":1,\"name\":\"S\u0101kums\",\"item\":\"https:\/\/brilune.eu\/lv\/brilune-mebeles\/\"},{\"@type\":\"ListItem\",\"position\":2,\"name\":\"Visi produkti\",\"item\":\"https:\/\/brilune.eu\/lv\/shop\/\"},{\"@type\":\"ListItem\",\"position\":3,\"name\":\"M\u016bsdien\u012bgs TV stat\u012bvs\"}]},{\"@type\":\"WebSite\",\"@id\":\"https:\/\/brilune.eu\/lv\/#website\",\"url\":\"https:\/\/brilune.eu\/lv\/\",\"name\":\"Brilune\",\"description\":\"M\u0113s pied\u0101v\u0101jam unik\u0101lus un nebiju\u0161us dizainus, kas apvieno eleganci, funkcionalit\u0101ti un rado\u0161umu.\",\"potentialAction\":[{\"@type\":\"SearchAction\",\"target\":{\"@type\":\"EntryPoint\",\"urlTemplate\":\"https:\/\/brilune.eu\/lv\/?s={search_term_string}\"},\"query-input\":{\"@type\":\"PropertyValueSpecification\",\"valueRequired\":true,\"valueName\":\"search_term_string\"}}],\"inLanguage\":\"lv-LV\"}]}<\/script>\n<!-- \/ Yoast SEO plugin. -->","yoast_head_json":{"title":"M\u016bsdien\u012bgs TV stat\u012bvs","description":"Moderns, minim\u0101listisks TV stat\u012bvs pel\u0113k\u0101 kr\u0101s\u0101 ar zelta akcentiem. \u0160is modelis pie\u0161\u0137irs izsmalcin\u0101t\u012bbu jebkurai viesistabai, vienlaikus nodro\u0161inot funkcion\u0101lu glab\u0101tuvi ar \u010detr\u0101m...","robots":{"index":"index","follow":"follow","max-snippet":"max-snippet:-1","max-image-preview":"max-image-preview:large","max-video-preview":"max-video-preview:-1"},"canonical":"https:\/\/brilune.eu\/lv\/product\/musdienigs-tv-stativs-6\/","og_locale":"lv_LV","og_type":"article","og_title":"M\u016bsdien\u012bgs TV stat\u012bvs","og_description":"Moderns, minim\u0101listisks TV stat\u012bvs pel\u0113k\u0101 kr\u0101s\u0101 ar zelta akcentiem. \u0160is modelis pie\u0161\u0137irs izsmalcin\u0101t\u012bbu jebkurai viesistabai, vienlaikus nodro\u0161inot funkcion\u0101lu glab\u0101tuvi ar \u010detr\u0101m...","og_url":"https:\/\/brilune.eu\/lv\/product\/musdienigs-tv-stativs-6\/","og_site_name":"Brilune","article_modified_time":"2025-02-19T11:32:17+00:00","og_image":[{"width":1500,"height":1500,"url":"https:\/\/brilune.eu\/wp-content\/uploads\/2025\/01\/9572090.jpg","type":"image\/jpeg"}],"twitter_card":"summary_large_image","schema":{"@context":"https:\/\/schema.org","@graph":[{"@type":"WebPage","@id":"https:\/\/brilune.eu\/lv\/product\/musdienigs-tv-stativs-6\/","url":"https:\/\/brilune.eu\/lv\/product\/musdienigs-tv-stativs-6\/","name":"M\u016bsdien\u012bgs TV stat\u012bvs","isPartOf":{"@id":"https:\/\/brilune.eu\/lv\/#website"},"primaryImageOfPage":{"@id":"https:\/\/brilune.eu\/lv\/product\/musdienigs-tv-stativs-6\/#primaryimage"},"image":{"@id":"https:\/\/brilune.eu\/lv\/product\/musdienigs-tv-stativs-6\/#primaryimage"},"thumbnailUrl":"https:\/\/brilune.eu\/wp-content\/uploads\/2025\/01\/9572090.jpg","datePublished":"2025-02-19T11:10:23+00:00","dateModified":"2025-02-19T11:32:17+00:00","description":"Moderns, minim\u0101listisks TV stat\u012bvs pel\u0113k\u0101 kr\u0101s\u0101 ar zelta akcentiem. \u0160is modelis pie\u0161\u0137irs izsmalcin\u0101t\u012bbu jebkurai viesistabai, vienlaikus nodro\u0161inot funkcion\u0101lu glab\u0101tuvi ar \u010detr\u0101m...","breadcrumb":{"@id":"https:\/\/brilune.eu\/lv\/product\/musdienigs-tv-stativs-6\/#breadcrumb"},"inLanguage":"lv-LV","potentialAction":[{"@type":"ReadAction","target":["https:\/\/brilune.eu\/lv\/product\/musdienigs-tv-stativs-6\/"]}]},{"@type":"ImageObject","inLanguage":"lv-LV","@id":"https:\/\/brilune.eu\/lv\/product\/musdienigs-tv-stativs-6\/#primaryimage","url":"https:\/\/brilune.eu\/wp-content\/uploads\/2025\/01\/9572090.jpg","contentUrl":"https:\/\/brilune.eu\/wp-content\/uploads\/2025\/01\/9572090.jpg","width":1500,"height":1500},{"@type":"BreadcrumbList","@id":"https:\/\/brilune.eu\/lv\/product\/musdienigs-tv-stativs-6\/#breadcrumb","itemListElement":[{"@type":"ListItem","position":1,"name":"S\u0101kums","item":"https:\/\/brilune.eu\/lv\/brilune-mebeles\/"},{"@type":"ListItem","position":2,"name":"Visi produkti","item":"https:\/\/brilune.eu\/lv\/shop\/"},{"@type":"ListItem","position":3,"name":"M\u016bsdien\u012bgs TV stat\u012bvs"}]},{"@type":"WebSite","@id":"https:\/\/brilune.eu\/lv\/#website","url":"https:\/\/brilune.eu\/lv\/","name":"Brilune","description":"M\u0113s pied\u0101v\u0101jam unik\u0101lus un nebiju\u0161us dizainus, kas apvieno eleganci, funkcionalit\u0101ti un rado\u0161umu.","potentialAction":[{"@type":"SearchAction","target":{"@type":"EntryPoint","urlTemplate":"https:\/\/brilune.eu\/lv\/?s={search_term_string}"},"query-input":{"@type":"PropertyValueSpecification","valueRequired":true,"valueName":"search_term_string"}}],"inLanguage":"lv-LV"}]}},"jetpack_sharing_enabled":true,"_links":{"self":[{"href":"https:\/\/brilune.eu\/lv\/wp-json\/wp\/v2\/product\/39140","targetHints":{"allow":["GET"]}}],"collection":[{"href":"https:\/\/brilune.eu\/lv\/wp-json\/wp\/v2\/product"}],"about":[{"href":"https:\/\/brilune.eu\/lv\/wp-json\/wp\/v2\/types\/product"}],"replies":[{"embeddable":true,"href":"https:\/\/brilune.eu\/lv\/wp-json\/wp\/v2\/comments?post=39140"}],"version-history":[{"count":1,"href":"https:\/\/brilune.eu\/lv\/wp-json\/wp\/v2\/product\/39140\/revisions"}],"predecessor-version":[{"id":39180,"href":"https:\/\/brilune.eu\/lv\/wp-json\/wp\/v2\/product\/39140\/revisions\/39180"}],"wp:featuredmedia":[{"embeddable":true,"href":"https:\/\/brilune.eu\/lv\/wp-json\/wp\/v2\/media\/11375"}],"wp:attachment":[{"href":"https:\/\/brilune.eu\/lv\/wp-json\/wp\/v2\/media?parent=39140"}],"wp:term":[{"taxonomy":"product_brand","embeddable":true,"href":"https:\/\/brilune.eu\/lv\/wp-json\/wp\/v2\/product_brand?post=39140"},{"taxonomy":"product_cat","embeddable":true,"href":"https:\/\/brilune.eu\/lv\/wp-json\/wp\/v2\/product_cat?post=39140"},{"taxonomy":"product_tag","embeddable":true,"href":"https:\/\/brilune.eu\/lv\/wp-json\/wp\/v2\/product_tag?post=39140"}],"curies":[{"name":"wp","href":"https:\/\/api.w.org\/{rel}","templated":true}]}}