{"id":39123,"date":"2025-02-19T13:09:59","date_gmt":"2025-02-19T11:09:59","guid":{"rendered":"https:\/\/brilune.eu\/?post_type=product&#038;p=39123"},"modified":"2025-02-19T13:32:14","modified_gmt":"2025-02-19T11:32:14","slug":"vintage-tv-stativs-3","status":"publish","type":"product","link":"https:\/\/brilune.eu\/lv\/product\/vintage-tv-stativs-3\/","title":{"rendered":"Vintage TV stat\u012bvs"},"content":{"rendered":"<p>\u0160aj\u0101 greznaj\u0101, klasisk\u0101 stila TV stat\u012bv\u0101 ir sare\u017e\u0123\u012bti kokgriezumi un bag\u0101t\u012bgi zila nokr\u0101sa. Ide\u0101li piem\u0113rots eleganta un m\u0101j\u012bga interjera rad\u012b\u0161anai, skapis nodro\u0161ina pla\u0161u uzglab\u0101\u0161anas vietu un izce\u013c \u012bpa\u0161nieka gaumi. \u0160\u012b m\u0113bele pie\u0161\u0137irs j\u016bsu m\u0101j\u0101m izsmalcin\u0101t\u012bbu un aristokr\u0101tiju.<br \/>\nIzm\u0113rs: 200\u00d740\u00d753 cm. Materi\u0101ls: koks.<\/p>\n","protected":false},"excerpt":{"rendered":"<p>\u0160aj\u0101 greznaj\u0101, klasisk\u0101 stila TV stat\u012bv\u0101 ir sare\u017e\u0123\u012bti kokgriezumi un bag\u0101t\u012bgi zila nokr\u0101sa. Ide\u0101li piem\u0113rots eleganta un m\u0101j\u012bga interjera veido\u0161anai, skapis nodro\u0161ina am&#8230;<\/p>\n","protected":false},"featured_media":11370,"comment_status":"open","ping_status":"closed","template":"","meta":[],"product_brand":[],"product_cat":[2963,5640],"product_tag":[],"class_list":{"0":"post-39123","1":"product","2":"type-product","3":"status-publish","4":"has-post-thumbnail","6":"product_cat-tv-stativi-un-izklaides-centri-kratuve-2","7":"product_cat-tv-stativi-un-izklaides-centri-kratuve-2-5","9":"first","10":"instock","11":"shipping-taxable","12":"purchasable","13":"product-type-simple"},"yoast_head":"<!-- This site is optimized with the Yoast SEO plugin v26.0 - https:\/\/yoast.com\/wordpress\/plugins\/seo\/ -->\n<title>Vintage TV stat\u012bvs<\/title>\n<meta name=\"description\" content=\"\u0160aj\u0101 greznaj\u0101, klasisk\u0101 stila TV stat\u012bv\u0101 ir sare\u017e\u0123\u012bti kokgriezumi un bag\u0101t\u012bgi zila nokr\u0101sa. Ide\u0101li piem\u0113rots eleganta un m\u0101j\u012bga interjera veido\u0161anai, skapis nodro\u0161ina am...\" \/>\n<meta name=\"robots\" content=\"index, follow, max-snippet:-1, max-image-preview:large, max-video-preview:-1\" \/>\n<link rel=\"canonical\" href=\"https:\/\/brilune.eu\/lv\/product\/vintage-tv-stativs-3\/\" \/>\n<meta property=\"og:locale\" content=\"lv_LV\" \/>\n<meta property=\"og:type\" content=\"article\" \/>\n<meta property=\"og:title\" content=\"Vintage TV stat\u012bvs\" \/>\n<meta property=\"og:description\" content=\"\u0160aj\u0101 greznaj\u0101, klasisk\u0101 stila TV stat\u012bv\u0101 ir sare\u017e\u0123\u012bti kokgriezumi un bag\u0101t\u012bgi zila nokr\u0101sa. Ide\u0101li piem\u0113rots eleganta un m\u0101j\u012bga interjera veido\u0161anai, skapis nodro\u0161ina am...\" \/>\n<meta property=\"og:url\" content=\"https:\/\/brilune.eu\/lv\/product\/vintage-tv-stativs-3\/\" \/>\n<meta property=\"og:site_name\" content=\"Brilune\" \/>\n<meta property=\"article:modified_time\" content=\"2025-02-19T11:32:14+00:00\" \/>\n<meta property=\"og:image\" content=\"https:\/\/brilune.eu\/wp-content\/uploads\/2025\/01\/5222391.jpg\" \/>\n\t<meta property=\"og:image:width\" content=\"1500\" \/>\n\t<meta property=\"og:image:height\" content=\"1500\" \/>\n\t<meta property=\"og:image:type\" content=\"image\/jpeg\" \/>\n<meta name=\"twitter:card\" content=\"summary_large_image\" \/>\n<script type=\"application\/ld+json\" class=\"yoast-schema-graph\">{\"@context\":\"https:\/\/schema.org\",\"@graph\":[{\"@type\":\"WebPage\",\"@id\":\"https:\/\/brilune.eu\/lv\/product\/vintage-tv-stativs-3\/\",\"url\":\"https:\/\/brilune.eu\/lv\/product\/vintage-tv-stativs-3\/\",\"name\":\"Vintage TV stat\u012bvs\",\"isPartOf\":{\"@id\":\"https:\/\/brilune.eu\/lv\/#website\"},\"primaryImageOfPage\":{\"@id\":\"https:\/\/brilune.eu\/lv\/product\/vintage-tv-stativs-3\/#primaryimage\"},\"image\":{\"@id\":\"https:\/\/brilune.eu\/lv\/product\/vintage-tv-stativs-3\/#primaryimage\"},\"thumbnailUrl\":\"https:\/\/brilune.eu\/wp-content\/uploads\/2025\/01\/5222391.jpg\",\"datePublished\":\"2025-02-19T11:09:59+00:00\",\"dateModified\":\"2025-02-19T11:32:14+00:00\",\"description\":\"\u0160aj\u0101 greznaj\u0101, klasisk\u0101 stila TV stat\u012bv\u0101 ir sare\u017e\u0123\u012bti kokgriezumi un bag\u0101t\u012bgi zila nokr\u0101sa. Ide\u0101li piem\u0113rots eleganta un m\u0101j\u012bga interjera veido\u0161anai, skapis nodro\u0161ina am...\",\"breadcrumb\":{\"@id\":\"https:\/\/brilune.eu\/lv\/product\/vintage-tv-stativs-3\/#breadcrumb\"},\"inLanguage\":\"lv-LV\",\"potentialAction\":[{\"@type\":\"ReadAction\",\"target\":[\"https:\/\/brilune.eu\/lv\/product\/vintage-tv-stativs-3\/\"]}]},{\"@type\":\"ImageObject\",\"inLanguage\":\"lv-LV\",\"@id\":\"https:\/\/brilune.eu\/lv\/product\/vintage-tv-stativs-3\/#primaryimage\",\"url\":\"https:\/\/brilune.eu\/wp-content\/uploads\/2025\/01\/5222391.jpg\",\"contentUrl\":\"https:\/\/brilune.eu\/wp-content\/uploads\/2025\/01\/5222391.jpg\",\"width\":1500,\"height\":1500},{\"@type\":\"BreadcrumbList\",\"@id\":\"https:\/\/brilune.eu\/lv\/product\/vintage-tv-stativs-3\/#breadcrumb\",\"itemListElement\":[{\"@type\":\"ListItem\",\"position\":1,\"name\":\"S\u0101kums\",\"item\":\"https:\/\/brilune.eu\/lv\/brilune-mebeles\/\"},{\"@type\":\"ListItem\",\"position\":2,\"name\":\"Visi produkti\",\"item\":\"https:\/\/brilune.eu\/lv\/shop\/\"},{\"@type\":\"ListItem\",\"position\":3,\"name\":\"Vintage TV stat\u012bvs\"}]},{\"@type\":\"WebSite\",\"@id\":\"https:\/\/brilune.eu\/lv\/#website\",\"url\":\"https:\/\/brilune.eu\/lv\/\",\"name\":\"Brilune\",\"description\":\"M\u0113s pied\u0101v\u0101jam unik\u0101lus un nebiju\u0161us dizainus, kas apvieno eleganci, funkcionalit\u0101ti un rado\u0161umu.\",\"potentialAction\":[{\"@type\":\"SearchAction\",\"target\":{\"@type\":\"EntryPoint\",\"urlTemplate\":\"https:\/\/brilune.eu\/lv\/?s={search_term_string}\"},\"query-input\":{\"@type\":\"PropertyValueSpecification\",\"valueRequired\":true,\"valueName\":\"search_term_string\"}}],\"inLanguage\":\"lv-LV\"}]}<\/script>\n<!-- \/ Yoast SEO plugin. -->","yoast_head_json":{"title":"Vintage TV stat\u012bvs","description":"\u0160aj\u0101 greznaj\u0101, klasisk\u0101 stila TV stat\u012bv\u0101 ir sare\u017e\u0123\u012bti kokgriezumi un bag\u0101t\u012bgi zila nokr\u0101sa. Ide\u0101li piem\u0113rots eleganta un m\u0101j\u012bga interjera veido\u0161anai, skapis nodro\u0161ina am...","robots":{"index":"index","follow":"follow","max-snippet":"max-snippet:-1","max-image-preview":"max-image-preview:large","max-video-preview":"max-video-preview:-1"},"canonical":"https:\/\/brilune.eu\/lv\/product\/vintage-tv-stativs-3\/","og_locale":"lv_LV","og_type":"article","og_title":"Vintage TV stat\u012bvs","og_description":"\u0160aj\u0101 greznaj\u0101, klasisk\u0101 stila TV stat\u012bv\u0101 ir sare\u017e\u0123\u012bti kokgriezumi un bag\u0101t\u012bgi zila nokr\u0101sa. Ide\u0101li piem\u0113rots eleganta un m\u0101j\u012bga interjera veido\u0161anai, skapis nodro\u0161ina am...","og_url":"https:\/\/brilune.eu\/lv\/product\/vintage-tv-stativs-3\/","og_site_name":"Brilune","article_modified_time":"2025-02-19T11:32:14+00:00","og_image":[{"width":1500,"height":1500,"url":"https:\/\/brilune.eu\/wp-content\/uploads\/2025\/01\/5222391.jpg","type":"image\/jpeg"}],"twitter_card":"summary_large_image","schema":{"@context":"https:\/\/schema.org","@graph":[{"@type":"WebPage","@id":"https:\/\/brilune.eu\/lv\/product\/vintage-tv-stativs-3\/","url":"https:\/\/brilune.eu\/lv\/product\/vintage-tv-stativs-3\/","name":"Vintage TV stat\u012bvs","isPartOf":{"@id":"https:\/\/brilune.eu\/lv\/#website"},"primaryImageOfPage":{"@id":"https:\/\/brilune.eu\/lv\/product\/vintage-tv-stativs-3\/#primaryimage"},"image":{"@id":"https:\/\/brilune.eu\/lv\/product\/vintage-tv-stativs-3\/#primaryimage"},"thumbnailUrl":"https:\/\/brilune.eu\/wp-content\/uploads\/2025\/01\/5222391.jpg","datePublished":"2025-02-19T11:09:59+00:00","dateModified":"2025-02-19T11:32:14+00:00","description":"\u0160aj\u0101 greznaj\u0101, klasisk\u0101 stila TV stat\u012bv\u0101 ir sare\u017e\u0123\u012bti kokgriezumi un bag\u0101t\u012bgi zila nokr\u0101sa. Ide\u0101li piem\u0113rots eleganta un m\u0101j\u012bga interjera veido\u0161anai, skapis nodro\u0161ina am...","breadcrumb":{"@id":"https:\/\/brilune.eu\/lv\/product\/vintage-tv-stativs-3\/#breadcrumb"},"inLanguage":"lv-LV","potentialAction":[{"@type":"ReadAction","target":["https:\/\/brilune.eu\/lv\/product\/vintage-tv-stativs-3\/"]}]},{"@type":"ImageObject","inLanguage":"lv-LV","@id":"https:\/\/brilune.eu\/lv\/product\/vintage-tv-stativs-3\/#primaryimage","url":"https:\/\/brilune.eu\/wp-content\/uploads\/2025\/01\/5222391.jpg","contentUrl":"https:\/\/brilune.eu\/wp-content\/uploads\/2025\/01\/5222391.jpg","width":1500,"height":1500},{"@type":"BreadcrumbList","@id":"https:\/\/brilune.eu\/lv\/product\/vintage-tv-stativs-3\/#breadcrumb","itemListElement":[{"@type":"ListItem","position":1,"name":"S\u0101kums","item":"https:\/\/brilune.eu\/lv\/brilune-mebeles\/"},{"@type":"ListItem","position":2,"name":"Visi produkti","item":"https:\/\/brilune.eu\/lv\/shop\/"},{"@type":"ListItem","position":3,"name":"Vintage TV stat\u012bvs"}]},{"@type":"WebSite","@id":"https:\/\/brilune.eu\/lv\/#website","url":"https:\/\/brilune.eu\/lv\/","name":"Brilune","description":"M\u0113s pied\u0101v\u0101jam unik\u0101lus un nebiju\u0161us dizainus, kas apvieno eleganci, funkcionalit\u0101ti un rado\u0161umu.","potentialAction":[{"@type":"SearchAction","target":{"@type":"EntryPoint","urlTemplate":"https:\/\/brilune.eu\/lv\/?s={search_term_string}"},"query-input":{"@type":"PropertyValueSpecification","valueRequired":true,"valueName":"search_term_string"}}],"inLanguage":"lv-LV"}]}},"jetpack_sharing_enabled":true,"_links":{"self":[{"href":"https:\/\/brilune.eu\/lv\/wp-json\/wp\/v2\/product\/39123","targetHints":{"allow":["GET"]}}],"collection":[{"href":"https:\/\/brilune.eu\/lv\/wp-json\/wp\/v2\/product"}],"about":[{"href":"https:\/\/brilune.eu\/lv\/wp-json\/wp\/v2\/types\/product"}],"replies":[{"embeddable":true,"href":"https:\/\/brilune.eu\/lv\/wp-json\/wp\/v2\/comments?post=39123"}],"version-history":[{"count":1,"href":"https:\/\/brilune.eu\/lv\/wp-json\/wp\/v2\/product\/39123\/revisions"}],"predecessor-version":[{"id":39174,"href":"https:\/\/brilune.eu\/lv\/wp-json\/wp\/v2\/product\/39123\/revisions\/39174"}],"wp:featuredmedia":[{"embeddable":true,"href":"https:\/\/brilune.eu\/lv\/wp-json\/wp\/v2\/media\/11370"}],"wp:attachment":[{"href":"https:\/\/brilune.eu\/lv\/wp-json\/wp\/v2\/media?parent=39123"}],"wp:term":[{"taxonomy":"product_brand","embeddable":true,"href":"https:\/\/brilune.eu\/lv\/wp-json\/wp\/v2\/product_brand?post=39123"},{"taxonomy":"product_cat","embeddable":true,"href":"https:\/\/brilune.eu\/lv\/wp-json\/wp\/v2\/product_cat?post=39123"},{"taxonomy":"product_tag","embeddable":true,"href":"https:\/\/brilune.eu\/lv\/wp-json\/wp\/v2\/product_tag?post=39123"}],"curies":[{"name":"wp","href":"https:\/\/api.w.org\/{rel}","templated":true}]}}