{"id":39100,"date":"2025-02-19T13:09:32","date_gmt":"2025-02-19T11:09:32","guid":{"rendered":"https:\/\/brilune.eu\/?post_type=product&#038;p=39100"},"modified":"2025-02-19T13:32:03","modified_gmt":"2025-02-19T11:32:03","slug":"tv-stativs-34","status":"publish","type":"product","link":"https:\/\/brilune.eu\/lv\/product\/tv-stativs-34\/","title":{"rendered":"TV stat\u012bvs"},"content":{"rendered":"<p>\u0160is unik\u0101lais TV stat\u012bvs, kas izgatavots no augstas kvalit\u0101tes koka un meln\u0101 met\u0101la, apburs j\u016bs ar savu gludo un moderno stilu. \u010cetras ietilp\u012bgas atvilktnes pal\u012bdz sak\u0101rtot j\u016bsu telpu, un iztur\u012bgais r\u0101mis uzsver t\u0101 eleganci un iztur\u012bbu. \u0160is skapis b\u016bs ide\u0101la izv\u0113le tiem, kam svar\u012bga ir est\u0113tikas un praktiskuma kombin\u0101cija. \u0160\u012b m\u0113bele padar\u012bs j\u016bsu dz\u012bvojamo istabu \u0113rt\u0101ku un sak\u0101rtot\u0101ku.<br \/>\nIzm\u0113rs: 200\u00d740\u00d750 cm. Materi\u0101ls: koks, met\u0101ls.<\/p>\n","protected":false},"excerpt":{"rendered":"<p>\u0160is unik\u0101lais TV stat\u012bvs, kas izgatavots no augstas kvalit\u0101tes koka un meln\u0101 met\u0101la, apburs j\u016bs ar savu gludo un moderno stilu. \u010cetras ietilp\u012bgas atvilktnes pal\u012bdz sak\u0101rtot telpu,&#8230;<\/p>\n","protected":false},"featured_media":11319,"comment_status":"open","ping_status":"closed","template":"","meta":[],"product_brand":[],"product_cat":[2963,5640],"product_tag":[],"class_list":{"0":"post-39100","1":"product","2":"type-product","3":"status-publish","4":"has-post-thumbnail","6":"product_cat-tv-stativi-un-izklaides-centri-kratuve-2","7":"product_cat-tv-stativi-un-izklaides-centri-kratuve-2-5","9":"first","10":"instock","11":"shipping-taxable","12":"purchasable","13":"product-type-simple"},"yoast_head":"<!-- This site is optimized with the Yoast SEO plugin v26.0 - https:\/\/yoast.com\/wordpress\/plugins\/seo\/ -->\n<title>TV stat\u012bvs<\/title>\n<meta name=\"description\" content=\"\u0160is unik\u0101lais TV stat\u012bvs, kas izgatavots no augstas kvalit\u0101tes koka un meln\u0101 met\u0101la, apburs j\u016bs ar savu gludo un moderno stilu. \u010cetras ietilp\u012bgas atvilktnes pal\u012bdz sak\u0101rtot telpu,...\" \/>\n<meta name=\"robots\" content=\"index, follow, max-snippet:-1, max-image-preview:large, max-video-preview:-1\" \/>\n<link rel=\"canonical\" href=\"https:\/\/brilune.eu\/lv\/product\/tv-stativs-34\/\" \/>\n<meta property=\"og:locale\" content=\"lv_LV\" \/>\n<meta property=\"og:type\" content=\"article\" \/>\n<meta property=\"og:title\" content=\"TV stat\u012bvs\" \/>\n<meta property=\"og:description\" content=\"\u0160is unik\u0101lais TV stat\u012bvs, kas izgatavots no augstas kvalit\u0101tes koka un meln\u0101 met\u0101la, apburs j\u016bs ar savu gludo un moderno stilu. \u010cetras ietilp\u012bgas atvilktnes pal\u012bdz sak\u0101rtot telpu,...\" \/>\n<meta property=\"og:url\" content=\"https:\/\/brilune.eu\/lv\/product\/tv-stativs-34\/\" \/>\n<meta property=\"og:site_name\" content=\"Brilune\" \/>\n<meta property=\"article:modified_time\" content=\"2025-02-19T11:32:03+00:00\" \/>\n<meta property=\"og:image\" content=\"https:\/\/brilune.eu\/wp-content\/uploads\/2025\/01\/5688751.jpg\" \/>\n\t<meta property=\"og:image:width\" content=\"1500\" \/>\n\t<meta property=\"og:image:height\" content=\"1500\" \/>\n\t<meta property=\"og:image:type\" content=\"image\/jpeg\" \/>\n<meta name=\"twitter:card\" content=\"summary_large_image\" \/>\n<script type=\"application\/ld+json\" class=\"yoast-schema-graph\">{\"@context\":\"https:\/\/schema.org\",\"@graph\":[{\"@type\":\"WebPage\",\"@id\":\"https:\/\/brilune.eu\/lv\/product\/tv-stativs-34\/\",\"url\":\"https:\/\/brilune.eu\/lv\/product\/tv-stativs-34\/\",\"name\":\"TV stat\u012bvs\",\"isPartOf\":{\"@id\":\"https:\/\/brilune.eu\/lv\/#website\"},\"primaryImageOfPage\":{\"@id\":\"https:\/\/brilune.eu\/lv\/product\/tv-stativs-34\/#primaryimage\"},\"image\":{\"@id\":\"https:\/\/brilune.eu\/lv\/product\/tv-stativs-34\/#primaryimage\"},\"thumbnailUrl\":\"https:\/\/brilune.eu\/wp-content\/uploads\/2025\/01\/5688751.jpg\",\"datePublished\":\"2025-02-19T11:09:32+00:00\",\"dateModified\":\"2025-02-19T11:32:03+00:00\",\"description\":\"\u0160is unik\u0101lais TV stat\u012bvs, kas izgatavots no augstas kvalit\u0101tes koka un meln\u0101 met\u0101la, apburs j\u016bs ar savu gludo un moderno stilu. \u010cetras ietilp\u012bgas atvilktnes pal\u012bdz sak\u0101rtot telpu,...\",\"breadcrumb\":{\"@id\":\"https:\/\/brilune.eu\/lv\/product\/tv-stativs-34\/#breadcrumb\"},\"inLanguage\":\"lv-LV\",\"potentialAction\":[{\"@type\":\"ReadAction\",\"target\":[\"https:\/\/brilune.eu\/lv\/product\/tv-stativs-34\/\"]}]},{\"@type\":\"ImageObject\",\"inLanguage\":\"lv-LV\",\"@id\":\"https:\/\/brilune.eu\/lv\/product\/tv-stativs-34\/#primaryimage\",\"url\":\"https:\/\/brilune.eu\/wp-content\/uploads\/2025\/01\/5688751.jpg\",\"contentUrl\":\"https:\/\/brilune.eu\/wp-content\/uploads\/2025\/01\/5688751.jpg\",\"width\":1500,\"height\":1500},{\"@type\":\"BreadcrumbList\",\"@id\":\"https:\/\/brilune.eu\/lv\/product\/tv-stativs-34\/#breadcrumb\",\"itemListElement\":[{\"@type\":\"ListItem\",\"position\":1,\"name\":\"S\u0101kums\",\"item\":\"https:\/\/brilune.eu\/lv\/brilune-mebeles\/\"},{\"@type\":\"ListItem\",\"position\":2,\"name\":\"Visi produkti\",\"item\":\"https:\/\/brilune.eu\/lv\/shop\/\"},{\"@type\":\"ListItem\",\"position\":3,\"name\":\"TV stat\u012bvs\"}]},{\"@type\":\"WebSite\",\"@id\":\"https:\/\/brilune.eu\/lv\/#website\",\"url\":\"https:\/\/brilune.eu\/lv\/\",\"name\":\"Brilune\",\"description\":\"M\u0113s pied\u0101v\u0101jam unik\u0101lus un nebiju\u0161us dizainus, kas apvieno eleganci, funkcionalit\u0101ti un rado\u0161umu.\",\"potentialAction\":[{\"@type\":\"SearchAction\",\"target\":{\"@type\":\"EntryPoint\",\"urlTemplate\":\"https:\/\/brilune.eu\/lv\/?s={search_term_string}\"},\"query-input\":{\"@type\":\"PropertyValueSpecification\",\"valueRequired\":true,\"valueName\":\"search_term_string\"}}],\"inLanguage\":\"lv-LV\"}]}<\/script>\n<!-- \/ Yoast SEO plugin. -->","yoast_head_json":{"title":"TV stat\u012bvs","description":"\u0160is unik\u0101lais TV stat\u012bvs, kas izgatavots no augstas kvalit\u0101tes koka un meln\u0101 met\u0101la, apburs j\u016bs ar savu gludo un moderno stilu. \u010cetras ietilp\u012bgas atvilktnes pal\u012bdz sak\u0101rtot telpu,...","robots":{"index":"index","follow":"follow","max-snippet":"max-snippet:-1","max-image-preview":"max-image-preview:large","max-video-preview":"max-video-preview:-1"},"canonical":"https:\/\/brilune.eu\/lv\/product\/tv-stativs-34\/","og_locale":"lv_LV","og_type":"article","og_title":"TV stat\u012bvs","og_description":"\u0160is unik\u0101lais TV stat\u012bvs, kas izgatavots no augstas kvalit\u0101tes koka un meln\u0101 met\u0101la, apburs j\u016bs ar savu gludo un moderno stilu. \u010cetras ietilp\u012bgas atvilktnes pal\u012bdz sak\u0101rtot telpu,...","og_url":"https:\/\/brilune.eu\/lv\/product\/tv-stativs-34\/","og_site_name":"Brilune","article_modified_time":"2025-02-19T11:32:03+00:00","og_image":[{"width":1500,"height":1500,"url":"https:\/\/brilune.eu\/wp-content\/uploads\/2025\/01\/5688751.jpg","type":"image\/jpeg"}],"twitter_card":"summary_large_image","schema":{"@context":"https:\/\/schema.org","@graph":[{"@type":"WebPage","@id":"https:\/\/brilune.eu\/lv\/product\/tv-stativs-34\/","url":"https:\/\/brilune.eu\/lv\/product\/tv-stativs-34\/","name":"TV stat\u012bvs","isPartOf":{"@id":"https:\/\/brilune.eu\/lv\/#website"},"primaryImageOfPage":{"@id":"https:\/\/brilune.eu\/lv\/product\/tv-stativs-34\/#primaryimage"},"image":{"@id":"https:\/\/brilune.eu\/lv\/product\/tv-stativs-34\/#primaryimage"},"thumbnailUrl":"https:\/\/brilune.eu\/wp-content\/uploads\/2025\/01\/5688751.jpg","datePublished":"2025-02-19T11:09:32+00:00","dateModified":"2025-02-19T11:32:03+00:00","description":"\u0160is unik\u0101lais TV stat\u012bvs, kas izgatavots no augstas kvalit\u0101tes koka un meln\u0101 met\u0101la, apburs j\u016bs ar savu gludo un moderno stilu. \u010cetras ietilp\u012bgas atvilktnes pal\u012bdz sak\u0101rtot telpu,...","breadcrumb":{"@id":"https:\/\/brilune.eu\/lv\/product\/tv-stativs-34\/#breadcrumb"},"inLanguage":"lv-LV","potentialAction":[{"@type":"ReadAction","target":["https:\/\/brilune.eu\/lv\/product\/tv-stativs-34\/"]}]},{"@type":"ImageObject","inLanguage":"lv-LV","@id":"https:\/\/brilune.eu\/lv\/product\/tv-stativs-34\/#primaryimage","url":"https:\/\/brilune.eu\/wp-content\/uploads\/2025\/01\/5688751.jpg","contentUrl":"https:\/\/brilune.eu\/wp-content\/uploads\/2025\/01\/5688751.jpg","width":1500,"height":1500},{"@type":"BreadcrumbList","@id":"https:\/\/brilune.eu\/lv\/product\/tv-stativs-34\/#breadcrumb","itemListElement":[{"@type":"ListItem","position":1,"name":"S\u0101kums","item":"https:\/\/brilune.eu\/lv\/brilune-mebeles\/"},{"@type":"ListItem","position":2,"name":"Visi produkti","item":"https:\/\/brilune.eu\/lv\/shop\/"},{"@type":"ListItem","position":3,"name":"TV stat\u012bvs"}]},{"@type":"WebSite","@id":"https:\/\/brilune.eu\/lv\/#website","url":"https:\/\/brilune.eu\/lv\/","name":"Brilune","description":"M\u0113s pied\u0101v\u0101jam unik\u0101lus un nebiju\u0161us dizainus, kas apvieno eleganci, funkcionalit\u0101ti un rado\u0161umu.","potentialAction":[{"@type":"SearchAction","target":{"@type":"EntryPoint","urlTemplate":"https:\/\/brilune.eu\/lv\/?s={search_term_string}"},"query-input":{"@type":"PropertyValueSpecification","valueRequired":true,"valueName":"search_term_string"}}],"inLanguage":"lv-LV"}]}},"jetpack_sharing_enabled":true,"_links":{"self":[{"href":"https:\/\/brilune.eu\/lv\/wp-json\/wp\/v2\/product\/39100","targetHints":{"allow":["GET"]}}],"collection":[{"href":"https:\/\/brilune.eu\/lv\/wp-json\/wp\/v2\/product"}],"about":[{"href":"https:\/\/brilune.eu\/lv\/wp-json\/wp\/v2\/types\/product"}],"replies":[{"embeddable":true,"href":"https:\/\/brilune.eu\/lv\/wp-json\/wp\/v2\/comments?post=39100"}],"version-history":[{"count":1,"href":"https:\/\/brilune.eu\/lv\/wp-json\/wp\/v2\/product\/39100\/revisions"}],"predecessor-version":[{"id":39152,"href":"https:\/\/brilune.eu\/lv\/wp-json\/wp\/v2\/product\/39100\/revisions\/39152"}],"wp:featuredmedia":[{"embeddable":true,"href":"https:\/\/brilune.eu\/lv\/wp-json\/wp\/v2\/media\/11319"}],"wp:attachment":[{"href":"https:\/\/brilune.eu\/lv\/wp-json\/wp\/v2\/media?parent=39100"}],"wp:term":[{"taxonomy":"product_brand","embeddable":true,"href":"https:\/\/brilune.eu\/lv\/wp-json\/wp\/v2\/product_brand?post=39100"},{"taxonomy":"product_cat","embeddable":true,"href":"https:\/\/brilune.eu\/lv\/wp-json\/wp\/v2\/product_cat?post=39100"},{"taxonomy":"product_tag","embeddable":true,"href":"https:\/\/brilune.eu\/lv\/wp-json\/wp\/v2\/product_tag?post=39100"}],"curies":[{"name":"wp","href":"https:\/\/api.w.org\/{rel}","templated":true}]}}