{"id":39097,"date":"2025-02-19T13:09:32","date_gmt":"2025-02-19T11:09:32","guid":{"rendered":"https:\/\/brilune.eu\/?post_type=product&#038;p=39097"},"modified":"2025-02-19T13:32:00","modified_gmt":"2025-02-19T11:32:00","slug":"tv-stativs-33","status":"publish","type":"product","link":"https:\/\/brilune.eu\/lv\/product\/tv-stativs-33\/","title":{"rendered":"TV stat\u012bvs"},"content":{"rendered":"<p>\u0160is satrieco\u0161ais televizora stat\u012bvs apvieno stilu un pla\u0161umu, lai k\u013c\u016btu par j\u016bsu viesistabas centr\u0101lo elementu. Ar \u010detr\u0101m ietilp\u012bg\u0101m atvilktn\u0113m tas nodro\u0161ina daudz vietas uzglab\u0101\u0161anai, vienlaikus saglab\u0101jot stil\u012bgu est\u0113tiku. Elegant\u0101 koka kombin\u0101cija ar melnu met\u0101la r\u0101mi izce\u013c t\u0101s moderno industri\u0101lo dizainu, pie\u0161\u0137irot telpai siltumu un komfortu. Lieliska izv\u0113le funkcionalit\u0101tes un skaistuma cien\u012bt\u0101jiem.<br \/>\nIzm\u0113rs: 180\u00d740\u00d750 cm. Materi\u0101ls: koks, met\u0101ls.<\/p>\n","protected":false},"excerpt":{"rendered":"<p>\u0160is satrieco\u0161ais televizora stat\u012bvs apvieno stilu un pla\u0161umu, lai k\u013c\u016btu par j\u016bsu viesistabas centr\u0101lo elementu. Ar \u010detr\u0101m ietilp\u012bg\u0101m atvilktn\u0113m tas nodro\u0161ina pietiekami daudz vietas uzglab\u0101\u0161anai, vienlaikus&#8230;<\/p>\n","protected":false},"featured_media":11319,"comment_status":"open","ping_status":"closed","template":"","meta":[],"product_brand":[],"product_cat":[5640,2963],"product_tag":[],"class_list":{"0":"post-39097","1":"product","2":"type-product","3":"status-publish","4":"has-post-thumbnail","6":"product_cat-tv-stativi-un-izklaides-centri-kratuve-2-5","7":"product_cat-tv-stativi-un-izklaides-centri-kratuve-2","9":"first","10":"instock","11":"shipping-taxable","12":"purchasable","13":"product-type-simple"},"yoast_head":"<!-- This site is optimized with the Yoast SEO plugin v26.0 - https:\/\/yoast.com\/wordpress\/plugins\/seo\/ -->\n<title>TV stat\u012bvs<\/title>\n<meta name=\"description\" content=\"\u0160is satrieco\u0161ais televizora stat\u012bvs apvieno stilu un pla\u0161umu, lai k\u013c\u016btu par j\u016bsu viesistabas centr\u0101lo elementu. Ar \u010detr\u0101m ietilp\u012bg\u0101m atvilktn\u0113m tas nodro\u0161ina pietiekami daudz vietas uzglab\u0101\u0161anai, vienlaikus...\" \/>\n<meta name=\"robots\" content=\"index, follow, max-snippet:-1, max-image-preview:large, max-video-preview:-1\" \/>\n<link rel=\"canonical\" href=\"https:\/\/brilune.eu\/lv\/product\/tv-stativs-33\/\" \/>\n<meta property=\"og:locale\" content=\"lv_LV\" \/>\n<meta property=\"og:type\" content=\"article\" \/>\n<meta property=\"og:title\" content=\"TV stat\u012bvs\" \/>\n<meta property=\"og:description\" content=\"\u0160is satrieco\u0161ais televizora stat\u012bvs apvieno stilu un pla\u0161umu, lai k\u013c\u016btu par j\u016bsu viesistabas centr\u0101lo elementu. Ar \u010detr\u0101m ietilp\u012bg\u0101m atvilktn\u0113m tas nodro\u0161ina pietiekami daudz vietas uzglab\u0101\u0161anai, vienlaikus...\" \/>\n<meta property=\"og:url\" content=\"https:\/\/brilune.eu\/lv\/product\/tv-stativs-33\/\" \/>\n<meta property=\"og:site_name\" content=\"Brilune\" \/>\n<meta property=\"article:modified_time\" content=\"2025-02-19T11:32:00+00:00\" \/>\n<meta property=\"og:image\" content=\"https:\/\/brilune.eu\/wp-content\/uploads\/2025\/01\/5688751.jpg\" \/>\n\t<meta property=\"og:image:width\" content=\"1500\" \/>\n\t<meta property=\"og:image:height\" content=\"1500\" \/>\n\t<meta property=\"og:image:type\" content=\"image\/jpeg\" \/>\n<meta name=\"twitter:card\" content=\"summary_large_image\" \/>\n<script type=\"application\/ld+json\" class=\"yoast-schema-graph\">{\"@context\":\"https:\/\/schema.org\",\"@graph\":[{\"@type\":\"WebPage\",\"@id\":\"https:\/\/brilune.eu\/lv\/product\/tv-stativs-33\/\",\"url\":\"https:\/\/brilune.eu\/lv\/product\/tv-stativs-33\/\",\"name\":\"TV stat\u012bvs\",\"isPartOf\":{\"@id\":\"https:\/\/brilune.eu\/lv\/#website\"},\"primaryImageOfPage\":{\"@id\":\"https:\/\/brilune.eu\/lv\/product\/tv-stativs-33\/#primaryimage\"},\"image\":{\"@id\":\"https:\/\/brilune.eu\/lv\/product\/tv-stativs-33\/#primaryimage\"},\"thumbnailUrl\":\"https:\/\/brilune.eu\/wp-content\/uploads\/2025\/01\/5688751.jpg\",\"datePublished\":\"2025-02-19T11:09:32+00:00\",\"dateModified\":\"2025-02-19T11:32:00+00:00\",\"description\":\"\u0160is satrieco\u0161ais televizora stat\u012bvs apvieno stilu un pla\u0161umu, lai k\u013c\u016btu par j\u016bsu viesistabas centr\u0101lo elementu. Ar \u010detr\u0101m ietilp\u012bg\u0101m atvilktn\u0113m tas nodro\u0161ina pietiekami daudz vietas uzglab\u0101\u0161anai, vienlaikus...\",\"breadcrumb\":{\"@id\":\"https:\/\/brilune.eu\/lv\/product\/tv-stativs-33\/#breadcrumb\"},\"inLanguage\":\"lv-LV\",\"potentialAction\":[{\"@type\":\"ReadAction\",\"target\":[\"https:\/\/brilune.eu\/lv\/product\/tv-stativs-33\/\"]}]},{\"@type\":\"ImageObject\",\"inLanguage\":\"lv-LV\",\"@id\":\"https:\/\/brilune.eu\/lv\/product\/tv-stativs-33\/#primaryimage\",\"url\":\"https:\/\/brilune.eu\/wp-content\/uploads\/2025\/01\/5688751.jpg\",\"contentUrl\":\"https:\/\/brilune.eu\/wp-content\/uploads\/2025\/01\/5688751.jpg\",\"width\":1500,\"height\":1500},{\"@type\":\"BreadcrumbList\",\"@id\":\"https:\/\/brilune.eu\/lv\/product\/tv-stativs-33\/#breadcrumb\",\"itemListElement\":[{\"@type\":\"ListItem\",\"position\":1,\"name\":\"S\u0101kums\",\"item\":\"https:\/\/brilune.eu\/lv\/brilune-mebeles\/\"},{\"@type\":\"ListItem\",\"position\":2,\"name\":\"Visi produkti\",\"item\":\"https:\/\/brilune.eu\/lv\/shop\/\"},{\"@type\":\"ListItem\",\"position\":3,\"name\":\"TV stat\u012bvs\"}]},{\"@type\":\"WebSite\",\"@id\":\"https:\/\/brilune.eu\/lv\/#website\",\"url\":\"https:\/\/brilune.eu\/lv\/\",\"name\":\"Brilune\",\"description\":\"M\u0113s pied\u0101v\u0101jam unik\u0101lus un nebiju\u0161us dizainus, kas apvieno eleganci, funkcionalit\u0101ti un rado\u0161umu.\",\"potentialAction\":[{\"@type\":\"SearchAction\",\"target\":{\"@type\":\"EntryPoint\",\"urlTemplate\":\"https:\/\/brilune.eu\/lv\/?s={search_term_string}\"},\"query-input\":{\"@type\":\"PropertyValueSpecification\",\"valueRequired\":true,\"valueName\":\"search_term_string\"}}],\"inLanguage\":\"lv-LV\"}]}<\/script>\n<!-- \/ Yoast SEO plugin. -->","yoast_head_json":{"title":"TV stat\u012bvs","description":"\u0160is satrieco\u0161ais televizora stat\u012bvs apvieno stilu un pla\u0161umu, lai k\u013c\u016btu par j\u016bsu viesistabas centr\u0101lo elementu. Ar \u010detr\u0101m ietilp\u012bg\u0101m atvilktn\u0113m tas nodro\u0161ina pietiekami daudz vietas uzglab\u0101\u0161anai, vienlaikus...","robots":{"index":"index","follow":"follow","max-snippet":"max-snippet:-1","max-image-preview":"max-image-preview:large","max-video-preview":"max-video-preview:-1"},"canonical":"https:\/\/brilune.eu\/lv\/product\/tv-stativs-33\/","og_locale":"lv_LV","og_type":"article","og_title":"TV stat\u012bvs","og_description":"\u0160is satrieco\u0161ais televizora stat\u012bvs apvieno stilu un pla\u0161umu, lai k\u013c\u016btu par j\u016bsu viesistabas centr\u0101lo elementu. Ar \u010detr\u0101m ietilp\u012bg\u0101m atvilktn\u0113m tas nodro\u0161ina pietiekami daudz vietas uzglab\u0101\u0161anai, vienlaikus...","og_url":"https:\/\/brilune.eu\/lv\/product\/tv-stativs-33\/","og_site_name":"Brilune","article_modified_time":"2025-02-19T11:32:00+00:00","og_image":[{"width":1500,"height":1500,"url":"https:\/\/brilune.eu\/wp-content\/uploads\/2025\/01\/5688751.jpg","type":"image\/jpeg"}],"twitter_card":"summary_large_image","schema":{"@context":"https:\/\/schema.org","@graph":[{"@type":"WebPage","@id":"https:\/\/brilune.eu\/lv\/product\/tv-stativs-33\/","url":"https:\/\/brilune.eu\/lv\/product\/tv-stativs-33\/","name":"TV stat\u012bvs","isPartOf":{"@id":"https:\/\/brilune.eu\/lv\/#website"},"primaryImageOfPage":{"@id":"https:\/\/brilune.eu\/lv\/product\/tv-stativs-33\/#primaryimage"},"image":{"@id":"https:\/\/brilune.eu\/lv\/product\/tv-stativs-33\/#primaryimage"},"thumbnailUrl":"https:\/\/brilune.eu\/wp-content\/uploads\/2025\/01\/5688751.jpg","datePublished":"2025-02-19T11:09:32+00:00","dateModified":"2025-02-19T11:32:00+00:00","description":"\u0160is satrieco\u0161ais televizora stat\u012bvs apvieno stilu un pla\u0161umu, lai k\u013c\u016btu par j\u016bsu viesistabas centr\u0101lo elementu. Ar \u010detr\u0101m ietilp\u012bg\u0101m atvilktn\u0113m tas nodro\u0161ina pietiekami daudz vietas uzglab\u0101\u0161anai, vienlaikus...","breadcrumb":{"@id":"https:\/\/brilune.eu\/lv\/product\/tv-stativs-33\/#breadcrumb"},"inLanguage":"lv-LV","potentialAction":[{"@type":"ReadAction","target":["https:\/\/brilune.eu\/lv\/product\/tv-stativs-33\/"]}]},{"@type":"ImageObject","inLanguage":"lv-LV","@id":"https:\/\/brilune.eu\/lv\/product\/tv-stativs-33\/#primaryimage","url":"https:\/\/brilune.eu\/wp-content\/uploads\/2025\/01\/5688751.jpg","contentUrl":"https:\/\/brilune.eu\/wp-content\/uploads\/2025\/01\/5688751.jpg","width":1500,"height":1500},{"@type":"BreadcrumbList","@id":"https:\/\/brilune.eu\/lv\/product\/tv-stativs-33\/#breadcrumb","itemListElement":[{"@type":"ListItem","position":1,"name":"S\u0101kums","item":"https:\/\/brilune.eu\/lv\/brilune-mebeles\/"},{"@type":"ListItem","position":2,"name":"Visi produkti","item":"https:\/\/brilune.eu\/lv\/shop\/"},{"@type":"ListItem","position":3,"name":"TV stat\u012bvs"}]},{"@type":"WebSite","@id":"https:\/\/brilune.eu\/lv\/#website","url":"https:\/\/brilune.eu\/lv\/","name":"Brilune","description":"M\u0113s pied\u0101v\u0101jam unik\u0101lus un nebiju\u0161us dizainus, kas apvieno eleganci, funkcionalit\u0101ti un rado\u0161umu.","potentialAction":[{"@type":"SearchAction","target":{"@type":"EntryPoint","urlTemplate":"https:\/\/brilune.eu\/lv\/?s={search_term_string}"},"query-input":{"@type":"PropertyValueSpecification","valueRequired":true,"valueName":"search_term_string"}}],"inLanguage":"lv-LV"}]}},"jetpack_sharing_enabled":true,"_links":{"self":[{"href":"https:\/\/brilune.eu\/lv\/wp-json\/wp\/v2\/product\/39097","targetHints":{"allow":["GET"]}}],"collection":[{"href":"https:\/\/brilune.eu\/lv\/wp-json\/wp\/v2\/product"}],"about":[{"href":"https:\/\/brilune.eu\/lv\/wp-json\/wp\/v2\/types\/product"}],"replies":[{"embeddable":true,"href":"https:\/\/brilune.eu\/lv\/wp-json\/wp\/v2\/comments?post=39097"}],"version-history":[{"count":1,"href":"https:\/\/brilune.eu\/lv\/wp-json\/wp\/v2\/product\/39097\/revisions"}],"predecessor-version":[{"id":39138,"href":"https:\/\/brilune.eu\/lv\/wp-json\/wp\/v2\/product\/39097\/revisions\/39138"}],"wp:featuredmedia":[{"embeddable":true,"href":"https:\/\/brilune.eu\/lv\/wp-json\/wp\/v2\/media\/11319"}],"wp:attachment":[{"href":"https:\/\/brilune.eu\/lv\/wp-json\/wp\/v2\/media?parent=39097"}],"wp:term":[{"taxonomy":"product_brand","embeddable":true,"href":"https:\/\/brilune.eu\/lv\/wp-json\/wp\/v2\/product_brand?post=39097"},{"taxonomy":"product_cat","embeddable":true,"href":"https:\/\/brilune.eu\/lv\/wp-json\/wp\/v2\/product_cat?post=39097"},{"taxonomy":"product_tag","embeddable":true,"href":"https:\/\/brilune.eu\/lv\/wp-json\/wp\/v2\/product_tag?post=39097"}],"curies":[{"name":"wp","href":"https:\/\/api.w.org\/{rel}","templated":true}]}}