{"id":39074,"date":"2025-02-19T13:09:06","date_gmt":"2025-02-19T11:09:06","guid":{"rendered":"https:\/\/brilune.eu\/?post_type=product&#038;p=39074"},"modified":"2025-02-19T13:31:52","modified_gmt":"2025-02-19T11:31:52","slug":"dabiga-koka-tv-stativs","status":"publish","type":"product","link":"https:\/\/brilune.eu\/lv\/product\/dabiga-koka-tv-stativs\/","title":{"rendered":"Dab\u012bga koka TV stat\u012bvs"},"content":{"rendered":"<p>Televizora stat\u012bvs dab\u012bg\u0101 koka ton\u012b un m\u016bsdien\u012bg\u0101 stil\u0101 lieliski ieder\u0113sies interjer\u0101 un pie\u0161\u0137irs m\u0101j\u012bguma pieska\u0146u. T\u0101 zemais profils un garums padara to par lielisku papildin\u0101jumu pla\u0161\u0101m dz\u012bvojam\u0101m istab\u0101m, vienlaikus pied\u0101v\u0101jot daudz vietas uzglab\u0101\u0161anai. Tr\u012bs ietilp\u012bgas atvilktnes nodro\u0161ina \u0113rtu piederumu un ier\u012b\u010du glab\u0101\u0161anu, pie\u0161\u0137irot interjeram gl\u012btu izskatu. Lakoniskais dizains un k\u0101ju neesam\u012bba uzsver minim\u0101lismu un praktiskumu. Izm\u0113rs: 200\u00d740\u00d736 cm. Materi\u0101ls: koks.<\/p>\n","protected":false},"excerpt":{"rendered":"<p>Televizora stat\u012bvs dab\u012bg\u0101 koka ton\u012b un m\u016bsdien\u012bg\u0101 stil\u0101 lieliski ieder\u0113sies interjer\u0101 un pie\u0161\u0137irs m\u0101j\u012bguma pieska\u0146u. T\u0101 zemais profils un garums padara to par lielisku &#8230;<\/p>\n","protected":false},"featured_media":11273,"comment_status":"open","ping_status":"closed","template":"","meta":[],"product_brand":[],"product_cat":[2963,5640],"product_tag":[],"class_list":{"0":"post-39074","1":"product","2":"type-product","3":"status-publish","4":"has-post-thumbnail","6":"product_cat-tv-stativi-un-izklaides-centri-kratuve-2","7":"product_cat-tv-stativi-un-izklaides-centri-kratuve-2-5","9":"first","10":"instock","11":"shipping-taxable","12":"purchasable","13":"product-type-simple"},"yoast_head":"<!-- This site is optimized with the Yoast SEO plugin v26.0 - https:\/\/yoast.com\/wordpress\/plugins\/seo\/ -->\n<title>Dab\u012bga koka TV stat\u012bvs<\/title>\n<meta name=\"description\" content=\"Televizora stat\u012bvs dab\u012bg\u0101 koka ton\u012b un m\u016bsdien\u012bg\u0101 stil\u0101 lieliski ieder\u0113sies interjer\u0101 un pie\u0161\u0137irs m\u0101j\u012bguma pieska\u0146u. T\u0101 zemais profils un garums padara to par lielisku ...\" \/>\n<meta name=\"robots\" content=\"index, follow, max-snippet:-1, max-image-preview:large, max-video-preview:-1\" \/>\n<link rel=\"canonical\" href=\"https:\/\/brilune.eu\/lv\/product\/dabiga-koka-tv-stativs\/\" \/>\n<meta property=\"og:locale\" content=\"lv_LV\" \/>\n<meta property=\"og:type\" content=\"article\" \/>\n<meta property=\"og:title\" content=\"Dab\u012bga koka TV stat\u012bvs\" \/>\n<meta property=\"og:description\" content=\"Televizora stat\u012bvs dab\u012bg\u0101 koka ton\u012b un m\u016bsdien\u012bg\u0101 stil\u0101 lieliski ieder\u0113sies interjer\u0101 un pie\u0161\u0137irs m\u0101j\u012bguma pieska\u0146u. T\u0101 zemais profils un garums padara to par lielisku ...\" \/>\n<meta property=\"og:url\" content=\"https:\/\/brilune.eu\/lv\/product\/dabiga-koka-tv-stativs\/\" \/>\n<meta property=\"og:site_name\" content=\"Brilune\" \/>\n<meta property=\"article:modified_time\" content=\"2025-02-19T11:31:52+00:00\" \/>\n<meta property=\"og:image\" content=\"https:\/\/brilune.eu\/wp-content\/uploads\/2025\/01\/8811961.jpg\" \/>\n\t<meta property=\"og:image:width\" content=\"1500\" \/>\n\t<meta property=\"og:image:height\" content=\"1500\" \/>\n\t<meta property=\"og:image:type\" content=\"image\/jpeg\" \/>\n<meta name=\"twitter:card\" content=\"summary_large_image\" \/>\n<script type=\"application\/ld+json\" class=\"yoast-schema-graph\">{\"@context\":\"https:\/\/schema.org\",\"@graph\":[{\"@type\":\"WebPage\",\"@id\":\"https:\/\/brilune.eu\/lv\/product\/dabiga-koka-tv-stativs\/\",\"url\":\"https:\/\/brilune.eu\/lv\/product\/dabiga-koka-tv-stativs\/\",\"name\":\"Dab\u012bga koka TV stat\u012bvs\",\"isPartOf\":{\"@id\":\"https:\/\/brilune.eu\/lv\/#website\"},\"primaryImageOfPage\":{\"@id\":\"https:\/\/brilune.eu\/lv\/product\/dabiga-koka-tv-stativs\/#primaryimage\"},\"image\":{\"@id\":\"https:\/\/brilune.eu\/lv\/product\/dabiga-koka-tv-stativs\/#primaryimage\"},\"thumbnailUrl\":\"https:\/\/brilune.eu\/wp-content\/uploads\/2025\/01\/8811961.jpg\",\"datePublished\":\"2025-02-19T11:09:06+00:00\",\"dateModified\":\"2025-02-19T11:31:52+00:00\",\"description\":\"Televizora stat\u012bvs dab\u012bg\u0101 koka ton\u012b un m\u016bsdien\u012bg\u0101 stil\u0101 lieliski ieder\u0113sies interjer\u0101 un pie\u0161\u0137irs m\u0101j\u012bguma pieska\u0146u. T\u0101 zemais profils un garums padara to par lielisku ...\",\"breadcrumb\":{\"@id\":\"https:\/\/brilune.eu\/lv\/product\/dabiga-koka-tv-stativs\/#breadcrumb\"},\"inLanguage\":\"lv-LV\",\"potentialAction\":[{\"@type\":\"ReadAction\",\"target\":[\"https:\/\/brilune.eu\/lv\/product\/dabiga-koka-tv-stativs\/\"]}]},{\"@type\":\"ImageObject\",\"inLanguage\":\"lv-LV\",\"@id\":\"https:\/\/brilune.eu\/lv\/product\/dabiga-koka-tv-stativs\/#primaryimage\",\"url\":\"https:\/\/brilune.eu\/wp-content\/uploads\/2025\/01\/8811961.jpg\",\"contentUrl\":\"https:\/\/brilune.eu\/wp-content\/uploads\/2025\/01\/8811961.jpg\",\"width\":1500,\"height\":1500},{\"@type\":\"BreadcrumbList\",\"@id\":\"https:\/\/brilune.eu\/lv\/product\/dabiga-koka-tv-stativs\/#breadcrumb\",\"itemListElement\":[{\"@type\":\"ListItem\",\"position\":1,\"name\":\"S\u0101kums\",\"item\":\"https:\/\/brilune.eu\/lv\/brilune-mebeles\/\"},{\"@type\":\"ListItem\",\"position\":2,\"name\":\"Visi produkti\",\"item\":\"https:\/\/brilune.eu\/lv\/shop\/\"},{\"@type\":\"ListItem\",\"position\":3,\"name\":\"Dab\u012bga koka TV stat\u012bvs\"}]},{\"@type\":\"WebSite\",\"@id\":\"https:\/\/brilune.eu\/lv\/#website\",\"url\":\"https:\/\/brilune.eu\/lv\/\",\"name\":\"Brilune\",\"description\":\"M\u0113s pied\u0101v\u0101jam unik\u0101lus un nebiju\u0161us dizainus, kas apvieno eleganci, funkcionalit\u0101ti un rado\u0161umu.\",\"potentialAction\":[{\"@type\":\"SearchAction\",\"target\":{\"@type\":\"EntryPoint\",\"urlTemplate\":\"https:\/\/brilune.eu\/lv\/?s={search_term_string}\"},\"query-input\":{\"@type\":\"PropertyValueSpecification\",\"valueRequired\":true,\"valueName\":\"search_term_string\"}}],\"inLanguage\":\"lv-LV\"}]}<\/script>\n<!-- \/ Yoast SEO plugin. -->","yoast_head_json":{"title":"Dab\u012bga koka TV stat\u012bvs","description":"Televizora stat\u012bvs dab\u012bg\u0101 koka ton\u012b un m\u016bsdien\u012bg\u0101 stil\u0101 lieliski ieder\u0113sies interjer\u0101 un pie\u0161\u0137irs m\u0101j\u012bguma pieska\u0146u. T\u0101 zemais profils un garums padara to par lielisku ...","robots":{"index":"index","follow":"follow","max-snippet":"max-snippet:-1","max-image-preview":"max-image-preview:large","max-video-preview":"max-video-preview:-1"},"canonical":"https:\/\/brilune.eu\/lv\/product\/dabiga-koka-tv-stativs\/","og_locale":"lv_LV","og_type":"article","og_title":"Dab\u012bga koka TV stat\u012bvs","og_description":"Televizora stat\u012bvs dab\u012bg\u0101 koka ton\u012b un m\u016bsdien\u012bg\u0101 stil\u0101 lieliski ieder\u0113sies interjer\u0101 un pie\u0161\u0137irs m\u0101j\u012bguma pieska\u0146u. T\u0101 zemais profils un garums padara to par lielisku ...","og_url":"https:\/\/brilune.eu\/lv\/product\/dabiga-koka-tv-stativs\/","og_site_name":"Brilune","article_modified_time":"2025-02-19T11:31:52+00:00","og_image":[{"width":1500,"height":1500,"url":"https:\/\/brilune.eu\/wp-content\/uploads\/2025\/01\/8811961.jpg","type":"image\/jpeg"}],"twitter_card":"summary_large_image","schema":{"@context":"https:\/\/schema.org","@graph":[{"@type":"WebPage","@id":"https:\/\/brilune.eu\/lv\/product\/dabiga-koka-tv-stativs\/","url":"https:\/\/brilune.eu\/lv\/product\/dabiga-koka-tv-stativs\/","name":"Dab\u012bga koka TV stat\u012bvs","isPartOf":{"@id":"https:\/\/brilune.eu\/lv\/#website"},"primaryImageOfPage":{"@id":"https:\/\/brilune.eu\/lv\/product\/dabiga-koka-tv-stativs\/#primaryimage"},"image":{"@id":"https:\/\/brilune.eu\/lv\/product\/dabiga-koka-tv-stativs\/#primaryimage"},"thumbnailUrl":"https:\/\/brilune.eu\/wp-content\/uploads\/2025\/01\/8811961.jpg","datePublished":"2025-02-19T11:09:06+00:00","dateModified":"2025-02-19T11:31:52+00:00","description":"Televizora stat\u012bvs dab\u012bg\u0101 koka ton\u012b un m\u016bsdien\u012bg\u0101 stil\u0101 lieliski ieder\u0113sies interjer\u0101 un pie\u0161\u0137irs m\u0101j\u012bguma pieska\u0146u. T\u0101 zemais profils un garums padara to par lielisku ...","breadcrumb":{"@id":"https:\/\/brilune.eu\/lv\/product\/dabiga-koka-tv-stativs\/#breadcrumb"},"inLanguage":"lv-LV","potentialAction":[{"@type":"ReadAction","target":["https:\/\/brilune.eu\/lv\/product\/dabiga-koka-tv-stativs\/"]}]},{"@type":"ImageObject","inLanguage":"lv-LV","@id":"https:\/\/brilune.eu\/lv\/product\/dabiga-koka-tv-stativs\/#primaryimage","url":"https:\/\/brilune.eu\/wp-content\/uploads\/2025\/01\/8811961.jpg","contentUrl":"https:\/\/brilune.eu\/wp-content\/uploads\/2025\/01\/8811961.jpg","width":1500,"height":1500},{"@type":"BreadcrumbList","@id":"https:\/\/brilune.eu\/lv\/product\/dabiga-koka-tv-stativs\/#breadcrumb","itemListElement":[{"@type":"ListItem","position":1,"name":"S\u0101kums","item":"https:\/\/brilune.eu\/lv\/brilune-mebeles\/"},{"@type":"ListItem","position":2,"name":"Visi produkti","item":"https:\/\/brilune.eu\/lv\/shop\/"},{"@type":"ListItem","position":3,"name":"Dab\u012bga koka TV stat\u012bvs"}]},{"@type":"WebSite","@id":"https:\/\/brilune.eu\/lv\/#website","url":"https:\/\/brilune.eu\/lv\/","name":"Brilune","description":"M\u0113s pied\u0101v\u0101jam unik\u0101lus un nebiju\u0161us dizainus, kas apvieno eleganci, funkcionalit\u0101ti un rado\u0161umu.","potentialAction":[{"@type":"SearchAction","target":{"@type":"EntryPoint","urlTemplate":"https:\/\/brilune.eu\/lv\/?s={search_term_string}"},"query-input":{"@type":"PropertyValueSpecification","valueRequired":true,"valueName":"search_term_string"}}],"inLanguage":"lv-LV"}]}},"jetpack_sharing_enabled":true,"_links":{"self":[{"href":"https:\/\/brilune.eu\/lv\/wp-json\/wp\/v2\/product\/39074","targetHints":{"allow":["GET"]}}],"collection":[{"href":"https:\/\/brilune.eu\/lv\/wp-json\/wp\/v2\/product"}],"about":[{"href":"https:\/\/brilune.eu\/lv\/wp-json\/wp\/v2\/types\/product"}],"replies":[{"embeddable":true,"href":"https:\/\/brilune.eu\/lv\/wp-json\/wp\/v2\/comments?post=39074"}],"version-history":[{"count":1,"href":"https:\/\/brilune.eu\/lv\/wp-json\/wp\/v2\/product\/39074\/revisions"}],"predecessor-version":[{"id":39115,"href":"https:\/\/brilune.eu\/lv\/wp-json\/wp\/v2\/product\/39074\/revisions\/39115"}],"wp:featuredmedia":[{"embeddable":true,"href":"https:\/\/brilune.eu\/lv\/wp-json\/wp\/v2\/media\/11273"}],"wp:attachment":[{"href":"https:\/\/brilune.eu\/lv\/wp-json\/wp\/v2\/media?parent=39074"}],"wp:term":[{"taxonomy":"product_brand","embeddable":true,"href":"https:\/\/brilune.eu\/lv\/wp-json\/wp\/v2\/product_brand?post=39074"},{"taxonomy":"product_cat","embeddable":true,"href":"https:\/\/brilune.eu\/lv\/wp-json\/wp\/v2\/product_cat?post=39074"},{"taxonomy":"product_tag","embeddable":true,"href":"https:\/\/brilune.eu\/lv\/wp-json\/wp\/v2\/product_tag?post=39074"}],"curies":[{"name":"wp","href":"https:\/\/api.w.org\/{rel}","templated":true}]}}