{"id":39059,"date":"2025-02-19T13:08:41","date_gmt":"2025-02-19T11:08:41","guid":{"rendered":"https:\/\/brilune.eu\/?post_type=product&#038;p=39059"},"modified":"2025-02-19T13:31:52","modified_gmt":"2025-02-19T11:31:52","slug":"retro-tv-stativs-3","status":"publish","type":"product","link":"https:\/\/brilune.eu\/lv\/product\/retro-tv-stativs-3\/","title":{"rendered":"Retro TV stat\u012bvs"},"content":{"rendered":"<p>\u0160is elegantais naktsskap\u012btis ar retroindustri\u0101lu izskatu mat\u0113t\u0101 meln\u0101 kr\u0101s\u0101 izcels j\u016bsu interjera moderno est\u0113tiku. Pateicoties liel\u0101kajiem izm\u0113riem, tas nodro\u0161ina vair\u0101k uzglab\u0101\u0161anas vietas tr\u012bs skapjos ar \u010detriem plauktiem, \u0113rti pasl\u0113pjot nepiecie\u0161amos priek\u0161metus un apr\u012bkojumu. Graciozas 5 cm augstas k\u0101jas uzsver t\u0101 vieglumu un pie\u0161\u0137ir izsmalcin\u0101t\u012bbu. Ide\u0101ls l\u012bdzsvars starp stilu un funkcionalit\u0101ti. Izm\u0113rs: 180\u00d740\u00d745 cm. Materi\u0101ls: koks.<\/p>\n","protected":false},"excerpt":{"rendered":"<p>\u0160is elegantais naktsskap\u012btis ar retroindustri\u0101lu izskatu mat\u0113t\u0101 meln\u0101 kr\u0101s\u0101 izcels j\u016bsu interjera moderno est\u0113tiku. Pateicoties t\u0101 liel\u0101kajiem izm\u0113riem, es&#8230;<\/p>\n","protected":false},"featured_media":11249,"comment_status":"open","ping_status":"closed","template":"","meta":[],"product_brand":[],"product_cat":[2963,5640],"product_tag":[],"class_list":{"0":"post-39059","1":"product","2":"type-product","3":"status-publish","4":"has-post-thumbnail","6":"product_cat-tv-stativi-un-izklaides-centri-kratuve-2","7":"product_cat-tv-stativi-un-izklaides-centri-kratuve-2-5","9":"first","10":"instock","11":"shipping-taxable","12":"purchasable","13":"product-type-simple"},"yoast_head":"<!-- This site is optimized with the Yoast SEO plugin v26.0 - https:\/\/yoast.com\/wordpress\/plugins\/seo\/ -->\n<title>Retro TV stat\u012bvs<\/title>\n<meta name=\"description\" content=\"\u0160is elegantais naktsskap\u012btis ar retroindustri\u0101lu izskatu mat\u0113t\u0101 meln\u0101 kr\u0101s\u0101 izcels j\u016bsu interjera moderno est\u0113tiku. Pateicoties t\u0101 liel\u0101kajiem izm\u0113riem, es...\" \/>\n<meta name=\"robots\" content=\"index, follow, max-snippet:-1, max-image-preview:large, max-video-preview:-1\" \/>\n<link rel=\"canonical\" href=\"https:\/\/brilune.eu\/lv\/product\/retro-tv-stativs-3\/\" \/>\n<meta property=\"og:locale\" content=\"lv_LV\" \/>\n<meta property=\"og:type\" content=\"article\" \/>\n<meta property=\"og:title\" content=\"Retro TV stat\u012bvs\" \/>\n<meta property=\"og:description\" content=\"\u0160is elegantais naktsskap\u012btis ar retroindustri\u0101lu izskatu mat\u0113t\u0101 meln\u0101 kr\u0101s\u0101 izcels j\u016bsu interjera moderno est\u0113tiku. Pateicoties t\u0101 liel\u0101kajiem izm\u0113riem, es...\" \/>\n<meta property=\"og:url\" content=\"https:\/\/brilune.eu\/lv\/product\/retro-tv-stativs-3\/\" \/>\n<meta property=\"og:site_name\" content=\"Brilune\" \/>\n<meta property=\"article:modified_time\" content=\"2025-02-19T11:31:52+00:00\" \/>\n<meta property=\"og:image\" content=\"https:\/\/brilune.eu\/wp-content\/uploads\/2025\/01\/6316613.jpg\" \/>\n\t<meta property=\"og:image:width\" content=\"1500\" \/>\n\t<meta property=\"og:image:height\" content=\"1500\" \/>\n\t<meta property=\"og:image:type\" content=\"image\/jpeg\" \/>\n<meta name=\"twitter:card\" content=\"summary_large_image\" \/>\n<script type=\"application\/ld+json\" class=\"yoast-schema-graph\">{\"@context\":\"https:\/\/schema.org\",\"@graph\":[{\"@type\":\"WebPage\",\"@id\":\"https:\/\/brilune.eu\/lv\/product\/retro-tv-stativs-3\/\",\"url\":\"https:\/\/brilune.eu\/lv\/product\/retro-tv-stativs-3\/\",\"name\":\"Retro TV stat\u012bvs\",\"isPartOf\":{\"@id\":\"https:\/\/brilune.eu\/lv\/#website\"},\"primaryImageOfPage\":{\"@id\":\"https:\/\/brilune.eu\/lv\/product\/retro-tv-stativs-3\/#primaryimage\"},\"image\":{\"@id\":\"https:\/\/brilune.eu\/lv\/product\/retro-tv-stativs-3\/#primaryimage\"},\"thumbnailUrl\":\"https:\/\/brilune.eu\/wp-content\/uploads\/2025\/01\/6316613.jpg\",\"datePublished\":\"2025-02-19T11:08:41+00:00\",\"dateModified\":\"2025-02-19T11:31:52+00:00\",\"description\":\"\u0160is elegantais naktsskap\u012btis ar retroindustri\u0101lu izskatu mat\u0113t\u0101 meln\u0101 kr\u0101s\u0101 izcels j\u016bsu interjera moderno est\u0113tiku. Pateicoties t\u0101 liel\u0101kajiem izm\u0113riem, es...\",\"breadcrumb\":{\"@id\":\"https:\/\/brilune.eu\/lv\/product\/retro-tv-stativs-3\/#breadcrumb\"},\"inLanguage\":\"lv-LV\",\"potentialAction\":[{\"@type\":\"ReadAction\",\"target\":[\"https:\/\/brilune.eu\/lv\/product\/retro-tv-stativs-3\/\"]}]},{\"@type\":\"ImageObject\",\"inLanguage\":\"lv-LV\",\"@id\":\"https:\/\/brilune.eu\/lv\/product\/retro-tv-stativs-3\/#primaryimage\",\"url\":\"https:\/\/brilune.eu\/wp-content\/uploads\/2025\/01\/6316613.jpg\",\"contentUrl\":\"https:\/\/brilune.eu\/wp-content\/uploads\/2025\/01\/6316613.jpg\",\"width\":1500,\"height\":1500},{\"@type\":\"BreadcrumbList\",\"@id\":\"https:\/\/brilune.eu\/lv\/product\/retro-tv-stativs-3\/#breadcrumb\",\"itemListElement\":[{\"@type\":\"ListItem\",\"position\":1,\"name\":\"S\u0101kums\",\"item\":\"https:\/\/brilune.eu\/lv\/brilune-mebeles\/\"},{\"@type\":\"ListItem\",\"position\":2,\"name\":\"Visi produkti\",\"item\":\"https:\/\/brilune.eu\/lv\/shop\/\"},{\"@type\":\"ListItem\",\"position\":3,\"name\":\"Retro TV stat\u012bvs\"}]},{\"@type\":\"WebSite\",\"@id\":\"https:\/\/brilune.eu\/lv\/#website\",\"url\":\"https:\/\/brilune.eu\/lv\/\",\"name\":\"Brilune\",\"description\":\"M\u0113s pied\u0101v\u0101jam unik\u0101lus un nebiju\u0161us dizainus, kas apvieno eleganci, funkcionalit\u0101ti un rado\u0161umu.\",\"potentialAction\":[{\"@type\":\"SearchAction\",\"target\":{\"@type\":\"EntryPoint\",\"urlTemplate\":\"https:\/\/brilune.eu\/lv\/?s={search_term_string}\"},\"query-input\":{\"@type\":\"PropertyValueSpecification\",\"valueRequired\":true,\"valueName\":\"search_term_string\"}}],\"inLanguage\":\"lv-LV\"}]}<\/script>\n<!-- \/ Yoast SEO plugin. -->","yoast_head_json":{"title":"Retro TV stat\u012bvs","description":"\u0160is elegantais naktsskap\u012btis ar retroindustri\u0101lu izskatu mat\u0113t\u0101 meln\u0101 kr\u0101s\u0101 izcels j\u016bsu interjera moderno est\u0113tiku. Pateicoties t\u0101 liel\u0101kajiem izm\u0113riem, es...","robots":{"index":"index","follow":"follow","max-snippet":"max-snippet:-1","max-image-preview":"max-image-preview:large","max-video-preview":"max-video-preview:-1"},"canonical":"https:\/\/brilune.eu\/lv\/product\/retro-tv-stativs-3\/","og_locale":"lv_LV","og_type":"article","og_title":"Retro TV stat\u012bvs","og_description":"\u0160is elegantais naktsskap\u012btis ar retroindustri\u0101lu izskatu mat\u0113t\u0101 meln\u0101 kr\u0101s\u0101 izcels j\u016bsu interjera moderno est\u0113tiku. Pateicoties t\u0101 liel\u0101kajiem izm\u0113riem, es...","og_url":"https:\/\/brilune.eu\/lv\/product\/retro-tv-stativs-3\/","og_site_name":"Brilune","article_modified_time":"2025-02-19T11:31:52+00:00","og_image":[{"width":1500,"height":1500,"url":"https:\/\/brilune.eu\/wp-content\/uploads\/2025\/01\/6316613.jpg","type":"image\/jpeg"}],"twitter_card":"summary_large_image","schema":{"@context":"https:\/\/schema.org","@graph":[{"@type":"WebPage","@id":"https:\/\/brilune.eu\/lv\/product\/retro-tv-stativs-3\/","url":"https:\/\/brilune.eu\/lv\/product\/retro-tv-stativs-3\/","name":"Retro TV stat\u012bvs","isPartOf":{"@id":"https:\/\/brilune.eu\/lv\/#website"},"primaryImageOfPage":{"@id":"https:\/\/brilune.eu\/lv\/product\/retro-tv-stativs-3\/#primaryimage"},"image":{"@id":"https:\/\/brilune.eu\/lv\/product\/retro-tv-stativs-3\/#primaryimage"},"thumbnailUrl":"https:\/\/brilune.eu\/wp-content\/uploads\/2025\/01\/6316613.jpg","datePublished":"2025-02-19T11:08:41+00:00","dateModified":"2025-02-19T11:31:52+00:00","description":"\u0160is elegantais naktsskap\u012btis ar retroindustri\u0101lu izskatu mat\u0113t\u0101 meln\u0101 kr\u0101s\u0101 izcels j\u016bsu interjera moderno est\u0113tiku. Pateicoties t\u0101 liel\u0101kajiem izm\u0113riem, es...","breadcrumb":{"@id":"https:\/\/brilune.eu\/lv\/product\/retro-tv-stativs-3\/#breadcrumb"},"inLanguage":"lv-LV","potentialAction":[{"@type":"ReadAction","target":["https:\/\/brilune.eu\/lv\/product\/retro-tv-stativs-3\/"]}]},{"@type":"ImageObject","inLanguage":"lv-LV","@id":"https:\/\/brilune.eu\/lv\/product\/retro-tv-stativs-3\/#primaryimage","url":"https:\/\/brilune.eu\/wp-content\/uploads\/2025\/01\/6316613.jpg","contentUrl":"https:\/\/brilune.eu\/wp-content\/uploads\/2025\/01\/6316613.jpg","width":1500,"height":1500},{"@type":"BreadcrumbList","@id":"https:\/\/brilune.eu\/lv\/product\/retro-tv-stativs-3\/#breadcrumb","itemListElement":[{"@type":"ListItem","position":1,"name":"S\u0101kums","item":"https:\/\/brilune.eu\/lv\/brilune-mebeles\/"},{"@type":"ListItem","position":2,"name":"Visi produkti","item":"https:\/\/brilune.eu\/lv\/shop\/"},{"@type":"ListItem","position":3,"name":"Retro TV stat\u012bvs"}]},{"@type":"WebSite","@id":"https:\/\/brilune.eu\/lv\/#website","url":"https:\/\/brilune.eu\/lv\/","name":"Brilune","description":"M\u0113s pied\u0101v\u0101jam unik\u0101lus un nebiju\u0161us dizainus, kas apvieno eleganci, funkcionalit\u0101ti un rado\u0161umu.","potentialAction":[{"@type":"SearchAction","target":{"@type":"EntryPoint","urlTemplate":"https:\/\/brilune.eu\/lv\/?s={search_term_string}"},"query-input":{"@type":"PropertyValueSpecification","valueRequired":true,"valueName":"search_term_string"}}],"inLanguage":"lv-LV"}]}},"jetpack_sharing_enabled":true,"_links":{"self":[{"href":"https:\/\/brilune.eu\/lv\/wp-json\/wp\/v2\/product\/39059","targetHints":{"allow":["GET"]}}],"collection":[{"href":"https:\/\/brilune.eu\/lv\/wp-json\/wp\/v2\/product"}],"about":[{"href":"https:\/\/brilune.eu\/lv\/wp-json\/wp\/v2\/types\/product"}],"replies":[{"embeddable":true,"href":"https:\/\/brilune.eu\/lv\/wp-json\/wp\/v2\/comments?post=39059"}],"version-history":[{"count":1,"href":"https:\/\/brilune.eu\/lv\/wp-json\/wp\/v2\/product\/39059\/revisions"}],"predecessor-version":[{"id":39112,"href":"https:\/\/brilune.eu\/lv\/wp-json\/wp\/v2\/product\/39059\/revisions\/39112"}],"wp:featuredmedia":[{"embeddable":true,"href":"https:\/\/brilune.eu\/lv\/wp-json\/wp\/v2\/media\/11249"}],"wp:attachment":[{"href":"https:\/\/brilune.eu\/lv\/wp-json\/wp\/v2\/media?parent=39059"}],"wp:term":[{"taxonomy":"product_brand","embeddable":true,"href":"https:\/\/brilune.eu\/lv\/wp-json\/wp\/v2\/product_brand?post=39059"},{"taxonomy":"product_cat","embeddable":true,"href":"https:\/\/brilune.eu\/lv\/wp-json\/wp\/v2\/product_cat?post=39059"},{"taxonomy":"product_tag","embeddable":true,"href":"https:\/\/brilune.eu\/lv\/wp-json\/wp\/v2\/product_tag?post=39059"}],"curies":[{"name":"wp","href":"https:\/\/api.w.org\/{rel}","templated":true}]}}