{"id":39053,"date":"2025-02-19T13:08:40","date_gmt":"2025-02-19T11:08:40","guid":{"rendered":"https:\/\/brilune.eu\/?post_type=product&#038;p=39053"},"modified":"2025-02-19T13:31:49","modified_gmt":"2025-02-19T11:31:49","slug":"retro-tv-stativs","status":"publish","type":"product","link":"https:\/\/brilune.eu\/lv\/product\/retro-tv-stativs\/","title":{"rendered":"Retro TV stat\u012bvs"},"content":{"rendered":"<p>\u0160is retroindustri\u0101lais televizora stat\u012bvs mat\u0113ti meln\u0101 kr\u0101s\u0101 lieliski papildin\u0101s j\u016bsu interjeru, pie\u0161\u0137irot tam modernu nokr\u0101su. T\u0101 kompaktais izm\u0113rs padara to ide\u0101li piem\u0113rotu maz\u0101m telp\u0101m, un tr\u012bs sl\u0113gtie skapji ar \u010detriem plauktiem nodro\u0161ina pietiekami daudz vietas ier\u012bc\u0113m un da\u017e\u0101diem piederumiem. K\u0101jas, kuru augstums ir tikai 5 cm, pie\u0161\u0137ir skapim vieglumu un eleganci, kas padara to v\u0113l pievilc\u012bg\u0101ku. Apvienojot stilu un praktiskumu, \u0161is naktsskap\u012btis ir ide\u0101ls risin\u0101jums j\u016bsu viesistabai. Izm\u0113rs: 120\u00d740\u00d745 cm. Materi\u0101ls: koks.<\/p>\n","protected":false},"excerpt":{"rendered":"<p>\u0160is retroindustri\u0101lais televizora stat\u012bvs mat\u0113ti meln\u0101 kr\u0101s\u0101 lieliski papildin\u0101s j\u016bsu interjeru, pie\u0161\u0137irot tam modernu nokr\u0101su. T\u0101 kompaktais izm\u0113rs padara to ide\u0101li piem\u0113rotu maziem&#8230;<\/p>\n","protected":false},"featured_media":11249,"comment_status":"open","ping_status":"closed","template":"","meta":[],"product_brand":[],"product_cat":[2963,5640],"product_tag":[],"class_list":{"0":"post-39053","1":"product","2":"type-product","3":"status-publish","4":"has-post-thumbnail","6":"product_cat-tv-stativi-un-izklaides-centri-kratuve-2","7":"product_cat-tv-stativi-un-izklaides-centri-kratuve-2-5","9":"first","10":"instock","11":"shipping-taxable","12":"purchasable","13":"product-type-simple"},"yoast_head":"<!-- This site is optimized with the Yoast SEO plugin v26.0 - https:\/\/yoast.com\/wordpress\/plugins\/seo\/ -->\n<title>Retro TV stat\u012bvs<\/title>\n<meta name=\"description\" content=\"\u0160is retroindustri\u0101lais televizora stat\u012bvs mat\u0113ti meln\u0101 kr\u0101s\u0101 lieliski papildin\u0101s j\u016bsu interjeru, pie\u0161\u0137irot tam modernu nokr\u0101su. T\u0101 kompaktais izm\u0113rs padara to ide\u0101li piem\u0113rotu maziem...\" \/>\n<meta name=\"robots\" content=\"index, follow, max-snippet:-1, max-image-preview:large, max-video-preview:-1\" \/>\n<link rel=\"canonical\" href=\"https:\/\/brilune.eu\/lv\/product\/retro-tv-stativs\/\" \/>\n<meta property=\"og:locale\" content=\"lv_LV\" \/>\n<meta property=\"og:type\" content=\"article\" \/>\n<meta property=\"og:title\" content=\"Retro TV stat\u012bvs\" \/>\n<meta property=\"og:description\" content=\"\u0160is retroindustri\u0101lais televizora stat\u012bvs mat\u0113ti meln\u0101 kr\u0101s\u0101 lieliski papildin\u0101s j\u016bsu interjeru, pie\u0161\u0137irot tam modernu nokr\u0101su. T\u0101 kompaktais izm\u0113rs padara to ide\u0101li piem\u0113rotu maziem...\" \/>\n<meta property=\"og:url\" content=\"https:\/\/brilune.eu\/lv\/product\/retro-tv-stativs\/\" \/>\n<meta property=\"og:site_name\" content=\"Brilune\" \/>\n<meta property=\"article:modified_time\" content=\"2025-02-19T11:31:49+00:00\" \/>\n<meta property=\"og:image\" content=\"https:\/\/brilune.eu\/wp-content\/uploads\/2025\/01\/6316613.jpg\" \/>\n\t<meta property=\"og:image:width\" content=\"1500\" \/>\n\t<meta property=\"og:image:height\" content=\"1500\" \/>\n\t<meta property=\"og:image:type\" content=\"image\/jpeg\" \/>\n<meta name=\"twitter:card\" content=\"summary_large_image\" \/>\n<meta name=\"twitter:label1\" content=\"Est. reading time\" \/>\n\t<meta name=\"twitter:data1\" content=\"1 minute\" \/>\n<script type=\"application\/ld+json\" class=\"yoast-schema-graph\">{\"@context\":\"https:\/\/schema.org\",\"@graph\":[{\"@type\":\"WebPage\",\"@id\":\"https:\/\/brilune.eu\/lv\/product\/retro-tv-stativs\/\",\"url\":\"https:\/\/brilune.eu\/lv\/product\/retro-tv-stativs\/\",\"name\":\"Retro TV stat\u012bvs\",\"isPartOf\":{\"@id\":\"https:\/\/brilune.eu\/lv\/#website\"},\"primaryImageOfPage\":{\"@id\":\"https:\/\/brilune.eu\/lv\/product\/retro-tv-stativs\/#primaryimage\"},\"image\":{\"@id\":\"https:\/\/brilune.eu\/lv\/product\/retro-tv-stativs\/#primaryimage\"},\"thumbnailUrl\":\"https:\/\/brilune.eu\/wp-content\/uploads\/2025\/01\/6316613.jpg\",\"datePublished\":\"2025-02-19T11:08:40+00:00\",\"dateModified\":\"2025-02-19T11:31:49+00:00\",\"description\":\"\u0160is retroindustri\u0101lais televizora stat\u012bvs mat\u0113ti meln\u0101 kr\u0101s\u0101 lieliski papildin\u0101s j\u016bsu interjeru, pie\u0161\u0137irot tam modernu nokr\u0101su. T\u0101 kompaktais izm\u0113rs padara to ide\u0101li piem\u0113rotu maziem...\",\"breadcrumb\":{\"@id\":\"https:\/\/brilune.eu\/lv\/product\/retro-tv-stativs\/#breadcrumb\"},\"inLanguage\":\"lv-LV\",\"potentialAction\":[{\"@type\":\"ReadAction\",\"target\":[\"https:\/\/brilune.eu\/lv\/product\/retro-tv-stativs\/\"]}]},{\"@type\":\"ImageObject\",\"inLanguage\":\"lv-LV\",\"@id\":\"https:\/\/brilune.eu\/lv\/product\/retro-tv-stativs\/#primaryimage\",\"url\":\"https:\/\/brilune.eu\/wp-content\/uploads\/2025\/01\/6316613.jpg\",\"contentUrl\":\"https:\/\/brilune.eu\/wp-content\/uploads\/2025\/01\/6316613.jpg\",\"width\":1500,\"height\":1500},{\"@type\":\"BreadcrumbList\",\"@id\":\"https:\/\/brilune.eu\/lv\/product\/retro-tv-stativs\/#breadcrumb\",\"itemListElement\":[{\"@type\":\"ListItem\",\"position\":1,\"name\":\"S\u0101kums\",\"item\":\"https:\/\/brilune.eu\/lv\/brilune-mebeles\/\"},{\"@type\":\"ListItem\",\"position\":2,\"name\":\"Visi produkti\",\"item\":\"https:\/\/brilune.eu\/lv\/shop\/\"},{\"@type\":\"ListItem\",\"position\":3,\"name\":\"Retro TV stat\u012bvs\"}]},{\"@type\":\"WebSite\",\"@id\":\"https:\/\/brilune.eu\/lv\/#website\",\"url\":\"https:\/\/brilune.eu\/lv\/\",\"name\":\"Brilune\",\"description\":\"M\u0113s pied\u0101v\u0101jam unik\u0101lus un nebiju\u0161us dizainus, kas apvieno eleganci, funkcionalit\u0101ti un rado\u0161umu.\",\"potentialAction\":[{\"@type\":\"SearchAction\",\"target\":{\"@type\":\"EntryPoint\",\"urlTemplate\":\"https:\/\/brilune.eu\/lv\/?s={search_term_string}\"},\"query-input\":{\"@type\":\"PropertyValueSpecification\",\"valueRequired\":true,\"valueName\":\"search_term_string\"}}],\"inLanguage\":\"lv-LV\"}]}<\/script>\n<!-- \/ Yoast SEO plugin. -->","yoast_head_json":{"title":"Retro TV stat\u012bvs","description":"\u0160is retroindustri\u0101lais televizora stat\u012bvs mat\u0113ti meln\u0101 kr\u0101s\u0101 lieliski papildin\u0101s j\u016bsu interjeru, pie\u0161\u0137irot tam modernu nokr\u0101su. T\u0101 kompaktais izm\u0113rs padara to ide\u0101li piem\u0113rotu maziem...","robots":{"index":"index","follow":"follow","max-snippet":"max-snippet:-1","max-image-preview":"max-image-preview:large","max-video-preview":"max-video-preview:-1"},"canonical":"https:\/\/brilune.eu\/lv\/product\/retro-tv-stativs\/","og_locale":"lv_LV","og_type":"article","og_title":"Retro TV stat\u012bvs","og_description":"\u0160is retroindustri\u0101lais televizora stat\u012bvs mat\u0113ti meln\u0101 kr\u0101s\u0101 lieliski papildin\u0101s j\u016bsu interjeru, pie\u0161\u0137irot tam modernu nokr\u0101su. T\u0101 kompaktais izm\u0113rs padara to ide\u0101li piem\u0113rotu maziem...","og_url":"https:\/\/brilune.eu\/lv\/product\/retro-tv-stativs\/","og_site_name":"Brilune","article_modified_time":"2025-02-19T11:31:49+00:00","og_image":[{"width":1500,"height":1500,"url":"https:\/\/brilune.eu\/wp-content\/uploads\/2025\/01\/6316613.jpg","type":"image\/jpeg"}],"twitter_card":"summary_large_image","twitter_misc":{"Est. reading time":"1 minute"},"schema":{"@context":"https:\/\/schema.org","@graph":[{"@type":"WebPage","@id":"https:\/\/brilune.eu\/lv\/product\/retro-tv-stativs\/","url":"https:\/\/brilune.eu\/lv\/product\/retro-tv-stativs\/","name":"Retro TV stat\u012bvs","isPartOf":{"@id":"https:\/\/brilune.eu\/lv\/#website"},"primaryImageOfPage":{"@id":"https:\/\/brilune.eu\/lv\/product\/retro-tv-stativs\/#primaryimage"},"image":{"@id":"https:\/\/brilune.eu\/lv\/product\/retro-tv-stativs\/#primaryimage"},"thumbnailUrl":"https:\/\/brilune.eu\/wp-content\/uploads\/2025\/01\/6316613.jpg","datePublished":"2025-02-19T11:08:40+00:00","dateModified":"2025-02-19T11:31:49+00:00","description":"\u0160is retroindustri\u0101lais televizora stat\u012bvs mat\u0113ti meln\u0101 kr\u0101s\u0101 lieliski papildin\u0101s j\u016bsu interjeru, pie\u0161\u0137irot tam modernu nokr\u0101su. T\u0101 kompaktais izm\u0113rs padara to ide\u0101li piem\u0113rotu maziem...","breadcrumb":{"@id":"https:\/\/brilune.eu\/lv\/product\/retro-tv-stativs\/#breadcrumb"},"inLanguage":"lv-LV","potentialAction":[{"@type":"ReadAction","target":["https:\/\/brilune.eu\/lv\/product\/retro-tv-stativs\/"]}]},{"@type":"ImageObject","inLanguage":"lv-LV","@id":"https:\/\/brilune.eu\/lv\/product\/retro-tv-stativs\/#primaryimage","url":"https:\/\/brilune.eu\/wp-content\/uploads\/2025\/01\/6316613.jpg","contentUrl":"https:\/\/brilune.eu\/wp-content\/uploads\/2025\/01\/6316613.jpg","width":1500,"height":1500},{"@type":"BreadcrumbList","@id":"https:\/\/brilune.eu\/lv\/product\/retro-tv-stativs\/#breadcrumb","itemListElement":[{"@type":"ListItem","position":1,"name":"S\u0101kums","item":"https:\/\/brilune.eu\/lv\/brilune-mebeles\/"},{"@type":"ListItem","position":2,"name":"Visi produkti","item":"https:\/\/brilune.eu\/lv\/shop\/"},{"@type":"ListItem","position":3,"name":"Retro TV stat\u012bvs"}]},{"@type":"WebSite","@id":"https:\/\/brilune.eu\/lv\/#website","url":"https:\/\/brilune.eu\/lv\/","name":"Brilune","description":"M\u0113s pied\u0101v\u0101jam unik\u0101lus un nebiju\u0161us dizainus, kas apvieno eleganci, funkcionalit\u0101ti un rado\u0161umu.","potentialAction":[{"@type":"SearchAction","target":{"@type":"EntryPoint","urlTemplate":"https:\/\/brilune.eu\/lv\/?s={search_term_string}"},"query-input":{"@type":"PropertyValueSpecification","valueRequired":true,"valueName":"search_term_string"}}],"inLanguage":"lv-LV"}]}},"jetpack_sharing_enabled":true,"_links":{"self":[{"href":"https:\/\/brilune.eu\/lv\/wp-json\/wp\/v2\/product\/39053","targetHints":{"allow":["GET"]}}],"collection":[{"href":"https:\/\/brilune.eu\/lv\/wp-json\/wp\/v2\/product"}],"about":[{"href":"https:\/\/brilune.eu\/lv\/wp-json\/wp\/v2\/types\/product"}],"replies":[{"embeddable":true,"href":"https:\/\/brilune.eu\/lv\/wp-json\/wp\/v2\/comments?post=39053"}],"version-history":[{"count":1,"href":"https:\/\/brilune.eu\/lv\/wp-json\/wp\/v2\/product\/39053\/revisions"}],"predecessor-version":[{"id":39106,"href":"https:\/\/brilune.eu\/lv\/wp-json\/wp\/v2\/product\/39053\/revisions\/39106"}],"wp:featuredmedia":[{"embeddable":true,"href":"https:\/\/brilune.eu\/lv\/wp-json\/wp\/v2\/media\/11249"}],"wp:attachment":[{"href":"https:\/\/brilune.eu\/lv\/wp-json\/wp\/v2\/media?parent=39053"}],"wp:term":[{"taxonomy":"product_brand","embeddable":true,"href":"https:\/\/brilune.eu\/lv\/wp-json\/wp\/v2\/product_brand?post=39053"},{"taxonomy":"product_cat","embeddable":true,"href":"https:\/\/brilune.eu\/lv\/wp-json\/wp\/v2\/product_cat?post=39053"},{"taxonomy":"product_tag","embeddable":true,"href":"https:\/\/brilune.eu\/lv\/wp-json\/wp\/v2\/product_tag?post=39053"}],"curies":[{"name":"wp","href":"https:\/\/api.w.org\/{rel}","templated":true}]}}