{"id":39037,"date":"2025-02-19T13:08:19","date_gmt":"2025-02-19T11:08:19","guid":{"rendered":"https:\/\/brilune.eu\/?post_type=product&#038;p=39037"},"modified":"2025-02-19T13:31:44","modified_gmt":"2025-02-19T11:31:44","slug":"zals-tv-stativs-2","status":"publish","type":"product","link":"https:\/\/brilune.eu\/lv\/product\/zals-tv-stativs-2\/","title":{"rendered":"Za\u013c\u0161 TV stat\u012bvs"},"content":{"rendered":"<p>M\u016bsdien\u012bgs TV stat\u012bvs za\u013c\u0101 kr\u0101s\u0101 ir lieliska izv\u0113le minim\u0101lisma cien\u012bt\u0101jiem. T\u0101s t\u012br\u0101s l\u012bnijas un diskr\u0113tu dizainu papildina \u010detri sl\u0113gti skapji un \u010detri plaukti, kas nodro\u0161ina \u0113rtu uzglab\u0101\u0161anas vietu. 5 cm k\u0101ju augstums nodro\u0161ina labu ventil\u0101ciju un \u0113rtu piek\u013cuvi gr\u012bdai. \u0160is naktsskap\u012btis b\u016bs funkcion\u0101ls un stil\u012bgs risin\u0101jums j\u016bsu dz\u012bves telpai. Izm\u0113rs: 180\u00d730\u00d748 cm. Materi\u0101ls: koks.<\/p>\n","protected":false},"excerpt":{"rendered":"<p>M\u016bsdien\u012bgs TV stat\u012bvs za\u013c\u0101 kr\u0101s\u0101 ir lieliska izv\u0113le minim\u0101lisma cien\u012bt\u0101jiem. T\u0101s t\u012br\u0101s l\u012bnijas un diskr\u0113tu dizainu papildina \u010detri sl\u0113gti skapji un&#8230;<\/p>\n","protected":false},"featured_media":11241,"comment_status":"open","ping_status":"closed","template":"","meta":[],"product_brand":[],"product_cat":[5640,2963],"product_tag":[],"class_list":{"0":"post-39037","1":"product","2":"type-product","3":"status-publish","4":"has-post-thumbnail","6":"product_cat-tv-stativi-un-izklaides-centri-kratuve-2-5","7":"product_cat-tv-stativi-un-izklaides-centri-kratuve-2","9":"first","10":"instock","11":"shipping-taxable","12":"purchasable","13":"product-type-simple"},"yoast_head":"<!-- This site is optimized with the Yoast SEO plugin v26.0 - https:\/\/yoast.com\/wordpress\/plugins\/seo\/ -->\n<title>Za\u013c\u0161 TV stat\u012bvs<\/title>\n<meta name=\"description\" content=\"M\u016bsdien\u012bgs TV stat\u012bvs za\u013c\u0101 kr\u0101s\u0101 ir lieliska izv\u0113le minim\u0101lisma cien\u012bt\u0101jiem. T\u0101s t\u012br\u0101s l\u012bnijas un diskr\u0113tu dizainu papildina \u010detri sl\u0113gti skapji un...\" \/>\n<meta name=\"robots\" content=\"index, follow, max-snippet:-1, max-image-preview:large, max-video-preview:-1\" \/>\n<link rel=\"canonical\" href=\"https:\/\/brilune.eu\/lv\/product\/zals-tv-stativs-2\/\" \/>\n<meta property=\"og:locale\" content=\"lv_LV\" \/>\n<meta property=\"og:type\" content=\"article\" \/>\n<meta property=\"og:title\" content=\"Za\u013c\u0161 TV stat\u012bvs\" \/>\n<meta property=\"og:description\" content=\"M\u016bsdien\u012bgs TV stat\u012bvs za\u013c\u0101 kr\u0101s\u0101 ir lieliska izv\u0113le minim\u0101lisma cien\u012bt\u0101jiem. T\u0101s t\u012br\u0101s l\u012bnijas un diskr\u0113tu dizainu papildina \u010detri sl\u0113gti skapji un...\" \/>\n<meta property=\"og:url\" content=\"https:\/\/brilune.eu\/lv\/product\/zals-tv-stativs-2\/\" \/>\n<meta property=\"og:site_name\" content=\"Brilune\" \/>\n<meta property=\"article:modified_time\" content=\"2025-02-19T11:31:44+00:00\" \/>\n<meta property=\"og:image\" content=\"https:\/\/brilune.eu\/wp-content\/uploads\/2025\/01\/5222275.jpg\" \/>\n\t<meta property=\"og:image:width\" content=\"1500\" \/>\n\t<meta property=\"og:image:height\" content=\"1500\" \/>\n\t<meta property=\"og:image:type\" content=\"image\/jpeg\" \/>\n<meta name=\"twitter:card\" content=\"summary_large_image\" \/>\n<script type=\"application\/ld+json\" class=\"yoast-schema-graph\">{\"@context\":\"https:\/\/schema.org\",\"@graph\":[{\"@type\":\"WebPage\",\"@id\":\"https:\/\/brilune.eu\/lv\/product\/zals-tv-stativs-2\/\",\"url\":\"https:\/\/brilune.eu\/lv\/product\/zals-tv-stativs-2\/\",\"name\":\"Za\u013c\u0161 TV stat\u012bvs\",\"isPartOf\":{\"@id\":\"https:\/\/brilune.eu\/lv\/#website\"},\"primaryImageOfPage\":{\"@id\":\"https:\/\/brilune.eu\/lv\/product\/zals-tv-stativs-2\/#primaryimage\"},\"image\":{\"@id\":\"https:\/\/brilune.eu\/lv\/product\/zals-tv-stativs-2\/#primaryimage\"},\"thumbnailUrl\":\"https:\/\/brilune.eu\/wp-content\/uploads\/2025\/01\/5222275.jpg\",\"datePublished\":\"2025-02-19T11:08:19+00:00\",\"dateModified\":\"2025-02-19T11:31:44+00:00\",\"description\":\"M\u016bsdien\u012bgs TV stat\u012bvs za\u013c\u0101 kr\u0101s\u0101 ir lieliska izv\u0113le minim\u0101lisma cien\u012bt\u0101jiem. T\u0101s t\u012br\u0101s l\u012bnijas un diskr\u0113tu dizainu papildina \u010detri sl\u0113gti skapji un...\",\"breadcrumb\":{\"@id\":\"https:\/\/brilune.eu\/lv\/product\/zals-tv-stativs-2\/#breadcrumb\"},\"inLanguage\":\"lv-LV\",\"potentialAction\":[{\"@type\":\"ReadAction\",\"target\":[\"https:\/\/brilune.eu\/lv\/product\/zals-tv-stativs-2\/\"]}]},{\"@type\":\"ImageObject\",\"inLanguage\":\"lv-LV\",\"@id\":\"https:\/\/brilune.eu\/lv\/product\/zals-tv-stativs-2\/#primaryimage\",\"url\":\"https:\/\/brilune.eu\/wp-content\/uploads\/2025\/01\/5222275.jpg\",\"contentUrl\":\"https:\/\/brilune.eu\/wp-content\/uploads\/2025\/01\/5222275.jpg\",\"width\":1500,\"height\":1500},{\"@type\":\"BreadcrumbList\",\"@id\":\"https:\/\/brilune.eu\/lv\/product\/zals-tv-stativs-2\/#breadcrumb\",\"itemListElement\":[{\"@type\":\"ListItem\",\"position\":1,\"name\":\"S\u0101kums\",\"item\":\"https:\/\/brilune.eu\/lv\/brilune-mebeles\/\"},{\"@type\":\"ListItem\",\"position\":2,\"name\":\"Visi produkti\",\"item\":\"https:\/\/brilune.eu\/lv\/shop\/\"},{\"@type\":\"ListItem\",\"position\":3,\"name\":\"Za\u013c\u0161 TV stat\u012bvs\"}]},{\"@type\":\"WebSite\",\"@id\":\"https:\/\/brilune.eu\/lv\/#website\",\"url\":\"https:\/\/brilune.eu\/lv\/\",\"name\":\"Brilune\",\"description\":\"M\u0113s pied\u0101v\u0101jam unik\u0101lus un nebiju\u0161us dizainus, kas apvieno eleganci, funkcionalit\u0101ti un rado\u0161umu.\",\"potentialAction\":[{\"@type\":\"SearchAction\",\"target\":{\"@type\":\"EntryPoint\",\"urlTemplate\":\"https:\/\/brilune.eu\/lv\/?s={search_term_string}\"},\"query-input\":{\"@type\":\"PropertyValueSpecification\",\"valueRequired\":true,\"valueName\":\"search_term_string\"}}],\"inLanguage\":\"lv-LV\"}]}<\/script>\n<!-- \/ Yoast SEO plugin. -->","yoast_head_json":{"title":"Za\u013c\u0161 TV stat\u012bvs","description":"M\u016bsdien\u012bgs TV stat\u012bvs za\u013c\u0101 kr\u0101s\u0101 ir lieliska izv\u0113le minim\u0101lisma cien\u012bt\u0101jiem. T\u0101s t\u012br\u0101s l\u012bnijas un diskr\u0113tu dizainu papildina \u010detri sl\u0113gti skapji un...","robots":{"index":"index","follow":"follow","max-snippet":"max-snippet:-1","max-image-preview":"max-image-preview:large","max-video-preview":"max-video-preview:-1"},"canonical":"https:\/\/brilune.eu\/lv\/product\/zals-tv-stativs-2\/","og_locale":"lv_LV","og_type":"article","og_title":"Za\u013c\u0161 TV stat\u012bvs","og_description":"M\u016bsdien\u012bgs TV stat\u012bvs za\u013c\u0101 kr\u0101s\u0101 ir lieliska izv\u0113le minim\u0101lisma cien\u012bt\u0101jiem. T\u0101s t\u012br\u0101s l\u012bnijas un diskr\u0113tu dizainu papildina \u010detri sl\u0113gti skapji un...","og_url":"https:\/\/brilune.eu\/lv\/product\/zals-tv-stativs-2\/","og_site_name":"Brilune","article_modified_time":"2025-02-19T11:31:44+00:00","og_image":[{"width":1500,"height":1500,"url":"https:\/\/brilune.eu\/wp-content\/uploads\/2025\/01\/5222275.jpg","type":"image\/jpeg"}],"twitter_card":"summary_large_image","schema":{"@context":"https:\/\/schema.org","@graph":[{"@type":"WebPage","@id":"https:\/\/brilune.eu\/lv\/product\/zals-tv-stativs-2\/","url":"https:\/\/brilune.eu\/lv\/product\/zals-tv-stativs-2\/","name":"Za\u013c\u0161 TV stat\u012bvs","isPartOf":{"@id":"https:\/\/brilune.eu\/lv\/#website"},"primaryImageOfPage":{"@id":"https:\/\/brilune.eu\/lv\/product\/zals-tv-stativs-2\/#primaryimage"},"image":{"@id":"https:\/\/brilune.eu\/lv\/product\/zals-tv-stativs-2\/#primaryimage"},"thumbnailUrl":"https:\/\/brilune.eu\/wp-content\/uploads\/2025\/01\/5222275.jpg","datePublished":"2025-02-19T11:08:19+00:00","dateModified":"2025-02-19T11:31:44+00:00","description":"M\u016bsdien\u012bgs TV stat\u012bvs za\u013c\u0101 kr\u0101s\u0101 ir lieliska izv\u0113le minim\u0101lisma cien\u012bt\u0101jiem. T\u0101s t\u012br\u0101s l\u012bnijas un diskr\u0113tu dizainu papildina \u010detri sl\u0113gti skapji un...","breadcrumb":{"@id":"https:\/\/brilune.eu\/lv\/product\/zals-tv-stativs-2\/#breadcrumb"},"inLanguage":"lv-LV","potentialAction":[{"@type":"ReadAction","target":["https:\/\/brilune.eu\/lv\/product\/zals-tv-stativs-2\/"]}]},{"@type":"ImageObject","inLanguage":"lv-LV","@id":"https:\/\/brilune.eu\/lv\/product\/zals-tv-stativs-2\/#primaryimage","url":"https:\/\/brilune.eu\/wp-content\/uploads\/2025\/01\/5222275.jpg","contentUrl":"https:\/\/brilune.eu\/wp-content\/uploads\/2025\/01\/5222275.jpg","width":1500,"height":1500},{"@type":"BreadcrumbList","@id":"https:\/\/brilune.eu\/lv\/product\/zals-tv-stativs-2\/#breadcrumb","itemListElement":[{"@type":"ListItem","position":1,"name":"S\u0101kums","item":"https:\/\/brilune.eu\/lv\/brilune-mebeles\/"},{"@type":"ListItem","position":2,"name":"Visi produkti","item":"https:\/\/brilune.eu\/lv\/shop\/"},{"@type":"ListItem","position":3,"name":"Za\u013c\u0161 TV stat\u012bvs"}]},{"@type":"WebSite","@id":"https:\/\/brilune.eu\/lv\/#website","url":"https:\/\/brilune.eu\/lv\/","name":"Brilune","description":"M\u0113s pied\u0101v\u0101jam unik\u0101lus un nebiju\u0161us dizainus, kas apvieno eleganci, funkcionalit\u0101ti un rado\u0161umu.","potentialAction":[{"@type":"SearchAction","target":{"@type":"EntryPoint","urlTemplate":"https:\/\/brilune.eu\/lv\/?s={search_term_string}"},"query-input":{"@type":"PropertyValueSpecification","valueRequired":true,"valueName":"search_term_string"}}],"inLanguage":"lv-LV"}]}},"jetpack_sharing_enabled":true,"_links":{"self":[{"href":"https:\/\/brilune.eu\/lv\/wp-json\/wp\/v2\/product\/39037","targetHints":{"allow":["GET"]}}],"collection":[{"href":"https:\/\/brilune.eu\/lv\/wp-json\/wp\/v2\/product"}],"about":[{"href":"https:\/\/brilune.eu\/lv\/wp-json\/wp\/v2\/types\/product"}],"replies":[{"embeddable":true,"href":"https:\/\/brilune.eu\/lv\/wp-json\/wp\/v2\/comments?post=39037"}],"version-history":[{"count":1,"href":"https:\/\/brilune.eu\/lv\/wp-json\/wp\/v2\/product\/39037\/revisions"}],"predecessor-version":[{"id":39089,"href":"https:\/\/brilune.eu\/lv\/wp-json\/wp\/v2\/product\/39037\/revisions\/39089"}],"wp:featuredmedia":[{"embeddable":true,"href":"https:\/\/brilune.eu\/lv\/wp-json\/wp\/v2\/media\/11241"}],"wp:attachment":[{"href":"https:\/\/brilune.eu\/lv\/wp-json\/wp\/v2\/media?parent=39037"}],"wp:term":[{"taxonomy":"product_brand","embeddable":true,"href":"https:\/\/brilune.eu\/lv\/wp-json\/wp\/v2\/product_brand?post=39037"},{"taxonomy":"product_cat","embeddable":true,"href":"https:\/\/brilune.eu\/lv\/wp-json\/wp\/v2\/product_cat?post=39037"},{"taxonomy":"product_tag","embeddable":true,"href":"https:\/\/brilune.eu\/lv\/wp-json\/wp\/v2\/product_tag?post=39037"}],"curies":[{"name":"wp","href":"https:\/\/api.w.org\/{rel}","templated":true}]}}