{"id":39005,"date":"2025-02-19T13:07:51","date_gmt":"2025-02-19T11:07:51","guid":{"rendered":"https:\/\/brilune.eu\/?post_type=product&#038;p=39005"},"modified":"2025-02-19T13:31:30","modified_gmt":"2025-02-19T11:31:30","slug":"tv-stativs-25","status":"publish","type":"product","link":"https:\/\/brilune.eu\/lv\/product\/tv-stativs-25\/","title":{"rendered":"TV stat\u012bvs"},"content":{"rendered":"<p>Melnbalts televizora stat\u012bvs ar lakonisku dizainu ide\u0101li papildin\u0101s m\u016bsdien\u012bgu viesistabas interjeru. Modelis ir apr\u012bkots ar \u010detr\u0101m viegli aizveram\u0101m atvilktn\u0113m un div\u0101m durv\u012bm, aiz kur\u0101m ir pasl\u0113pti plaukti da\u017e\u0101du priek\u0161metu un aksesu\u0101ru \u0113rtai glab\u0101\u0161anai. Lielaj\u0101 aug\u0161\u0113j\u0101 virsm\u0101 ir ievietots televizors, radot elegantu un funkcion\u0101lu telpu. Pateicoties ieb\u016bv\u0113tajai kabe\u013cu vad\u012bbas sist\u0113mai, apr\u012bkojums un vadi b\u016bs gl\u012bti sak\u0101rtoti. Izm\u0113rs: 160\u00d740\u00d750 cm. Materi\u0101ls: mas\u012bvkoks.<\/p>\n","protected":false},"excerpt":{"rendered":"<p>Melnbalts televizora stat\u012bvs ar lakonisku dizainu ide\u0101li papildin\u0101s m\u016bsdien\u012bgu viesistabas interjeru. Modelis ir apr\u012bkots ar \u010detr\u0101m viegli aizveram\u0101m atvilktn\u0113m&#8230;<\/p>\n","protected":false},"featured_media":11150,"comment_status":"open","ping_status":"closed","template":"","meta":[],"product_brand":[],"product_cat":[2963,5640],"product_tag":[],"class_list":{"0":"post-39005","1":"product","2":"type-product","3":"status-publish","4":"has-post-thumbnail","6":"product_cat-tv-stativi-un-izklaides-centri-kratuve-2","7":"product_cat-tv-stativi-un-izklaides-centri-kratuve-2-5","9":"first","10":"instock","11":"shipping-taxable","12":"purchasable","13":"product-type-simple"},"yoast_head":"<!-- This site is optimized with the Yoast SEO plugin v26.0 - https:\/\/yoast.com\/wordpress\/plugins\/seo\/ -->\n<title>TV stat\u012bvs<\/title>\n<meta name=\"description\" content=\"Melnbalts televizora stat\u012bvs ar lakonisku dizainu ide\u0101li papildin\u0101s m\u016bsdien\u012bgu viesistabas interjeru. Modelis ir apr\u012bkots ar \u010detr\u0101m viegli aizveram\u0101m atvilktn\u0113m...\" \/>\n<meta name=\"robots\" content=\"index, follow, max-snippet:-1, max-image-preview:large, max-video-preview:-1\" \/>\n<link rel=\"canonical\" href=\"https:\/\/brilune.eu\/lv\/product\/tv-stativs-25\/\" \/>\n<meta property=\"og:locale\" content=\"lv_LV\" \/>\n<meta property=\"og:type\" content=\"article\" \/>\n<meta property=\"og:title\" content=\"TV stat\u012bvs\" \/>\n<meta property=\"og:description\" content=\"Melnbalts televizora stat\u012bvs ar lakonisku dizainu ide\u0101li papildin\u0101s m\u016bsdien\u012bgu viesistabas interjeru. Modelis ir apr\u012bkots ar \u010detr\u0101m viegli aizveram\u0101m atvilktn\u0113m...\" \/>\n<meta property=\"og:url\" content=\"https:\/\/brilune.eu\/lv\/product\/tv-stativs-25\/\" \/>\n<meta property=\"og:site_name\" content=\"Brilune\" \/>\n<meta property=\"article:modified_time\" content=\"2025-02-19T11:31:30+00:00\" \/>\n<meta property=\"og:image\" content=\"https:\/\/brilune.eu\/wp-content\/uploads\/2025\/01\/13618187.png\" \/>\n\t<meta property=\"og:image:width\" content=\"800\" \/>\n\t<meta property=\"og:image:height\" content=\"800\" \/>\n\t<meta property=\"og:image:type\" content=\"image\/png\" \/>\n<meta name=\"twitter:card\" content=\"summary_large_image\" \/>\n<script type=\"application\/ld+json\" class=\"yoast-schema-graph\">{\"@context\":\"https:\/\/schema.org\",\"@graph\":[{\"@type\":\"WebPage\",\"@id\":\"https:\/\/brilune.eu\/lv\/product\/tv-stativs-25\/\",\"url\":\"https:\/\/brilune.eu\/lv\/product\/tv-stativs-25\/\",\"name\":\"TV stat\u012bvs\",\"isPartOf\":{\"@id\":\"https:\/\/brilune.eu\/lv\/#website\"},\"primaryImageOfPage\":{\"@id\":\"https:\/\/brilune.eu\/lv\/product\/tv-stativs-25\/#primaryimage\"},\"image\":{\"@id\":\"https:\/\/brilune.eu\/lv\/product\/tv-stativs-25\/#primaryimage\"},\"thumbnailUrl\":\"https:\/\/brilune.eu\/wp-content\/uploads\/2025\/01\/13618187.png\",\"datePublished\":\"2025-02-19T11:07:51+00:00\",\"dateModified\":\"2025-02-19T11:31:30+00:00\",\"description\":\"Melnbalts televizora stat\u012bvs ar lakonisku dizainu ide\u0101li papildin\u0101s m\u016bsdien\u012bgu viesistabas interjeru. Modelis ir apr\u012bkots ar \u010detr\u0101m viegli aizveram\u0101m atvilktn\u0113m...\",\"breadcrumb\":{\"@id\":\"https:\/\/brilune.eu\/lv\/product\/tv-stativs-25\/#breadcrumb\"},\"inLanguage\":\"lv-LV\",\"potentialAction\":[{\"@type\":\"ReadAction\",\"target\":[\"https:\/\/brilune.eu\/lv\/product\/tv-stativs-25\/\"]}]},{\"@type\":\"ImageObject\",\"inLanguage\":\"lv-LV\",\"@id\":\"https:\/\/brilune.eu\/lv\/product\/tv-stativs-25\/#primaryimage\",\"url\":\"https:\/\/brilune.eu\/wp-content\/uploads\/2025\/01\/13618187.png\",\"contentUrl\":\"https:\/\/brilune.eu\/wp-content\/uploads\/2025\/01\/13618187.png\",\"width\":800,\"height\":800},{\"@type\":\"BreadcrumbList\",\"@id\":\"https:\/\/brilune.eu\/lv\/product\/tv-stativs-25\/#breadcrumb\",\"itemListElement\":[{\"@type\":\"ListItem\",\"position\":1,\"name\":\"S\u0101kums\",\"item\":\"https:\/\/brilune.eu\/lv\/brilune-mebeles\/\"},{\"@type\":\"ListItem\",\"position\":2,\"name\":\"Visi produkti\",\"item\":\"https:\/\/brilune.eu\/lv\/shop\/\"},{\"@type\":\"ListItem\",\"position\":3,\"name\":\"TV stat\u012bvs\"}]},{\"@type\":\"WebSite\",\"@id\":\"https:\/\/brilune.eu\/lv\/#website\",\"url\":\"https:\/\/brilune.eu\/lv\/\",\"name\":\"Brilune\",\"description\":\"M\u0113s pied\u0101v\u0101jam unik\u0101lus un nebiju\u0161us dizainus, kas apvieno eleganci, funkcionalit\u0101ti un rado\u0161umu.\",\"potentialAction\":[{\"@type\":\"SearchAction\",\"target\":{\"@type\":\"EntryPoint\",\"urlTemplate\":\"https:\/\/brilune.eu\/lv\/?s={search_term_string}\"},\"query-input\":{\"@type\":\"PropertyValueSpecification\",\"valueRequired\":true,\"valueName\":\"search_term_string\"}}],\"inLanguage\":\"lv-LV\"}]}<\/script>\n<!-- \/ Yoast SEO plugin. -->","yoast_head_json":{"title":"TV stat\u012bvs","description":"Melnbalts televizora stat\u012bvs ar lakonisku dizainu ide\u0101li papildin\u0101s m\u016bsdien\u012bgu viesistabas interjeru. Modelis ir apr\u012bkots ar \u010detr\u0101m viegli aizveram\u0101m atvilktn\u0113m...","robots":{"index":"index","follow":"follow","max-snippet":"max-snippet:-1","max-image-preview":"max-image-preview:large","max-video-preview":"max-video-preview:-1"},"canonical":"https:\/\/brilune.eu\/lv\/product\/tv-stativs-25\/","og_locale":"lv_LV","og_type":"article","og_title":"TV stat\u012bvs","og_description":"Melnbalts televizora stat\u012bvs ar lakonisku dizainu ide\u0101li papildin\u0101s m\u016bsdien\u012bgu viesistabas interjeru. Modelis ir apr\u012bkots ar \u010detr\u0101m viegli aizveram\u0101m atvilktn\u0113m...","og_url":"https:\/\/brilune.eu\/lv\/product\/tv-stativs-25\/","og_site_name":"Brilune","article_modified_time":"2025-02-19T11:31:30+00:00","og_image":[{"width":800,"height":800,"url":"https:\/\/brilune.eu\/wp-content\/uploads\/2025\/01\/13618187.png","type":"image\/png"}],"twitter_card":"summary_large_image","schema":{"@context":"https:\/\/schema.org","@graph":[{"@type":"WebPage","@id":"https:\/\/brilune.eu\/lv\/product\/tv-stativs-25\/","url":"https:\/\/brilune.eu\/lv\/product\/tv-stativs-25\/","name":"TV stat\u012bvs","isPartOf":{"@id":"https:\/\/brilune.eu\/lv\/#website"},"primaryImageOfPage":{"@id":"https:\/\/brilune.eu\/lv\/product\/tv-stativs-25\/#primaryimage"},"image":{"@id":"https:\/\/brilune.eu\/lv\/product\/tv-stativs-25\/#primaryimage"},"thumbnailUrl":"https:\/\/brilune.eu\/wp-content\/uploads\/2025\/01\/13618187.png","datePublished":"2025-02-19T11:07:51+00:00","dateModified":"2025-02-19T11:31:30+00:00","description":"Melnbalts televizora stat\u012bvs ar lakonisku dizainu ide\u0101li papildin\u0101s m\u016bsdien\u012bgu viesistabas interjeru. Modelis ir apr\u012bkots ar \u010detr\u0101m viegli aizveram\u0101m atvilktn\u0113m...","breadcrumb":{"@id":"https:\/\/brilune.eu\/lv\/product\/tv-stativs-25\/#breadcrumb"},"inLanguage":"lv-LV","potentialAction":[{"@type":"ReadAction","target":["https:\/\/brilune.eu\/lv\/product\/tv-stativs-25\/"]}]},{"@type":"ImageObject","inLanguage":"lv-LV","@id":"https:\/\/brilune.eu\/lv\/product\/tv-stativs-25\/#primaryimage","url":"https:\/\/brilune.eu\/wp-content\/uploads\/2025\/01\/13618187.png","contentUrl":"https:\/\/brilune.eu\/wp-content\/uploads\/2025\/01\/13618187.png","width":800,"height":800},{"@type":"BreadcrumbList","@id":"https:\/\/brilune.eu\/lv\/product\/tv-stativs-25\/#breadcrumb","itemListElement":[{"@type":"ListItem","position":1,"name":"S\u0101kums","item":"https:\/\/brilune.eu\/lv\/brilune-mebeles\/"},{"@type":"ListItem","position":2,"name":"Visi produkti","item":"https:\/\/brilune.eu\/lv\/shop\/"},{"@type":"ListItem","position":3,"name":"TV stat\u012bvs"}]},{"@type":"WebSite","@id":"https:\/\/brilune.eu\/lv\/#website","url":"https:\/\/brilune.eu\/lv\/","name":"Brilune","description":"M\u0113s pied\u0101v\u0101jam unik\u0101lus un nebiju\u0161us dizainus, kas apvieno eleganci, funkcionalit\u0101ti un rado\u0161umu.","potentialAction":[{"@type":"SearchAction","target":{"@type":"EntryPoint","urlTemplate":"https:\/\/brilune.eu\/lv\/?s={search_term_string}"},"query-input":{"@type":"PropertyValueSpecification","valueRequired":true,"valueName":"search_term_string"}}],"inLanguage":"lv-LV"}]}},"jetpack_sharing_enabled":true,"_links":{"self":[{"href":"https:\/\/brilune.eu\/lv\/wp-json\/wp\/v2\/product\/39005","targetHints":{"allow":["GET"]}}],"collection":[{"href":"https:\/\/brilune.eu\/lv\/wp-json\/wp\/v2\/product"}],"about":[{"href":"https:\/\/brilune.eu\/lv\/wp-json\/wp\/v2\/types\/product"}],"replies":[{"embeddable":true,"href":"https:\/\/brilune.eu\/lv\/wp-json\/wp\/v2\/comments?post=39005"}],"version-history":[{"count":1,"href":"https:\/\/brilune.eu\/lv\/wp-json\/wp\/v2\/product\/39005\/revisions"}],"predecessor-version":[{"id":39046,"href":"https:\/\/brilune.eu\/lv\/wp-json\/wp\/v2\/product\/39005\/revisions\/39046"}],"wp:featuredmedia":[{"embeddable":true,"href":"https:\/\/brilune.eu\/lv\/wp-json\/wp\/v2\/media\/11150"}],"wp:attachment":[{"href":"https:\/\/brilune.eu\/lv\/wp-json\/wp\/v2\/media?parent=39005"}],"wp:term":[{"taxonomy":"product_brand","embeddable":true,"href":"https:\/\/brilune.eu\/lv\/wp-json\/wp\/v2\/product_brand?post=39005"},{"taxonomy":"product_cat","embeddable":true,"href":"https:\/\/brilune.eu\/lv\/wp-json\/wp\/v2\/product_cat?post=39005"},{"taxonomy":"product_tag","embeddable":true,"href":"https:\/\/brilune.eu\/lv\/wp-json\/wp\/v2\/product_tag?post=39005"}],"curies":[{"name":"wp","href":"https:\/\/api.w.org\/{rel}","templated":true}]}}