{"id":38988,"date":"2025-02-19T13:07:28","date_gmt":"2025-02-19T11:07:28","guid":{"rendered":"https:\/\/brilune.eu\/?post_type=product&#038;p=38988"},"modified":"2025-02-19T13:31:29","modified_gmt":"2025-02-19T11:31:29","slug":"tv-stativs-24","status":"publish","type":"product","link":"https:\/\/brilune.eu\/lv\/product\/tv-stativs-24\/","title":{"rendered":"TV stat\u012bvs"},"content":{"rendered":"<p>\u0160is stil\u012bgais televizora stat\u012bvs div\u0101s kr\u0101s\u0101s pie\u0161\u0137ir modernam interjeram vieglumu un izsmalcin\u0101t\u012bbu. Tam ir tr\u012bs ietilp\u012bgas viegli aizveramas atvilktnes un atv\u0113rts plaukts, kas ir ide\u0101li piem\u0113rots j\u016bsu priek\u0161metu un piederumu glab\u0101\u0161anai un demonstr\u0113\u0161anai. Atv\u0113rtais plaukts ir lieliski piem\u0113rots audiovizu\u0101l\u0101s tehnikas glab\u0101\u0161anai, un plat\u0101 aug\u0161\u0113j\u0101 virsma rada m\u0101j\u012bgu vietu televizoram vai dekorat\u012bviem elementiem. Kompaktais un gludais dizains viegli iek\u013caujas jebkur\u0101 dz\u012bvojam\u0101 istab\u0101, pievienojot funkcionalit\u0101ti un est\u0113tiku. Izm\u0113rs: 190\u00d739\u00d738 cm. Materi\u0101ls: koks.<\/p>\n","protected":false},"excerpt":{"rendered":"<p>\u0160is stil\u012bgais televizora stat\u012bvs div\u0101s kr\u0101s\u0101s pie\u0161\u0137ir modernam interjeram vieglumu un izsmalcin\u0101t\u012bbu. Tam ir tr\u012bs ietilp\u012bgas viegli aizveramas atvilktnes un atv\u0113rts plaukts,&#8230;<\/p>\n","protected":false},"featured_media":11118,"comment_status":"open","ping_status":"closed","template":"","meta":[],"product_brand":[],"product_cat":[2963,5640],"product_tag":[],"class_list":{"0":"post-38988","1":"product","2":"type-product","3":"status-publish","4":"has-post-thumbnail","6":"product_cat-tv-stativi-un-izklaides-centri-kratuve-2","7":"product_cat-tv-stativi-un-izklaides-centri-kratuve-2-5","9":"first","10":"instock","11":"shipping-taxable","12":"purchasable","13":"product-type-simple"},"yoast_head":"<!-- This site is optimized with the Yoast SEO plugin v26.0 - https:\/\/yoast.com\/wordpress\/plugins\/seo\/ -->\n<title>TV stat\u012bvs<\/title>\n<meta name=\"description\" content=\"\u0160is stil\u012bgais televizora stat\u012bvs div\u0101s kr\u0101s\u0101s pie\u0161\u0137ir modernam interjeram vieglumu un izsmalcin\u0101t\u012bbu. Tam ir tr\u012bs ietilp\u012bgas viegli aizveramas atvilktnes un atv\u0113rts plaukts,...\" \/>\n<meta name=\"robots\" content=\"index, follow, max-snippet:-1, max-image-preview:large, max-video-preview:-1\" \/>\n<link rel=\"canonical\" href=\"https:\/\/brilune.eu\/lv\/product\/tv-stativs-24\/\" \/>\n<meta property=\"og:locale\" content=\"lv_LV\" \/>\n<meta property=\"og:type\" content=\"article\" \/>\n<meta property=\"og:title\" content=\"TV stat\u012bvs\" \/>\n<meta property=\"og:description\" content=\"\u0160is stil\u012bgais televizora stat\u012bvs div\u0101s kr\u0101s\u0101s pie\u0161\u0137ir modernam interjeram vieglumu un izsmalcin\u0101t\u012bbu. Tam ir tr\u012bs ietilp\u012bgas viegli aizveramas atvilktnes un atv\u0113rts plaukts,...\" \/>\n<meta property=\"og:url\" content=\"https:\/\/brilune.eu\/lv\/product\/tv-stativs-24\/\" \/>\n<meta property=\"og:site_name\" content=\"Brilune\" \/>\n<meta property=\"article:modified_time\" content=\"2025-02-19T11:31:29+00:00\" \/>\n<meta property=\"og:image\" content=\"https:\/\/brilune.eu\/wp-content\/uploads\/2025\/01\/13656325.png\" \/>\n\t<meta property=\"og:image:width\" content=\"800\" \/>\n\t<meta property=\"og:image:height\" content=\"800\" \/>\n\t<meta property=\"og:image:type\" content=\"image\/png\" \/>\n<meta name=\"twitter:card\" content=\"summary_large_image\" \/>\n<meta name=\"twitter:label1\" content=\"Est. reading time\" \/>\n\t<meta name=\"twitter:data1\" content=\"1 minute\" \/>\n<script type=\"application\/ld+json\" class=\"yoast-schema-graph\">{\"@context\":\"https:\/\/schema.org\",\"@graph\":[{\"@type\":\"WebPage\",\"@id\":\"https:\/\/brilune.eu\/lv\/product\/tv-stativs-24\/\",\"url\":\"https:\/\/brilune.eu\/lv\/product\/tv-stativs-24\/\",\"name\":\"TV stat\u012bvs\",\"isPartOf\":{\"@id\":\"https:\/\/brilune.eu\/lv\/#website\"},\"primaryImageOfPage\":{\"@id\":\"https:\/\/brilune.eu\/lv\/product\/tv-stativs-24\/#primaryimage\"},\"image\":{\"@id\":\"https:\/\/brilune.eu\/lv\/product\/tv-stativs-24\/#primaryimage\"},\"thumbnailUrl\":\"https:\/\/brilune.eu\/wp-content\/uploads\/2025\/01\/13656325.png\",\"datePublished\":\"2025-02-19T11:07:28+00:00\",\"dateModified\":\"2025-02-19T11:31:29+00:00\",\"description\":\"\u0160is stil\u012bgais televizora stat\u012bvs div\u0101s kr\u0101s\u0101s pie\u0161\u0137ir modernam interjeram vieglumu un izsmalcin\u0101t\u012bbu. Tam ir tr\u012bs ietilp\u012bgas viegli aizveramas atvilktnes un atv\u0113rts plaukts,...\",\"breadcrumb\":{\"@id\":\"https:\/\/brilune.eu\/lv\/product\/tv-stativs-24\/#breadcrumb\"},\"inLanguage\":\"lv-LV\",\"potentialAction\":[{\"@type\":\"ReadAction\",\"target\":[\"https:\/\/brilune.eu\/lv\/product\/tv-stativs-24\/\"]}]},{\"@type\":\"ImageObject\",\"inLanguage\":\"lv-LV\",\"@id\":\"https:\/\/brilune.eu\/lv\/product\/tv-stativs-24\/#primaryimage\",\"url\":\"https:\/\/brilune.eu\/wp-content\/uploads\/2025\/01\/13656325.png\",\"contentUrl\":\"https:\/\/brilune.eu\/wp-content\/uploads\/2025\/01\/13656325.png\",\"width\":800,\"height\":800},{\"@type\":\"BreadcrumbList\",\"@id\":\"https:\/\/brilune.eu\/lv\/product\/tv-stativs-24\/#breadcrumb\",\"itemListElement\":[{\"@type\":\"ListItem\",\"position\":1,\"name\":\"S\u0101kums\",\"item\":\"https:\/\/brilune.eu\/lv\/brilune-mebeles\/\"},{\"@type\":\"ListItem\",\"position\":2,\"name\":\"Visi produkti\",\"item\":\"https:\/\/brilune.eu\/lv\/shop\/\"},{\"@type\":\"ListItem\",\"position\":3,\"name\":\"TV stat\u012bvs\"}]},{\"@type\":\"WebSite\",\"@id\":\"https:\/\/brilune.eu\/lv\/#website\",\"url\":\"https:\/\/brilune.eu\/lv\/\",\"name\":\"Brilune\",\"description\":\"M\u0113s pied\u0101v\u0101jam unik\u0101lus un nebiju\u0161us dizainus, kas apvieno eleganci, funkcionalit\u0101ti un rado\u0161umu.\",\"potentialAction\":[{\"@type\":\"SearchAction\",\"target\":{\"@type\":\"EntryPoint\",\"urlTemplate\":\"https:\/\/brilune.eu\/lv\/?s={search_term_string}\"},\"query-input\":{\"@type\":\"PropertyValueSpecification\",\"valueRequired\":true,\"valueName\":\"search_term_string\"}}],\"inLanguage\":\"lv-LV\"}]}<\/script>\n<!-- \/ Yoast SEO plugin. -->","yoast_head_json":{"title":"TV stat\u012bvs","description":"\u0160is stil\u012bgais televizora stat\u012bvs div\u0101s kr\u0101s\u0101s pie\u0161\u0137ir modernam interjeram vieglumu un izsmalcin\u0101t\u012bbu. Tam ir tr\u012bs ietilp\u012bgas viegli aizveramas atvilktnes un atv\u0113rts plaukts,...","robots":{"index":"index","follow":"follow","max-snippet":"max-snippet:-1","max-image-preview":"max-image-preview:large","max-video-preview":"max-video-preview:-1"},"canonical":"https:\/\/brilune.eu\/lv\/product\/tv-stativs-24\/","og_locale":"lv_LV","og_type":"article","og_title":"TV stat\u012bvs","og_description":"\u0160is stil\u012bgais televizora stat\u012bvs div\u0101s kr\u0101s\u0101s pie\u0161\u0137ir modernam interjeram vieglumu un izsmalcin\u0101t\u012bbu. Tam ir tr\u012bs ietilp\u012bgas viegli aizveramas atvilktnes un atv\u0113rts plaukts,...","og_url":"https:\/\/brilune.eu\/lv\/product\/tv-stativs-24\/","og_site_name":"Brilune","article_modified_time":"2025-02-19T11:31:29+00:00","og_image":[{"width":800,"height":800,"url":"https:\/\/brilune.eu\/wp-content\/uploads\/2025\/01\/13656325.png","type":"image\/png"}],"twitter_card":"summary_large_image","twitter_misc":{"Est. reading time":"1 minute"},"schema":{"@context":"https:\/\/schema.org","@graph":[{"@type":"WebPage","@id":"https:\/\/brilune.eu\/lv\/product\/tv-stativs-24\/","url":"https:\/\/brilune.eu\/lv\/product\/tv-stativs-24\/","name":"TV stat\u012bvs","isPartOf":{"@id":"https:\/\/brilune.eu\/lv\/#website"},"primaryImageOfPage":{"@id":"https:\/\/brilune.eu\/lv\/product\/tv-stativs-24\/#primaryimage"},"image":{"@id":"https:\/\/brilune.eu\/lv\/product\/tv-stativs-24\/#primaryimage"},"thumbnailUrl":"https:\/\/brilune.eu\/wp-content\/uploads\/2025\/01\/13656325.png","datePublished":"2025-02-19T11:07:28+00:00","dateModified":"2025-02-19T11:31:29+00:00","description":"\u0160is stil\u012bgais televizora stat\u012bvs div\u0101s kr\u0101s\u0101s pie\u0161\u0137ir modernam interjeram vieglumu un izsmalcin\u0101t\u012bbu. Tam ir tr\u012bs ietilp\u012bgas viegli aizveramas atvilktnes un atv\u0113rts plaukts,...","breadcrumb":{"@id":"https:\/\/brilune.eu\/lv\/product\/tv-stativs-24\/#breadcrumb"},"inLanguage":"lv-LV","potentialAction":[{"@type":"ReadAction","target":["https:\/\/brilune.eu\/lv\/product\/tv-stativs-24\/"]}]},{"@type":"ImageObject","inLanguage":"lv-LV","@id":"https:\/\/brilune.eu\/lv\/product\/tv-stativs-24\/#primaryimage","url":"https:\/\/brilune.eu\/wp-content\/uploads\/2025\/01\/13656325.png","contentUrl":"https:\/\/brilune.eu\/wp-content\/uploads\/2025\/01\/13656325.png","width":800,"height":800},{"@type":"BreadcrumbList","@id":"https:\/\/brilune.eu\/lv\/product\/tv-stativs-24\/#breadcrumb","itemListElement":[{"@type":"ListItem","position":1,"name":"S\u0101kums","item":"https:\/\/brilune.eu\/lv\/brilune-mebeles\/"},{"@type":"ListItem","position":2,"name":"Visi produkti","item":"https:\/\/brilune.eu\/lv\/shop\/"},{"@type":"ListItem","position":3,"name":"TV stat\u012bvs"}]},{"@type":"WebSite","@id":"https:\/\/brilune.eu\/lv\/#website","url":"https:\/\/brilune.eu\/lv\/","name":"Brilune","description":"M\u0113s pied\u0101v\u0101jam unik\u0101lus un nebiju\u0161us dizainus, kas apvieno eleganci, funkcionalit\u0101ti un rado\u0161umu.","potentialAction":[{"@type":"SearchAction","target":{"@type":"EntryPoint","urlTemplate":"https:\/\/brilune.eu\/lv\/?s={search_term_string}"},"query-input":{"@type":"PropertyValueSpecification","valueRequired":true,"valueName":"search_term_string"}}],"inLanguage":"lv-LV"}]}},"jetpack_sharing_enabled":true,"_links":{"self":[{"href":"https:\/\/brilune.eu\/lv\/wp-json\/wp\/v2\/product\/38988","targetHints":{"allow":["GET"]}}],"collection":[{"href":"https:\/\/brilune.eu\/lv\/wp-json\/wp\/v2\/product"}],"about":[{"href":"https:\/\/brilune.eu\/lv\/wp-json\/wp\/v2\/types\/product"}],"replies":[{"embeddable":true,"href":"https:\/\/brilune.eu\/lv\/wp-json\/wp\/v2\/comments?post=38988"}],"version-history":[{"count":1,"href":"https:\/\/brilune.eu\/lv\/wp-json\/wp\/v2\/product\/38988\/revisions"}],"predecessor-version":[{"id":39043,"href":"https:\/\/brilune.eu\/lv\/wp-json\/wp\/v2\/product\/38988\/revisions\/39043"}],"wp:featuredmedia":[{"embeddable":true,"href":"https:\/\/brilune.eu\/lv\/wp-json\/wp\/v2\/media\/11118"}],"wp:attachment":[{"href":"https:\/\/brilune.eu\/lv\/wp-json\/wp\/v2\/media?parent=38988"}],"wp:term":[{"taxonomy":"product_brand","embeddable":true,"href":"https:\/\/brilune.eu\/lv\/wp-json\/wp\/v2\/product_brand?post=38988"},{"taxonomy":"product_cat","embeddable":true,"href":"https:\/\/brilune.eu\/lv\/wp-json\/wp\/v2\/product_cat?post=38988"},{"taxonomy":"product_tag","embeddable":true,"href":"https:\/\/brilune.eu\/lv\/wp-json\/wp\/v2\/product_tag?post=38988"}],"curies":[{"name":"wp","href":"https:\/\/api.w.org\/{rel}","templated":true}]}}