{"id":38985,"date":"2025-02-19T13:07:27","date_gmt":"2025-02-19T11:07:27","guid":{"rendered":"https:\/\/brilune.eu\/?post_type=product&#038;p=38985"},"modified":"2025-02-19T13:31:28","modified_gmt":"2025-02-19T11:31:28","slug":"musdienigs-tv-stativs-4","status":"publish","type":"product","link":"https:\/\/brilune.eu\/lv\/product\/musdienigs-tv-stativs-4\/","title":{"rendered":"M\u016bsdien\u012bgs TV stat\u012bvs"},"content":{"rendered":"<p>Elegants balts televizora stat\u012bvs rad\u012bts tiem, kam interjer\u0101 ir svar\u012bgs stils un praktiskums. Elegants un funkcion\u0101ls dizains ietver divas ietilp\u012bgas atvilktnes un divus skapjus, kur varat sak\u0101rtot visu nepiecie\u0161amo, saglab\u0101jot to t\u012bru un sak\u0101rtotu. Atv\u0113rts plaukts papildina \u0113rt\u012bbu audiovizu\u0101lo ier\u012b\u010du vai dekorat\u012bvu priek\u0161metu glab\u0101\u0161anai, savuk\u0101rt skapja plat\u0101 aug\u0161\u0113j\u0101 virsma ir ide\u0101li piem\u0113rota televizoram vai citiem dekoriem. \u0160is naktsskap\u012btis k\u013c\u016bs par j\u016bsu viesistabas centr\u0101lo elementu, apvienojot stilu un \u0113rt\u012bbas. Izm\u0113rs: 180\u00d740\u00d770 cm. Materi\u0101ls: koks.<\/p>\n","protected":false},"excerpt":{"rendered":"<p>Elegants balts televizora stat\u012bvs rad\u012bts tiem, kam interjer\u0101 ir svar\u012bgs stils un praktiskums. Elegants un funkcion\u0101ls dizains ietver divas ietilp\u012bgas atvilktnes&#8230;<\/p>\n","protected":false},"featured_media":11112,"comment_status":"open","ping_status":"closed","template":"","meta":[],"product_brand":[],"product_cat":[2963,5640],"product_tag":[],"class_list":{"0":"post-38985","1":"product","2":"type-product","3":"status-publish","4":"has-post-thumbnail","6":"product_cat-tv-stativi-un-izklaides-centri-kratuve-2","7":"product_cat-tv-stativi-un-izklaides-centri-kratuve-2-5","9":"first","10":"instock","11":"shipping-taxable","12":"purchasable","13":"product-type-simple"},"yoast_head":"<!-- This site is optimized with the Yoast SEO plugin v26.0 - https:\/\/yoast.com\/wordpress\/plugins\/seo\/ -->\n<title>M\u016bsdien\u012bgs TV stat\u012bvs<\/title>\n<meta name=\"description\" content=\"Elegants balts televizora stat\u012bvs rad\u012bts tiem, kam interjer\u0101 ir svar\u012bgs stils un praktiskums. Elegants un funkcion\u0101ls dizains ietver divas ietilp\u012bgas atvilktnes...\" \/>\n<meta name=\"robots\" content=\"index, follow, max-snippet:-1, max-image-preview:large, max-video-preview:-1\" \/>\n<link rel=\"canonical\" href=\"https:\/\/brilune.eu\/lv\/product\/musdienigs-tv-stativs-4\/\" \/>\n<meta property=\"og:locale\" content=\"lv_LV\" \/>\n<meta property=\"og:type\" content=\"article\" \/>\n<meta property=\"og:title\" content=\"M\u016bsdien\u012bgs TV stat\u012bvs\" \/>\n<meta property=\"og:description\" content=\"Elegants balts televizora stat\u012bvs rad\u012bts tiem, kam interjer\u0101 ir svar\u012bgs stils un praktiskums. Elegants un funkcion\u0101ls dizains ietver divas ietilp\u012bgas atvilktnes...\" \/>\n<meta property=\"og:url\" content=\"https:\/\/brilune.eu\/lv\/product\/musdienigs-tv-stativs-4\/\" \/>\n<meta property=\"og:site_name\" content=\"Brilune\" \/>\n<meta property=\"article:modified_time\" content=\"2025-02-19T11:31:28+00:00\" \/>\n<meta property=\"og:image\" content=\"https:\/\/brilune.eu\/wp-content\/uploads\/2025\/01\/13696001.png\" \/>\n\t<meta property=\"og:image:width\" content=\"800\" \/>\n\t<meta property=\"og:image:height\" content=\"800\" \/>\n\t<meta property=\"og:image:type\" content=\"image\/png\" \/>\n<meta name=\"twitter:card\" content=\"summary_large_image\" \/>\n<meta name=\"twitter:label1\" content=\"Est. reading time\" \/>\n\t<meta name=\"twitter:data1\" content=\"1 minute\" \/>\n<script type=\"application\/ld+json\" class=\"yoast-schema-graph\">{\"@context\":\"https:\/\/schema.org\",\"@graph\":[{\"@type\":\"WebPage\",\"@id\":\"https:\/\/brilune.eu\/lv\/product\/musdienigs-tv-stativs-4\/\",\"url\":\"https:\/\/brilune.eu\/lv\/product\/musdienigs-tv-stativs-4\/\",\"name\":\"M\u016bsdien\u012bgs TV stat\u012bvs\",\"isPartOf\":{\"@id\":\"https:\/\/brilune.eu\/lv\/#website\"},\"primaryImageOfPage\":{\"@id\":\"https:\/\/brilune.eu\/lv\/product\/musdienigs-tv-stativs-4\/#primaryimage\"},\"image\":{\"@id\":\"https:\/\/brilune.eu\/lv\/product\/musdienigs-tv-stativs-4\/#primaryimage\"},\"thumbnailUrl\":\"https:\/\/brilune.eu\/wp-content\/uploads\/2025\/01\/13696001.png\",\"datePublished\":\"2025-02-19T11:07:27+00:00\",\"dateModified\":\"2025-02-19T11:31:28+00:00\",\"description\":\"Elegants balts televizora stat\u012bvs rad\u012bts tiem, kam interjer\u0101 ir svar\u012bgs stils un praktiskums. Elegants un funkcion\u0101ls dizains ietver divas ietilp\u012bgas atvilktnes...\",\"breadcrumb\":{\"@id\":\"https:\/\/brilune.eu\/lv\/product\/musdienigs-tv-stativs-4\/#breadcrumb\"},\"inLanguage\":\"lv-LV\",\"potentialAction\":[{\"@type\":\"ReadAction\",\"target\":[\"https:\/\/brilune.eu\/lv\/product\/musdienigs-tv-stativs-4\/\"]}]},{\"@type\":\"ImageObject\",\"inLanguage\":\"lv-LV\",\"@id\":\"https:\/\/brilune.eu\/lv\/product\/musdienigs-tv-stativs-4\/#primaryimage\",\"url\":\"https:\/\/brilune.eu\/wp-content\/uploads\/2025\/01\/13696001.png\",\"contentUrl\":\"https:\/\/brilune.eu\/wp-content\/uploads\/2025\/01\/13696001.png\",\"width\":800,\"height\":800},{\"@type\":\"BreadcrumbList\",\"@id\":\"https:\/\/brilune.eu\/lv\/product\/musdienigs-tv-stativs-4\/#breadcrumb\",\"itemListElement\":[{\"@type\":\"ListItem\",\"position\":1,\"name\":\"S\u0101kums\",\"item\":\"https:\/\/brilune.eu\/lv\/brilune-mebeles\/\"},{\"@type\":\"ListItem\",\"position\":2,\"name\":\"Visi produkti\",\"item\":\"https:\/\/brilune.eu\/lv\/shop\/\"},{\"@type\":\"ListItem\",\"position\":3,\"name\":\"M\u016bsdien\u012bgs TV stat\u012bvs\"}]},{\"@type\":\"WebSite\",\"@id\":\"https:\/\/brilune.eu\/lv\/#website\",\"url\":\"https:\/\/brilune.eu\/lv\/\",\"name\":\"Brilune\",\"description\":\"M\u0113s pied\u0101v\u0101jam unik\u0101lus un nebiju\u0161us dizainus, kas apvieno eleganci, funkcionalit\u0101ti un rado\u0161umu.\",\"potentialAction\":[{\"@type\":\"SearchAction\",\"target\":{\"@type\":\"EntryPoint\",\"urlTemplate\":\"https:\/\/brilune.eu\/lv\/?s={search_term_string}\"},\"query-input\":{\"@type\":\"PropertyValueSpecification\",\"valueRequired\":true,\"valueName\":\"search_term_string\"}}],\"inLanguage\":\"lv-LV\"}]}<\/script>\n<!-- \/ Yoast SEO plugin. -->","yoast_head_json":{"title":"M\u016bsdien\u012bgs TV stat\u012bvs","description":"Elegants balts televizora stat\u012bvs rad\u012bts tiem, kam interjer\u0101 ir svar\u012bgs stils un praktiskums. Elegants un funkcion\u0101ls dizains ietver divas ietilp\u012bgas atvilktnes...","robots":{"index":"index","follow":"follow","max-snippet":"max-snippet:-1","max-image-preview":"max-image-preview:large","max-video-preview":"max-video-preview:-1"},"canonical":"https:\/\/brilune.eu\/lv\/product\/musdienigs-tv-stativs-4\/","og_locale":"lv_LV","og_type":"article","og_title":"M\u016bsdien\u012bgs TV stat\u012bvs","og_description":"Elegants balts televizora stat\u012bvs rad\u012bts tiem, kam interjer\u0101 ir svar\u012bgs stils un praktiskums. Elegants un funkcion\u0101ls dizains ietver divas ietilp\u012bgas atvilktnes...","og_url":"https:\/\/brilune.eu\/lv\/product\/musdienigs-tv-stativs-4\/","og_site_name":"Brilune","article_modified_time":"2025-02-19T11:31:28+00:00","og_image":[{"width":800,"height":800,"url":"https:\/\/brilune.eu\/wp-content\/uploads\/2025\/01\/13696001.png","type":"image\/png"}],"twitter_card":"summary_large_image","twitter_misc":{"Est. reading time":"1 minute"},"schema":{"@context":"https:\/\/schema.org","@graph":[{"@type":"WebPage","@id":"https:\/\/brilune.eu\/lv\/product\/musdienigs-tv-stativs-4\/","url":"https:\/\/brilune.eu\/lv\/product\/musdienigs-tv-stativs-4\/","name":"M\u016bsdien\u012bgs TV stat\u012bvs","isPartOf":{"@id":"https:\/\/brilune.eu\/lv\/#website"},"primaryImageOfPage":{"@id":"https:\/\/brilune.eu\/lv\/product\/musdienigs-tv-stativs-4\/#primaryimage"},"image":{"@id":"https:\/\/brilune.eu\/lv\/product\/musdienigs-tv-stativs-4\/#primaryimage"},"thumbnailUrl":"https:\/\/brilune.eu\/wp-content\/uploads\/2025\/01\/13696001.png","datePublished":"2025-02-19T11:07:27+00:00","dateModified":"2025-02-19T11:31:28+00:00","description":"Elegants balts televizora stat\u012bvs rad\u012bts tiem, kam interjer\u0101 ir svar\u012bgs stils un praktiskums. Elegants un funkcion\u0101ls dizains ietver divas ietilp\u012bgas atvilktnes...","breadcrumb":{"@id":"https:\/\/brilune.eu\/lv\/product\/musdienigs-tv-stativs-4\/#breadcrumb"},"inLanguage":"lv-LV","potentialAction":[{"@type":"ReadAction","target":["https:\/\/brilune.eu\/lv\/product\/musdienigs-tv-stativs-4\/"]}]},{"@type":"ImageObject","inLanguage":"lv-LV","@id":"https:\/\/brilune.eu\/lv\/product\/musdienigs-tv-stativs-4\/#primaryimage","url":"https:\/\/brilune.eu\/wp-content\/uploads\/2025\/01\/13696001.png","contentUrl":"https:\/\/brilune.eu\/wp-content\/uploads\/2025\/01\/13696001.png","width":800,"height":800},{"@type":"BreadcrumbList","@id":"https:\/\/brilune.eu\/lv\/product\/musdienigs-tv-stativs-4\/#breadcrumb","itemListElement":[{"@type":"ListItem","position":1,"name":"S\u0101kums","item":"https:\/\/brilune.eu\/lv\/brilune-mebeles\/"},{"@type":"ListItem","position":2,"name":"Visi produkti","item":"https:\/\/brilune.eu\/lv\/shop\/"},{"@type":"ListItem","position":3,"name":"M\u016bsdien\u012bgs TV stat\u012bvs"}]},{"@type":"WebSite","@id":"https:\/\/brilune.eu\/lv\/#website","url":"https:\/\/brilune.eu\/lv\/","name":"Brilune","description":"M\u0113s pied\u0101v\u0101jam unik\u0101lus un nebiju\u0161us dizainus, kas apvieno eleganci, funkcionalit\u0101ti un rado\u0161umu.","potentialAction":[{"@type":"SearchAction","target":{"@type":"EntryPoint","urlTemplate":"https:\/\/brilune.eu\/lv\/?s={search_term_string}"},"query-input":{"@type":"PropertyValueSpecification","valueRequired":true,"valueName":"search_term_string"}}],"inLanguage":"lv-LV"}]}},"jetpack_sharing_enabled":true,"_links":{"self":[{"href":"https:\/\/brilune.eu\/lv\/wp-json\/wp\/v2\/product\/38985","targetHints":{"allow":["GET"]}}],"collection":[{"href":"https:\/\/brilune.eu\/lv\/wp-json\/wp\/v2\/product"}],"about":[{"href":"https:\/\/brilune.eu\/lv\/wp-json\/wp\/v2\/types\/product"}],"replies":[{"embeddable":true,"href":"https:\/\/brilune.eu\/lv\/wp-json\/wp\/v2\/comments?post=38985"}],"version-history":[{"count":1,"href":"https:\/\/brilune.eu\/lv\/wp-json\/wp\/v2\/product\/38985\/revisions"}],"predecessor-version":[{"id":39040,"href":"https:\/\/brilune.eu\/lv\/wp-json\/wp\/v2\/product\/38985\/revisions\/39040"}],"wp:featuredmedia":[{"embeddable":true,"href":"https:\/\/brilune.eu\/lv\/wp-json\/wp\/v2\/media\/11112"}],"wp:attachment":[{"href":"https:\/\/brilune.eu\/lv\/wp-json\/wp\/v2\/media?parent=38985"}],"wp:term":[{"taxonomy":"product_brand","embeddable":true,"href":"https:\/\/brilune.eu\/lv\/wp-json\/wp\/v2\/product_brand?post=38985"},{"taxonomy":"product_cat","embeddable":true,"href":"https:\/\/brilune.eu\/lv\/wp-json\/wp\/v2\/product_cat?post=38985"},{"taxonomy":"product_tag","embeddable":true,"href":"https:\/\/brilune.eu\/lv\/wp-json\/wp\/v2\/product_tag?post=38985"}],"curies":[{"name":"wp","href":"https:\/\/api.w.org\/{rel}","templated":true}]}}