{"id":38962,"date":"2025-02-19T13:07:03","date_gmt":"2025-02-19T11:07:03","guid":{"rendered":"https:\/\/brilune.eu\/?post_type=product&#038;p=38962"},"modified":"2025-02-19T13:31:20","modified_gmt":"2025-02-19T11:31:20","slug":"tv-stativa-un-kafijas-galdina-komplekts","status":"publish","type":"product","link":"https:\/\/brilune.eu\/lv\/product\/tv-stativa-un-kafijas-galdina-komplekts\/","title":{"rendered":"TV stat\u012bva un kafijas galdi\u0146a komplekts"},"content":{"rendered":"<p>M\u0113be\u013cu komplekts, kur\u0101 ietilpst TV stat\u012bvs un kafijas galdi\u0146\u0161 pies\u0101tin\u0101t\u0101 tum\u0161\u0101 kr\u0101s\u0101, ienes\u012bs interjer\u0101 m\u016bsdien\u012bgu izsmalcin\u0101t\u012bbu un komfortu. Televizora stat\u012bvs ir apr\u012bkots ar div\u0101m atvilktn\u0113m un diviem ietilp\u012bgiem skapjiem nepiecie\u0161amo lietu k\u0101rt\u012bgai glab\u0101\u0161anai. Kafijas galdi\u0146am, kas harmoniski apvienots ar skapi, ir ietilp\u012bga galda virsma gr\u0101mat\u0101m, dz\u0113rieniem vai dekorat\u012bviem elementiem. \u0160is komplekts apvieno est\u0113tisko pievilc\u012bbu ar funkcionalit\u0101ti, pie\u0161\u0137irot j\u016bsu viesistabai stilu un m\u0101j\u012bgumu. Skapja izm\u0113rs: 220\u00d738\u00d750 cm, galda izm\u0113rs: 136\u00d776\u00d750 cm. Materi\u0101li: gumijas koks.<\/p>\n","protected":false},"excerpt":{"rendered":"<p>M\u0113be\u013cu komplekts, kur\u0101 ietilpst TV stat\u012bvs un kafijas galdi\u0146\u0161 pies\u0101tin\u0101t\u0101 tum\u0161\u0101 kr\u0101s\u0101, ienes\u012bs interjer\u0101 m\u016bsdien\u012bgu izsmalcin\u0101t\u012bbu un komfortu. Televizora stat\u012bvs ir e&#8230;<\/p>\n","protected":false},"featured_media":11055,"comment_status":"open","ping_status":"closed","template":"","meta":[],"product_brand":[],"product_cat":[2963,5640],"product_tag":[],"class_list":{"0":"post-38962","1":"product","2":"type-product","3":"status-publish","4":"has-post-thumbnail","6":"product_cat-tv-stativi-un-izklaides-centri-kratuve-2","7":"product_cat-tv-stativi-un-izklaides-centri-kratuve-2-5","9":"first","10":"instock","11":"shipping-taxable","12":"purchasable","13":"product-type-simple"},"yoast_head":"<!-- This site is optimized with the Yoast SEO plugin v26.0 - https:\/\/yoast.com\/wordpress\/plugins\/seo\/ -->\n<title>TV stat\u012bva un kafijas galdi\u0146a komplekts<\/title>\n<meta name=\"description\" content=\"M\u0113be\u013cu komplekts, kur\u0101 ietilpst TV stat\u012bvs un kafijas galdi\u0146\u0161 pies\u0101tin\u0101t\u0101 tum\u0161\u0101 kr\u0101s\u0101, ienes\u012bs interjer\u0101 m\u016bsdien\u012bgu izsmalcin\u0101t\u012bbu un komfortu. Televizora stat\u012bvs ir e...\" \/>\n<meta name=\"robots\" content=\"index, follow, max-snippet:-1, max-image-preview:large, max-video-preview:-1\" \/>\n<link rel=\"canonical\" href=\"https:\/\/brilune.eu\/lv\/product\/tv-stativa-un-kafijas-galdina-komplekts\/\" \/>\n<meta property=\"og:locale\" content=\"lv_LV\" \/>\n<meta property=\"og:type\" content=\"article\" \/>\n<meta property=\"og:title\" content=\"TV stat\u012bva un kafijas galdi\u0146a komplekts\" \/>\n<meta property=\"og:description\" content=\"M\u0113be\u013cu komplekts, kur\u0101 ietilpst TV stat\u012bvs un kafijas galdi\u0146\u0161 pies\u0101tin\u0101t\u0101 tum\u0161\u0101 kr\u0101s\u0101, ienes\u012bs interjer\u0101 m\u016bsdien\u012bgu izsmalcin\u0101t\u012bbu un komfortu. Televizora stat\u012bvs ir e...\" \/>\n<meta property=\"og:url\" content=\"https:\/\/brilune.eu\/lv\/product\/tv-stativa-un-kafijas-galdina-komplekts\/\" \/>\n<meta property=\"og:site_name\" content=\"Brilune\" \/>\n<meta property=\"article:modified_time\" content=\"2025-02-19T11:31:20+00:00\" \/>\n<meta property=\"og:image\" content=\"https:\/\/brilune.eu\/wp-content\/uploads\/2025\/01\/13913022.png\" \/>\n\t<meta property=\"og:image:width\" content=\"800\" \/>\n\t<meta property=\"og:image:height\" content=\"800\" \/>\n\t<meta property=\"og:image:type\" content=\"image\/png\" \/>\n<meta name=\"twitter:card\" content=\"summary_large_image\" \/>\n<meta name=\"twitter:label1\" content=\"Est. reading time\" \/>\n\t<meta name=\"twitter:data1\" content=\"1 minute\" \/>\n<script type=\"application\/ld+json\" class=\"yoast-schema-graph\">{\"@context\":\"https:\/\/schema.org\",\"@graph\":[{\"@type\":\"WebPage\",\"@id\":\"https:\/\/brilune.eu\/lv\/product\/tv-stativa-un-kafijas-galdina-komplekts\/\",\"url\":\"https:\/\/brilune.eu\/lv\/product\/tv-stativa-un-kafijas-galdina-komplekts\/\",\"name\":\"TV stat\u012bva un kafijas galdi\u0146a komplekts\",\"isPartOf\":{\"@id\":\"https:\/\/brilune.eu\/lv\/#website\"},\"primaryImageOfPage\":{\"@id\":\"https:\/\/brilune.eu\/lv\/product\/tv-stativa-un-kafijas-galdina-komplekts\/#primaryimage\"},\"image\":{\"@id\":\"https:\/\/brilune.eu\/lv\/product\/tv-stativa-un-kafijas-galdina-komplekts\/#primaryimage\"},\"thumbnailUrl\":\"https:\/\/brilune.eu\/wp-content\/uploads\/2025\/01\/13913022.png\",\"datePublished\":\"2025-02-19T11:07:03+00:00\",\"dateModified\":\"2025-02-19T11:31:20+00:00\",\"description\":\"M\u0113be\u013cu komplekts, kur\u0101 ietilpst TV stat\u012bvs un kafijas galdi\u0146\u0161 pies\u0101tin\u0101t\u0101 tum\u0161\u0101 kr\u0101s\u0101, ienes\u012bs interjer\u0101 m\u016bsdien\u012bgu izsmalcin\u0101t\u012bbu un komfortu. Televizora stat\u012bvs ir e...\",\"breadcrumb\":{\"@id\":\"https:\/\/brilune.eu\/lv\/product\/tv-stativa-un-kafijas-galdina-komplekts\/#breadcrumb\"},\"inLanguage\":\"lv-LV\",\"potentialAction\":[{\"@type\":\"ReadAction\",\"target\":[\"https:\/\/brilune.eu\/lv\/product\/tv-stativa-un-kafijas-galdina-komplekts\/\"]}]},{\"@type\":\"ImageObject\",\"inLanguage\":\"lv-LV\",\"@id\":\"https:\/\/brilune.eu\/lv\/product\/tv-stativa-un-kafijas-galdina-komplekts\/#primaryimage\",\"url\":\"https:\/\/brilune.eu\/wp-content\/uploads\/2025\/01\/13913022.png\",\"contentUrl\":\"https:\/\/brilune.eu\/wp-content\/uploads\/2025\/01\/13913022.png\",\"width\":800,\"height\":800},{\"@type\":\"BreadcrumbList\",\"@id\":\"https:\/\/brilune.eu\/lv\/product\/tv-stativa-un-kafijas-galdina-komplekts\/#breadcrumb\",\"itemListElement\":[{\"@type\":\"ListItem\",\"position\":1,\"name\":\"S\u0101kums\",\"item\":\"https:\/\/brilune.eu\/lv\/brilune-mebeles\/\"},{\"@type\":\"ListItem\",\"position\":2,\"name\":\"Visi produkti\",\"item\":\"https:\/\/brilune.eu\/lv\/shop\/\"},{\"@type\":\"ListItem\",\"position\":3,\"name\":\"TV stat\u012bva un kafijas galdi\u0146a komplekts\"}]},{\"@type\":\"WebSite\",\"@id\":\"https:\/\/brilune.eu\/lv\/#website\",\"url\":\"https:\/\/brilune.eu\/lv\/\",\"name\":\"Brilune\",\"description\":\"M\u0113s pied\u0101v\u0101jam unik\u0101lus un nebiju\u0161us dizainus, kas apvieno eleganci, funkcionalit\u0101ti un rado\u0161umu.\",\"potentialAction\":[{\"@type\":\"SearchAction\",\"target\":{\"@type\":\"EntryPoint\",\"urlTemplate\":\"https:\/\/brilune.eu\/lv\/?s={search_term_string}\"},\"query-input\":{\"@type\":\"PropertyValueSpecification\",\"valueRequired\":true,\"valueName\":\"search_term_string\"}}],\"inLanguage\":\"lv-LV\"}]}<\/script>\n<!-- \/ Yoast SEO plugin. -->","yoast_head_json":{"title":"TV stat\u012bva un kafijas galdi\u0146a komplekts","description":"M\u0113be\u013cu komplekts, kur\u0101 ietilpst TV stat\u012bvs un kafijas galdi\u0146\u0161 pies\u0101tin\u0101t\u0101 tum\u0161\u0101 kr\u0101s\u0101, ienes\u012bs interjer\u0101 m\u016bsdien\u012bgu izsmalcin\u0101t\u012bbu un komfortu. Televizora stat\u012bvs ir e...","robots":{"index":"index","follow":"follow","max-snippet":"max-snippet:-1","max-image-preview":"max-image-preview:large","max-video-preview":"max-video-preview:-1"},"canonical":"https:\/\/brilune.eu\/lv\/product\/tv-stativa-un-kafijas-galdina-komplekts\/","og_locale":"lv_LV","og_type":"article","og_title":"TV stat\u012bva un kafijas galdi\u0146a komplekts","og_description":"M\u0113be\u013cu komplekts, kur\u0101 ietilpst TV stat\u012bvs un kafijas galdi\u0146\u0161 pies\u0101tin\u0101t\u0101 tum\u0161\u0101 kr\u0101s\u0101, ienes\u012bs interjer\u0101 m\u016bsdien\u012bgu izsmalcin\u0101t\u012bbu un komfortu. Televizora stat\u012bvs ir e...","og_url":"https:\/\/brilune.eu\/lv\/product\/tv-stativa-un-kafijas-galdina-komplekts\/","og_site_name":"Brilune","article_modified_time":"2025-02-19T11:31:20+00:00","og_image":[{"width":800,"height":800,"url":"https:\/\/brilune.eu\/wp-content\/uploads\/2025\/01\/13913022.png","type":"image\/png"}],"twitter_card":"summary_large_image","twitter_misc":{"Est. reading time":"1 minute"},"schema":{"@context":"https:\/\/schema.org","@graph":[{"@type":"WebPage","@id":"https:\/\/brilune.eu\/lv\/product\/tv-stativa-un-kafijas-galdina-komplekts\/","url":"https:\/\/brilune.eu\/lv\/product\/tv-stativa-un-kafijas-galdina-komplekts\/","name":"TV stat\u012bva un kafijas galdi\u0146a komplekts","isPartOf":{"@id":"https:\/\/brilune.eu\/lv\/#website"},"primaryImageOfPage":{"@id":"https:\/\/brilune.eu\/lv\/product\/tv-stativa-un-kafijas-galdina-komplekts\/#primaryimage"},"image":{"@id":"https:\/\/brilune.eu\/lv\/product\/tv-stativa-un-kafijas-galdina-komplekts\/#primaryimage"},"thumbnailUrl":"https:\/\/brilune.eu\/wp-content\/uploads\/2025\/01\/13913022.png","datePublished":"2025-02-19T11:07:03+00:00","dateModified":"2025-02-19T11:31:20+00:00","description":"M\u0113be\u013cu komplekts, kur\u0101 ietilpst TV stat\u012bvs un kafijas galdi\u0146\u0161 pies\u0101tin\u0101t\u0101 tum\u0161\u0101 kr\u0101s\u0101, ienes\u012bs interjer\u0101 m\u016bsdien\u012bgu izsmalcin\u0101t\u012bbu un komfortu. Televizora stat\u012bvs ir e...","breadcrumb":{"@id":"https:\/\/brilune.eu\/lv\/product\/tv-stativa-un-kafijas-galdina-komplekts\/#breadcrumb"},"inLanguage":"lv-LV","potentialAction":[{"@type":"ReadAction","target":["https:\/\/brilune.eu\/lv\/product\/tv-stativa-un-kafijas-galdina-komplekts\/"]}]},{"@type":"ImageObject","inLanguage":"lv-LV","@id":"https:\/\/brilune.eu\/lv\/product\/tv-stativa-un-kafijas-galdina-komplekts\/#primaryimage","url":"https:\/\/brilune.eu\/wp-content\/uploads\/2025\/01\/13913022.png","contentUrl":"https:\/\/brilune.eu\/wp-content\/uploads\/2025\/01\/13913022.png","width":800,"height":800},{"@type":"BreadcrumbList","@id":"https:\/\/brilune.eu\/lv\/product\/tv-stativa-un-kafijas-galdina-komplekts\/#breadcrumb","itemListElement":[{"@type":"ListItem","position":1,"name":"S\u0101kums","item":"https:\/\/brilune.eu\/lv\/brilune-mebeles\/"},{"@type":"ListItem","position":2,"name":"Visi produkti","item":"https:\/\/brilune.eu\/lv\/shop\/"},{"@type":"ListItem","position":3,"name":"TV stat\u012bva un kafijas galdi\u0146a komplekts"}]},{"@type":"WebSite","@id":"https:\/\/brilune.eu\/lv\/#website","url":"https:\/\/brilune.eu\/lv\/","name":"Brilune","description":"M\u0113s pied\u0101v\u0101jam unik\u0101lus un nebiju\u0161us dizainus, kas apvieno eleganci, funkcionalit\u0101ti un rado\u0161umu.","potentialAction":[{"@type":"SearchAction","target":{"@type":"EntryPoint","urlTemplate":"https:\/\/brilune.eu\/lv\/?s={search_term_string}"},"query-input":{"@type":"PropertyValueSpecification","valueRequired":true,"valueName":"search_term_string"}}],"inLanguage":"lv-LV"}]}},"jetpack_sharing_enabled":true,"_links":{"self":[{"href":"https:\/\/brilune.eu\/lv\/wp-json\/wp\/v2\/product\/38962","targetHints":{"allow":["GET"]}}],"collection":[{"href":"https:\/\/brilune.eu\/lv\/wp-json\/wp\/v2\/product"}],"about":[{"href":"https:\/\/brilune.eu\/lv\/wp-json\/wp\/v2\/types\/product"}],"replies":[{"embeddable":true,"href":"https:\/\/brilune.eu\/lv\/wp-json\/wp\/v2\/comments?post=38962"}],"version-history":[{"count":1,"href":"https:\/\/brilune.eu\/lv\/wp-json\/wp\/v2\/product\/38962\/revisions"}],"predecessor-version":[{"id":39003,"href":"https:\/\/brilune.eu\/lv\/wp-json\/wp\/v2\/product\/38962\/revisions\/39003"}],"wp:featuredmedia":[{"embeddable":true,"href":"https:\/\/brilune.eu\/lv\/wp-json\/wp\/v2\/media\/11055"}],"wp:attachment":[{"href":"https:\/\/brilune.eu\/lv\/wp-json\/wp\/v2\/media?parent=38962"}],"wp:term":[{"taxonomy":"product_brand","embeddable":true,"href":"https:\/\/brilune.eu\/lv\/wp-json\/wp\/v2\/product_brand?post=38962"},{"taxonomy":"product_cat","embeddable":true,"href":"https:\/\/brilune.eu\/lv\/wp-json\/wp\/v2\/product_cat?post=38962"},{"taxonomy":"product_tag","embeddable":true,"href":"https:\/\/brilune.eu\/lv\/wp-json\/wp\/v2\/product_tag?post=38962"}],"curies":[{"name":"wp","href":"https:\/\/api.w.org\/{rel}","templated":true}]}}