{"id":38945,"date":"2025-02-19T13:06:39","date_gmt":"2025-02-19T11:06:39","guid":{"rendered":"https:\/\/brilune.eu\/?post_type=product&#038;p=38945"},"modified":"2025-02-19T13:31:15","modified_gmt":"2025-02-19T11:31:15","slug":"tv-stativs-23","status":"publish","type":"product","link":"https:\/\/brilune.eu\/lv\/product\/tv-stativs-23\/","title":{"rendered":"TV stat\u012bvs"},"content":{"rendered":"<p>\u0160is stil\u012bgais tum\u0161\u0101s kr\u0101sas TV stat\u012bvs ir ide\u0101li piem\u0113rots m\u016bsdien\u012bga un eleganta interjera izveidei. T\u0101 garo, zemo dizainu papildina divas ietilp\u012bgas atvilktnes un divi skapji, kas nodro\u0161ina k\u0101rt\u012bbu un \u0113rtu uzglab\u0101\u0161anu. Skapis ir izgatavots no mas\u012bvgumijas koka, kas pie\u0161\u0137ir tam iztur\u012bbu un stabilit\u0101ti. Pateicoties nodro\u0161in\u0101tajiem mont\u0101\u017eas caurumiem, uzst\u0101d\u012b\u0161ana ir p\u0113c iesp\u0113jas vienk\u0101r\u0161\u0101ka un neprasa papildu urb\u0161anu. Izm\u0113rs: 220\u00d738\u00d750 cm. Materi\u0101li: gumijas koks.<\/p>\n","protected":false},"excerpt":{"rendered":"<p>\u0160is stil\u012bgais tum\u0161\u0101s kr\u0101sas TV stat\u012bvs ir ide\u0101li piem\u0113rots m\u016bsdien\u012bga un eleganta interjera izveidei. T\u0101 garo, zemo dizainu papildina divas ietilp\u012bgas atvilktnes un divas kab\u012bnes&#8230;<\/p>\n","protected":false},"featured_media":11055,"comment_status":"open","ping_status":"closed","template":"","meta":[],"product_brand":[],"product_cat":[2963,5640],"product_tag":[],"class_list":{"0":"post-38945","1":"product","2":"type-product","3":"status-publish","4":"has-post-thumbnail","6":"product_cat-tv-stativi-un-izklaides-centri-kratuve-2","7":"product_cat-tv-stativi-un-izklaides-centri-kratuve-2-5","9":"first","10":"instock","11":"shipping-taxable","12":"purchasable","13":"product-type-simple"},"yoast_head":"<!-- This site is optimized with the Yoast SEO plugin v26.0 - https:\/\/yoast.com\/wordpress\/plugins\/seo\/ -->\n<title>TV stat\u012bvs<\/title>\n<meta name=\"description\" content=\"\u0160is stil\u012bgais tum\u0161\u0101s kr\u0101sas TV stat\u012bvs ir ide\u0101li piem\u0113rots m\u016bsdien\u012bga un eleganta interjera izveidei. T\u0101 garo, zemo dizainu papildina divas ietilp\u012bgas atvilktnes un divas kab\u012bnes...\" \/>\n<meta name=\"robots\" content=\"index, follow, max-snippet:-1, max-image-preview:large, max-video-preview:-1\" \/>\n<link rel=\"canonical\" href=\"https:\/\/brilune.eu\/lv\/product\/tv-stativs-23\/\" \/>\n<meta property=\"og:locale\" content=\"lv_LV\" \/>\n<meta property=\"og:type\" content=\"article\" \/>\n<meta property=\"og:title\" content=\"TV stat\u012bvs\" \/>\n<meta property=\"og:description\" content=\"\u0160is stil\u012bgais tum\u0161\u0101s kr\u0101sas TV stat\u012bvs ir ide\u0101li piem\u0113rots m\u016bsdien\u012bga un eleganta interjera izveidei. T\u0101 garo, zemo dizainu papildina divas ietilp\u012bgas atvilktnes un divas kab\u012bnes...\" \/>\n<meta property=\"og:url\" content=\"https:\/\/brilune.eu\/lv\/product\/tv-stativs-23\/\" \/>\n<meta property=\"og:site_name\" content=\"Brilune\" \/>\n<meta property=\"article:modified_time\" content=\"2025-02-19T11:31:15+00:00\" \/>\n<meta property=\"og:image\" content=\"https:\/\/brilune.eu\/wp-content\/uploads\/2025\/01\/13913022.png\" \/>\n\t<meta property=\"og:image:width\" content=\"800\" \/>\n\t<meta property=\"og:image:height\" content=\"800\" \/>\n\t<meta property=\"og:image:type\" content=\"image\/png\" \/>\n<meta name=\"twitter:card\" content=\"summary_large_image\" \/>\n<script type=\"application\/ld+json\" class=\"yoast-schema-graph\">{\"@context\":\"https:\/\/schema.org\",\"@graph\":[{\"@type\":\"WebPage\",\"@id\":\"https:\/\/brilune.eu\/lv\/product\/tv-stativs-23\/\",\"url\":\"https:\/\/brilune.eu\/lv\/product\/tv-stativs-23\/\",\"name\":\"TV stat\u012bvs\",\"isPartOf\":{\"@id\":\"https:\/\/brilune.eu\/lv\/#website\"},\"primaryImageOfPage\":{\"@id\":\"https:\/\/brilune.eu\/lv\/product\/tv-stativs-23\/#primaryimage\"},\"image\":{\"@id\":\"https:\/\/brilune.eu\/lv\/product\/tv-stativs-23\/#primaryimage\"},\"thumbnailUrl\":\"https:\/\/brilune.eu\/wp-content\/uploads\/2025\/01\/13913022.png\",\"datePublished\":\"2025-02-19T11:06:39+00:00\",\"dateModified\":\"2025-02-19T11:31:15+00:00\",\"description\":\"\u0160is stil\u012bgais tum\u0161\u0101s kr\u0101sas TV stat\u012bvs ir ide\u0101li piem\u0113rots m\u016bsdien\u012bga un eleganta interjera izveidei. T\u0101 garo, zemo dizainu papildina divas ietilp\u012bgas atvilktnes un divas kab\u012bnes...\",\"breadcrumb\":{\"@id\":\"https:\/\/brilune.eu\/lv\/product\/tv-stativs-23\/#breadcrumb\"},\"inLanguage\":\"lv-LV\",\"potentialAction\":[{\"@type\":\"ReadAction\",\"target\":[\"https:\/\/brilune.eu\/lv\/product\/tv-stativs-23\/\"]}]},{\"@type\":\"ImageObject\",\"inLanguage\":\"lv-LV\",\"@id\":\"https:\/\/brilune.eu\/lv\/product\/tv-stativs-23\/#primaryimage\",\"url\":\"https:\/\/brilune.eu\/wp-content\/uploads\/2025\/01\/13913022.png\",\"contentUrl\":\"https:\/\/brilune.eu\/wp-content\/uploads\/2025\/01\/13913022.png\",\"width\":800,\"height\":800},{\"@type\":\"BreadcrumbList\",\"@id\":\"https:\/\/brilune.eu\/lv\/product\/tv-stativs-23\/#breadcrumb\",\"itemListElement\":[{\"@type\":\"ListItem\",\"position\":1,\"name\":\"S\u0101kums\",\"item\":\"https:\/\/brilune.eu\/lv\/brilune-mebeles\/\"},{\"@type\":\"ListItem\",\"position\":2,\"name\":\"Visi produkti\",\"item\":\"https:\/\/brilune.eu\/lv\/shop\/\"},{\"@type\":\"ListItem\",\"position\":3,\"name\":\"TV stat\u012bvs\"}]},{\"@type\":\"WebSite\",\"@id\":\"https:\/\/brilune.eu\/lv\/#website\",\"url\":\"https:\/\/brilune.eu\/lv\/\",\"name\":\"Brilune\",\"description\":\"M\u0113s pied\u0101v\u0101jam unik\u0101lus un nebiju\u0161us dizainus, kas apvieno eleganci, funkcionalit\u0101ti un rado\u0161umu.\",\"potentialAction\":[{\"@type\":\"SearchAction\",\"target\":{\"@type\":\"EntryPoint\",\"urlTemplate\":\"https:\/\/brilune.eu\/lv\/?s={search_term_string}\"},\"query-input\":{\"@type\":\"PropertyValueSpecification\",\"valueRequired\":true,\"valueName\":\"search_term_string\"}}],\"inLanguage\":\"lv-LV\"}]}<\/script>\n<!-- \/ Yoast SEO plugin. -->","yoast_head_json":{"title":"TV stat\u012bvs","description":"\u0160is stil\u012bgais tum\u0161\u0101s kr\u0101sas TV stat\u012bvs ir ide\u0101li piem\u0113rots m\u016bsdien\u012bga un eleganta interjera izveidei. T\u0101 garo, zemo dizainu papildina divas ietilp\u012bgas atvilktnes un divas kab\u012bnes...","robots":{"index":"index","follow":"follow","max-snippet":"max-snippet:-1","max-image-preview":"max-image-preview:large","max-video-preview":"max-video-preview:-1"},"canonical":"https:\/\/brilune.eu\/lv\/product\/tv-stativs-23\/","og_locale":"lv_LV","og_type":"article","og_title":"TV stat\u012bvs","og_description":"\u0160is stil\u012bgais tum\u0161\u0101s kr\u0101sas TV stat\u012bvs ir ide\u0101li piem\u0113rots m\u016bsdien\u012bga un eleganta interjera izveidei. T\u0101 garo, zemo dizainu papildina divas ietilp\u012bgas atvilktnes un divas kab\u012bnes...","og_url":"https:\/\/brilune.eu\/lv\/product\/tv-stativs-23\/","og_site_name":"Brilune","article_modified_time":"2025-02-19T11:31:15+00:00","og_image":[{"width":800,"height":800,"url":"https:\/\/brilune.eu\/wp-content\/uploads\/2025\/01\/13913022.png","type":"image\/png"}],"twitter_card":"summary_large_image","schema":{"@context":"https:\/\/schema.org","@graph":[{"@type":"WebPage","@id":"https:\/\/brilune.eu\/lv\/product\/tv-stativs-23\/","url":"https:\/\/brilune.eu\/lv\/product\/tv-stativs-23\/","name":"TV stat\u012bvs","isPartOf":{"@id":"https:\/\/brilune.eu\/lv\/#website"},"primaryImageOfPage":{"@id":"https:\/\/brilune.eu\/lv\/product\/tv-stativs-23\/#primaryimage"},"image":{"@id":"https:\/\/brilune.eu\/lv\/product\/tv-stativs-23\/#primaryimage"},"thumbnailUrl":"https:\/\/brilune.eu\/wp-content\/uploads\/2025\/01\/13913022.png","datePublished":"2025-02-19T11:06:39+00:00","dateModified":"2025-02-19T11:31:15+00:00","description":"\u0160is stil\u012bgais tum\u0161\u0101s kr\u0101sas TV stat\u012bvs ir ide\u0101li piem\u0113rots m\u016bsdien\u012bga un eleganta interjera izveidei. T\u0101 garo, zemo dizainu papildina divas ietilp\u012bgas atvilktnes un divas kab\u012bnes...","breadcrumb":{"@id":"https:\/\/brilune.eu\/lv\/product\/tv-stativs-23\/#breadcrumb"},"inLanguage":"lv-LV","potentialAction":[{"@type":"ReadAction","target":["https:\/\/brilune.eu\/lv\/product\/tv-stativs-23\/"]}]},{"@type":"ImageObject","inLanguage":"lv-LV","@id":"https:\/\/brilune.eu\/lv\/product\/tv-stativs-23\/#primaryimage","url":"https:\/\/brilune.eu\/wp-content\/uploads\/2025\/01\/13913022.png","contentUrl":"https:\/\/brilune.eu\/wp-content\/uploads\/2025\/01\/13913022.png","width":800,"height":800},{"@type":"BreadcrumbList","@id":"https:\/\/brilune.eu\/lv\/product\/tv-stativs-23\/#breadcrumb","itemListElement":[{"@type":"ListItem","position":1,"name":"S\u0101kums","item":"https:\/\/brilune.eu\/lv\/brilune-mebeles\/"},{"@type":"ListItem","position":2,"name":"Visi produkti","item":"https:\/\/brilune.eu\/lv\/shop\/"},{"@type":"ListItem","position":3,"name":"TV stat\u012bvs"}]},{"@type":"WebSite","@id":"https:\/\/brilune.eu\/lv\/#website","url":"https:\/\/brilune.eu\/lv\/","name":"Brilune","description":"M\u0113s pied\u0101v\u0101jam unik\u0101lus un nebiju\u0161us dizainus, kas apvieno eleganci, funkcionalit\u0101ti un rado\u0161umu.","potentialAction":[{"@type":"SearchAction","target":{"@type":"EntryPoint","urlTemplate":"https:\/\/brilune.eu\/lv\/?s={search_term_string}"},"query-input":{"@type":"PropertyValueSpecification","valueRequired":true,"valueName":"search_term_string"}}],"inLanguage":"lv-LV"}]}},"jetpack_sharing_enabled":true,"_links":{"self":[{"href":"https:\/\/brilune.eu\/lv\/wp-json\/wp\/v2\/product\/38945","targetHints":{"allow":["GET"]}}],"collection":[{"href":"https:\/\/brilune.eu\/lv\/wp-json\/wp\/v2\/product"}],"about":[{"href":"https:\/\/brilune.eu\/lv\/wp-json\/wp\/v2\/types\/product"}],"replies":[{"embeddable":true,"href":"https:\/\/brilune.eu\/lv\/wp-json\/wp\/v2\/comments?post=38945"}],"version-history":[{"count":1,"href":"https:\/\/brilune.eu\/lv\/wp-json\/wp\/v2\/product\/38945\/revisions"}],"predecessor-version":[{"id":38997,"href":"https:\/\/brilune.eu\/lv\/wp-json\/wp\/v2\/product\/38945\/revisions\/38997"}],"wp:featuredmedia":[{"embeddable":true,"href":"https:\/\/brilune.eu\/lv\/wp-json\/wp\/v2\/media\/11055"}],"wp:attachment":[{"href":"https:\/\/brilune.eu\/lv\/wp-json\/wp\/v2\/media?parent=38945"}],"wp:term":[{"taxonomy":"product_brand","embeddable":true,"href":"https:\/\/brilune.eu\/lv\/wp-json\/wp\/v2\/product_brand?post=38945"},{"taxonomy":"product_cat","embeddable":true,"href":"https:\/\/brilune.eu\/lv\/wp-json\/wp\/v2\/product_cat?post=38945"},{"taxonomy":"product_tag","embeddable":true,"href":"https:\/\/brilune.eu\/lv\/wp-json\/wp\/v2\/product_tag?post=38945"}],"curies":[{"name":"wp","href":"https:\/\/api.w.org\/{rel}","templated":true}]}}