{"id":38942,"date":"2025-02-19T13:06:39","date_gmt":"2025-02-19T11:06:39","guid":{"rendered":"https:\/\/brilune.eu\/?post_type=product&#038;p=38942"},"modified":"2025-02-19T13:31:15","modified_gmt":"2025-02-19T11:31:15","slug":"musdienigs-tv-stativs","status":"publish","type":"product","link":"https:\/\/brilune.eu\/lv\/product\/musdienigs-tv-stativs\/","title":{"rendered":"M\u016bsdien\u012bgs TV stat\u012bvs"},"content":{"rendered":"<p>\u0160im elegantajam televizora stat\u012bvam ir moderns dizains ar noapa\u013cotiem st\u016briem, kas pie\u0161\u0137ir tam izsmalcin\u0101tu izskatu un harmoniski iek\u013caujas j\u016bsu dz\u012bvojam\u0101 istab\u0101. Tr\u012bs ietilp\u012bgas atvilktnes nodro\u0161ina \u0113rtu da\u017e\u0101du priek\u0161metu glab\u0101\u0161anu, saglab\u0101jot telpu sak\u0101rtotu. Dizains, kas izgatavots no dab\u012bga un apstr\u0101d\u0101ta koka, ir iztur\u012bgs un elegants, lieliski uzsverot telpas kop\u0113jo stilu. Izm\u0113rs: 205\u00d739\u00d733 cm. Materi\u0101li: mas\u012bvkoks, MDF.<\/p>\n","protected":false},"excerpt":{"rendered":"<p>\u0160im elegantajam televizora stat\u012bvam ir moderns dizains ar noapa\u013cotiem st\u016briem, kas pie\u0161\u0137ir tam izsmalcin\u0101tu izskatu un harmoniski iek\u013caujas j\u016bsu dz\u012bvojam\u0101 istab\u0101. Tr\u012bs pla\u0161as dr&#8230;<\/p>\n","protected":false},"featured_media":11030,"comment_status":"open","ping_status":"closed","template":"","meta":[],"product_brand":[],"product_cat":[2963,5640],"product_tag":[],"class_list":{"0":"post-38942","1":"product","2":"type-product","3":"status-publish","4":"has-post-thumbnail","6":"product_cat-tv-stativi-un-izklaides-centri-kratuve-2","7":"product_cat-tv-stativi-un-izklaides-centri-kratuve-2-5","9":"first","10":"instock","11":"shipping-taxable","12":"purchasable","13":"product-type-simple"},"yoast_head":"<!-- This site is optimized with the Yoast SEO plugin v26.0 - https:\/\/yoast.com\/wordpress\/plugins\/seo\/ -->\n<title>M\u016bsdien\u012bgs TV stat\u012bvs<\/title>\n<meta name=\"description\" content=\"\u0160im elegantajam televizora stat\u012bvam ir moderns dizains ar noapa\u013cotiem st\u016briem, kas pie\u0161\u0137ir tam izsmalcin\u0101tu izskatu un harmoniski iek\u013caujas j\u016bsu dz\u012bvojam\u0101 istab\u0101. Tr\u012bs pla\u0161as dr...\" \/>\n<meta name=\"robots\" content=\"index, follow, max-snippet:-1, max-image-preview:large, max-video-preview:-1\" \/>\n<link rel=\"canonical\" href=\"https:\/\/brilune.eu\/lv\/product\/musdienigs-tv-stativs\/\" \/>\n<meta property=\"og:locale\" content=\"lv_LV\" \/>\n<meta property=\"og:type\" content=\"article\" \/>\n<meta property=\"og:title\" content=\"M\u016bsdien\u012bgs TV stat\u012bvs\" \/>\n<meta property=\"og:description\" content=\"\u0160im elegantajam televizora stat\u012bvam ir moderns dizains ar noapa\u013cotiem st\u016briem, kas pie\u0161\u0137ir tam izsmalcin\u0101tu izskatu un harmoniski iek\u013caujas j\u016bsu dz\u012bvojam\u0101 istab\u0101. Tr\u012bs pla\u0161as dr...\" \/>\n<meta property=\"og:url\" content=\"https:\/\/brilune.eu\/lv\/product\/musdienigs-tv-stativs\/\" \/>\n<meta property=\"og:site_name\" content=\"Brilune\" \/>\n<meta property=\"article:modified_time\" content=\"2025-02-19T11:31:15+00:00\" \/>\n<meta property=\"og:image\" content=\"https:\/\/brilune.eu\/wp-content\/uploads\/2025\/01\/13913068.png\" \/>\n\t<meta property=\"og:image:width\" content=\"800\" \/>\n\t<meta property=\"og:image:height\" content=\"800\" \/>\n\t<meta property=\"og:image:type\" content=\"image\/png\" \/>\n<meta name=\"twitter:card\" content=\"summary_large_image\" \/>\n<script type=\"application\/ld+json\" class=\"yoast-schema-graph\">{\"@context\":\"https:\/\/schema.org\",\"@graph\":[{\"@type\":\"WebPage\",\"@id\":\"https:\/\/brilune.eu\/lv\/product\/musdienigs-tv-stativs\/\",\"url\":\"https:\/\/brilune.eu\/lv\/product\/musdienigs-tv-stativs\/\",\"name\":\"M\u016bsdien\u012bgs TV stat\u012bvs\",\"isPartOf\":{\"@id\":\"https:\/\/brilune.eu\/lv\/#website\"},\"primaryImageOfPage\":{\"@id\":\"https:\/\/brilune.eu\/lv\/product\/musdienigs-tv-stativs\/#primaryimage\"},\"image\":{\"@id\":\"https:\/\/brilune.eu\/lv\/product\/musdienigs-tv-stativs\/#primaryimage\"},\"thumbnailUrl\":\"https:\/\/brilune.eu\/wp-content\/uploads\/2025\/01\/13913068.png\",\"datePublished\":\"2025-02-19T11:06:39+00:00\",\"dateModified\":\"2025-02-19T11:31:15+00:00\",\"description\":\"\u0160im elegantajam televizora stat\u012bvam ir moderns dizains ar noapa\u013cotiem st\u016briem, kas pie\u0161\u0137ir tam izsmalcin\u0101tu izskatu un harmoniski iek\u013caujas j\u016bsu dz\u012bvojam\u0101 istab\u0101. Tr\u012bs pla\u0161as dr...\",\"breadcrumb\":{\"@id\":\"https:\/\/brilune.eu\/lv\/product\/musdienigs-tv-stativs\/#breadcrumb\"},\"inLanguage\":\"lv-LV\",\"potentialAction\":[{\"@type\":\"ReadAction\",\"target\":[\"https:\/\/brilune.eu\/lv\/product\/musdienigs-tv-stativs\/\"]}]},{\"@type\":\"ImageObject\",\"inLanguage\":\"lv-LV\",\"@id\":\"https:\/\/brilune.eu\/lv\/product\/musdienigs-tv-stativs\/#primaryimage\",\"url\":\"https:\/\/brilune.eu\/wp-content\/uploads\/2025\/01\/13913068.png\",\"contentUrl\":\"https:\/\/brilune.eu\/wp-content\/uploads\/2025\/01\/13913068.png\",\"width\":800,\"height\":800},{\"@type\":\"BreadcrumbList\",\"@id\":\"https:\/\/brilune.eu\/lv\/product\/musdienigs-tv-stativs\/#breadcrumb\",\"itemListElement\":[{\"@type\":\"ListItem\",\"position\":1,\"name\":\"S\u0101kums\",\"item\":\"https:\/\/brilune.eu\/lv\/brilune-mebeles\/\"},{\"@type\":\"ListItem\",\"position\":2,\"name\":\"Visi produkti\",\"item\":\"https:\/\/brilune.eu\/lv\/shop\/\"},{\"@type\":\"ListItem\",\"position\":3,\"name\":\"M\u016bsdien\u012bgs TV stat\u012bvs\"}]},{\"@type\":\"WebSite\",\"@id\":\"https:\/\/brilune.eu\/lv\/#website\",\"url\":\"https:\/\/brilune.eu\/lv\/\",\"name\":\"Brilune\",\"description\":\"M\u0113s pied\u0101v\u0101jam unik\u0101lus un nebiju\u0161us dizainus, kas apvieno eleganci, funkcionalit\u0101ti un rado\u0161umu.\",\"potentialAction\":[{\"@type\":\"SearchAction\",\"target\":{\"@type\":\"EntryPoint\",\"urlTemplate\":\"https:\/\/brilune.eu\/lv\/?s={search_term_string}\"},\"query-input\":{\"@type\":\"PropertyValueSpecification\",\"valueRequired\":true,\"valueName\":\"search_term_string\"}}],\"inLanguage\":\"lv-LV\"}]}<\/script>\n<!-- \/ Yoast SEO plugin. -->","yoast_head_json":{"title":"M\u016bsdien\u012bgs TV stat\u012bvs","description":"\u0160im elegantajam televizora stat\u012bvam ir moderns dizains ar noapa\u013cotiem st\u016briem, kas pie\u0161\u0137ir tam izsmalcin\u0101tu izskatu un harmoniski iek\u013caujas j\u016bsu dz\u012bvojam\u0101 istab\u0101. Tr\u012bs pla\u0161as dr...","robots":{"index":"index","follow":"follow","max-snippet":"max-snippet:-1","max-image-preview":"max-image-preview:large","max-video-preview":"max-video-preview:-1"},"canonical":"https:\/\/brilune.eu\/lv\/product\/musdienigs-tv-stativs\/","og_locale":"lv_LV","og_type":"article","og_title":"M\u016bsdien\u012bgs TV stat\u012bvs","og_description":"\u0160im elegantajam televizora stat\u012bvam ir moderns dizains ar noapa\u013cotiem st\u016briem, kas pie\u0161\u0137ir tam izsmalcin\u0101tu izskatu un harmoniski iek\u013caujas j\u016bsu dz\u012bvojam\u0101 istab\u0101. Tr\u012bs pla\u0161as dr...","og_url":"https:\/\/brilune.eu\/lv\/product\/musdienigs-tv-stativs\/","og_site_name":"Brilune","article_modified_time":"2025-02-19T11:31:15+00:00","og_image":[{"width":800,"height":800,"url":"https:\/\/brilune.eu\/wp-content\/uploads\/2025\/01\/13913068.png","type":"image\/png"}],"twitter_card":"summary_large_image","schema":{"@context":"https:\/\/schema.org","@graph":[{"@type":"WebPage","@id":"https:\/\/brilune.eu\/lv\/product\/musdienigs-tv-stativs\/","url":"https:\/\/brilune.eu\/lv\/product\/musdienigs-tv-stativs\/","name":"M\u016bsdien\u012bgs TV stat\u012bvs","isPartOf":{"@id":"https:\/\/brilune.eu\/lv\/#website"},"primaryImageOfPage":{"@id":"https:\/\/brilune.eu\/lv\/product\/musdienigs-tv-stativs\/#primaryimage"},"image":{"@id":"https:\/\/brilune.eu\/lv\/product\/musdienigs-tv-stativs\/#primaryimage"},"thumbnailUrl":"https:\/\/brilune.eu\/wp-content\/uploads\/2025\/01\/13913068.png","datePublished":"2025-02-19T11:06:39+00:00","dateModified":"2025-02-19T11:31:15+00:00","description":"\u0160im elegantajam televizora stat\u012bvam ir moderns dizains ar noapa\u013cotiem st\u016briem, kas pie\u0161\u0137ir tam izsmalcin\u0101tu izskatu un harmoniski iek\u013caujas j\u016bsu dz\u012bvojam\u0101 istab\u0101. Tr\u012bs pla\u0161as dr...","breadcrumb":{"@id":"https:\/\/brilune.eu\/lv\/product\/musdienigs-tv-stativs\/#breadcrumb"},"inLanguage":"lv-LV","potentialAction":[{"@type":"ReadAction","target":["https:\/\/brilune.eu\/lv\/product\/musdienigs-tv-stativs\/"]}]},{"@type":"ImageObject","inLanguage":"lv-LV","@id":"https:\/\/brilune.eu\/lv\/product\/musdienigs-tv-stativs\/#primaryimage","url":"https:\/\/brilune.eu\/wp-content\/uploads\/2025\/01\/13913068.png","contentUrl":"https:\/\/brilune.eu\/wp-content\/uploads\/2025\/01\/13913068.png","width":800,"height":800},{"@type":"BreadcrumbList","@id":"https:\/\/brilune.eu\/lv\/product\/musdienigs-tv-stativs\/#breadcrumb","itemListElement":[{"@type":"ListItem","position":1,"name":"S\u0101kums","item":"https:\/\/brilune.eu\/lv\/brilune-mebeles\/"},{"@type":"ListItem","position":2,"name":"Visi produkti","item":"https:\/\/brilune.eu\/lv\/shop\/"},{"@type":"ListItem","position":3,"name":"M\u016bsdien\u012bgs TV stat\u012bvs"}]},{"@type":"WebSite","@id":"https:\/\/brilune.eu\/lv\/#website","url":"https:\/\/brilune.eu\/lv\/","name":"Brilune","description":"M\u0113s pied\u0101v\u0101jam unik\u0101lus un nebiju\u0161us dizainus, kas apvieno eleganci, funkcionalit\u0101ti un rado\u0161umu.","potentialAction":[{"@type":"SearchAction","target":{"@type":"EntryPoint","urlTemplate":"https:\/\/brilune.eu\/lv\/?s={search_term_string}"},"query-input":{"@type":"PropertyValueSpecification","valueRequired":true,"valueName":"search_term_string"}}],"inLanguage":"lv-LV"}]}},"jetpack_sharing_enabled":true,"_links":{"self":[{"href":"https:\/\/brilune.eu\/lv\/wp-json\/wp\/v2\/product\/38942","targetHints":{"allow":["GET"]}}],"collection":[{"href":"https:\/\/brilune.eu\/lv\/wp-json\/wp\/v2\/product"}],"about":[{"href":"https:\/\/brilune.eu\/lv\/wp-json\/wp\/v2\/types\/product"}],"replies":[{"embeddable":true,"href":"https:\/\/brilune.eu\/lv\/wp-json\/wp\/v2\/comments?post=38942"}],"version-history":[{"count":1,"href":"https:\/\/brilune.eu\/lv\/wp-json\/wp\/v2\/product\/38942\/revisions"}],"predecessor-version":[{"id":38994,"href":"https:\/\/brilune.eu\/lv\/wp-json\/wp\/v2\/product\/38942\/revisions\/38994"}],"wp:featuredmedia":[{"embeddable":true,"href":"https:\/\/brilune.eu\/lv\/wp-json\/wp\/v2\/media\/11030"}],"wp:attachment":[{"href":"https:\/\/brilune.eu\/lv\/wp-json\/wp\/v2\/media?parent=38942"}],"wp:term":[{"taxonomy":"product_brand","embeddable":true,"href":"https:\/\/brilune.eu\/lv\/wp-json\/wp\/v2\/product_brand?post=38942"},{"taxonomy":"product_cat","embeddable":true,"href":"https:\/\/brilune.eu\/lv\/wp-json\/wp\/v2\/product_cat?post=38942"},{"taxonomy":"product_tag","embeddable":true,"href":"https:\/\/brilune.eu\/lv\/wp-json\/wp\/v2\/product_tag?post=38942"}],"curies":[{"name":"wp","href":"https:\/\/api.w.org\/{rel}","templated":true}]}}