{"id":38939,"date":"2025-02-19T13:06:38","date_gmt":"2025-02-19T11:06:38","guid":{"rendered":"https:\/\/brilune.eu\/?post_type=product&#038;p=38939"},"modified":"2025-02-19T13:31:13","modified_gmt":"2025-02-19T11:31:13","slug":"tv-stativs-22","status":"publish","type":"product","link":"https:\/\/brilune.eu\/lv\/product\/tv-stativs-22\/","title":{"rendered":"TV stat\u012bvs"},"content":{"rendered":"<p>\u0160is televizora stat\u012bvs c\u0113l\u0101 valriekstu ton\u012b ir ide\u0101ls modernas viesistabas papildin\u0101jums. T\u0101 p\u0101rdom\u0101tais dizains ietver \u010detras ietilp\u012bgas atvilktnes un vienu skapi, kas \u013cauj \u0113rti glab\u0101t visa veida ier\u012bces un aksesu\u0101rus, uzturot k\u0101rt\u012bbu. Ieb\u016bv\u0113t\u0101 ventil\u0101cijas sist\u0113ma nodro\u0161ina optim\u0101lus apst\u0101k\u013cus apr\u012bkojuma uzglab\u0101\u0161anai, un ieb\u016bv\u0113t\u0101 kabe\u013cu vad\u012bba \u013cauj gl\u012bti sak\u0101rtot vadus. Izm\u0113rs: 180\u00d740\u00d744 cm. Materi\u0101li: koks, MDF.<\/p>\n","protected":false},"excerpt":{"rendered":"<p>\u0160is televizora stat\u012bvs c\u0113l\u0101 valriekstu ton\u012b ir ide\u0101ls modernas viesistabas papildin\u0101jums. T\u0101 p\u0101rdom\u0101tais dizains ietver \u010detras ietilp\u012bgas atvilktnes un vienu skapi, ar&#8230;<\/p>\n","protected":false},"featured_media":0,"comment_status":"open","ping_status":"closed","template":"","meta":[],"product_brand":[],"product_cat":[1735,5509],"product_tag":[],"class_list":{"0":"post-38939","1":"product","2":"type-product","3":"status-publish","5":"product_cat-nav-atrasta-rivmaize","6":"product_cat-nav-atrasta-rivmaize-3","8":"first","9":"instock","10":"shipping-taxable","11":"purchasable","12":"product-type-simple"},"yoast_head":"<!-- This site is optimized with the Yoast SEO plugin v26.0 - https:\/\/yoast.com\/wordpress\/plugins\/seo\/ -->\n<title>TV stat\u012bvs<\/title>\n<meta name=\"description\" content=\"\u0160is televizora stat\u012bvs c\u0113l\u0101 valriekstu ton\u012b ir ide\u0101ls modernas viesistabas papildin\u0101jums. T\u0101 p\u0101rdom\u0101tais dizains ietver \u010detras ietilp\u012bgas atvilktnes un vienu skapi, ar...\" \/>\n<meta name=\"robots\" content=\"index, follow, max-snippet:-1, max-image-preview:large, max-video-preview:-1\" \/>\n<link rel=\"canonical\" href=\"https:\/\/brilune.eu\/lv\/product\/tv-stativs-22\/\" \/>\n<meta property=\"og:locale\" content=\"lv_LV\" \/>\n<meta property=\"og:type\" content=\"article\" \/>\n<meta property=\"og:title\" content=\"TV stat\u012bvs\" \/>\n<meta property=\"og:description\" content=\"\u0160is televizora stat\u012bvs c\u0113l\u0101 valriekstu ton\u012b ir ide\u0101ls modernas viesistabas papildin\u0101jums. T\u0101 p\u0101rdom\u0101tais dizains ietver \u010detras ietilp\u012bgas atvilktnes un vienu skapi, ar...\" \/>\n<meta property=\"og:url\" content=\"https:\/\/brilune.eu\/lv\/product\/tv-stativs-22\/\" \/>\n<meta property=\"og:site_name\" content=\"Brilune\" \/>\n<meta property=\"article:modified_time\" content=\"2025-02-19T11:31:13+00:00\" \/>\n<meta name=\"twitter:card\" content=\"summary_large_image\" \/>\n<script type=\"application\/ld+json\" class=\"yoast-schema-graph\">{\"@context\":\"https:\/\/schema.org\",\"@graph\":[{\"@type\":\"WebPage\",\"@id\":\"https:\/\/brilune.eu\/lv\/product\/tv-stativs-22\/\",\"url\":\"https:\/\/brilune.eu\/lv\/product\/tv-stativs-22\/\",\"name\":\"TV stat\u012bvs\",\"isPartOf\":{\"@id\":\"https:\/\/brilune.eu\/lv\/#website\"},\"datePublished\":\"2025-02-19T11:06:38+00:00\",\"dateModified\":\"2025-02-19T11:31:13+00:00\",\"description\":\"\u0160is televizora stat\u012bvs c\u0113l\u0101 valriekstu ton\u012b ir ide\u0101ls modernas viesistabas papildin\u0101jums. T\u0101 p\u0101rdom\u0101tais dizains ietver \u010detras ietilp\u012bgas atvilktnes un vienu skapi, ar...\",\"breadcrumb\":{\"@id\":\"https:\/\/brilune.eu\/lv\/product\/tv-stativs-22\/#breadcrumb\"},\"inLanguage\":\"lv-LV\",\"potentialAction\":[{\"@type\":\"ReadAction\",\"target\":[\"https:\/\/brilune.eu\/lv\/product\/tv-stativs-22\/\"]}]},{\"@type\":\"BreadcrumbList\",\"@id\":\"https:\/\/brilune.eu\/lv\/product\/tv-stativs-22\/#breadcrumb\",\"itemListElement\":[{\"@type\":\"ListItem\",\"position\":1,\"name\":\"S\u0101kums\",\"item\":\"https:\/\/brilune.eu\/lv\/brilune-mebeles\/\"},{\"@type\":\"ListItem\",\"position\":2,\"name\":\"Visi produkti\",\"item\":\"https:\/\/brilune.eu\/lv\/shop\/\"},{\"@type\":\"ListItem\",\"position\":3,\"name\":\"TV stat\u012bvs\"}]},{\"@type\":\"WebSite\",\"@id\":\"https:\/\/brilune.eu\/lv\/#website\",\"url\":\"https:\/\/brilune.eu\/lv\/\",\"name\":\"Brilune\",\"description\":\"M\u0113s pied\u0101v\u0101jam unik\u0101lus un nebiju\u0161us dizainus, kas apvieno eleganci, funkcionalit\u0101ti un rado\u0161umu.\",\"potentialAction\":[{\"@type\":\"SearchAction\",\"target\":{\"@type\":\"EntryPoint\",\"urlTemplate\":\"https:\/\/brilune.eu\/lv\/?s={search_term_string}\"},\"query-input\":{\"@type\":\"PropertyValueSpecification\",\"valueRequired\":true,\"valueName\":\"search_term_string\"}}],\"inLanguage\":\"lv-LV\"}]}<\/script>\n<!-- \/ Yoast SEO plugin. -->","yoast_head_json":{"title":"TV stat\u012bvs","description":"\u0160is televizora stat\u012bvs c\u0113l\u0101 valriekstu ton\u012b ir ide\u0101ls modernas viesistabas papildin\u0101jums. T\u0101 p\u0101rdom\u0101tais dizains ietver \u010detras ietilp\u012bgas atvilktnes un vienu skapi, ar...","robots":{"index":"index","follow":"follow","max-snippet":"max-snippet:-1","max-image-preview":"max-image-preview:large","max-video-preview":"max-video-preview:-1"},"canonical":"https:\/\/brilune.eu\/lv\/product\/tv-stativs-22\/","og_locale":"lv_LV","og_type":"article","og_title":"TV stat\u012bvs","og_description":"\u0160is televizora stat\u012bvs c\u0113l\u0101 valriekstu ton\u012b ir ide\u0101ls modernas viesistabas papildin\u0101jums. T\u0101 p\u0101rdom\u0101tais dizains ietver \u010detras ietilp\u012bgas atvilktnes un vienu skapi, ar...","og_url":"https:\/\/brilune.eu\/lv\/product\/tv-stativs-22\/","og_site_name":"Brilune","article_modified_time":"2025-02-19T11:31:13+00:00","twitter_card":"summary_large_image","schema":{"@context":"https:\/\/schema.org","@graph":[{"@type":"WebPage","@id":"https:\/\/brilune.eu\/lv\/product\/tv-stativs-22\/","url":"https:\/\/brilune.eu\/lv\/product\/tv-stativs-22\/","name":"TV stat\u012bvs","isPartOf":{"@id":"https:\/\/brilune.eu\/lv\/#website"},"datePublished":"2025-02-19T11:06:38+00:00","dateModified":"2025-02-19T11:31:13+00:00","description":"\u0160is televizora stat\u012bvs c\u0113l\u0101 valriekstu ton\u012b ir ide\u0101ls modernas viesistabas papildin\u0101jums. T\u0101 p\u0101rdom\u0101tais dizains ietver \u010detras ietilp\u012bgas atvilktnes un vienu skapi, ar...","breadcrumb":{"@id":"https:\/\/brilune.eu\/lv\/product\/tv-stativs-22\/#breadcrumb"},"inLanguage":"lv-LV","potentialAction":[{"@type":"ReadAction","target":["https:\/\/brilune.eu\/lv\/product\/tv-stativs-22\/"]}]},{"@type":"BreadcrumbList","@id":"https:\/\/brilune.eu\/lv\/product\/tv-stativs-22\/#breadcrumb","itemListElement":[{"@type":"ListItem","position":1,"name":"S\u0101kums","item":"https:\/\/brilune.eu\/lv\/brilune-mebeles\/"},{"@type":"ListItem","position":2,"name":"Visi produkti","item":"https:\/\/brilune.eu\/lv\/shop\/"},{"@type":"ListItem","position":3,"name":"TV stat\u012bvs"}]},{"@type":"WebSite","@id":"https:\/\/brilune.eu\/lv\/#website","url":"https:\/\/brilune.eu\/lv\/","name":"Brilune","description":"M\u0113s pied\u0101v\u0101jam unik\u0101lus un nebiju\u0161us dizainus, kas apvieno eleganci, funkcionalit\u0101ti un rado\u0161umu.","potentialAction":[{"@type":"SearchAction","target":{"@type":"EntryPoint","urlTemplate":"https:\/\/brilune.eu\/lv\/?s={search_term_string}"},"query-input":{"@type":"PropertyValueSpecification","valueRequired":true,"valueName":"search_term_string"}}],"inLanguage":"lv-LV"}]}},"jetpack_sharing_enabled":true,"_links":{"self":[{"href":"https:\/\/brilune.eu\/lv\/wp-json\/wp\/v2\/product\/38939","targetHints":{"allow":["GET"]}}],"collection":[{"href":"https:\/\/brilune.eu\/lv\/wp-json\/wp\/v2\/product"}],"about":[{"href":"https:\/\/brilune.eu\/lv\/wp-json\/wp\/v2\/types\/product"}],"replies":[{"embeddable":true,"href":"https:\/\/brilune.eu\/lv\/wp-json\/wp\/v2\/comments?post=38939"}],"version-history":[{"count":1,"href":"https:\/\/brilune.eu\/lv\/wp-json\/wp\/v2\/product\/38939\/revisions"}],"predecessor-version":[{"id":38991,"href":"https:\/\/brilune.eu\/lv\/wp-json\/wp\/v2\/product\/38939\/revisions\/38991"}],"wp:attachment":[{"href":"https:\/\/brilune.eu\/lv\/wp-json\/wp\/v2\/media?parent=38939"}],"wp:term":[{"taxonomy":"product_brand","embeddable":true,"href":"https:\/\/brilune.eu\/lv\/wp-json\/wp\/v2\/product_brand?post=38939"},{"taxonomy":"product_cat","embeddable":true,"href":"https:\/\/brilune.eu\/lv\/wp-json\/wp\/v2\/product_cat?post=38939"},{"taxonomy":"product_tag","embeddable":true,"href":"https:\/\/brilune.eu\/lv\/wp-json\/wp\/v2\/product_tag?post=38939"}],"curies":[{"name":"wp","href":"https:\/\/api.w.org\/{rel}","templated":true}]}}