{"id":38919,"date":"2025-02-19T13:06:14","date_gmt":"2025-02-19T11:06:14","guid":{"rendered":"https:\/\/brilune.eu\/?post_type=product&#038;p=38919"},"modified":"2025-02-19T13:31:05","modified_gmt":"2025-02-19T11:31:05","slug":"tv-stativs-19","status":"publish","type":"product","link":"https:\/\/brilune.eu\/lv\/product\/tv-stativs-19\/","title":{"rendered":"TV stat\u012bvs"},"content":{"rendered":"<p>Televizora stat\u012bvs ir izgatavots dab\u012bg\u0101 koka kr\u0101s\u0101, radot siltu un m\u0101j\u012bgu atmosf\u0113ru j\u016bsu m\u0101j\u0101s. Tas ir apr\u012bkots ar \u010detr\u0101m atvilktn\u0113m un diviem sl\u0113gtiem skapjiem, kas \u013cauj \u0113rti uzglab\u0101t da\u017e\u0101dus piederumus un apr\u012bkojumu. Ide\u0101li piem\u0113rots televizora un citu multivides ier\u012b\u010du novieto\u0161anai, ievie\u0161ot k\u0101rt\u012bbu un stilu j\u016bsu telp\u0101. Izm\u0113rs: 180\u00d740\u00d742 cm. Materi\u0101li: koks.<\/p>\n","protected":false},"excerpt":{"rendered":"<p>Televizora stat\u012bvs ir izgatavots dab\u012bg\u0101 koka kr\u0101s\u0101, radot siltu un m\u0101j\u012bgu atmosf\u0113ru j\u016bsu m\u0101j\u0101s. Tas ir apr\u012bkots ar \u010detr\u0101m atvilktn\u0113m un diviem sl\u0113gtiem skapjiem, kas &#8230;<\/p>\n","protected":false},"featured_media":10994,"comment_status":"open","ping_status":"closed","template":"","meta":[],"product_brand":[],"product_cat":[2963,5640],"product_tag":[],"class_list":{"0":"post-38919","1":"product","2":"type-product","3":"status-publish","4":"has-post-thumbnail","6":"product_cat-tv-stativi-un-izklaides-centri-kratuve-2","7":"product_cat-tv-stativi-un-izklaides-centri-kratuve-2-5","9":"first","10":"instock","11":"shipping-taxable","12":"purchasable","13":"product-type-simple"},"yoast_head":"<!-- This site is optimized with the Yoast SEO plugin v26.0 - https:\/\/yoast.com\/wordpress\/plugins\/seo\/ -->\n<title>TV stat\u012bvs<\/title>\n<meta name=\"description\" content=\"Televizora stat\u012bvs ir izgatavots dab\u012bg\u0101 koka kr\u0101s\u0101, radot siltu un m\u0101j\u012bgu atmosf\u0113ru j\u016bsu m\u0101j\u0101s. Tas ir apr\u012bkots ar \u010detr\u0101m atvilktn\u0113m un diviem sl\u0113gtiem skapjiem, kas ...\" \/>\n<meta name=\"robots\" content=\"index, follow, max-snippet:-1, max-image-preview:large, max-video-preview:-1\" \/>\n<link rel=\"canonical\" href=\"https:\/\/brilune.eu\/lv\/product\/tv-stativs-19\/\" \/>\n<meta property=\"og:locale\" content=\"lv_LV\" \/>\n<meta property=\"og:type\" content=\"article\" \/>\n<meta property=\"og:title\" content=\"TV stat\u012bvs\" \/>\n<meta property=\"og:description\" content=\"Televizora stat\u012bvs ir izgatavots dab\u012bg\u0101 koka kr\u0101s\u0101, radot siltu un m\u0101j\u012bgu atmosf\u0113ru j\u016bsu m\u0101j\u0101s. Tas ir apr\u012bkots ar \u010detr\u0101m atvilktn\u0113m un diviem sl\u0113gtiem skapjiem, kas ...\" \/>\n<meta property=\"og:url\" content=\"https:\/\/brilune.eu\/lv\/product\/tv-stativs-19\/\" \/>\n<meta property=\"og:site_name\" content=\"Brilune\" \/>\n<meta property=\"article:modified_time\" content=\"2025-02-19T11:31:05+00:00\" \/>\n<meta property=\"og:image\" content=\"https:\/\/brilune.eu\/wp-content\/uploads\/2025\/01\/14028149.jpg\" \/>\n\t<meta property=\"og:image:width\" content=\"800\" \/>\n\t<meta property=\"og:image:height\" content=\"800\" \/>\n\t<meta property=\"og:image:type\" content=\"image\/jpeg\" \/>\n<meta name=\"twitter:card\" content=\"summary_large_image\" \/>\n<script type=\"application\/ld+json\" class=\"yoast-schema-graph\">{\"@context\":\"https:\/\/schema.org\",\"@graph\":[{\"@type\":\"WebPage\",\"@id\":\"https:\/\/brilune.eu\/lv\/product\/tv-stativs-19\/\",\"url\":\"https:\/\/brilune.eu\/lv\/product\/tv-stativs-19\/\",\"name\":\"TV stat\u012bvs\",\"isPartOf\":{\"@id\":\"https:\/\/brilune.eu\/lv\/#website\"},\"primaryImageOfPage\":{\"@id\":\"https:\/\/brilune.eu\/lv\/product\/tv-stativs-19\/#primaryimage\"},\"image\":{\"@id\":\"https:\/\/brilune.eu\/lv\/product\/tv-stativs-19\/#primaryimage\"},\"thumbnailUrl\":\"https:\/\/brilune.eu\/wp-content\/uploads\/2025\/01\/14028149.jpg\",\"datePublished\":\"2025-02-19T11:06:14+00:00\",\"dateModified\":\"2025-02-19T11:31:05+00:00\",\"description\":\"Televizora stat\u012bvs ir izgatavots dab\u012bg\u0101 koka kr\u0101s\u0101, radot siltu un m\u0101j\u012bgu atmosf\u0113ru j\u016bsu m\u0101j\u0101s. Tas ir apr\u012bkots ar \u010detr\u0101m atvilktn\u0113m un diviem sl\u0113gtiem skapjiem, kas ...\",\"breadcrumb\":{\"@id\":\"https:\/\/brilune.eu\/lv\/product\/tv-stativs-19\/#breadcrumb\"},\"inLanguage\":\"lv-LV\",\"potentialAction\":[{\"@type\":\"ReadAction\",\"target\":[\"https:\/\/brilune.eu\/lv\/product\/tv-stativs-19\/\"]}]},{\"@type\":\"ImageObject\",\"inLanguage\":\"lv-LV\",\"@id\":\"https:\/\/brilune.eu\/lv\/product\/tv-stativs-19\/#primaryimage\",\"url\":\"https:\/\/brilune.eu\/wp-content\/uploads\/2025\/01\/14028149.jpg\",\"contentUrl\":\"https:\/\/brilune.eu\/wp-content\/uploads\/2025\/01\/14028149.jpg\",\"width\":800,\"height\":800},{\"@type\":\"BreadcrumbList\",\"@id\":\"https:\/\/brilune.eu\/lv\/product\/tv-stativs-19\/#breadcrumb\",\"itemListElement\":[{\"@type\":\"ListItem\",\"position\":1,\"name\":\"S\u0101kums\",\"item\":\"https:\/\/brilune.eu\/lv\/brilune-mebeles\/\"},{\"@type\":\"ListItem\",\"position\":2,\"name\":\"Visi produkti\",\"item\":\"https:\/\/brilune.eu\/lv\/shop\/\"},{\"@type\":\"ListItem\",\"position\":3,\"name\":\"TV stat\u012bvs\"}]},{\"@type\":\"WebSite\",\"@id\":\"https:\/\/brilune.eu\/lv\/#website\",\"url\":\"https:\/\/brilune.eu\/lv\/\",\"name\":\"Brilune\",\"description\":\"M\u0113s pied\u0101v\u0101jam unik\u0101lus un nebiju\u0161us dizainus, kas apvieno eleganci, funkcionalit\u0101ti un rado\u0161umu.\",\"potentialAction\":[{\"@type\":\"SearchAction\",\"target\":{\"@type\":\"EntryPoint\",\"urlTemplate\":\"https:\/\/brilune.eu\/lv\/?s={search_term_string}\"},\"query-input\":{\"@type\":\"PropertyValueSpecification\",\"valueRequired\":true,\"valueName\":\"search_term_string\"}}],\"inLanguage\":\"lv-LV\"}]}<\/script>\n<!-- \/ Yoast SEO plugin. -->","yoast_head_json":{"title":"TV stat\u012bvs","description":"Televizora stat\u012bvs ir izgatavots dab\u012bg\u0101 koka kr\u0101s\u0101, radot siltu un m\u0101j\u012bgu atmosf\u0113ru j\u016bsu m\u0101j\u0101s. Tas ir apr\u012bkots ar \u010detr\u0101m atvilktn\u0113m un diviem sl\u0113gtiem skapjiem, kas ...","robots":{"index":"index","follow":"follow","max-snippet":"max-snippet:-1","max-image-preview":"max-image-preview:large","max-video-preview":"max-video-preview:-1"},"canonical":"https:\/\/brilune.eu\/lv\/product\/tv-stativs-19\/","og_locale":"lv_LV","og_type":"article","og_title":"TV stat\u012bvs","og_description":"Televizora stat\u012bvs ir izgatavots dab\u012bg\u0101 koka kr\u0101s\u0101, radot siltu un m\u0101j\u012bgu atmosf\u0113ru j\u016bsu m\u0101j\u0101s. Tas ir apr\u012bkots ar \u010detr\u0101m atvilktn\u0113m un diviem sl\u0113gtiem skapjiem, kas ...","og_url":"https:\/\/brilune.eu\/lv\/product\/tv-stativs-19\/","og_site_name":"Brilune","article_modified_time":"2025-02-19T11:31:05+00:00","og_image":[{"width":800,"height":800,"url":"https:\/\/brilune.eu\/wp-content\/uploads\/2025\/01\/14028149.jpg","type":"image\/jpeg"}],"twitter_card":"summary_large_image","schema":{"@context":"https:\/\/schema.org","@graph":[{"@type":"WebPage","@id":"https:\/\/brilune.eu\/lv\/product\/tv-stativs-19\/","url":"https:\/\/brilune.eu\/lv\/product\/tv-stativs-19\/","name":"TV stat\u012bvs","isPartOf":{"@id":"https:\/\/brilune.eu\/lv\/#website"},"primaryImageOfPage":{"@id":"https:\/\/brilune.eu\/lv\/product\/tv-stativs-19\/#primaryimage"},"image":{"@id":"https:\/\/brilune.eu\/lv\/product\/tv-stativs-19\/#primaryimage"},"thumbnailUrl":"https:\/\/brilune.eu\/wp-content\/uploads\/2025\/01\/14028149.jpg","datePublished":"2025-02-19T11:06:14+00:00","dateModified":"2025-02-19T11:31:05+00:00","description":"Televizora stat\u012bvs ir izgatavots dab\u012bg\u0101 koka kr\u0101s\u0101, radot siltu un m\u0101j\u012bgu atmosf\u0113ru j\u016bsu m\u0101j\u0101s. Tas ir apr\u012bkots ar \u010detr\u0101m atvilktn\u0113m un diviem sl\u0113gtiem skapjiem, kas ...","breadcrumb":{"@id":"https:\/\/brilune.eu\/lv\/product\/tv-stativs-19\/#breadcrumb"},"inLanguage":"lv-LV","potentialAction":[{"@type":"ReadAction","target":["https:\/\/brilune.eu\/lv\/product\/tv-stativs-19\/"]}]},{"@type":"ImageObject","inLanguage":"lv-LV","@id":"https:\/\/brilune.eu\/lv\/product\/tv-stativs-19\/#primaryimage","url":"https:\/\/brilune.eu\/wp-content\/uploads\/2025\/01\/14028149.jpg","contentUrl":"https:\/\/brilune.eu\/wp-content\/uploads\/2025\/01\/14028149.jpg","width":800,"height":800},{"@type":"BreadcrumbList","@id":"https:\/\/brilune.eu\/lv\/product\/tv-stativs-19\/#breadcrumb","itemListElement":[{"@type":"ListItem","position":1,"name":"S\u0101kums","item":"https:\/\/brilune.eu\/lv\/brilune-mebeles\/"},{"@type":"ListItem","position":2,"name":"Visi produkti","item":"https:\/\/brilune.eu\/lv\/shop\/"},{"@type":"ListItem","position":3,"name":"TV stat\u012bvs"}]},{"@type":"WebSite","@id":"https:\/\/brilune.eu\/lv\/#website","url":"https:\/\/brilune.eu\/lv\/","name":"Brilune","description":"M\u0113s pied\u0101v\u0101jam unik\u0101lus un nebiju\u0161us dizainus, kas apvieno eleganci, funkcionalit\u0101ti un rado\u0161umu.","potentialAction":[{"@type":"SearchAction","target":{"@type":"EntryPoint","urlTemplate":"https:\/\/brilune.eu\/lv\/?s={search_term_string}"},"query-input":{"@type":"PropertyValueSpecification","valueRequired":true,"valueName":"search_term_string"}}],"inLanguage":"lv-LV"}]}},"jetpack_sharing_enabled":true,"_links":{"self":[{"href":"https:\/\/brilune.eu\/lv\/wp-json\/wp\/v2\/product\/38919","targetHints":{"allow":["GET"]}}],"collection":[{"href":"https:\/\/brilune.eu\/lv\/wp-json\/wp\/v2\/product"}],"about":[{"href":"https:\/\/brilune.eu\/lv\/wp-json\/wp\/v2\/types\/product"}],"replies":[{"embeddable":true,"href":"https:\/\/brilune.eu\/lv\/wp-json\/wp\/v2\/comments?post=38919"}],"version-history":[{"count":1,"href":"https:\/\/brilune.eu\/lv\/wp-json\/wp\/v2\/product\/38919\/revisions"}],"predecessor-version":[{"id":38971,"href":"https:\/\/brilune.eu\/lv\/wp-json\/wp\/v2\/product\/38919\/revisions\/38971"}],"wp:featuredmedia":[{"embeddable":true,"href":"https:\/\/brilune.eu\/lv\/wp-json\/wp\/v2\/media\/10994"}],"wp:attachment":[{"href":"https:\/\/brilune.eu\/lv\/wp-json\/wp\/v2\/media?parent=38919"}],"wp:term":[{"taxonomy":"product_brand","embeddable":true,"href":"https:\/\/brilune.eu\/lv\/wp-json\/wp\/v2\/product_brand?post=38919"},{"taxonomy":"product_cat","embeddable":true,"href":"https:\/\/brilune.eu\/lv\/wp-json\/wp\/v2\/product_cat?post=38919"},{"taxonomy":"product_tag","embeddable":true,"href":"https:\/\/brilune.eu\/lv\/wp-json\/wp\/v2\/product_tag?post=38919"}],"curies":[{"name":"wp","href":"https:\/\/api.w.org\/{rel}","templated":true}]}}