{"id":38916,"date":"2025-02-19T13:06:13","date_gmt":"2025-02-19T11:06:13","guid":{"rendered":"https:\/\/brilune.eu\/?post_type=product&#038;p=38916"},"modified":"2025-02-19T13:31:04","modified_gmt":"2025-02-19T11:31:04","slug":"kafijas-galdins-9","status":"publish","type":"product","link":"https:\/\/brilune.eu\/lv\/product\/kafijas-galdins-9\/","title":{"rendered":"Kafijas galdi\u0146\u0161"},"content":{"rendered":"<p>\u0160is gai\u0161\u0101 koka kr\u0101sas kafijas galdi\u0146\u0161 b\u016bs ide\u0101ls papildin\u0101jums j\u016bsu interjeram. T\u0101 elegantais un m\u016bsdien\u012bgais dizains lieliski saskan ar p\u0101r\u0113j\u0101m m\u0113bel\u0113m, radot komforta un stila atmosf\u0113ru. Galdam ir atv\u0113rti plaukti, kas ir \u0113rti gr\u0101matu vai dekorat\u012bvu priek\u0161metu glab\u0101\u0161anai, un t\u0101 iztur\u012bgais dizains nodro\u0161ina iztur\u012bbu. T\u0101 kompaktie izm\u0113ri padara \u0161o galdu par daudzpus\u012bgu risin\u0101jumu jebkurai viesistabai, nodro\u0161inot funkcionalit\u0101ti bez liekas nek\u0101rt\u012bbas.<\/p>\n<p>Izm\u0113rs: 130\u00d740\u00d743 cm<br \/>\nMateri\u0101ls: koks.  <\/p>\n","protected":false},"excerpt":{"rendered":"<p>\u0160is gai\u0161\u0101 koka kr\u0101sas kafijas galdi\u0146\u0161 b\u016bs ide\u0101ls papildin\u0101jums j\u016bsu interjeram. T\u0101s elegantais un modernais dizains lieliski saskan ar p\u0101r\u0113j\u0101m m\u0113bel\u0113m&#8230;<\/p>\n","protected":false},"featured_media":10969,"comment_status":"open","ping_status":"closed","template":"","meta":[],"product_brand":[],"product_cat":[2963,5640],"product_tag":[],"class_list":{"0":"post-38916","1":"product","2":"type-product","3":"status-publish","4":"has-post-thumbnail","6":"product_cat-tv-stativi-un-izklaides-centri-kratuve-2","7":"product_cat-tv-stativi-un-izklaides-centri-kratuve-2-5","9":"first","10":"instock","11":"shipping-taxable","12":"purchasable","13":"product-type-simple"},"yoast_head":"<!-- This site is optimized with the Yoast SEO plugin v26.0 - https:\/\/yoast.com\/wordpress\/plugins\/seo\/ -->\n<title>Kafijas galdi\u0146\u0161<\/title>\n<meta name=\"description\" content=\"\u0160is gai\u0161\u0101 koka kr\u0101sas kafijas galdi\u0146\u0161 b\u016bs ide\u0101ls papildin\u0101jums j\u016bsu interjeram. T\u0101s elegantais un modernais dizains lieliski saskan ar p\u0101r\u0113j\u0101m m\u0113bel\u0113m...\" \/>\n<meta name=\"robots\" content=\"index, follow, max-snippet:-1, max-image-preview:large, max-video-preview:-1\" \/>\n<link rel=\"canonical\" href=\"https:\/\/brilune.eu\/lv\/product\/kafijas-galdins-9\/\" \/>\n<meta property=\"og:locale\" content=\"lv_LV\" \/>\n<meta property=\"og:type\" content=\"article\" \/>\n<meta property=\"og:title\" content=\"Kafijas galdi\u0146\u0161\" \/>\n<meta property=\"og:description\" content=\"\u0160is gai\u0161\u0101 koka kr\u0101sas kafijas galdi\u0146\u0161 b\u016bs ide\u0101ls papildin\u0101jums j\u016bsu interjeram. T\u0101s elegantais un modernais dizains lieliski saskan ar p\u0101r\u0113j\u0101m m\u0113bel\u0113m...\" \/>\n<meta property=\"og:url\" content=\"https:\/\/brilune.eu\/lv\/product\/kafijas-galdins-9\/\" \/>\n<meta property=\"og:site_name\" content=\"Brilune\" \/>\n<meta property=\"article:modified_time\" content=\"2025-02-19T11:31:04+00:00\" \/>\n<meta property=\"og:image\" content=\"https:\/\/brilune.eu\/wp-content\/uploads\/2025\/01\/14042005.jpg\" \/>\n\t<meta property=\"og:image:width\" content=\"800\" \/>\n\t<meta property=\"og:image:height\" content=\"800\" \/>\n\t<meta property=\"og:image:type\" content=\"image\/jpeg\" \/>\n<meta name=\"twitter:card\" content=\"summary_large_image\" \/>\n<script type=\"application\/ld+json\" class=\"yoast-schema-graph\">{\"@context\":\"https:\/\/schema.org\",\"@graph\":[{\"@type\":\"WebPage\",\"@id\":\"https:\/\/brilune.eu\/lv\/product\/kafijas-galdins-9\/\",\"url\":\"https:\/\/brilune.eu\/lv\/product\/kafijas-galdins-9\/\",\"name\":\"Kafijas galdi\u0146\u0161\",\"isPartOf\":{\"@id\":\"https:\/\/brilune.eu\/lv\/#website\"},\"primaryImageOfPage\":{\"@id\":\"https:\/\/brilune.eu\/lv\/product\/kafijas-galdins-9\/#primaryimage\"},\"image\":{\"@id\":\"https:\/\/brilune.eu\/lv\/product\/kafijas-galdins-9\/#primaryimage\"},\"thumbnailUrl\":\"https:\/\/brilune.eu\/wp-content\/uploads\/2025\/01\/14042005.jpg\",\"datePublished\":\"2025-02-19T11:06:13+00:00\",\"dateModified\":\"2025-02-19T11:31:04+00:00\",\"description\":\"\u0160is gai\u0161\u0101 koka kr\u0101sas kafijas galdi\u0146\u0161 b\u016bs ide\u0101ls papildin\u0101jums j\u016bsu interjeram. T\u0101s elegantais un modernais dizains lieliski saskan ar p\u0101r\u0113j\u0101m m\u0113bel\u0113m...\",\"breadcrumb\":{\"@id\":\"https:\/\/brilune.eu\/lv\/product\/kafijas-galdins-9\/#breadcrumb\"},\"inLanguage\":\"lv-LV\",\"potentialAction\":[{\"@type\":\"ReadAction\",\"target\":[\"https:\/\/brilune.eu\/lv\/product\/kafijas-galdins-9\/\"]}]},{\"@type\":\"ImageObject\",\"inLanguage\":\"lv-LV\",\"@id\":\"https:\/\/brilune.eu\/lv\/product\/kafijas-galdins-9\/#primaryimage\",\"url\":\"https:\/\/brilune.eu\/wp-content\/uploads\/2025\/01\/14042005.jpg\",\"contentUrl\":\"https:\/\/brilune.eu\/wp-content\/uploads\/2025\/01\/14042005.jpg\",\"width\":800,\"height\":800},{\"@type\":\"BreadcrumbList\",\"@id\":\"https:\/\/brilune.eu\/lv\/product\/kafijas-galdins-9\/#breadcrumb\",\"itemListElement\":[{\"@type\":\"ListItem\",\"position\":1,\"name\":\"S\u0101kums\",\"item\":\"https:\/\/brilune.eu\/lv\/brilune-mebeles\/\"},{\"@type\":\"ListItem\",\"position\":2,\"name\":\"Visi produkti\",\"item\":\"https:\/\/brilune.eu\/lv\/shop\/\"},{\"@type\":\"ListItem\",\"position\":3,\"name\":\"Kafijas galdi\u0146\u0161\"}]},{\"@type\":\"WebSite\",\"@id\":\"https:\/\/brilune.eu\/lv\/#website\",\"url\":\"https:\/\/brilune.eu\/lv\/\",\"name\":\"Brilune\",\"description\":\"M\u0113s pied\u0101v\u0101jam unik\u0101lus un nebiju\u0161us dizainus, kas apvieno eleganci, funkcionalit\u0101ti un rado\u0161umu.\",\"potentialAction\":[{\"@type\":\"SearchAction\",\"target\":{\"@type\":\"EntryPoint\",\"urlTemplate\":\"https:\/\/brilune.eu\/lv\/?s={search_term_string}\"},\"query-input\":{\"@type\":\"PropertyValueSpecification\",\"valueRequired\":true,\"valueName\":\"search_term_string\"}}],\"inLanguage\":\"lv-LV\"}]}<\/script>\n<!-- \/ Yoast SEO plugin. -->","yoast_head_json":{"title":"Kafijas galdi\u0146\u0161","description":"\u0160is gai\u0161\u0101 koka kr\u0101sas kafijas galdi\u0146\u0161 b\u016bs ide\u0101ls papildin\u0101jums j\u016bsu interjeram. T\u0101s elegantais un modernais dizains lieliski saskan ar p\u0101r\u0113j\u0101m m\u0113bel\u0113m...","robots":{"index":"index","follow":"follow","max-snippet":"max-snippet:-1","max-image-preview":"max-image-preview:large","max-video-preview":"max-video-preview:-1"},"canonical":"https:\/\/brilune.eu\/lv\/product\/kafijas-galdins-9\/","og_locale":"lv_LV","og_type":"article","og_title":"Kafijas galdi\u0146\u0161","og_description":"\u0160is gai\u0161\u0101 koka kr\u0101sas kafijas galdi\u0146\u0161 b\u016bs ide\u0101ls papildin\u0101jums j\u016bsu interjeram. T\u0101s elegantais un modernais dizains lieliski saskan ar p\u0101r\u0113j\u0101m m\u0113bel\u0113m...","og_url":"https:\/\/brilune.eu\/lv\/product\/kafijas-galdins-9\/","og_site_name":"Brilune","article_modified_time":"2025-02-19T11:31:04+00:00","og_image":[{"width":800,"height":800,"url":"https:\/\/brilune.eu\/wp-content\/uploads\/2025\/01\/14042005.jpg","type":"image\/jpeg"}],"twitter_card":"summary_large_image","schema":{"@context":"https:\/\/schema.org","@graph":[{"@type":"WebPage","@id":"https:\/\/brilune.eu\/lv\/product\/kafijas-galdins-9\/","url":"https:\/\/brilune.eu\/lv\/product\/kafijas-galdins-9\/","name":"Kafijas galdi\u0146\u0161","isPartOf":{"@id":"https:\/\/brilune.eu\/lv\/#website"},"primaryImageOfPage":{"@id":"https:\/\/brilune.eu\/lv\/product\/kafijas-galdins-9\/#primaryimage"},"image":{"@id":"https:\/\/brilune.eu\/lv\/product\/kafijas-galdins-9\/#primaryimage"},"thumbnailUrl":"https:\/\/brilune.eu\/wp-content\/uploads\/2025\/01\/14042005.jpg","datePublished":"2025-02-19T11:06:13+00:00","dateModified":"2025-02-19T11:31:04+00:00","description":"\u0160is gai\u0161\u0101 koka kr\u0101sas kafijas galdi\u0146\u0161 b\u016bs ide\u0101ls papildin\u0101jums j\u016bsu interjeram. T\u0101s elegantais un modernais dizains lieliski saskan ar p\u0101r\u0113j\u0101m m\u0113bel\u0113m...","breadcrumb":{"@id":"https:\/\/brilune.eu\/lv\/product\/kafijas-galdins-9\/#breadcrumb"},"inLanguage":"lv-LV","potentialAction":[{"@type":"ReadAction","target":["https:\/\/brilune.eu\/lv\/product\/kafijas-galdins-9\/"]}]},{"@type":"ImageObject","inLanguage":"lv-LV","@id":"https:\/\/brilune.eu\/lv\/product\/kafijas-galdins-9\/#primaryimage","url":"https:\/\/brilune.eu\/wp-content\/uploads\/2025\/01\/14042005.jpg","contentUrl":"https:\/\/brilune.eu\/wp-content\/uploads\/2025\/01\/14042005.jpg","width":800,"height":800},{"@type":"BreadcrumbList","@id":"https:\/\/brilune.eu\/lv\/product\/kafijas-galdins-9\/#breadcrumb","itemListElement":[{"@type":"ListItem","position":1,"name":"S\u0101kums","item":"https:\/\/brilune.eu\/lv\/brilune-mebeles\/"},{"@type":"ListItem","position":2,"name":"Visi produkti","item":"https:\/\/brilune.eu\/lv\/shop\/"},{"@type":"ListItem","position":3,"name":"Kafijas galdi\u0146\u0161"}]},{"@type":"WebSite","@id":"https:\/\/brilune.eu\/lv\/#website","url":"https:\/\/brilune.eu\/lv\/","name":"Brilune","description":"M\u0113s pied\u0101v\u0101jam unik\u0101lus un nebiju\u0161us dizainus, kas apvieno eleganci, funkcionalit\u0101ti un rado\u0161umu.","potentialAction":[{"@type":"SearchAction","target":{"@type":"EntryPoint","urlTemplate":"https:\/\/brilune.eu\/lv\/?s={search_term_string}"},"query-input":{"@type":"PropertyValueSpecification","valueRequired":true,"valueName":"search_term_string"}}],"inLanguage":"lv-LV"}]}},"jetpack_sharing_enabled":true,"_links":{"self":[{"href":"https:\/\/brilune.eu\/lv\/wp-json\/wp\/v2\/product\/38916","targetHints":{"allow":["GET"]}}],"collection":[{"href":"https:\/\/brilune.eu\/lv\/wp-json\/wp\/v2\/product"}],"about":[{"href":"https:\/\/brilune.eu\/lv\/wp-json\/wp\/v2\/types\/product"}],"replies":[{"embeddable":true,"href":"https:\/\/brilune.eu\/lv\/wp-json\/wp\/v2\/comments?post=38916"}],"version-history":[{"count":1,"href":"https:\/\/brilune.eu\/lv\/wp-json\/wp\/v2\/product\/38916\/revisions"}],"predecessor-version":[{"id":38968,"href":"https:\/\/brilune.eu\/lv\/wp-json\/wp\/v2\/product\/38916\/revisions\/38968"}],"wp:featuredmedia":[{"embeddable":true,"href":"https:\/\/brilune.eu\/lv\/wp-json\/wp\/v2\/media\/10969"}],"wp:attachment":[{"href":"https:\/\/brilune.eu\/lv\/wp-json\/wp\/v2\/media?parent=38916"}],"wp:term":[{"taxonomy":"product_brand","embeddable":true,"href":"https:\/\/brilune.eu\/lv\/wp-json\/wp\/v2\/product_brand?post=38916"},{"taxonomy":"product_cat","embeddable":true,"href":"https:\/\/brilune.eu\/lv\/wp-json\/wp\/v2\/product_cat?post=38916"},{"taxonomy":"product_tag","embeddable":true,"href":"https:\/\/brilune.eu\/lv\/wp-json\/wp\/v2\/product_tag?post=38916"}],"curies":[{"name":"wp","href":"https:\/\/api.w.org\/{rel}","templated":true}]}}