{"id":38913,"date":"2025-02-19T13:05:49","date_gmt":"2025-02-19T11:05:49","guid":{"rendered":"https:\/\/brilune.eu\/?post_type=product&#038;p=38913"},"modified":"2025-02-19T13:31:02","modified_gmt":"2025-02-19T11:31:02","slug":"tv-stativs-18","status":"publish","type":"product","link":"https:\/\/brilune.eu\/lv\/product\/tv-stativs-18\/","title":{"rendered":"TV stat\u012bvs"},"content":{"rendered":"<p>\u0160is melna riekstkoka TV stat\u012bvs ienes\u012bs j\u016bsu telp\u0101 stila un m\u0101j\u012bguma piesk\u0101rienu. Ar div\u0101m viegli aizveram\u0101m atvilktn\u0113m un atv\u0113rtajiem plauktiem tas nodro\u0161ina \u0113rtu piek\u013cuvi j\u016bsu iecien\u012bt\u0101kaj\u0101m film\u0101m un sp\u0113l\u0113m. Taisnst\u016brveida dizains un stil\u012bg\u0101s gadsimta vidus l\u012bnijas padara \u0161o tualetes galdi\u0146u par ide\u0101lu akcentu jebkurai telpai, k\u0101 ar\u012b par lielisku uzglab\u0101\u0161anas risin\u0101jumu.<\/p>\n<p>Izm\u0113rs: 180\u00d730\u00d740 cm<br \/>\nMateri\u0101ls: koks.<\/p>\n","protected":false},"excerpt":{"rendered":"<p>\u0160is melna riekstkoka TV stat\u012bvs ienes\u012bs j\u016bsu telp\u0101 stila un m\u0101j\u012bguma piesk\u0101rienu. Ar div\u0101m viegli aizveram\u0101m atvilktn\u0113m un atv\u0113rtajiem plauktiem tas nodro\u0161ina \u0113rtu piek\u013cuvi j\u016bsu&#8230;<\/p>\n","protected":false},"featured_media":10965,"comment_status":"open","ping_status":"closed","template":"","meta":[],"product_brand":[],"product_cat":[5640,2963],"product_tag":[],"class_list":{"0":"post-38913","1":"product","2":"type-product","3":"status-publish","4":"has-post-thumbnail","6":"product_cat-tv-stativi-un-izklaides-centri-kratuve-2-5","7":"product_cat-tv-stativi-un-izklaides-centri-kratuve-2","9":"first","10":"instock","11":"shipping-taxable","12":"purchasable","13":"product-type-simple"},"yoast_head":"<!-- This site is optimized with the Yoast SEO plugin v26.0 - https:\/\/yoast.com\/wordpress\/plugins\/seo\/ -->\n<title>TV stat\u012bvs<\/title>\n<meta name=\"description\" content=\"\u0160is melna riekstkoka TV stat\u012bvs ienes\u012bs j\u016bsu telp\u0101 stila un m\u0101j\u012bguma piesk\u0101rienu. Ar div\u0101m viegli aizveram\u0101m atvilktn\u0113m un atv\u0113rtajiem plauktiem tas nodro\u0161ina \u0113rtu piek\u013cuvi j\u016bsu...\" \/>\n<meta name=\"robots\" content=\"index, follow, max-snippet:-1, max-image-preview:large, max-video-preview:-1\" \/>\n<link rel=\"canonical\" href=\"https:\/\/brilune.eu\/lv\/product\/tv-stativs-18\/\" \/>\n<meta property=\"og:locale\" content=\"lv_LV\" \/>\n<meta property=\"og:type\" content=\"article\" \/>\n<meta property=\"og:title\" content=\"TV stat\u012bvs\" \/>\n<meta property=\"og:description\" content=\"\u0160is melna riekstkoka TV stat\u012bvs ienes\u012bs j\u016bsu telp\u0101 stila un m\u0101j\u012bguma piesk\u0101rienu. Ar div\u0101m viegli aizveram\u0101m atvilktn\u0113m un atv\u0113rtajiem plauktiem tas nodro\u0161ina \u0113rtu piek\u013cuvi j\u016bsu...\" \/>\n<meta property=\"og:url\" content=\"https:\/\/brilune.eu\/lv\/product\/tv-stativs-18\/\" \/>\n<meta property=\"og:site_name\" content=\"Brilune\" \/>\n<meta property=\"article:modified_time\" content=\"2025-02-19T11:31:02+00:00\" \/>\n<meta property=\"og:image\" content=\"https:\/\/brilune.eu\/wp-content\/uploads\/2025\/01\/14130341.png\" \/>\n\t<meta property=\"og:image:width\" content=\"800\" \/>\n\t<meta property=\"og:image:height\" content=\"800\" \/>\n\t<meta property=\"og:image:type\" content=\"image\/png\" \/>\n<meta name=\"twitter:card\" content=\"summary_large_image\" \/>\n<script type=\"application\/ld+json\" class=\"yoast-schema-graph\">{\"@context\":\"https:\/\/schema.org\",\"@graph\":[{\"@type\":\"WebPage\",\"@id\":\"https:\/\/brilune.eu\/lv\/product\/tv-stativs-18\/\",\"url\":\"https:\/\/brilune.eu\/lv\/product\/tv-stativs-18\/\",\"name\":\"TV stat\u012bvs\",\"isPartOf\":{\"@id\":\"https:\/\/brilune.eu\/lv\/#website\"},\"primaryImageOfPage\":{\"@id\":\"https:\/\/brilune.eu\/lv\/product\/tv-stativs-18\/#primaryimage\"},\"image\":{\"@id\":\"https:\/\/brilune.eu\/lv\/product\/tv-stativs-18\/#primaryimage\"},\"thumbnailUrl\":\"https:\/\/brilune.eu\/wp-content\/uploads\/2025\/01\/14130341.png\",\"datePublished\":\"2025-02-19T11:05:49+00:00\",\"dateModified\":\"2025-02-19T11:31:02+00:00\",\"description\":\"\u0160is melna riekstkoka TV stat\u012bvs ienes\u012bs j\u016bsu telp\u0101 stila un m\u0101j\u012bguma piesk\u0101rienu. Ar div\u0101m viegli aizveram\u0101m atvilktn\u0113m un atv\u0113rtajiem plauktiem tas nodro\u0161ina \u0113rtu piek\u013cuvi j\u016bsu...\",\"breadcrumb\":{\"@id\":\"https:\/\/brilune.eu\/lv\/product\/tv-stativs-18\/#breadcrumb\"},\"inLanguage\":\"lv-LV\",\"potentialAction\":[{\"@type\":\"ReadAction\",\"target\":[\"https:\/\/brilune.eu\/lv\/product\/tv-stativs-18\/\"]}]},{\"@type\":\"ImageObject\",\"inLanguage\":\"lv-LV\",\"@id\":\"https:\/\/brilune.eu\/lv\/product\/tv-stativs-18\/#primaryimage\",\"url\":\"https:\/\/brilune.eu\/wp-content\/uploads\/2025\/01\/14130341.png\",\"contentUrl\":\"https:\/\/brilune.eu\/wp-content\/uploads\/2025\/01\/14130341.png\",\"width\":800,\"height\":800},{\"@type\":\"BreadcrumbList\",\"@id\":\"https:\/\/brilune.eu\/lv\/product\/tv-stativs-18\/#breadcrumb\",\"itemListElement\":[{\"@type\":\"ListItem\",\"position\":1,\"name\":\"S\u0101kums\",\"item\":\"https:\/\/brilune.eu\/lv\/brilune-mebeles\/\"},{\"@type\":\"ListItem\",\"position\":2,\"name\":\"Visi produkti\",\"item\":\"https:\/\/brilune.eu\/lv\/shop\/\"},{\"@type\":\"ListItem\",\"position\":3,\"name\":\"TV stat\u012bvs\"}]},{\"@type\":\"WebSite\",\"@id\":\"https:\/\/brilune.eu\/lv\/#website\",\"url\":\"https:\/\/brilune.eu\/lv\/\",\"name\":\"Brilune\",\"description\":\"M\u0113s pied\u0101v\u0101jam unik\u0101lus un nebiju\u0161us dizainus, kas apvieno eleganci, funkcionalit\u0101ti un rado\u0161umu.\",\"potentialAction\":[{\"@type\":\"SearchAction\",\"target\":{\"@type\":\"EntryPoint\",\"urlTemplate\":\"https:\/\/brilune.eu\/lv\/?s={search_term_string}\"},\"query-input\":{\"@type\":\"PropertyValueSpecification\",\"valueRequired\":true,\"valueName\":\"search_term_string\"}}],\"inLanguage\":\"lv-LV\"}]}<\/script>\n<!-- \/ Yoast SEO plugin. -->","yoast_head_json":{"title":"TV stat\u012bvs","description":"\u0160is melna riekstkoka TV stat\u012bvs ienes\u012bs j\u016bsu telp\u0101 stila un m\u0101j\u012bguma piesk\u0101rienu. Ar div\u0101m viegli aizveram\u0101m atvilktn\u0113m un atv\u0113rtajiem plauktiem tas nodro\u0161ina \u0113rtu piek\u013cuvi j\u016bsu...","robots":{"index":"index","follow":"follow","max-snippet":"max-snippet:-1","max-image-preview":"max-image-preview:large","max-video-preview":"max-video-preview:-1"},"canonical":"https:\/\/brilune.eu\/lv\/product\/tv-stativs-18\/","og_locale":"lv_LV","og_type":"article","og_title":"TV stat\u012bvs","og_description":"\u0160is melna riekstkoka TV stat\u012bvs ienes\u012bs j\u016bsu telp\u0101 stila un m\u0101j\u012bguma piesk\u0101rienu. Ar div\u0101m viegli aizveram\u0101m atvilktn\u0113m un atv\u0113rtajiem plauktiem tas nodro\u0161ina \u0113rtu piek\u013cuvi j\u016bsu...","og_url":"https:\/\/brilune.eu\/lv\/product\/tv-stativs-18\/","og_site_name":"Brilune","article_modified_time":"2025-02-19T11:31:02+00:00","og_image":[{"width":800,"height":800,"url":"https:\/\/brilune.eu\/wp-content\/uploads\/2025\/01\/14130341.png","type":"image\/png"}],"twitter_card":"summary_large_image","schema":{"@context":"https:\/\/schema.org","@graph":[{"@type":"WebPage","@id":"https:\/\/brilune.eu\/lv\/product\/tv-stativs-18\/","url":"https:\/\/brilune.eu\/lv\/product\/tv-stativs-18\/","name":"TV stat\u012bvs","isPartOf":{"@id":"https:\/\/brilune.eu\/lv\/#website"},"primaryImageOfPage":{"@id":"https:\/\/brilune.eu\/lv\/product\/tv-stativs-18\/#primaryimage"},"image":{"@id":"https:\/\/brilune.eu\/lv\/product\/tv-stativs-18\/#primaryimage"},"thumbnailUrl":"https:\/\/brilune.eu\/wp-content\/uploads\/2025\/01\/14130341.png","datePublished":"2025-02-19T11:05:49+00:00","dateModified":"2025-02-19T11:31:02+00:00","description":"\u0160is melna riekstkoka TV stat\u012bvs ienes\u012bs j\u016bsu telp\u0101 stila un m\u0101j\u012bguma piesk\u0101rienu. Ar div\u0101m viegli aizveram\u0101m atvilktn\u0113m un atv\u0113rtajiem plauktiem tas nodro\u0161ina \u0113rtu piek\u013cuvi j\u016bsu...","breadcrumb":{"@id":"https:\/\/brilune.eu\/lv\/product\/tv-stativs-18\/#breadcrumb"},"inLanguage":"lv-LV","potentialAction":[{"@type":"ReadAction","target":["https:\/\/brilune.eu\/lv\/product\/tv-stativs-18\/"]}]},{"@type":"ImageObject","inLanguage":"lv-LV","@id":"https:\/\/brilune.eu\/lv\/product\/tv-stativs-18\/#primaryimage","url":"https:\/\/brilune.eu\/wp-content\/uploads\/2025\/01\/14130341.png","contentUrl":"https:\/\/brilune.eu\/wp-content\/uploads\/2025\/01\/14130341.png","width":800,"height":800},{"@type":"BreadcrumbList","@id":"https:\/\/brilune.eu\/lv\/product\/tv-stativs-18\/#breadcrumb","itemListElement":[{"@type":"ListItem","position":1,"name":"S\u0101kums","item":"https:\/\/brilune.eu\/lv\/brilune-mebeles\/"},{"@type":"ListItem","position":2,"name":"Visi produkti","item":"https:\/\/brilune.eu\/lv\/shop\/"},{"@type":"ListItem","position":3,"name":"TV stat\u012bvs"}]},{"@type":"WebSite","@id":"https:\/\/brilune.eu\/lv\/#website","url":"https:\/\/brilune.eu\/lv\/","name":"Brilune","description":"M\u0113s pied\u0101v\u0101jam unik\u0101lus un nebiju\u0161us dizainus, kas apvieno eleganci, funkcionalit\u0101ti un rado\u0161umu.","potentialAction":[{"@type":"SearchAction","target":{"@type":"EntryPoint","urlTemplate":"https:\/\/brilune.eu\/lv\/?s={search_term_string}"},"query-input":{"@type":"PropertyValueSpecification","valueRequired":true,"valueName":"search_term_string"}}],"inLanguage":"lv-LV"}]}},"jetpack_sharing_enabled":true,"_links":{"self":[{"href":"https:\/\/brilune.eu\/lv\/wp-json\/wp\/v2\/product\/38913","targetHints":{"allow":["GET"]}}],"collection":[{"href":"https:\/\/brilune.eu\/lv\/wp-json\/wp\/v2\/product"}],"about":[{"href":"https:\/\/brilune.eu\/lv\/wp-json\/wp\/v2\/types\/product"}],"replies":[{"embeddable":true,"href":"https:\/\/brilune.eu\/lv\/wp-json\/wp\/v2\/comments?post=38913"}],"version-history":[{"count":1,"href":"https:\/\/brilune.eu\/lv\/wp-json\/wp\/v2\/product\/38913\/revisions"}],"predecessor-version":[{"id":38954,"href":"https:\/\/brilune.eu\/lv\/wp-json\/wp\/v2\/product\/38913\/revisions\/38954"}],"wp:featuredmedia":[{"embeddable":true,"href":"https:\/\/brilune.eu\/lv\/wp-json\/wp\/v2\/media\/10965"}],"wp:attachment":[{"href":"https:\/\/brilune.eu\/lv\/wp-json\/wp\/v2\/media?parent=38913"}],"wp:term":[{"taxonomy":"product_brand","embeddable":true,"href":"https:\/\/brilune.eu\/lv\/wp-json\/wp\/v2\/product_brand?post=38913"},{"taxonomy":"product_cat","embeddable":true,"href":"https:\/\/brilune.eu\/lv\/wp-json\/wp\/v2\/product_cat?post=38913"},{"taxonomy":"product_tag","embeddable":true,"href":"https:\/\/brilune.eu\/lv\/wp-json\/wp\/v2\/product_tag?post=38913"}],"curies":[{"name":"wp","href":"https:\/\/api.w.org\/{rel}","templated":true}]}}