{"id":38899,"date":"2025-02-19T13:05:48","date_gmt":"2025-02-19T11:05:48","guid":{"rendered":"https:\/\/brilune.eu\/?post_type=product&#038;p=38899"},"modified":"2025-02-19T13:30:57","modified_gmt":"2025-02-19T11:30:57","slug":"tv-stativs-17","status":"publish","type":"product","link":"https:\/\/brilune.eu\/lv\/product\/tv-stativs-17\/","title":{"rendered":"TV stat\u012bvs"},"content":{"rendered":"<p>\u0160im pla\u0161ajam melna riekstkoka televizora stat\u012bvam ir m\u016bsdien\u012bgs stils, kas pie\u0161\u0137irs j\u016bsu telpai eleganci. \u0112rti atv\u0113rtie plaukti ir ide\u0101li piem\u0113roti multivides apr\u012bkojuma glab\u0101\u0161anai, savuk\u0101rt divas viegli aizveramas atvilktnes nodro\u0161ina pietiekami daudz vietas da\u017e\u0101diem piederumiem. \u0160is naktsskap\u012btis ir ne tikai funkcion\u0101ls, bet ar\u012b est\u0113tiski pievilc\u012bgs, padarot to par ide\u0101lu izv\u0113li j\u016bsu viesistabai.<\/p>\n<p>Izm\u0113rs: 150\u00d730\u00d740 cm<br \/>\nMateri\u0101ls: koks.<\/p>\n","protected":false},"excerpt":{"rendered":"<p>\u0160im pla\u0161ajam melna riekstkoka televizora stat\u012bvam ir m\u016bsdien\u012bgs stils, kas pie\u0161\u0137irs j\u016bsu telpai eleganci. \u0112rti atv\u0113rtie plaukti ir ide\u0101li piem\u0113roti multivides apr\u012bkojuma uzglab\u0101\u0161anai&#8230;<\/p>\n","protected":false},"featured_media":10961,"comment_status":"open","ping_status":"closed","template":"","meta":[],"product_brand":[],"product_cat":[2963,5640],"product_tag":[],"class_list":{"0":"post-38899","1":"product","2":"type-product","3":"status-publish","4":"has-post-thumbnail","6":"product_cat-tv-stativi-un-izklaides-centri-kratuve-2","7":"product_cat-tv-stativi-un-izklaides-centri-kratuve-2-5","9":"first","10":"instock","11":"shipping-taxable","12":"purchasable","13":"product-type-simple"},"yoast_head":"<!-- This site is optimized with the Yoast SEO plugin v26.0 - https:\/\/yoast.com\/wordpress\/plugins\/seo\/ -->\n<title>TV stat\u012bvs<\/title>\n<meta name=\"description\" content=\"\u0160im pla\u0161ajam melna riekstkoka televizora stat\u012bvam ir m\u016bsdien\u012bgs stils, kas pie\u0161\u0137irs j\u016bsu telpai eleganci. \u0112rti atv\u0113rtie plaukti ir ide\u0101li piem\u0113roti multivides apr\u012bkojuma uzglab\u0101\u0161anai...\" \/>\n<meta name=\"robots\" content=\"index, follow, max-snippet:-1, max-image-preview:large, max-video-preview:-1\" \/>\n<link rel=\"canonical\" href=\"https:\/\/brilune.eu\/lv\/product\/tv-stativs-17\/\" \/>\n<meta property=\"og:locale\" content=\"lv_LV\" \/>\n<meta property=\"og:type\" content=\"article\" \/>\n<meta property=\"og:title\" content=\"TV stat\u012bvs\" \/>\n<meta property=\"og:description\" content=\"\u0160im pla\u0161ajam melna riekstkoka televizora stat\u012bvam ir m\u016bsdien\u012bgs stils, kas pie\u0161\u0137irs j\u016bsu telpai eleganci. \u0112rti atv\u0113rtie plaukti ir ide\u0101li piem\u0113roti multivides apr\u012bkojuma uzglab\u0101\u0161anai...\" \/>\n<meta property=\"og:url\" content=\"https:\/\/brilune.eu\/lv\/product\/tv-stativs-17\/\" \/>\n<meta property=\"og:site_name\" content=\"Brilune\" \/>\n<meta property=\"article:modified_time\" content=\"2025-02-19T11:30:57+00:00\" \/>\n<meta property=\"og:image\" content=\"https:\/\/brilune.eu\/wp-content\/uploads\/2025\/01\/14130350.png\" \/>\n\t<meta property=\"og:image:width\" content=\"800\" \/>\n\t<meta property=\"og:image:height\" content=\"800\" \/>\n\t<meta property=\"og:image:type\" content=\"image\/png\" \/>\n<meta name=\"twitter:card\" content=\"summary_large_image\" \/>\n<script type=\"application\/ld+json\" class=\"yoast-schema-graph\">{\"@context\":\"https:\/\/schema.org\",\"@graph\":[{\"@type\":\"WebPage\",\"@id\":\"https:\/\/brilune.eu\/lv\/product\/tv-stativs-17\/\",\"url\":\"https:\/\/brilune.eu\/lv\/product\/tv-stativs-17\/\",\"name\":\"TV stat\u012bvs\",\"isPartOf\":{\"@id\":\"https:\/\/brilune.eu\/lv\/#website\"},\"primaryImageOfPage\":{\"@id\":\"https:\/\/brilune.eu\/lv\/product\/tv-stativs-17\/#primaryimage\"},\"image\":{\"@id\":\"https:\/\/brilune.eu\/lv\/product\/tv-stativs-17\/#primaryimage\"},\"thumbnailUrl\":\"https:\/\/brilune.eu\/wp-content\/uploads\/2025\/01\/14130350.png\",\"datePublished\":\"2025-02-19T11:05:48+00:00\",\"dateModified\":\"2025-02-19T11:30:57+00:00\",\"description\":\"\u0160im pla\u0161ajam melna riekstkoka televizora stat\u012bvam ir m\u016bsdien\u012bgs stils, kas pie\u0161\u0137irs j\u016bsu telpai eleganci. \u0112rti atv\u0113rtie plaukti ir ide\u0101li piem\u0113roti multivides apr\u012bkojuma uzglab\u0101\u0161anai...\",\"breadcrumb\":{\"@id\":\"https:\/\/brilune.eu\/lv\/product\/tv-stativs-17\/#breadcrumb\"},\"inLanguage\":\"lv-LV\",\"potentialAction\":[{\"@type\":\"ReadAction\",\"target\":[\"https:\/\/brilune.eu\/lv\/product\/tv-stativs-17\/\"]}]},{\"@type\":\"ImageObject\",\"inLanguage\":\"lv-LV\",\"@id\":\"https:\/\/brilune.eu\/lv\/product\/tv-stativs-17\/#primaryimage\",\"url\":\"https:\/\/brilune.eu\/wp-content\/uploads\/2025\/01\/14130350.png\",\"contentUrl\":\"https:\/\/brilune.eu\/wp-content\/uploads\/2025\/01\/14130350.png\",\"width\":800,\"height\":800},{\"@type\":\"BreadcrumbList\",\"@id\":\"https:\/\/brilune.eu\/lv\/product\/tv-stativs-17\/#breadcrumb\",\"itemListElement\":[{\"@type\":\"ListItem\",\"position\":1,\"name\":\"S\u0101kums\",\"item\":\"https:\/\/brilune.eu\/lv\/brilune-mebeles\/\"},{\"@type\":\"ListItem\",\"position\":2,\"name\":\"Visi produkti\",\"item\":\"https:\/\/brilune.eu\/lv\/shop\/\"},{\"@type\":\"ListItem\",\"position\":3,\"name\":\"TV stat\u012bvs\"}]},{\"@type\":\"WebSite\",\"@id\":\"https:\/\/brilune.eu\/lv\/#website\",\"url\":\"https:\/\/brilune.eu\/lv\/\",\"name\":\"Brilune\",\"description\":\"M\u0113s pied\u0101v\u0101jam unik\u0101lus un nebiju\u0161us dizainus, kas apvieno eleganci, funkcionalit\u0101ti un rado\u0161umu.\",\"potentialAction\":[{\"@type\":\"SearchAction\",\"target\":{\"@type\":\"EntryPoint\",\"urlTemplate\":\"https:\/\/brilune.eu\/lv\/?s={search_term_string}\"},\"query-input\":{\"@type\":\"PropertyValueSpecification\",\"valueRequired\":true,\"valueName\":\"search_term_string\"}}],\"inLanguage\":\"lv-LV\"}]}<\/script>\n<!-- \/ Yoast SEO plugin. -->","yoast_head_json":{"title":"TV stat\u012bvs","description":"\u0160im pla\u0161ajam melna riekstkoka televizora stat\u012bvam ir m\u016bsdien\u012bgs stils, kas pie\u0161\u0137irs j\u016bsu telpai eleganci. \u0112rti atv\u0113rtie plaukti ir ide\u0101li piem\u0113roti multivides apr\u012bkojuma uzglab\u0101\u0161anai...","robots":{"index":"index","follow":"follow","max-snippet":"max-snippet:-1","max-image-preview":"max-image-preview:large","max-video-preview":"max-video-preview:-1"},"canonical":"https:\/\/brilune.eu\/lv\/product\/tv-stativs-17\/","og_locale":"lv_LV","og_type":"article","og_title":"TV stat\u012bvs","og_description":"\u0160im pla\u0161ajam melna riekstkoka televizora stat\u012bvam ir m\u016bsdien\u012bgs stils, kas pie\u0161\u0137irs j\u016bsu telpai eleganci. \u0112rti atv\u0113rtie plaukti ir ide\u0101li piem\u0113roti multivides apr\u012bkojuma uzglab\u0101\u0161anai...","og_url":"https:\/\/brilune.eu\/lv\/product\/tv-stativs-17\/","og_site_name":"Brilune","article_modified_time":"2025-02-19T11:30:57+00:00","og_image":[{"width":800,"height":800,"url":"https:\/\/brilune.eu\/wp-content\/uploads\/2025\/01\/14130350.png","type":"image\/png"}],"twitter_card":"summary_large_image","schema":{"@context":"https:\/\/schema.org","@graph":[{"@type":"WebPage","@id":"https:\/\/brilune.eu\/lv\/product\/tv-stativs-17\/","url":"https:\/\/brilune.eu\/lv\/product\/tv-stativs-17\/","name":"TV stat\u012bvs","isPartOf":{"@id":"https:\/\/brilune.eu\/lv\/#website"},"primaryImageOfPage":{"@id":"https:\/\/brilune.eu\/lv\/product\/tv-stativs-17\/#primaryimage"},"image":{"@id":"https:\/\/brilune.eu\/lv\/product\/tv-stativs-17\/#primaryimage"},"thumbnailUrl":"https:\/\/brilune.eu\/wp-content\/uploads\/2025\/01\/14130350.png","datePublished":"2025-02-19T11:05:48+00:00","dateModified":"2025-02-19T11:30:57+00:00","description":"\u0160im pla\u0161ajam melna riekstkoka televizora stat\u012bvam ir m\u016bsdien\u012bgs stils, kas pie\u0161\u0137irs j\u016bsu telpai eleganci. \u0112rti atv\u0113rtie plaukti ir ide\u0101li piem\u0113roti multivides apr\u012bkojuma uzglab\u0101\u0161anai...","breadcrumb":{"@id":"https:\/\/brilune.eu\/lv\/product\/tv-stativs-17\/#breadcrumb"},"inLanguage":"lv-LV","potentialAction":[{"@type":"ReadAction","target":["https:\/\/brilune.eu\/lv\/product\/tv-stativs-17\/"]}]},{"@type":"ImageObject","inLanguage":"lv-LV","@id":"https:\/\/brilune.eu\/lv\/product\/tv-stativs-17\/#primaryimage","url":"https:\/\/brilune.eu\/wp-content\/uploads\/2025\/01\/14130350.png","contentUrl":"https:\/\/brilune.eu\/wp-content\/uploads\/2025\/01\/14130350.png","width":800,"height":800},{"@type":"BreadcrumbList","@id":"https:\/\/brilune.eu\/lv\/product\/tv-stativs-17\/#breadcrumb","itemListElement":[{"@type":"ListItem","position":1,"name":"S\u0101kums","item":"https:\/\/brilune.eu\/lv\/brilune-mebeles\/"},{"@type":"ListItem","position":2,"name":"Visi produkti","item":"https:\/\/brilune.eu\/lv\/shop\/"},{"@type":"ListItem","position":3,"name":"TV stat\u012bvs"}]},{"@type":"WebSite","@id":"https:\/\/brilune.eu\/lv\/#website","url":"https:\/\/brilune.eu\/lv\/","name":"Brilune","description":"M\u0113s pied\u0101v\u0101jam unik\u0101lus un nebiju\u0161us dizainus, kas apvieno eleganci, funkcionalit\u0101ti un rado\u0161umu.","potentialAction":[{"@type":"SearchAction","target":{"@type":"EntryPoint","urlTemplate":"https:\/\/brilune.eu\/lv\/?s={search_term_string}"},"query-input":{"@type":"PropertyValueSpecification","valueRequired":true,"valueName":"search_term_string"}}],"inLanguage":"lv-LV"}]}},"jetpack_sharing_enabled":true,"_links":{"self":[{"href":"https:\/\/brilune.eu\/lv\/wp-json\/wp\/v2\/product\/38899","targetHints":{"allow":["GET"]}}],"collection":[{"href":"https:\/\/brilune.eu\/lv\/wp-json\/wp\/v2\/product"}],"about":[{"href":"https:\/\/brilune.eu\/lv\/wp-json\/wp\/v2\/types\/product"}],"replies":[{"embeddable":true,"href":"https:\/\/brilune.eu\/lv\/wp-json\/wp\/v2\/comments?post=38899"}],"version-history":[{"count":1,"href":"https:\/\/brilune.eu\/lv\/wp-json\/wp\/v2\/product\/38899\/revisions"}],"predecessor-version":[{"id":38951,"href":"https:\/\/brilune.eu\/lv\/wp-json\/wp\/v2\/product\/38899\/revisions\/38951"}],"wp:featuredmedia":[{"embeddable":true,"href":"https:\/\/brilune.eu\/lv\/wp-json\/wp\/v2\/media\/10961"}],"wp:attachment":[{"href":"https:\/\/brilune.eu\/lv\/wp-json\/wp\/v2\/media?parent=38899"}],"wp:term":[{"taxonomy":"product_brand","embeddable":true,"href":"https:\/\/brilune.eu\/lv\/wp-json\/wp\/v2\/product_brand?post=38899"},{"taxonomy":"product_cat","embeddable":true,"href":"https:\/\/brilune.eu\/lv\/wp-json\/wp\/v2\/product_cat?post=38899"},{"taxonomy":"product_tag","embeddable":true,"href":"https:\/\/brilune.eu\/lv\/wp-json\/wp\/v2\/product_tag?post=38899"}],"curies":[{"name":"wp","href":"https:\/\/api.w.org\/{rel}","templated":true}]}}