{"id":38896,"date":"2025-02-19T13:05:48","date_gmt":"2025-02-19T11:05:48","guid":{"rendered":"https:\/\/brilune.eu\/?post_type=product&#038;p=38896"},"modified":"2025-02-19T13:30:57","modified_gmt":"2025-02-19T11:30:57","slug":"tv-stativs-16","status":"publish","type":"product","link":"https:\/\/brilune.eu\/lv\/product\/tv-stativs-16\/","title":{"rendered":"TV stat\u012bvs"},"content":{"rendered":"<p>\u0160is melna riekstkoka TV stat\u012bvs b\u016bs stil\u012bgs papildin\u0101jums j\u016bsu interjeram. Ar savu kompakto izm\u0113ru un eleganto gadsimta vidus dizainu tas lieliski ieder\u0113sies maz\u0101s viesistab\u0101s. Atv\u0113rtie plaukti nodro\u0161ina pietiekami daudz vietas multivides ier\u012bc\u0113m, savuk\u0101rt divas viegli aizveramas atvilktnes nodro\u0161ina dro\u0161u glab\u0101\u0161anu.<\/p>\n<p>Izm\u0113rs: 120\u00d730\u00d740 cm. Materi\u0101ls: koks.<\/p>\n","protected":false},"excerpt":{"rendered":"<p>\u0160is melna riekstkoka TV stat\u012bvs b\u016bs stil\u012bgs papildin\u0101jums j\u016bsu interjeram. Ar savu kompakto izm\u0113ru un eleganto gadsimta vidus dizainu tas lieliski ieder\u0113sies maz\u0101&#8230;<\/p>\n","protected":false},"featured_media":10936,"comment_status":"open","ping_status":"closed","template":"","meta":[],"product_brand":[],"product_cat":[2963,5640],"product_tag":[],"class_list":{"0":"post-38896","1":"product","2":"type-product","3":"status-publish","4":"has-post-thumbnail","6":"product_cat-tv-stativi-un-izklaides-centri-kratuve-2","7":"product_cat-tv-stativi-un-izklaides-centri-kratuve-2-5","9":"first","10":"instock","11":"shipping-taxable","12":"purchasable","13":"product-type-simple"},"yoast_head":"<!-- This site is optimized with the Yoast SEO plugin v26.0 - https:\/\/yoast.com\/wordpress\/plugins\/seo\/ -->\n<title>TV stat\u012bvs<\/title>\n<meta name=\"description\" content=\"\u0160is melna riekstkoka TV stat\u012bvs b\u016bs stil\u012bgs papildin\u0101jums j\u016bsu interjeram. Ar savu kompakto izm\u0113ru un eleganto gadsimta vidus dizainu tas lieliski ieder\u0113sies maz\u0101...\" \/>\n<meta name=\"robots\" content=\"index, follow, max-snippet:-1, max-image-preview:large, max-video-preview:-1\" \/>\n<link rel=\"canonical\" href=\"https:\/\/brilune.eu\/lv\/product\/tv-stativs-16\/\" \/>\n<meta property=\"og:locale\" content=\"lv_LV\" \/>\n<meta property=\"og:type\" content=\"article\" \/>\n<meta property=\"og:title\" content=\"TV stat\u012bvs\" \/>\n<meta property=\"og:description\" content=\"\u0160is melna riekstkoka TV stat\u012bvs b\u016bs stil\u012bgs papildin\u0101jums j\u016bsu interjeram. Ar savu kompakto izm\u0113ru un eleganto gadsimta vidus dizainu tas lieliski ieder\u0113sies maz\u0101...\" \/>\n<meta property=\"og:url\" content=\"https:\/\/brilune.eu\/lv\/product\/tv-stativs-16\/\" \/>\n<meta property=\"og:site_name\" content=\"Brilune\" \/>\n<meta property=\"article:modified_time\" content=\"2025-02-19T11:30:57+00:00\" \/>\n<meta property=\"og:image\" content=\"https:\/\/brilune.eu\/wp-content\/uploads\/2025\/01\/14130348.png\" \/>\n\t<meta property=\"og:image:width\" content=\"800\" \/>\n\t<meta property=\"og:image:height\" content=\"800\" \/>\n\t<meta property=\"og:image:type\" content=\"image\/png\" \/>\n<meta name=\"twitter:card\" content=\"summary_large_image\" \/>\n<script type=\"application\/ld+json\" class=\"yoast-schema-graph\">{\"@context\":\"https:\/\/schema.org\",\"@graph\":[{\"@type\":\"WebPage\",\"@id\":\"https:\/\/brilune.eu\/lv\/product\/tv-stativs-16\/\",\"url\":\"https:\/\/brilune.eu\/lv\/product\/tv-stativs-16\/\",\"name\":\"TV stat\u012bvs\",\"isPartOf\":{\"@id\":\"https:\/\/brilune.eu\/lv\/#website\"},\"primaryImageOfPage\":{\"@id\":\"https:\/\/brilune.eu\/lv\/product\/tv-stativs-16\/#primaryimage\"},\"image\":{\"@id\":\"https:\/\/brilune.eu\/lv\/product\/tv-stativs-16\/#primaryimage\"},\"thumbnailUrl\":\"https:\/\/brilune.eu\/wp-content\/uploads\/2025\/01\/14130348.png\",\"datePublished\":\"2025-02-19T11:05:48+00:00\",\"dateModified\":\"2025-02-19T11:30:57+00:00\",\"description\":\"\u0160is melna riekstkoka TV stat\u012bvs b\u016bs stil\u012bgs papildin\u0101jums j\u016bsu interjeram. Ar savu kompakto izm\u0113ru un eleganto gadsimta vidus dizainu tas lieliski ieder\u0113sies maz\u0101...\",\"breadcrumb\":{\"@id\":\"https:\/\/brilune.eu\/lv\/product\/tv-stativs-16\/#breadcrumb\"},\"inLanguage\":\"lv-LV\",\"potentialAction\":[{\"@type\":\"ReadAction\",\"target\":[\"https:\/\/brilune.eu\/lv\/product\/tv-stativs-16\/\"]}]},{\"@type\":\"ImageObject\",\"inLanguage\":\"lv-LV\",\"@id\":\"https:\/\/brilune.eu\/lv\/product\/tv-stativs-16\/#primaryimage\",\"url\":\"https:\/\/brilune.eu\/wp-content\/uploads\/2025\/01\/14130348.png\",\"contentUrl\":\"https:\/\/brilune.eu\/wp-content\/uploads\/2025\/01\/14130348.png\",\"width\":800,\"height\":800},{\"@type\":\"BreadcrumbList\",\"@id\":\"https:\/\/brilune.eu\/lv\/product\/tv-stativs-16\/#breadcrumb\",\"itemListElement\":[{\"@type\":\"ListItem\",\"position\":1,\"name\":\"S\u0101kums\",\"item\":\"https:\/\/brilune.eu\/lv\/brilune-mebeles\/\"},{\"@type\":\"ListItem\",\"position\":2,\"name\":\"Visi produkti\",\"item\":\"https:\/\/brilune.eu\/lv\/shop\/\"},{\"@type\":\"ListItem\",\"position\":3,\"name\":\"TV stat\u012bvs\"}]},{\"@type\":\"WebSite\",\"@id\":\"https:\/\/brilune.eu\/lv\/#website\",\"url\":\"https:\/\/brilune.eu\/lv\/\",\"name\":\"Brilune\",\"description\":\"M\u0113s pied\u0101v\u0101jam unik\u0101lus un nebiju\u0161us dizainus, kas apvieno eleganci, funkcionalit\u0101ti un rado\u0161umu.\",\"potentialAction\":[{\"@type\":\"SearchAction\",\"target\":{\"@type\":\"EntryPoint\",\"urlTemplate\":\"https:\/\/brilune.eu\/lv\/?s={search_term_string}\"},\"query-input\":{\"@type\":\"PropertyValueSpecification\",\"valueRequired\":true,\"valueName\":\"search_term_string\"}}],\"inLanguage\":\"lv-LV\"}]}<\/script>\n<!-- \/ Yoast SEO plugin. -->","yoast_head_json":{"title":"TV stat\u012bvs","description":"\u0160is melna riekstkoka TV stat\u012bvs b\u016bs stil\u012bgs papildin\u0101jums j\u016bsu interjeram. Ar savu kompakto izm\u0113ru un eleganto gadsimta vidus dizainu tas lieliski ieder\u0113sies maz\u0101...","robots":{"index":"index","follow":"follow","max-snippet":"max-snippet:-1","max-image-preview":"max-image-preview:large","max-video-preview":"max-video-preview:-1"},"canonical":"https:\/\/brilune.eu\/lv\/product\/tv-stativs-16\/","og_locale":"lv_LV","og_type":"article","og_title":"TV stat\u012bvs","og_description":"\u0160is melna riekstkoka TV stat\u012bvs b\u016bs stil\u012bgs papildin\u0101jums j\u016bsu interjeram. Ar savu kompakto izm\u0113ru un eleganto gadsimta vidus dizainu tas lieliski ieder\u0113sies maz\u0101...","og_url":"https:\/\/brilune.eu\/lv\/product\/tv-stativs-16\/","og_site_name":"Brilune","article_modified_time":"2025-02-19T11:30:57+00:00","og_image":[{"width":800,"height":800,"url":"https:\/\/brilune.eu\/wp-content\/uploads\/2025\/01\/14130348.png","type":"image\/png"}],"twitter_card":"summary_large_image","schema":{"@context":"https:\/\/schema.org","@graph":[{"@type":"WebPage","@id":"https:\/\/brilune.eu\/lv\/product\/tv-stativs-16\/","url":"https:\/\/brilune.eu\/lv\/product\/tv-stativs-16\/","name":"TV stat\u012bvs","isPartOf":{"@id":"https:\/\/brilune.eu\/lv\/#website"},"primaryImageOfPage":{"@id":"https:\/\/brilune.eu\/lv\/product\/tv-stativs-16\/#primaryimage"},"image":{"@id":"https:\/\/brilune.eu\/lv\/product\/tv-stativs-16\/#primaryimage"},"thumbnailUrl":"https:\/\/brilune.eu\/wp-content\/uploads\/2025\/01\/14130348.png","datePublished":"2025-02-19T11:05:48+00:00","dateModified":"2025-02-19T11:30:57+00:00","description":"\u0160is melna riekstkoka TV stat\u012bvs b\u016bs stil\u012bgs papildin\u0101jums j\u016bsu interjeram. Ar savu kompakto izm\u0113ru un eleganto gadsimta vidus dizainu tas lieliski ieder\u0113sies maz\u0101...","breadcrumb":{"@id":"https:\/\/brilune.eu\/lv\/product\/tv-stativs-16\/#breadcrumb"},"inLanguage":"lv-LV","potentialAction":[{"@type":"ReadAction","target":["https:\/\/brilune.eu\/lv\/product\/tv-stativs-16\/"]}]},{"@type":"ImageObject","inLanguage":"lv-LV","@id":"https:\/\/brilune.eu\/lv\/product\/tv-stativs-16\/#primaryimage","url":"https:\/\/brilune.eu\/wp-content\/uploads\/2025\/01\/14130348.png","contentUrl":"https:\/\/brilune.eu\/wp-content\/uploads\/2025\/01\/14130348.png","width":800,"height":800},{"@type":"BreadcrumbList","@id":"https:\/\/brilune.eu\/lv\/product\/tv-stativs-16\/#breadcrumb","itemListElement":[{"@type":"ListItem","position":1,"name":"S\u0101kums","item":"https:\/\/brilune.eu\/lv\/brilune-mebeles\/"},{"@type":"ListItem","position":2,"name":"Visi produkti","item":"https:\/\/brilune.eu\/lv\/shop\/"},{"@type":"ListItem","position":3,"name":"TV stat\u012bvs"}]},{"@type":"WebSite","@id":"https:\/\/brilune.eu\/lv\/#website","url":"https:\/\/brilune.eu\/lv\/","name":"Brilune","description":"M\u0113s pied\u0101v\u0101jam unik\u0101lus un nebiju\u0161us dizainus, kas apvieno eleganci, funkcionalit\u0101ti un rado\u0161umu.","potentialAction":[{"@type":"SearchAction","target":{"@type":"EntryPoint","urlTemplate":"https:\/\/brilune.eu\/lv\/?s={search_term_string}"},"query-input":{"@type":"PropertyValueSpecification","valueRequired":true,"valueName":"search_term_string"}}],"inLanguage":"lv-LV"}]}},"jetpack_sharing_enabled":true,"_links":{"self":[{"href":"https:\/\/brilune.eu\/lv\/wp-json\/wp\/v2\/product\/38896","targetHints":{"allow":["GET"]}}],"collection":[{"href":"https:\/\/brilune.eu\/lv\/wp-json\/wp\/v2\/product"}],"about":[{"href":"https:\/\/brilune.eu\/lv\/wp-json\/wp\/v2\/types\/product"}],"replies":[{"embeddable":true,"href":"https:\/\/brilune.eu\/lv\/wp-json\/wp\/v2\/comments?post=38896"}],"version-history":[{"count":1,"href":"https:\/\/brilune.eu\/lv\/wp-json\/wp\/v2\/product\/38896\/revisions"}],"predecessor-version":[{"id":38948,"href":"https:\/\/brilune.eu\/lv\/wp-json\/wp\/v2\/product\/38896\/revisions\/38948"}],"wp:featuredmedia":[{"embeddable":true,"href":"https:\/\/brilune.eu\/lv\/wp-json\/wp\/v2\/media\/10936"}],"wp:attachment":[{"href":"https:\/\/brilune.eu\/lv\/wp-json\/wp\/v2\/media?parent=38896"}],"wp:term":[{"taxonomy":"product_brand","embeddable":true,"href":"https:\/\/brilune.eu\/lv\/wp-json\/wp\/v2\/product_brand?post=38896"},{"taxonomy":"product_cat","embeddable":true,"href":"https:\/\/brilune.eu\/lv\/wp-json\/wp\/v2\/product_cat?post=38896"},{"taxonomy":"product_tag","embeddable":true,"href":"https:\/\/brilune.eu\/lv\/wp-json\/wp\/v2\/product_tag?post=38896"}],"curies":[{"name":"wp","href":"https:\/\/api.w.org\/{rel}","templated":true}]}}