{"id":38893,"date":"2025-02-19T13:05:47","date_gmt":"2025-02-19T11:05:47","guid":{"rendered":"https:\/\/brilune.eu\/?post_type=product&#038;p=38893"},"modified":"2025-02-19T13:30:55","modified_gmt":"2025-02-19T11:30:55","slug":"minimalistisks-tv-stativs-4","status":"publish","type":"product","link":"https:\/\/brilune.eu\/lv\/product\/minimalistisks-tv-stativs-4\/","title":{"rendered":"Minim\u0101listisks TV stat\u012bvs"},"content":{"rendered":"<p>\u0160is vienk\u0101r\u0161ais, dab\u012bg\u0101 stila TV stat\u012bvs izcels j\u016bsu interjera unikalit\u0101ti, pievienojot dabisku siltumu un m\u0101j\u012bgumu. \u010cetras \u0113rtas, viegli aizveramas atvilktnes nodro\u0161ina dro\u0161u, funkcion\u0101lu j\u016bsu mantu glab\u0101\u0161anu, lai t\u0101s izskat\u012btos gl\u012bts un k\u0101rt\u012bgs. Zemais profils un dabisk\u0101 kr\u0101su palete padara skapi par ide\u0101lu papildin\u0101jumu modern\u0101m telp\u0101m, kur svar\u012bgs ir stils un funkcionalit\u0101te.<\/p>\n<p>Materi\u0101ls: koks. Izm\u0113rs: 240\u00d740\u00d730 cm.<\/p>\n","protected":false},"excerpt":{"rendered":"<p>\u0160is vienk\u0101r\u0161ais, dab\u012bg\u0101 stila TV stat\u012bvs izcels j\u016bsu interjera unikalit\u0101ti, pievienojot dabisku siltumu un m\u0101j\u012bgumu. \u010cetras \u0113rtas, viegli aizveramas atvilktnes nodro\u0161ina&#8230;<\/p>\n","protected":false},"featured_media":10905,"comment_status":"open","ping_status":"closed","template":"","meta":[],"product_brand":[],"product_cat":[2963,5640],"product_tag":[],"class_list":{"0":"post-38893","1":"product","2":"type-product","3":"status-publish","4":"has-post-thumbnail","6":"product_cat-tv-stativi-un-izklaides-centri-kratuve-2","7":"product_cat-tv-stativi-un-izklaides-centri-kratuve-2-5","9":"first","10":"instock","11":"shipping-taxable","12":"purchasable","13":"product-type-simple"},"yoast_head":"<!-- This site is optimized with the Yoast SEO plugin v26.0 - https:\/\/yoast.com\/wordpress\/plugins\/seo\/ -->\n<title>Minim\u0101listisks TV stat\u012bvs<\/title>\n<meta name=\"description\" content=\"\u0160is vienk\u0101r\u0161ais, dab\u012bg\u0101 stila TV stat\u012bvs izcels j\u016bsu interjera unikalit\u0101ti, pievienojot dabisku siltumu un m\u0101j\u012bgumu. \u010cetras \u0113rtas, viegli aizveramas atvilktnes nodro\u0161ina...\" \/>\n<meta name=\"robots\" content=\"index, follow, max-snippet:-1, max-image-preview:large, max-video-preview:-1\" \/>\n<link rel=\"canonical\" href=\"https:\/\/brilune.eu\/lv\/product\/minimalistisks-tv-stativs-4\/\" \/>\n<meta property=\"og:locale\" content=\"lv_LV\" \/>\n<meta property=\"og:type\" content=\"article\" \/>\n<meta property=\"og:title\" content=\"Minim\u0101listisks TV stat\u012bvs\" \/>\n<meta property=\"og:description\" content=\"\u0160is vienk\u0101r\u0161ais, dab\u012bg\u0101 stila TV stat\u012bvs izcels j\u016bsu interjera unikalit\u0101ti, pievienojot dabisku siltumu un m\u0101j\u012bgumu. \u010cetras \u0113rtas, viegli aizveramas atvilktnes nodro\u0161ina...\" \/>\n<meta property=\"og:url\" content=\"https:\/\/brilune.eu\/lv\/product\/minimalistisks-tv-stativs-4\/\" \/>\n<meta property=\"og:site_name\" content=\"Brilune\" \/>\n<meta property=\"article:modified_time\" content=\"2025-02-19T11:30:55+00:00\" \/>\n<meta property=\"og:image\" content=\"https:\/\/brilune.eu\/wp-content\/uploads\/2025\/01\/14396703.png\" \/>\n\t<meta property=\"og:image:width\" content=\"800\" \/>\n\t<meta property=\"og:image:height\" content=\"800\" \/>\n\t<meta property=\"og:image:type\" content=\"image\/png\" \/>\n<meta name=\"twitter:card\" content=\"summary_large_image\" \/>\n<script type=\"application\/ld+json\" class=\"yoast-schema-graph\">{\"@context\":\"https:\/\/schema.org\",\"@graph\":[{\"@type\":\"WebPage\",\"@id\":\"https:\/\/brilune.eu\/lv\/product\/minimalistisks-tv-stativs-4\/\",\"url\":\"https:\/\/brilune.eu\/lv\/product\/minimalistisks-tv-stativs-4\/\",\"name\":\"Minim\u0101listisks TV stat\u012bvs\",\"isPartOf\":{\"@id\":\"https:\/\/brilune.eu\/lv\/#website\"},\"primaryImageOfPage\":{\"@id\":\"https:\/\/brilune.eu\/lv\/product\/minimalistisks-tv-stativs-4\/#primaryimage\"},\"image\":{\"@id\":\"https:\/\/brilune.eu\/lv\/product\/minimalistisks-tv-stativs-4\/#primaryimage\"},\"thumbnailUrl\":\"https:\/\/brilune.eu\/wp-content\/uploads\/2025\/01\/14396703.png\",\"datePublished\":\"2025-02-19T11:05:47+00:00\",\"dateModified\":\"2025-02-19T11:30:55+00:00\",\"description\":\"\u0160is vienk\u0101r\u0161ais, dab\u012bg\u0101 stila TV stat\u012bvs izcels j\u016bsu interjera unikalit\u0101ti, pievienojot dabisku siltumu un m\u0101j\u012bgumu. \u010cetras \u0113rtas, viegli aizveramas atvilktnes nodro\u0161ina...\",\"breadcrumb\":{\"@id\":\"https:\/\/brilune.eu\/lv\/product\/minimalistisks-tv-stativs-4\/#breadcrumb\"},\"inLanguage\":\"lv-LV\",\"potentialAction\":[{\"@type\":\"ReadAction\",\"target\":[\"https:\/\/brilune.eu\/lv\/product\/minimalistisks-tv-stativs-4\/\"]}]},{\"@type\":\"ImageObject\",\"inLanguage\":\"lv-LV\",\"@id\":\"https:\/\/brilune.eu\/lv\/product\/minimalistisks-tv-stativs-4\/#primaryimage\",\"url\":\"https:\/\/brilune.eu\/wp-content\/uploads\/2025\/01\/14396703.png\",\"contentUrl\":\"https:\/\/brilune.eu\/wp-content\/uploads\/2025\/01\/14396703.png\",\"width\":800,\"height\":800},{\"@type\":\"BreadcrumbList\",\"@id\":\"https:\/\/brilune.eu\/lv\/product\/minimalistisks-tv-stativs-4\/#breadcrumb\",\"itemListElement\":[{\"@type\":\"ListItem\",\"position\":1,\"name\":\"S\u0101kums\",\"item\":\"https:\/\/brilune.eu\/lv\/brilune-mebeles\/\"},{\"@type\":\"ListItem\",\"position\":2,\"name\":\"Visi produkti\",\"item\":\"https:\/\/brilune.eu\/lv\/shop\/\"},{\"@type\":\"ListItem\",\"position\":3,\"name\":\"Minim\u0101listisks TV stat\u012bvs\"}]},{\"@type\":\"WebSite\",\"@id\":\"https:\/\/brilune.eu\/lv\/#website\",\"url\":\"https:\/\/brilune.eu\/lv\/\",\"name\":\"Brilune\",\"description\":\"M\u0113s pied\u0101v\u0101jam unik\u0101lus un nebiju\u0161us dizainus, kas apvieno eleganci, funkcionalit\u0101ti un rado\u0161umu.\",\"potentialAction\":[{\"@type\":\"SearchAction\",\"target\":{\"@type\":\"EntryPoint\",\"urlTemplate\":\"https:\/\/brilune.eu\/lv\/?s={search_term_string}\"},\"query-input\":{\"@type\":\"PropertyValueSpecification\",\"valueRequired\":true,\"valueName\":\"search_term_string\"}}],\"inLanguage\":\"lv-LV\"}]}<\/script>\n<!-- \/ Yoast SEO plugin. -->","yoast_head_json":{"title":"Minim\u0101listisks TV stat\u012bvs","description":"\u0160is vienk\u0101r\u0161ais, dab\u012bg\u0101 stila TV stat\u012bvs izcels j\u016bsu interjera unikalit\u0101ti, pievienojot dabisku siltumu un m\u0101j\u012bgumu. \u010cetras \u0113rtas, viegli aizveramas atvilktnes nodro\u0161ina...","robots":{"index":"index","follow":"follow","max-snippet":"max-snippet:-1","max-image-preview":"max-image-preview:large","max-video-preview":"max-video-preview:-1"},"canonical":"https:\/\/brilune.eu\/lv\/product\/minimalistisks-tv-stativs-4\/","og_locale":"lv_LV","og_type":"article","og_title":"Minim\u0101listisks TV stat\u012bvs","og_description":"\u0160is vienk\u0101r\u0161ais, dab\u012bg\u0101 stila TV stat\u012bvs izcels j\u016bsu interjera unikalit\u0101ti, pievienojot dabisku siltumu un m\u0101j\u012bgumu. \u010cetras \u0113rtas, viegli aizveramas atvilktnes nodro\u0161ina...","og_url":"https:\/\/brilune.eu\/lv\/product\/minimalistisks-tv-stativs-4\/","og_site_name":"Brilune","article_modified_time":"2025-02-19T11:30:55+00:00","og_image":[{"width":800,"height":800,"url":"https:\/\/brilune.eu\/wp-content\/uploads\/2025\/01\/14396703.png","type":"image\/png"}],"twitter_card":"summary_large_image","schema":{"@context":"https:\/\/schema.org","@graph":[{"@type":"WebPage","@id":"https:\/\/brilune.eu\/lv\/product\/minimalistisks-tv-stativs-4\/","url":"https:\/\/brilune.eu\/lv\/product\/minimalistisks-tv-stativs-4\/","name":"Minim\u0101listisks TV stat\u012bvs","isPartOf":{"@id":"https:\/\/brilune.eu\/lv\/#website"},"primaryImageOfPage":{"@id":"https:\/\/brilune.eu\/lv\/product\/minimalistisks-tv-stativs-4\/#primaryimage"},"image":{"@id":"https:\/\/brilune.eu\/lv\/product\/minimalistisks-tv-stativs-4\/#primaryimage"},"thumbnailUrl":"https:\/\/brilune.eu\/wp-content\/uploads\/2025\/01\/14396703.png","datePublished":"2025-02-19T11:05:47+00:00","dateModified":"2025-02-19T11:30:55+00:00","description":"\u0160is vienk\u0101r\u0161ais, dab\u012bg\u0101 stila TV stat\u012bvs izcels j\u016bsu interjera unikalit\u0101ti, pievienojot dabisku siltumu un m\u0101j\u012bgumu. \u010cetras \u0113rtas, viegli aizveramas atvilktnes nodro\u0161ina...","breadcrumb":{"@id":"https:\/\/brilune.eu\/lv\/product\/minimalistisks-tv-stativs-4\/#breadcrumb"},"inLanguage":"lv-LV","potentialAction":[{"@type":"ReadAction","target":["https:\/\/brilune.eu\/lv\/product\/minimalistisks-tv-stativs-4\/"]}]},{"@type":"ImageObject","inLanguage":"lv-LV","@id":"https:\/\/brilune.eu\/lv\/product\/minimalistisks-tv-stativs-4\/#primaryimage","url":"https:\/\/brilune.eu\/wp-content\/uploads\/2025\/01\/14396703.png","contentUrl":"https:\/\/brilune.eu\/wp-content\/uploads\/2025\/01\/14396703.png","width":800,"height":800},{"@type":"BreadcrumbList","@id":"https:\/\/brilune.eu\/lv\/product\/minimalistisks-tv-stativs-4\/#breadcrumb","itemListElement":[{"@type":"ListItem","position":1,"name":"S\u0101kums","item":"https:\/\/brilune.eu\/lv\/brilune-mebeles\/"},{"@type":"ListItem","position":2,"name":"Visi produkti","item":"https:\/\/brilune.eu\/lv\/shop\/"},{"@type":"ListItem","position":3,"name":"Minim\u0101listisks TV stat\u012bvs"}]},{"@type":"WebSite","@id":"https:\/\/brilune.eu\/lv\/#website","url":"https:\/\/brilune.eu\/lv\/","name":"Brilune","description":"M\u0113s pied\u0101v\u0101jam unik\u0101lus un nebiju\u0161us dizainus, kas apvieno eleganci, funkcionalit\u0101ti un rado\u0161umu.","potentialAction":[{"@type":"SearchAction","target":{"@type":"EntryPoint","urlTemplate":"https:\/\/brilune.eu\/lv\/?s={search_term_string}"},"query-input":{"@type":"PropertyValueSpecification","valueRequired":true,"valueName":"search_term_string"}}],"inLanguage":"lv-LV"}]}},"jetpack_sharing_enabled":true,"_links":{"self":[{"href":"https:\/\/brilune.eu\/lv\/wp-json\/wp\/v2\/product\/38893","targetHints":{"allow":["GET"]}}],"collection":[{"href":"https:\/\/brilune.eu\/lv\/wp-json\/wp\/v2\/product"}],"about":[{"href":"https:\/\/brilune.eu\/lv\/wp-json\/wp\/v2\/types\/product"}],"replies":[{"embeddable":true,"href":"https:\/\/brilune.eu\/lv\/wp-json\/wp\/v2\/comments?post=38893"}],"version-history":[{"count":1,"href":"https:\/\/brilune.eu\/lv\/wp-json\/wp\/v2\/product\/38893\/revisions"}],"predecessor-version":[{"id":38934,"href":"https:\/\/brilune.eu\/lv\/wp-json\/wp\/v2\/product\/38893\/revisions\/38934"}],"wp:featuredmedia":[{"embeddable":true,"href":"https:\/\/brilune.eu\/lv\/wp-json\/wp\/v2\/media\/10905"}],"wp:attachment":[{"href":"https:\/\/brilune.eu\/lv\/wp-json\/wp\/v2\/media?parent=38893"}],"wp:term":[{"taxonomy":"product_brand","embeddable":true,"href":"https:\/\/brilune.eu\/lv\/wp-json\/wp\/v2\/product_brand?post=38893"},{"taxonomy":"product_cat","embeddable":true,"href":"https:\/\/brilune.eu\/lv\/wp-json\/wp\/v2\/product_cat?post=38893"},{"taxonomy":"product_tag","embeddable":true,"href":"https:\/\/brilune.eu\/lv\/wp-json\/wp\/v2\/product_tag?post=38893"}],"curies":[{"name":"wp","href":"https:\/\/api.w.org\/{rel}","templated":true}]}}