{"id":38879,"date":"2025-02-19T13:05:25","date_gmt":"2025-02-19T11:05:25","guid":{"rendered":"https:\/\/brilune.eu\/?post_type=product&#038;p=38879"},"modified":"2025-02-19T13:30:54","modified_gmt":"2025-02-19T11:30:54","slug":"minimalistisks-tv-stativs-3","status":"publish","type":"product","link":"https:\/\/brilune.eu\/lv\/product\/minimalistisks-tv-stativs-3\/","title":{"rendered":"Minim\u0101listisks TV stat\u012bvs"},"content":{"rendered":"<p>\u0160is stil\u012bgais televizora stat\u012bvs apvieno dabiskos to\u0146us un m\u016bsdien\u012bgu minim\u0101lismu, lai rad\u012btu harmonisku un mier\u012bgu telpu interjer\u0101. \u010cetras ietilp\u012bgas, viegli aizveramas atvilktnes nodro\u0161ina pietiekami daudz vietas apr\u012bkojuma un piederumu uzglab\u0101\u0161anai, pal\u012bdzot lietas uztur\u0113t sak\u0101rtotas un t\u012bras. Elegantais zemais dizains \u013cauj skapim neman\u0101mi iek\u013cauties jebkur\u0101 telp\u0101, pievienojot dabisku \u0161armu un komfortu.<\/p>\n<p>Materi\u0101ls: koks. Izm\u0113rs: 220\u00d740\u00d730 cm.<\/p>\n","protected":false},"excerpt":{"rendered":"<p>\u0160is stil\u012bgais televizora stat\u012bvs apvieno dabiskos to\u0146us un m\u016bsdien\u012bgu minim\u0101lismu, lai rad\u012btu harmonisku un mier\u012bgu telpu interjer\u0101. \u010cetras ietilp\u012bgas viegli aizveramas atvilktnes p&#8230;<\/p>\n","protected":false},"featured_media":10905,"comment_status":"open","ping_status":"closed","template":"","meta":[],"product_brand":[],"product_cat":[2963,5640],"product_tag":[],"class_list":{"0":"post-38879","1":"product","2":"type-product","3":"status-publish","4":"has-post-thumbnail","6":"product_cat-tv-stativi-un-izklaides-centri-kratuve-2","7":"product_cat-tv-stativi-un-izklaides-centri-kratuve-2-5","9":"first","10":"instock","11":"shipping-taxable","12":"purchasable","13":"product-type-simple"},"yoast_head":"<!-- This site is optimized with the Yoast SEO plugin v26.0 - https:\/\/yoast.com\/wordpress\/plugins\/seo\/ -->\n<title>Minim\u0101listisks TV stat\u012bvs<\/title>\n<meta name=\"description\" content=\"\u0160is stil\u012bgais televizora stat\u012bvs apvieno dabiskos to\u0146us un m\u016bsdien\u012bgu minim\u0101lismu, lai rad\u012btu harmonisku un mier\u012bgu telpu interjer\u0101. \u010cetras ietilp\u012bgas viegli aizveramas atvilktnes p...\" \/>\n<meta name=\"robots\" content=\"index, follow, max-snippet:-1, max-image-preview:large, max-video-preview:-1\" \/>\n<link rel=\"canonical\" href=\"https:\/\/brilune.eu\/lv\/product\/minimalistisks-tv-stativs-3\/\" \/>\n<meta property=\"og:locale\" content=\"lv_LV\" \/>\n<meta property=\"og:type\" content=\"article\" \/>\n<meta property=\"og:title\" content=\"Minim\u0101listisks TV stat\u012bvs\" \/>\n<meta property=\"og:description\" content=\"\u0160is stil\u012bgais televizora stat\u012bvs apvieno dabiskos to\u0146us un m\u016bsdien\u012bgu minim\u0101lismu, lai rad\u012btu harmonisku un mier\u012bgu telpu interjer\u0101. \u010cetras ietilp\u012bgas viegli aizveramas atvilktnes p...\" \/>\n<meta property=\"og:url\" content=\"https:\/\/brilune.eu\/lv\/product\/minimalistisks-tv-stativs-3\/\" \/>\n<meta property=\"og:site_name\" content=\"Brilune\" \/>\n<meta property=\"article:modified_time\" content=\"2025-02-19T11:30:54+00:00\" \/>\n<meta property=\"og:image\" content=\"https:\/\/brilune.eu\/wp-content\/uploads\/2025\/01\/14396703.png\" \/>\n\t<meta property=\"og:image:width\" content=\"800\" \/>\n\t<meta property=\"og:image:height\" content=\"800\" \/>\n\t<meta property=\"og:image:type\" content=\"image\/png\" \/>\n<meta name=\"twitter:card\" content=\"summary_large_image\" \/>\n<script type=\"application\/ld+json\" class=\"yoast-schema-graph\">{\"@context\":\"https:\/\/schema.org\",\"@graph\":[{\"@type\":\"WebPage\",\"@id\":\"https:\/\/brilune.eu\/lv\/product\/minimalistisks-tv-stativs-3\/\",\"url\":\"https:\/\/brilune.eu\/lv\/product\/minimalistisks-tv-stativs-3\/\",\"name\":\"Minim\u0101listisks TV stat\u012bvs\",\"isPartOf\":{\"@id\":\"https:\/\/brilune.eu\/lv\/#website\"},\"primaryImageOfPage\":{\"@id\":\"https:\/\/brilune.eu\/lv\/product\/minimalistisks-tv-stativs-3\/#primaryimage\"},\"image\":{\"@id\":\"https:\/\/brilune.eu\/lv\/product\/minimalistisks-tv-stativs-3\/#primaryimage\"},\"thumbnailUrl\":\"https:\/\/brilune.eu\/wp-content\/uploads\/2025\/01\/14396703.png\",\"datePublished\":\"2025-02-19T11:05:25+00:00\",\"dateModified\":\"2025-02-19T11:30:54+00:00\",\"description\":\"\u0160is stil\u012bgais televizora stat\u012bvs apvieno dabiskos to\u0146us un m\u016bsdien\u012bgu minim\u0101lismu, lai rad\u012btu harmonisku un mier\u012bgu telpu interjer\u0101. \u010cetras ietilp\u012bgas viegli aizveramas atvilktnes p...\",\"breadcrumb\":{\"@id\":\"https:\/\/brilune.eu\/lv\/product\/minimalistisks-tv-stativs-3\/#breadcrumb\"},\"inLanguage\":\"lv-LV\",\"potentialAction\":[{\"@type\":\"ReadAction\",\"target\":[\"https:\/\/brilune.eu\/lv\/product\/minimalistisks-tv-stativs-3\/\"]}]},{\"@type\":\"ImageObject\",\"inLanguage\":\"lv-LV\",\"@id\":\"https:\/\/brilune.eu\/lv\/product\/minimalistisks-tv-stativs-3\/#primaryimage\",\"url\":\"https:\/\/brilune.eu\/wp-content\/uploads\/2025\/01\/14396703.png\",\"contentUrl\":\"https:\/\/brilune.eu\/wp-content\/uploads\/2025\/01\/14396703.png\",\"width\":800,\"height\":800},{\"@type\":\"BreadcrumbList\",\"@id\":\"https:\/\/brilune.eu\/lv\/product\/minimalistisks-tv-stativs-3\/#breadcrumb\",\"itemListElement\":[{\"@type\":\"ListItem\",\"position\":1,\"name\":\"S\u0101kums\",\"item\":\"https:\/\/brilune.eu\/lv\/brilune-mebeles\/\"},{\"@type\":\"ListItem\",\"position\":2,\"name\":\"Visi produkti\",\"item\":\"https:\/\/brilune.eu\/lv\/shop\/\"},{\"@type\":\"ListItem\",\"position\":3,\"name\":\"Minim\u0101listisks TV stat\u012bvs\"}]},{\"@type\":\"WebSite\",\"@id\":\"https:\/\/brilune.eu\/lv\/#website\",\"url\":\"https:\/\/brilune.eu\/lv\/\",\"name\":\"Brilune\",\"description\":\"M\u0113s pied\u0101v\u0101jam unik\u0101lus un nebiju\u0161us dizainus, kas apvieno eleganci, funkcionalit\u0101ti un rado\u0161umu.\",\"potentialAction\":[{\"@type\":\"SearchAction\",\"target\":{\"@type\":\"EntryPoint\",\"urlTemplate\":\"https:\/\/brilune.eu\/lv\/?s={search_term_string}\"},\"query-input\":{\"@type\":\"PropertyValueSpecification\",\"valueRequired\":true,\"valueName\":\"search_term_string\"}}],\"inLanguage\":\"lv-LV\"}]}<\/script>\n<!-- \/ Yoast SEO plugin. -->","yoast_head_json":{"title":"Minim\u0101listisks TV stat\u012bvs","description":"\u0160is stil\u012bgais televizora stat\u012bvs apvieno dabiskos to\u0146us un m\u016bsdien\u012bgu minim\u0101lismu, lai rad\u012btu harmonisku un mier\u012bgu telpu interjer\u0101. \u010cetras ietilp\u012bgas viegli aizveramas atvilktnes p...","robots":{"index":"index","follow":"follow","max-snippet":"max-snippet:-1","max-image-preview":"max-image-preview:large","max-video-preview":"max-video-preview:-1"},"canonical":"https:\/\/brilune.eu\/lv\/product\/minimalistisks-tv-stativs-3\/","og_locale":"lv_LV","og_type":"article","og_title":"Minim\u0101listisks TV stat\u012bvs","og_description":"\u0160is stil\u012bgais televizora stat\u012bvs apvieno dabiskos to\u0146us un m\u016bsdien\u012bgu minim\u0101lismu, lai rad\u012btu harmonisku un mier\u012bgu telpu interjer\u0101. \u010cetras ietilp\u012bgas viegli aizveramas atvilktnes p...","og_url":"https:\/\/brilune.eu\/lv\/product\/minimalistisks-tv-stativs-3\/","og_site_name":"Brilune","article_modified_time":"2025-02-19T11:30:54+00:00","og_image":[{"width":800,"height":800,"url":"https:\/\/brilune.eu\/wp-content\/uploads\/2025\/01\/14396703.png","type":"image\/png"}],"twitter_card":"summary_large_image","schema":{"@context":"https:\/\/schema.org","@graph":[{"@type":"WebPage","@id":"https:\/\/brilune.eu\/lv\/product\/minimalistisks-tv-stativs-3\/","url":"https:\/\/brilune.eu\/lv\/product\/minimalistisks-tv-stativs-3\/","name":"Minim\u0101listisks TV stat\u012bvs","isPartOf":{"@id":"https:\/\/brilune.eu\/lv\/#website"},"primaryImageOfPage":{"@id":"https:\/\/brilune.eu\/lv\/product\/minimalistisks-tv-stativs-3\/#primaryimage"},"image":{"@id":"https:\/\/brilune.eu\/lv\/product\/minimalistisks-tv-stativs-3\/#primaryimage"},"thumbnailUrl":"https:\/\/brilune.eu\/wp-content\/uploads\/2025\/01\/14396703.png","datePublished":"2025-02-19T11:05:25+00:00","dateModified":"2025-02-19T11:30:54+00:00","description":"\u0160is stil\u012bgais televizora stat\u012bvs apvieno dabiskos to\u0146us un m\u016bsdien\u012bgu minim\u0101lismu, lai rad\u012btu harmonisku un mier\u012bgu telpu interjer\u0101. \u010cetras ietilp\u012bgas viegli aizveramas atvilktnes p...","breadcrumb":{"@id":"https:\/\/brilune.eu\/lv\/product\/minimalistisks-tv-stativs-3\/#breadcrumb"},"inLanguage":"lv-LV","potentialAction":[{"@type":"ReadAction","target":["https:\/\/brilune.eu\/lv\/product\/minimalistisks-tv-stativs-3\/"]}]},{"@type":"ImageObject","inLanguage":"lv-LV","@id":"https:\/\/brilune.eu\/lv\/product\/minimalistisks-tv-stativs-3\/#primaryimage","url":"https:\/\/brilune.eu\/wp-content\/uploads\/2025\/01\/14396703.png","contentUrl":"https:\/\/brilune.eu\/wp-content\/uploads\/2025\/01\/14396703.png","width":800,"height":800},{"@type":"BreadcrumbList","@id":"https:\/\/brilune.eu\/lv\/product\/minimalistisks-tv-stativs-3\/#breadcrumb","itemListElement":[{"@type":"ListItem","position":1,"name":"S\u0101kums","item":"https:\/\/brilune.eu\/lv\/brilune-mebeles\/"},{"@type":"ListItem","position":2,"name":"Visi produkti","item":"https:\/\/brilune.eu\/lv\/shop\/"},{"@type":"ListItem","position":3,"name":"Minim\u0101listisks TV stat\u012bvs"}]},{"@type":"WebSite","@id":"https:\/\/brilune.eu\/lv\/#website","url":"https:\/\/brilune.eu\/lv\/","name":"Brilune","description":"M\u0113s pied\u0101v\u0101jam unik\u0101lus un nebiju\u0161us dizainus, kas apvieno eleganci, funkcionalit\u0101ti un rado\u0161umu.","potentialAction":[{"@type":"SearchAction","target":{"@type":"EntryPoint","urlTemplate":"https:\/\/brilune.eu\/lv\/?s={search_term_string}"},"query-input":{"@type":"PropertyValueSpecification","valueRequired":true,"valueName":"search_term_string"}}],"inLanguage":"lv-LV"}]}},"jetpack_sharing_enabled":true,"_links":{"self":[{"href":"https:\/\/brilune.eu\/lv\/wp-json\/wp\/v2\/product\/38879","targetHints":{"allow":["GET"]}}],"collection":[{"href":"https:\/\/brilune.eu\/lv\/wp-json\/wp\/v2\/product"}],"about":[{"href":"https:\/\/brilune.eu\/lv\/wp-json\/wp\/v2\/types\/product"}],"replies":[{"embeddable":true,"href":"https:\/\/brilune.eu\/lv\/wp-json\/wp\/v2\/comments?post=38879"}],"version-history":[{"count":1,"href":"https:\/\/brilune.eu\/lv\/wp-json\/wp\/v2\/product\/38879\/revisions"}],"predecessor-version":[{"id":38931,"href":"https:\/\/brilune.eu\/lv\/wp-json\/wp\/v2\/product\/38879\/revisions\/38931"}],"wp:featuredmedia":[{"embeddable":true,"href":"https:\/\/brilune.eu\/lv\/wp-json\/wp\/v2\/media\/10905"}],"wp:attachment":[{"href":"https:\/\/brilune.eu\/lv\/wp-json\/wp\/v2\/media?parent=38879"}],"wp:term":[{"taxonomy":"product_brand","embeddable":true,"href":"https:\/\/brilune.eu\/lv\/wp-json\/wp\/v2\/product_brand?post=38879"},{"taxonomy":"product_cat","embeddable":true,"href":"https:\/\/brilune.eu\/lv\/wp-json\/wp\/v2\/product_cat?post=38879"},{"taxonomy":"product_tag","embeddable":true,"href":"https:\/\/brilune.eu\/lv\/wp-json\/wp\/v2\/product_tag?post=38879"}],"curies":[{"name":"wp","href":"https:\/\/api.w.org\/{rel}","templated":true}]}}