{"id":38851,"date":"2025-02-19T13:04:58","date_gmt":"2025-02-19T11:04:58","guid":{"rendered":"https:\/\/brilune.eu\/?post_type=product&#038;p=38851"},"modified":"2025-02-19T13:30:40","modified_gmt":"2025-02-19T11:30:40","slug":"tv-stativs-12","status":"publish","type":"product","link":"https:\/\/brilune.eu\/lv\/product\/tv-stativs-12\/","title":{"rendered":"TV stat\u012bvs"},"content":{"rendered":"<p>\u0160is modernais br\u016bnais televizora stat\u012bvs ir izgatavots no augstas kvalit\u0101tes koka un lieliski ieder\u0113sies j\u016bsu interjer\u0101. Tam ir tr\u012bs atvilktnes \u0113rtai uzglab\u0101\u0161anai un atv\u0113rti plaukti, kas ir ide\u0101li piem\u0113roti multivides konsol\u0113m vai dekorat\u012bviem priek\u0161metiem. Zemais skapja profils rada elegantu izskatu, un m\u0101ksl\u012bg\u0101s noveco\u0161anas tr\u016bkums papildina t\u0101 moderno \u0161armu.<\/p>\n<p>Izm\u0113rs: 335\u00d742\u00d735 cm. Materi\u0101ls: koks.<\/p>\n","protected":false},"excerpt":{"rendered":"<p>\u0160is modernais br\u016bnais televizora stat\u012bvs ir izgatavots no augstas kvalit\u0101tes koka un lieliski ieder\u0113sies j\u016bsu interjer\u0101. Tam ir tr\u012bs atvilktnes \u0113rtai uzglab\u0101\u0161anai un atv\u0113rti plaukti, kas&#8230;<\/p>\n","protected":false},"featured_media":10842,"comment_status":"open","ping_status":"closed","template":"","meta":[],"product_brand":[],"product_cat":[5640,2963],"product_tag":[],"class_list":{"0":"post-38851","1":"product","2":"type-product","3":"status-publish","4":"has-post-thumbnail","6":"product_cat-tv-stativi-un-izklaides-centri-kratuve-2-5","7":"product_cat-tv-stativi-un-izklaides-centri-kratuve-2","9":"first","10":"instock","11":"shipping-taxable","12":"purchasable","13":"product-type-simple"},"yoast_head":"<!-- This site is optimized with the Yoast SEO plugin v26.0 - https:\/\/yoast.com\/wordpress\/plugins\/seo\/ -->\n<title>TV stat\u012bvs<\/title>\n<meta name=\"description\" content=\"\u0160is modernais br\u016bnais televizora stat\u012bvs ir izgatavots no augstas kvalit\u0101tes koka un lieliski ieder\u0113sies j\u016bsu interjer\u0101. Tam ir tr\u012bs atvilktnes \u0113rtai uzglab\u0101\u0161anai un atv\u0113rti plaukti, kas...\" \/>\n<meta name=\"robots\" content=\"index, follow, max-snippet:-1, max-image-preview:large, max-video-preview:-1\" \/>\n<link rel=\"canonical\" href=\"https:\/\/brilune.eu\/lv\/product\/tv-stativs-12\/\" \/>\n<meta property=\"og:locale\" content=\"lv_LV\" \/>\n<meta property=\"og:type\" content=\"article\" \/>\n<meta property=\"og:title\" content=\"TV stat\u012bvs\" \/>\n<meta property=\"og:description\" content=\"\u0160is modernais br\u016bnais televizora stat\u012bvs ir izgatavots no augstas kvalit\u0101tes koka un lieliski ieder\u0113sies j\u016bsu interjer\u0101. Tam ir tr\u012bs atvilktnes \u0113rtai uzglab\u0101\u0161anai un atv\u0113rti plaukti, kas...\" \/>\n<meta property=\"og:url\" content=\"https:\/\/brilune.eu\/lv\/product\/tv-stativs-12\/\" \/>\n<meta property=\"og:site_name\" content=\"Brilune\" \/>\n<meta property=\"article:modified_time\" content=\"2025-02-19T11:30:40+00:00\" \/>\n<meta property=\"og:image\" content=\"https:\/\/brilune.eu\/wp-content\/uploads\/2025\/01\/14478853.png\" \/>\n\t<meta property=\"og:image:width\" content=\"800\" \/>\n\t<meta property=\"og:image:height\" content=\"800\" \/>\n\t<meta property=\"og:image:type\" content=\"image\/png\" \/>\n<meta name=\"twitter:card\" content=\"summary_large_image\" \/>\n<script type=\"application\/ld+json\" class=\"yoast-schema-graph\">{\"@context\":\"https:\/\/schema.org\",\"@graph\":[{\"@type\":\"WebPage\",\"@id\":\"https:\/\/brilune.eu\/lv\/product\/tv-stativs-12\/\",\"url\":\"https:\/\/brilune.eu\/lv\/product\/tv-stativs-12\/\",\"name\":\"TV stat\u012bvs\",\"isPartOf\":{\"@id\":\"https:\/\/brilune.eu\/lv\/#website\"},\"primaryImageOfPage\":{\"@id\":\"https:\/\/brilune.eu\/lv\/product\/tv-stativs-12\/#primaryimage\"},\"image\":{\"@id\":\"https:\/\/brilune.eu\/lv\/product\/tv-stativs-12\/#primaryimage\"},\"thumbnailUrl\":\"https:\/\/brilune.eu\/wp-content\/uploads\/2025\/01\/14478853.png\",\"datePublished\":\"2025-02-19T11:04:58+00:00\",\"dateModified\":\"2025-02-19T11:30:40+00:00\",\"description\":\"\u0160is modernais br\u016bnais televizora stat\u012bvs ir izgatavots no augstas kvalit\u0101tes koka un lieliski ieder\u0113sies j\u016bsu interjer\u0101. Tam ir tr\u012bs atvilktnes \u0113rtai uzglab\u0101\u0161anai un atv\u0113rti plaukti, kas...\",\"breadcrumb\":{\"@id\":\"https:\/\/brilune.eu\/lv\/product\/tv-stativs-12\/#breadcrumb\"},\"inLanguage\":\"lv-LV\",\"potentialAction\":[{\"@type\":\"ReadAction\",\"target\":[\"https:\/\/brilune.eu\/lv\/product\/tv-stativs-12\/\"]}]},{\"@type\":\"ImageObject\",\"inLanguage\":\"lv-LV\",\"@id\":\"https:\/\/brilune.eu\/lv\/product\/tv-stativs-12\/#primaryimage\",\"url\":\"https:\/\/brilune.eu\/wp-content\/uploads\/2025\/01\/14478853.png\",\"contentUrl\":\"https:\/\/brilune.eu\/wp-content\/uploads\/2025\/01\/14478853.png\",\"width\":800,\"height\":800},{\"@type\":\"BreadcrumbList\",\"@id\":\"https:\/\/brilune.eu\/lv\/product\/tv-stativs-12\/#breadcrumb\",\"itemListElement\":[{\"@type\":\"ListItem\",\"position\":1,\"name\":\"S\u0101kums\",\"item\":\"https:\/\/brilune.eu\/lv\/brilune-mebeles\/\"},{\"@type\":\"ListItem\",\"position\":2,\"name\":\"Visi produkti\",\"item\":\"https:\/\/brilune.eu\/lv\/shop\/\"},{\"@type\":\"ListItem\",\"position\":3,\"name\":\"TV stat\u012bvs\"}]},{\"@type\":\"WebSite\",\"@id\":\"https:\/\/brilune.eu\/lv\/#website\",\"url\":\"https:\/\/brilune.eu\/lv\/\",\"name\":\"Brilune\",\"description\":\"M\u0113s pied\u0101v\u0101jam unik\u0101lus un nebiju\u0161us dizainus, kas apvieno eleganci, funkcionalit\u0101ti un rado\u0161umu.\",\"potentialAction\":[{\"@type\":\"SearchAction\",\"target\":{\"@type\":\"EntryPoint\",\"urlTemplate\":\"https:\/\/brilune.eu\/lv\/?s={search_term_string}\"},\"query-input\":{\"@type\":\"PropertyValueSpecification\",\"valueRequired\":true,\"valueName\":\"search_term_string\"}}],\"inLanguage\":\"lv-LV\"}]}<\/script>\n<!-- \/ Yoast SEO plugin. -->","yoast_head_json":{"title":"TV stat\u012bvs","description":"\u0160is modernais br\u016bnais televizora stat\u012bvs ir izgatavots no augstas kvalit\u0101tes koka un lieliski ieder\u0113sies j\u016bsu interjer\u0101. Tam ir tr\u012bs atvilktnes \u0113rtai uzglab\u0101\u0161anai un atv\u0113rti plaukti, kas...","robots":{"index":"index","follow":"follow","max-snippet":"max-snippet:-1","max-image-preview":"max-image-preview:large","max-video-preview":"max-video-preview:-1"},"canonical":"https:\/\/brilune.eu\/lv\/product\/tv-stativs-12\/","og_locale":"lv_LV","og_type":"article","og_title":"TV stat\u012bvs","og_description":"\u0160is modernais br\u016bnais televizora stat\u012bvs ir izgatavots no augstas kvalit\u0101tes koka un lieliski ieder\u0113sies j\u016bsu interjer\u0101. Tam ir tr\u012bs atvilktnes \u0113rtai uzglab\u0101\u0161anai un atv\u0113rti plaukti, kas...","og_url":"https:\/\/brilune.eu\/lv\/product\/tv-stativs-12\/","og_site_name":"Brilune","article_modified_time":"2025-02-19T11:30:40+00:00","og_image":[{"width":800,"height":800,"url":"https:\/\/brilune.eu\/wp-content\/uploads\/2025\/01\/14478853.png","type":"image\/png"}],"twitter_card":"summary_large_image","schema":{"@context":"https:\/\/schema.org","@graph":[{"@type":"WebPage","@id":"https:\/\/brilune.eu\/lv\/product\/tv-stativs-12\/","url":"https:\/\/brilune.eu\/lv\/product\/tv-stativs-12\/","name":"TV stat\u012bvs","isPartOf":{"@id":"https:\/\/brilune.eu\/lv\/#website"},"primaryImageOfPage":{"@id":"https:\/\/brilune.eu\/lv\/product\/tv-stativs-12\/#primaryimage"},"image":{"@id":"https:\/\/brilune.eu\/lv\/product\/tv-stativs-12\/#primaryimage"},"thumbnailUrl":"https:\/\/brilune.eu\/wp-content\/uploads\/2025\/01\/14478853.png","datePublished":"2025-02-19T11:04:58+00:00","dateModified":"2025-02-19T11:30:40+00:00","description":"\u0160is modernais br\u016bnais televizora stat\u012bvs ir izgatavots no augstas kvalit\u0101tes koka un lieliski ieder\u0113sies j\u016bsu interjer\u0101. Tam ir tr\u012bs atvilktnes \u0113rtai uzglab\u0101\u0161anai un atv\u0113rti plaukti, kas...","breadcrumb":{"@id":"https:\/\/brilune.eu\/lv\/product\/tv-stativs-12\/#breadcrumb"},"inLanguage":"lv-LV","potentialAction":[{"@type":"ReadAction","target":["https:\/\/brilune.eu\/lv\/product\/tv-stativs-12\/"]}]},{"@type":"ImageObject","inLanguage":"lv-LV","@id":"https:\/\/brilune.eu\/lv\/product\/tv-stativs-12\/#primaryimage","url":"https:\/\/brilune.eu\/wp-content\/uploads\/2025\/01\/14478853.png","contentUrl":"https:\/\/brilune.eu\/wp-content\/uploads\/2025\/01\/14478853.png","width":800,"height":800},{"@type":"BreadcrumbList","@id":"https:\/\/brilune.eu\/lv\/product\/tv-stativs-12\/#breadcrumb","itemListElement":[{"@type":"ListItem","position":1,"name":"S\u0101kums","item":"https:\/\/brilune.eu\/lv\/brilune-mebeles\/"},{"@type":"ListItem","position":2,"name":"Visi produkti","item":"https:\/\/brilune.eu\/lv\/shop\/"},{"@type":"ListItem","position":3,"name":"TV stat\u012bvs"}]},{"@type":"WebSite","@id":"https:\/\/brilune.eu\/lv\/#website","url":"https:\/\/brilune.eu\/lv\/","name":"Brilune","description":"M\u0113s pied\u0101v\u0101jam unik\u0101lus un nebiju\u0161us dizainus, kas apvieno eleganci, funkcionalit\u0101ti un rado\u0161umu.","potentialAction":[{"@type":"SearchAction","target":{"@type":"EntryPoint","urlTemplate":"https:\/\/brilune.eu\/lv\/?s={search_term_string}"},"query-input":{"@type":"PropertyValueSpecification","valueRequired":true,"valueName":"search_term_string"}}],"inLanguage":"lv-LV"}]}},"jetpack_sharing_enabled":true,"_links":{"self":[{"href":"https:\/\/brilune.eu\/lv\/wp-json\/wp\/v2\/product\/38851","targetHints":{"allow":["GET"]}}],"collection":[{"href":"https:\/\/brilune.eu\/lv\/wp-json\/wp\/v2\/product"}],"about":[{"href":"https:\/\/brilune.eu\/lv\/wp-json\/wp\/v2\/types\/product"}],"replies":[{"embeddable":true,"href":"https:\/\/brilune.eu\/lv\/wp-json\/wp\/v2\/comments?post=38851"}],"version-history":[{"count":1,"href":"https:\/\/brilune.eu\/lv\/wp-json\/wp\/v2\/product\/38851\/revisions"}],"predecessor-version":[{"id":38902,"href":"https:\/\/brilune.eu\/lv\/wp-json\/wp\/v2\/product\/38851\/revisions\/38902"}],"wp:featuredmedia":[{"embeddable":true,"href":"https:\/\/brilune.eu\/lv\/wp-json\/wp\/v2\/media\/10842"}],"wp:attachment":[{"href":"https:\/\/brilune.eu\/lv\/wp-json\/wp\/v2\/media?parent=38851"}],"wp:term":[{"taxonomy":"product_brand","embeddable":true,"href":"https:\/\/brilune.eu\/lv\/wp-json\/wp\/v2\/product_brand?post=38851"},{"taxonomy":"product_cat","embeddable":true,"href":"https:\/\/brilune.eu\/lv\/wp-json\/wp\/v2\/product_cat?post=38851"},{"taxonomy":"product_tag","embeddable":true,"href":"https:\/\/brilune.eu\/lv\/wp-json\/wp\/v2\/product_tag?post=38851"}],"curies":[{"name":"wp","href":"https:\/\/api.w.org\/{rel}","templated":true}]}}