{"id":38833,"date":"2025-02-19T13:04:33","date_gmt":"2025-02-19T11:04:33","guid":{"rendered":"https:\/\/brilune.eu\/?post_type=product&#038;p=38833"},"modified":"2025-02-19T13:30:37","modified_gmt":"2025-02-19T11:30:37","slug":"tv-stativs-10","status":"publish","type":"product","link":"https:\/\/brilune.eu\/lv\/product\/tv-stativs-10\/","title":{"rendered":"TV stat\u012bvs"},"content":{"rendered":"<p>\u0160is m\u016bsdien\u012bg\u0101 stila TV stat\u012bvs apvieno eleganci un funkcionalit\u0101ti. Izgatavots no iztur\u012bga koka, tam ir divas atvilktnes, kas ide\u0101li piem\u0113rotas nelielu priek\u0161metu glab\u0101\u0161anai, k\u0101 ar\u012b divi sl\u0113gti nodal\u012bjumi, kas \u013cauj \u0113rti sak\u0101rtot apr\u012bkojumu un citus priek\u0161metus. Atv\u0113rtie plaukti pie\u0161\u0137ir dizainam vieglu piesk\u0101rienu un ir lieliska vieta dekor\u0113\u0161anai vai gr\u0101matu glab\u0101\u0161anai. Br\u016bn\u0101 kr\u0101sa pie\u0161\u0137ir m\u0101j\u012bgu izskatu, iek\u013caujoties jebkur\u0101 interjer\u0101.<\/p>\n<p>Izm\u0113rs: 240\u00d743\u00d752 cm. Materi\u0101ls: koks.<\/p>\n","protected":false},"excerpt":{"rendered":"<p>\u0160is m\u016bsdien\u012bg\u0101 stila TV stat\u012bvs apvieno eleganci un funkcionalit\u0101ti. Izgatavots no iztur\u012bga koka, tam ir divas atvilktnes, kas ir ide\u0101li piem\u0113rotas nelielu priek\u0161metu glab\u0101\u0161anai, k\u0101 ar\u012b divas &#8230;<\/p>\n","protected":false},"featured_media":10834,"comment_status":"open","ping_status":"closed","template":"","meta":[],"product_brand":[],"product_cat":[2963,5640],"product_tag":[],"class_list":{"0":"post-38833","1":"product","2":"type-product","3":"status-publish","4":"has-post-thumbnail","6":"product_cat-tv-stativi-un-izklaides-centri-kratuve-2","7":"product_cat-tv-stativi-un-izklaides-centri-kratuve-2-5","9":"first","10":"instock","11":"shipping-taxable","12":"purchasable","13":"product-type-simple"},"yoast_head":"<!-- This site is optimized with the Yoast SEO plugin v26.0 - https:\/\/yoast.com\/wordpress\/plugins\/seo\/ -->\n<title>TV stat\u012bvs<\/title>\n<meta name=\"description\" content=\"\u0160is m\u016bsdien\u012bg\u0101 stila TV stat\u012bvs apvieno eleganci un funkcionalit\u0101ti. Izgatavots no iztur\u012bga koka, tam ir divas atvilktnes, kas ir ide\u0101li piem\u0113rotas nelielu priek\u0161metu glab\u0101\u0161anai, k\u0101 ar\u012b divas ...\" \/>\n<meta name=\"robots\" content=\"index, follow, max-snippet:-1, max-image-preview:large, max-video-preview:-1\" \/>\n<link rel=\"canonical\" href=\"https:\/\/brilune.eu\/lv\/product\/tv-stativs-10\/\" \/>\n<meta property=\"og:locale\" content=\"lv_LV\" \/>\n<meta property=\"og:type\" content=\"article\" \/>\n<meta property=\"og:title\" content=\"TV stat\u012bvs\" \/>\n<meta property=\"og:description\" content=\"\u0160is m\u016bsdien\u012bg\u0101 stila TV stat\u012bvs apvieno eleganci un funkcionalit\u0101ti. Izgatavots no iztur\u012bga koka, tam ir divas atvilktnes, kas ir ide\u0101li piem\u0113rotas nelielu priek\u0161metu glab\u0101\u0161anai, k\u0101 ar\u012b divas ...\" \/>\n<meta property=\"og:url\" content=\"https:\/\/brilune.eu\/lv\/product\/tv-stativs-10\/\" \/>\n<meta property=\"og:site_name\" content=\"Brilune\" \/>\n<meta property=\"article:modified_time\" content=\"2025-02-19T11:30:37+00:00\" \/>\n<meta property=\"og:image\" content=\"https:\/\/brilune.eu\/wp-content\/uploads\/2025\/01\/14478860.png\" \/>\n\t<meta property=\"og:image:width\" content=\"800\" \/>\n\t<meta property=\"og:image:height\" content=\"800\" \/>\n\t<meta property=\"og:image:type\" content=\"image\/png\" \/>\n<meta name=\"twitter:card\" content=\"summary_large_image\" \/>\n<script type=\"application\/ld+json\" class=\"yoast-schema-graph\">{\"@context\":\"https:\/\/schema.org\",\"@graph\":[{\"@type\":\"WebPage\",\"@id\":\"https:\/\/brilune.eu\/lv\/product\/tv-stativs-10\/\",\"url\":\"https:\/\/brilune.eu\/lv\/product\/tv-stativs-10\/\",\"name\":\"TV stat\u012bvs\",\"isPartOf\":{\"@id\":\"https:\/\/brilune.eu\/lv\/#website\"},\"primaryImageOfPage\":{\"@id\":\"https:\/\/brilune.eu\/lv\/product\/tv-stativs-10\/#primaryimage\"},\"image\":{\"@id\":\"https:\/\/brilune.eu\/lv\/product\/tv-stativs-10\/#primaryimage\"},\"thumbnailUrl\":\"https:\/\/brilune.eu\/wp-content\/uploads\/2025\/01\/14478860.png\",\"datePublished\":\"2025-02-19T11:04:33+00:00\",\"dateModified\":\"2025-02-19T11:30:37+00:00\",\"description\":\"\u0160is m\u016bsdien\u012bg\u0101 stila TV stat\u012bvs apvieno eleganci un funkcionalit\u0101ti. Izgatavots no iztur\u012bga koka, tam ir divas atvilktnes, kas ir ide\u0101li piem\u0113rotas nelielu priek\u0161metu glab\u0101\u0161anai, k\u0101 ar\u012b divas ...\",\"breadcrumb\":{\"@id\":\"https:\/\/brilune.eu\/lv\/product\/tv-stativs-10\/#breadcrumb\"},\"inLanguage\":\"lv-LV\",\"potentialAction\":[{\"@type\":\"ReadAction\",\"target\":[\"https:\/\/brilune.eu\/lv\/product\/tv-stativs-10\/\"]}]},{\"@type\":\"ImageObject\",\"inLanguage\":\"lv-LV\",\"@id\":\"https:\/\/brilune.eu\/lv\/product\/tv-stativs-10\/#primaryimage\",\"url\":\"https:\/\/brilune.eu\/wp-content\/uploads\/2025\/01\/14478860.png\",\"contentUrl\":\"https:\/\/brilune.eu\/wp-content\/uploads\/2025\/01\/14478860.png\",\"width\":800,\"height\":800},{\"@type\":\"BreadcrumbList\",\"@id\":\"https:\/\/brilune.eu\/lv\/product\/tv-stativs-10\/#breadcrumb\",\"itemListElement\":[{\"@type\":\"ListItem\",\"position\":1,\"name\":\"S\u0101kums\",\"item\":\"https:\/\/brilune.eu\/lv\/brilune-mebeles\/\"},{\"@type\":\"ListItem\",\"position\":2,\"name\":\"Visi produkti\",\"item\":\"https:\/\/brilune.eu\/lv\/shop\/\"},{\"@type\":\"ListItem\",\"position\":3,\"name\":\"TV stat\u012bvs\"}]},{\"@type\":\"WebSite\",\"@id\":\"https:\/\/brilune.eu\/lv\/#website\",\"url\":\"https:\/\/brilune.eu\/lv\/\",\"name\":\"Brilune\",\"description\":\"M\u0113s pied\u0101v\u0101jam unik\u0101lus un nebiju\u0161us dizainus, kas apvieno eleganci, funkcionalit\u0101ti un rado\u0161umu.\",\"potentialAction\":[{\"@type\":\"SearchAction\",\"target\":{\"@type\":\"EntryPoint\",\"urlTemplate\":\"https:\/\/brilune.eu\/lv\/?s={search_term_string}\"},\"query-input\":{\"@type\":\"PropertyValueSpecification\",\"valueRequired\":true,\"valueName\":\"search_term_string\"}}],\"inLanguage\":\"lv-LV\"}]}<\/script>\n<!-- \/ Yoast SEO plugin. -->","yoast_head_json":{"title":"TV stat\u012bvs","description":"\u0160is m\u016bsdien\u012bg\u0101 stila TV stat\u012bvs apvieno eleganci un funkcionalit\u0101ti. Izgatavots no iztur\u012bga koka, tam ir divas atvilktnes, kas ir ide\u0101li piem\u0113rotas nelielu priek\u0161metu glab\u0101\u0161anai, k\u0101 ar\u012b divas ...","robots":{"index":"index","follow":"follow","max-snippet":"max-snippet:-1","max-image-preview":"max-image-preview:large","max-video-preview":"max-video-preview:-1"},"canonical":"https:\/\/brilune.eu\/lv\/product\/tv-stativs-10\/","og_locale":"lv_LV","og_type":"article","og_title":"TV stat\u012bvs","og_description":"\u0160is m\u016bsdien\u012bg\u0101 stila TV stat\u012bvs apvieno eleganci un funkcionalit\u0101ti. Izgatavots no iztur\u012bga koka, tam ir divas atvilktnes, kas ir ide\u0101li piem\u0113rotas nelielu priek\u0161metu glab\u0101\u0161anai, k\u0101 ar\u012b divas ...","og_url":"https:\/\/brilune.eu\/lv\/product\/tv-stativs-10\/","og_site_name":"Brilune","article_modified_time":"2025-02-19T11:30:37+00:00","og_image":[{"width":800,"height":800,"url":"https:\/\/brilune.eu\/wp-content\/uploads\/2025\/01\/14478860.png","type":"image\/png"}],"twitter_card":"summary_large_image","schema":{"@context":"https:\/\/schema.org","@graph":[{"@type":"WebPage","@id":"https:\/\/brilune.eu\/lv\/product\/tv-stativs-10\/","url":"https:\/\/brilune.eu\/lv\/product\/tv-stativs-10\/","name":"TV stat\u012bvs","isPartOf":{"@id":"https:\/\/brilune.eu\/lv\/#website"},"primaryImageOfPage":{"@id":"https:\/\/brilune.eu\/lv\/product\/tv-stativs-10\/#primaryimage"},"image":{"@id":"https:\/\/brilune.eu\/lv\/product\/tv-stativs-10\/#primaryimage"},"thumbnailUrl":"https:\/\/brilune.eu\/wp-content\/uploads\/2025\/01\/14478860.png","datePublished":"2025-02-19T11:04:33+00:00","dateModified":"2025-02-19T11:30:37+00:00","description":"\u0160is m\u016bsdien\u012bg\u0101 stila TV stat\u012bvs apvieno eleganci un funkcionalit\u0101ti. Izgatavots no iztur\u012bga koka, tam ir divas atvilktnes, kas ir ide\u0101li piem\u0113rotas nelielu priek\u0161metu glab\u0101\u0161anai, k\u0101 ar\u012b divas ...","breadcrumb":{"@id":"https:\/\/brilune.eu\/lv\/product\/tv-stativs-10\/#breadcrumb"},"inLanguage":"lv-LV","potentialAction":[{"@type":"ReadAction","target":["https:\/\/brilune.eu\/lv\/product\/tv-stativs-10\/"]}]},{"@type":"ImageObject","inLanguage":"lv-LV","@id":"https:\/\/brilune.eu\/lv\/product\/tv-stativs-10\/#primaryimage","url":"https:\/\/brilune.eu\/wp-content\/uploads\/2025\/01\/14478860.png","contentUrl":"https:\/\/brilune.eu\/wp-content\/uploads\/2025\/01\/14478860.png","width":800,"height":800},{"@type":"BreadcrumbList","@id":"https:\/\/brilune.eu\/lv\/product\/tv-stativs-10\/#breadcrumb","itemListElement":[{"@type":"ListItem","position":1,"name":"S\u0101kums","item":"https:\/\/brilune.eu\/lv\/brilune-mebeles\/"},{"@type":"ListItem","position":2,"name":"Visi produkti","item":"https:\/\/brilune.eu\/lv\/shop\/"},{"@type":"ListItem","position":3,"name":"TV stat\u012bvs"}]},{"@type":"WebSite","@id":"https:\/\/brilune.eu\/lv\/#website","url":"https:\/\/brilune.eu\/lv\/","name":"Brilune","description":"M\u0113s pied\u0101v\u0101jam unik\u0101lus un nebiju\u0161us dizainus, kas apvieno eleganci, funkcionalit\u0101ti un rado\u0161umu.","potentialAction":[{"@type":"SearchAction","target":{"@type":"EntryPoint","urlTemplate":"https:\/\/brilune.eu\/lv\/?s={search_term_string}"},"query-input":{"@type":"PropertyValueSpecification","valueRequired":true,"valueName":"search_term_string"}}],"inLanguage":"lv-LV"}]}},"jetpack_sharing_enabled":true,"_links":{"self":[{"href":"https:\/\/brilune.eu\/lv\/wp-json\/wp\/v2\/product\/38833","targetHints":{"allow":["GET"]}}],"collection":[{"href":"https:\/\/brilune.eu\/lv\/wp-json\/wp\/v2\/product"}],"about":[{"href":"https:\/\/brilune.eu\/lv\/wp-json\/wp\/v2\/types\/product"}],"replies":[{"embeddable":true,"href":"https:\/\/brilune.eu\/lv\/wp-json\/wp\/v2\/comments?post=38833"}],"version-history":[{"count":1,"href":"https:\/\/brilune.eu\/lv\/wp-json\/wp\/v2\/product\/38833\/revisions"}],"predecessor-version":[{"id":38885,"href":"https:\/\/brilune.eu\/lv\/wp-json\/wp\/v2\/product\/38833\/revisions\/38885"}],"wp:featuredmedia":[{"embeddable":true,"href":"https:\/\/brilune.eu\/lv\/wp-json\/wp\/v2\/media\/10834"}],"wp:attachment":[{"href":"https:\/\/brilune.eu\/lv\/wp-json\/wp\/v2\/media?parent=38833"}],"wp:term":[{"taxonomy":"product_brand","embeddable":true,"href":"https:\/\/brilune.eu\/lv\/wp-json\/wp\/v2\/product_brand?post=38833"},{"taxonomy":"product_cat","embeddable":true,"href":"https:\/\/brilune.eu\/lv\/wp-json\/wp\/v2\/product_cat?post=38833"},{"taxonomy":"product_tag","embeddable":true,"href":"https:\/\/brilune.eu\/lv\/wp-json\/wp\/v2\/product_tag?post=38833"}],"curies":[{"name":"wp","href":"https:\/\/api.w.org\/{rel}","templated":true}]}}