{"id":38830,"date":"2025-02-19T13:04:32","date_gmt":"2025-02-19T11:04:32","guid":{"rendered":"https:\/\/brilune.eu\/?post_type=product&#038;p=38830"},"modified":"2025-02-19T13:30:32","modified_gmt":"2025-02-19T11:30:32","slug":"tv-stativs-9","status":"publish","type":"product","link":"https:\/\/brilune.eu\/lv\/product\/tv-stativs-9\/","title":{"rendered":"TV stat\u012bvs"},"content":{"rendered":"<p>M\u016bsdien\u012bga stila TV stat\u012bvs, kas ir ide\u0101li piem\u0113rots, lai j\u016bsu viesistab\u0101 izveidotu \u0113rtu un sak\u0101rtotu telpu. Elegants un funkcion\u0101ls, tas ir apr\u012bkots ar \u010detr\u0101m atvilktn\u0113m, kas nodro\u0161ina \u0113rtu nelielu priek\u0161metu un aksesu\u0101ru glab\u0101\u0161anu. Papildus tam ir sl\u0113gts nodal\u012bjums ar plauktu \u0113rtai apr\u012bkojuma vai citu priek\u0161metu novieto\u0161anai. Maiga br\u016bn\u0101 kr\u0101sa un stil\u012bgais dizains pie\u0161\u0137ir interjeram siltumu un izsmalcin\u0101t\u012bbu.<\/p>\n<p>Izm\u0113rs: 200\u00d743\u00d750 cm. Materi\u0101ls: koks.<\/p>\n","protected":false},"excerpt":{"rendered":"<p>M\u016bsdien\u012bga stila TV stat\u012bvs, kas ir ide\u0101li piem\u0113rots, lai j\u016bsu viesistab\u0101 izveidotu \u0113rtu un sak\u0101rtotu telpu. Elegants un funkcion\u0101ls, tas ir apr\u012bkots ar \u010detr\u0101m atvilktn\u0113m, kas&#8230;<\/p>\n","protected":false},"featured_media":10830,"comment_status":"open","ping_status":"closed","template":"","meta":[],"product_brand":[],"product_cat":[2963,5640],"product_tag":[],"class_list":{"0":"post-38830","1":"product","2":"type-product","3":"status-publish","4":"has-post-thumbnail","6":"product_cat-tv-stativi-un-izklaides-centri-kratuve-2","7":"product_cat-tv-stativi-un-izklaides-centri-kratuve-2-5","9":"first","10":"instock","11":"shipping-taxable","12":"purchasable","13":"product-type-simple"},"yoast_head":"<!-- This site is optimized with the Yoast SEO plugin v26.0 - https:\/\/yoast.com\/wordpress\/plugins\/seo\/ -->\n<title>TV stat\u012bvs<\/title>\n<meta name=\"description\" content=\"M\u016bsdien\u012bga stila TV stat\u012bvs, kas ir ide\u0101li piem\u0113rots, lai j\u016bsu viesistab\u0101 izveidotu \u0113rtu un sak\u0101rtotu telpu. Elegants un funkcion\u0101ls, tas ir apr\u012bkots ar \u010detr\u0101m atvilktn\u0113m, kas...\" \/>\n<meta name=\"robots\" content=\"index, follow, max-snippet:-1, max-image-preview:large, max-video-preview:-1\" \/>\n<link rel=\"canonical\" href=\"https:\/\/brilune.eu\/lv\/product\/tv-stativs-9\/\" \/>\n<meta property=\"og:locale\" content=\"lv_LV\" \/>\n<meta property=\"og:type\" content=\"article\" \/>\n<meta property=\"og:title\" content=\"TV stat\u012bvs\" \/>\n<meta property=\"og:description\" content=\"M\u016bsdien\u012bga stila TV stat\u012bvs, kas ir ide\u0101li piem\u0113rots, lai j\u016bsu viesistab\u0101 izveidotu \u0113rtu un sak\u0101rtotu telpu. Elegants un funkcion\u0101ls, tas ir apr\u012bkots ar \u010detr\u0101m atvilktn\u0113m, kas...\" \/>\n<meta property=\"og:url\" content=\"https:\/\/brilune.eu\/lv\/product\/tv-stativs-9\/\" \/>\n<meta property=\"og:site_name\" content=\"Brilune\" \/>\n<meta property=\"article:modified_time\" content=\"2025-02-19T11:30:32+00:00\" \/>\n<meta property=\"og:image\" content=\"https:\/\/brilune.eu\/wp-content\/uploads\/2025\/01\/14478862.png\" \/>\n\t<meta property=\"og:image:width\" content=\"800\" \/>\n\t<meta property=\"og:image:height\" content=\"800\" \/>\n\t<meta property=\"og:image:type\" content=\"image\/png\" \/>\n<meta name=\"twitter:card\" content=\"summary_large_image\" \/>\n<script type=\"application\/ld+json\" class=\"yoast-schema-graph\">{\"@context\":\"https:\/\/schema.org\",\"@graph\":[{\"@type\":\"WebPage\",\"@id\":\"https:\/\/brilune.eu\/lv\/product\/tv-stativs-9\/\",\"url\":\"https:\/\/brilune.eu\/lv\/product\/tv-stativs-9\/\",\"name\":\"TV stat\u012bvs\",\"isPartOf\":{\"@id\":\"https:\/\/brilune.eu\/lv\/#website\"},\"primaryImageOfPage\":{\"@id\":\"https:\/\/brilune.eu\/lv\/product\/tv-stativs-9\/#primaryimage\"},\"image\":{\"@id\":\"https:\/\/brilune.eu\/lv\/product\/tv-stativs-9\/#primaryimage\"},\"thumbnailUrl\":\"https:\/\/brilune.eu\/wp-content\/uploads\/2025\/01\/14478862.png\",\"datePublished\":\"2025-02-19T11:04:32+00:00\",\"dateModified\":\"2025-02-19T11:30:32+00:00\",\"description\":\"M\u016bsdien\u012bga stila TV stat\u012bvs, kas ir ide\u0101li piem\u0113rots, lai j\u016bsu viesistab\u0101 izveidotu \u0113rtu un sak\u0101rtotu telpu. Elegants un funkcion\u0101ls, tas ir apr\u012bkots ar \u010detr\u0101m atvilktn\u0113m, kas...\",\"breadcrumb\":{\"@id\":\"https:\/\/brilune.eu\/lv\/product\/tv-stativs-9\/#breadcrumb\"},\"inLanguage\":\"lv-LV\",\"potentialAction\":[{\"@type\":\"ReadAction\",\"target\":[\"https:\/\/brilune.eu\/lv\/product\/tv-stativs-9\/\"]}]},{\"@type\":\"ImageObject\",\"inLanguage\":\"lv-LV\",\"@id\":\"https:\/\/brilune.eu\/lv\/product\/tv-stativs-9\/#primaryimage\",\"url\":\"https:\/\/brilune.eu\/wp-content\/uploads\/2025\/01\/14478862.png\",\"contentUrl\":\"https:\/\/brilune.eu\/wp-content\/uploads\/2025\/01\/14478862.png\",\"width\":800,\"height\":800},{\"@type\":\"BreadcrumbList\",\"@id\":\"https:\/\/brilune.eu\/lv\/product\/tv-stativs-9\/#breadcrumb\",\"itemListElement\":[{\"@type\":\"ListItem\",\"position\":1,\"name\":\"S\u0101kums\",\"item\":\"https:\/\/brilune.eu\/lv\/brilune-mebeles\/\"},{\"@type\":\"ListItem\",\"position\":2,\"name\":\"Visi produkti\",\"item\":\"https:\/\/brilune.eu\/lv\/shop\/\"},{\"@type\":\"ListItem\",\"position\":3,\"name\":\"TV stat\u012bvs\"}]},{\"@type\":\"WebSite\",\"@id\":\"https:\/\/brilune.eu\/lv\/#website\",\"url\":\"https:\/\/brilune.eu\/lv\/\",\"name\":\"Brilune\",\"description\":\"M\u0113s pied\u0101v\u0101jam unik\u0101lus un nebiju\u0161us dizainus, kas apvieno eleganci, funkcionalit\u0101ti un rado\u0161umu.\",\"potentialAction\":[{\"@type\":\"SearchAction\",\"target\":{\"@type\":\"EntryPoint\",\"urlTemplate\":\"https:\/\/brilune.eu\/lv\/?s={search_term_string}\"},\"query-input\":{\"@type\":\"PropertyValueSpecification\",\"valueRequired\":true,\"valueName\":\"search_term_string\"}}],\"inLanguage\":\"lv-LV\"}]}<\/script>\n<!-- \/ Yoast SEO plugin. -->","yoast_head_json":{"title":"TV stat\u012bvs","description":"M\u016bsdien\u012bga stila TV stat\u012bvs, kas ir ide\u0101li piem\u0113rots, lai j\u016bsu viesistab\u0101 izveidotu \u0113rtu un sak\u0101rtotu telpu. Elegants un funkcion\u0101ls, tas ir apr\u012bkots ar \u010detr\u0101m atvilktn\u0113m, kas...","robots":{"index":"index","follow":"follow","max-snippet":"max-snippet:-1","max-image-preview":"max-image-preview:large","max-video-preview":"max-video-preview:-1"},"canonical":"https:\/\/brilune.eu\/lv\/product\/tv-stativs-9\/","og_locale":"lv_LV","og_type":"article","og_title":"TV stat\u012bvs","og_description":"M\u016bsdien\u012bga stila TV stat\u012bvs, kas ir ide\u0101li piem\u0113rots, lai j\u016bsu viesistab\u0101 izveidotu \u0113rtu un sak\u0101rtotu telpu. Elegants un funkcion\u0101ls, tas ir apr\u012bkots ar \u010detr\u0101m atvilktn\u0113m, kas...","og_url":"https:\/\/brilune.eu\/lv\/product\/tv-stativs-9\/","og_site_name":"Brilune","article_modified_time":"2025-02-19T11:30:32+00:00","og_image":[{"width":800,"height":800,"url":"https:\/\/brilune.eu\/wp-content\/uploads\/2025\/01\/14478862.png","type":"image\/png"}],"twitter_card":"summary_large_image","schema":{"@context":"https:\/\/schema.org","@graph":[{"@type":"WebPage","@id":"https:\/\/brilune.eu\/lv\/product\/tv-stativs-9\/","url":"https:\/\/brilune.eu\/lv\/product\/tv-stativs-9\/","name":"TV stat\u012bvs","isPartOf":{"@id":"https:\/\/brilune.eu\/lv\/#website"},"primaryImageOfPage":{"@id":"https:\/\/brilune.eu\/lv\/product\/tv-stativs-9\/#primaryimage"},"image":{"@id":"https:\/\/brilune.eu\/lv\/product\/tv-stativs-9\/#primaryimage"},"thumbnailUrl":"https:\/\/brilune.eu\/wp-content\/uploads\/2025\/01\/14478862.png","datePublished":"2025-02-19T11:04:32+00:00","dateModified":"2025-02-19T11:30:32+00:00","description":"M\u016bsdien\u012bga stila TV stat\u012bvs, kas ir ide\u0101li piem\u0113rots, lai j\u016bsu viesistab\u0101 izveidotu \u0113rtu un sak\u0101rtotu telpu. Elegants un funkcion\u0101ls, tas ir apr\u012bkots ar \u010detr\u0101m atvilktn\u0113m, kas...","breadcrumb":{"@id":"https:\/\/brilune.eu\/lv\/product\/tv-stativs-9\/#breadcrumb"},"inLanguage":"lv-LV","potentialAction":[{"@type":"ReadAction","target":["https:\/\/brilune.eu\/lv\/product\/tv-stativs-9\/"]}]},{"@type":"ImageObject","inLanguage":"lv-LV","@id":"https:\/\/brilune.eu\/lv\/product\/tv-stativs-9\/#primaryimage","url":"https:\/\/brilune.eu\/wp-content\/uploads\/2025\/01\/14478862.png","contentUrl":"https:\/\/brilune.eu\/wp-content\/uploads\/2025\/01\/14478862.png","width":800,"height":800},{"@type":"BreadcrumbList","@id":"https:\/\/brilune.eu\/lv\/product\/tv-stativs-9\/#breadcrumb","itemListElement":[{"@type":"ListItem","position":1,"name":"S\u0101kums","item":"https:\/\/brilune.eu\/lv\/brilune-mebeles\/"},{"@type":"ListItem","position":2,"name":"Visi produkti","item":"https:\/\/brilune.eu\/lv\/shop\/"},{"@type":"ListItem","position":3,"name":"TV stat\u012bvs"}]},{"@type":"WebSite","@id":"https:\/\/brilune.eu\/lv\/#website","url":"https:\/\/brilune.eu\/lv\/","name":"Brilune","description":"M\u0113s pied\u0101v\u0101jam unik\u0101lus un nebiju\u0161us dizainus, kas apvieno eleganci, funkcionalit\u0101ti un rado\u0161umu.","potentialAction":[{"@type":"SearchAction","target":{"@type":"EntryPoint","urlTemplate":"https:\/\/brilune.eu\/lv\/?s={search_term_string}"},"query-input":{"@type":"PropertyValueSpecification","valueRequired":true,"valueName":"search_term_string"}}],"inLanguage":"lv-LV"}]}},"jetpack_sharing_enabled":true,"_links":{"self":[{"href":"https:\/\/brilune.eu\/lv\/wp-json\/wp\/v2\/product\/38830","targetHints":{"allow":["GET"]}}],"collection":[{"href":"https:\/\/brilune.eu\/lv\/wp-json\/wp\/v2\/product"}],"about":[{"href":"https:\/\/brilune.eu\/lv\/wp-json\/wp\/v2\/types\/product"}],"replies":[{"embeddable":true,"href":"https:\/\/brilune.eu\/lv\/wp-json\/wp\/v2\/comments?post=38830"}],"version-history":[{"count":1,"href":"https:\/\/brilune.eu\/lv\/wp-json\/wp\/v2\/product\/38830\/revisions"}],"predecessor-version":[{"id":38882,"href":"https:\/\/brilune.eu\/lv\/wp-json\/wp\/v2\/product\/38830\/revisions\/38882"}],"wp:featuredmedia":[{"embeddable":true,"href":"https:\/\/brilune.eu\/lv\/wp-json\/wp\/v2\/media\/10830"}],"wp:attachment":[{"href":"https:\/\/brilune.eu\/lv\/wp-json\/wp\/v2\/media?parent=38830"}],"wp:term":[{"taxonomy":"product_brand","embeddable":true,"href":"https:\/\/brilune.eu\/lv\/wp-json\/wp\/v2\/product_brand?post=38830"},{"taxonomy":"product_cat","embeddable":true,"href":"https:\/\/brilune.eu\/lv\/wp-json\/wp\/v2\/product_cat?post=38830"},{"taxonomy":"product_tag","embeddable":true,"href":"https:\/\/brilune.eu\/lv\/wp-json\/wp\/v2\/product_tag?post=38830"}],"curies":[{"name":"wp","href":"https:\/\/api.w.org\/{rel}","templated":true}]}}