{"id":38827,"date":"2025-02-19T13:04:31","date_gmt":"2025-02-19T11:04:31","guid":{"rendered":"https:\/\/brilune.eu\/?post_type=product&#038;p=38827"},"modified":"2025-02-19T13:30:31","modified_gmt":"2025-02-19T11:30:31","slug":"tv-stativs-8","status":"publish","type":"product","link":"https:\/\/brilune.eu\/lv\/product\/tv-stativs-8\/","title":{"rendered":"TV stat\u012bvs"},"content":{"rendered":"<p>Elegants un praktisks TV stat\u012bvs ar atv\u0113rtu glab\u0101tuvi m\u016bsdien\u012bg\u0101 stil\u0101, ide\u0101li piem\u0113rots telpas organiz\u0113\u0161anai dz\u012bvojam\u0101 istab\u0101. Skapis ir apr\u012bkots ar div\u0101m ietilp\u012bg\u0101m atvilktn\u0113m glab\u0101\u0161anai, k\u0101 ar\u012b diviem sl\u0113gtiem nodal\u012bjumiem ar plauktiem, kas \u013cauj gl\u012bti novietot da\u017e\u0101dus piederumus un apr\u012bkojumu. Lakoniskais dizains un dab\u012bg\u0101 koka tonis pie\u0161\u0137irs j\u016bsu interjeram siltumu un komfortu, padarot to par stil\u012bgu un funkcion\u0101lu elementu.<\/p>\n<p>Izm\u0113rs: 200\u00d743\u00d760 cm. Materi\u0101ls: koks.<\/p>\n","protected":false},"excerpt":{"rendered":"<p>Elegants un praktisks TV stat\u012bvs ar atv\u0113rtu glab\u0101tuvi m\u016bsdien\u012bg\u0101 stil\u0101, ide\u0101li piem\u0113rots telpas organiz\u0113\u0161anai dz\u012bvojam\u0101 istab\u0101. Skapis ir apr\u012bkots ar div\u0101m ietilp\u012bg\u0101m &#8230;<\/p>\n","protected":false},"featured_media":10805,"comment_status":"open","ping_status":"closed","template":"","meta":[],"product_brand":[],"product_cat":[2963,5640],"product_tag":[],"class_list":{"0":"post-38827","1":"product","2":"type-product","3":"status-publish","4":"has-post-thumbnail","6":"product_cat-tv-stativi-un-izklaides-centri-kratuve-2","7":"product_cat-tv-stativi-un-izklaides-centri-kratuve-2-5","9":"first","10":"instock","11":"shipping-taxable","12":"purchasable","13":"product-type-simple"},"yoast_head":"<!-- This site is optimized with the Yoast SEO plugin v26.0 - https:\/\/yoast.com\/wordpress\/plugins\/seo\/ -->\n<title>TV stat\u012bvs<\/title>\n<meta name=\"description\" content=\"Elegants un praktisks TV stat\u012bvs ar atv\u0113rtu glab\u0101tuvi m\u016bsdien\u012bg\u0101 stil\u0101, ide\u0101li piem\u0113rots telpas organiz\u0113\u0161anai dz\u012bvojam\u0101 istab\u0101. Skapis ir apr\u012bkots ar div\u0101m ietilp\u012bg\u0101m ...\" \/>\n<meta name=\"robots\" content=\"index, follow, max-snippet:-1, max-image-preview:large, max-video-preview:-1\" \/>\n<link rel=\"canonical\" href=\"https:\/\/brilune.eu\/lv\/product\/tv-stativs-8\/\" \/>\n<meta property=\"og:locale\" content=\"lv_LV\" \/>\n<meta property=\"og:type\" content=\"article\" \/>\n<meta property=\"og:title\" content=\"TV stat\u012bvs\" \/>\n<meta property=\"og:description\" content=\"Elegants un praktisks TV stat\u012bvs ar atv\u0113rtu glab\u0101tuvi m\u016bsdien\u012bg\u0101 stil\u0101, ide\u0101li piem\u0113rots telpas organiz\u0113\u0161anai dz\u012bvojam\u0101 istab\u0101. Skapis ir apr\u012bkots ar div\u0101m ietilp\u012bg\u0101m ...\" \/>\n<meta property=\"og:url\" content=\"https:\/\/brilune.eu\/lv\/product\/tv-stativs-8\/\" \/>\n<meta property=\"og:site_name\" content=\"Brilune\" \/>\n<meta property=\"article:modified_time\" content=\"2025-02-19T11:30:31+00:00\" \/>\n<meta property=\"og:image\" content=\"https:\/\/brilune.eu\/wp-content\/uploads\/2025\/01\/14478854.png\" \/>\n\t<meta property=\"og:image:width\" content=\"800\" \/>\n\t<meta property=\"og:image:height\" content=\"800\" \/>\n\t<meta property=\"og:image:type\" content=\"image\/png\" \/>\n<meta name=\"twitter:card\" content=\"summary_large_image\" \/>\n<script type=\"application\/ld+json\" class=\"yoast-schema-graph\">{\"@context\":\"https:\/\/schema.org\",\"@graph\":[{\"@type\":\"WebPage\",\"@id\":\"https:\/\/brilune.eu\/lv\/product\/tv-stativs-8\/\",\"url\":\"https:\/\/brilune.eu\/lv\/product\/tv-stativs-8\/\",\"name\":\"TV stat\u012bvs\",\"isPartOf\":{\"@id\":\"https:\/\/brilune.eu\/lv\/#website\"},\"primaryImageOfPage\":{\"@id\":\"https:\/\/brilune.eu\/lv\/product\/tv-stativs-8\/#primaryimage\"},\"image\":{\"@id\":\"https:\/\/brilune.eu\/lv\/product\/tv-stativs-8\/#primaryimage\"},\"thumbnailUrl\":\"https:\/\/brilune.eu\/wp-content\/uploads\/2025\/01\/14478854.png\",\"datePublished\":\"2025-02-19T11:04:31+00:00\",\"dateModified\":\"2025-02-19T11:30:31+00:00\",\"description\":\"Elegants un praktisks TV stat\u012bvs ar atv\u0113rtu glab\u0101tuvi m\u016bsdien\u012bg\u0101 stil\u0101, ide\u0101li piem\u0113rots telpas organiz\u0113\u0161anai dz\u012bvojam\u0101 istab\u0101. Skapis ir apr\u012bkots ar div\u0101m ietilp\u012bg\u0101m ...\",\"breadcrumb\":{\"@id\":\"https:\/\/brilune.eu\/lv\/product\/tv-stativs-8\/#breadcrumb\"},\"inLanguage\":\"lv-LV\",\"potentialAction\":[{\"@type\":\"ReadAction\",\"target\":[\"https:\/\/brilune.eu\/lv\/product\/tv-stativs-8\/\"]}]},{\"@type\":\"ImageObject\",\"inLanguage\":\"lv-LV\",\"@id\":\"https:\/\/brilune.eu\/lv\/product\/tv-stativs-8\/#primaryimage\",\"url\":\"https:\/\/brilune.eu\/wp-content\/uploads\/2025\/01\/14478854.png\",\"contentUrl\":\"https:\/\/brilune.eu\/wp-content\/uploads\/2025\/01\/14478854.png\",\"width\":800,\"height\":800},{\"@type\":\"BreadcrumbList\",\"@id\":\"https:\/\/brilune.eu\/lv\/product\/tv-stativs-8\/#breadcrumb\",\"itemListElement\":[{\"@type\":\"ListItem\",\"position\":1,\"name\":\"S\u0101kums\",\"item\":\"https:\/\/brilune.eu\/lv\/brilune-mebeles\/\"},{\"@type\":\"ListItem\",\"position\":2,\"name\":\"Visi produkti\",\"item\":\"https:\/\/brilune.eu\/lv\/shop\/\"},{\"@type\":\"ListItem\",\"position\":3,\"name\":\"TV stat\u012bvs\"}]},{\"@type\":\"WebSite\",\"@id\":\"https:\/\/brilune.eu\/lv\/#website\",\"url\":\"https:\/\/brilune.eu\/lv\/\",\"name\":\"Brilune\",\"description\":\"M\u0113s pied\u0101v\u0101jam unik\u0101lus un nebiju\u0161us dizainus, kas apvieno eleganci, funkcionalit\u0101ti un rado\u0161umu.\",\"potentialAction\":[{\"@type\":\"SearchAction\",\"target\":{\"@type\":\"EntryPoint\",\"urlTemplate\":\"https:\/\/brilune.eu\/lv\/?s={search_term_string}\"},\"query-input\":{\"@type\":\"PropertyValueSpecification\",\"valueRequired\":true,\"valueName\":\"search_term_string\"}}],\"inLanguage\":\"lv-LV\"}]}<\/script>\n<!-- \/ Yoast SEO plugin. -->","yoast_head_json":{"title":"TV stat\u012bvs","description":"Elegants un praktisks TV stat\u012bvs ar atv\u0113rtu glab\u0101tuvi m\u016bsdien\u012bg\u0101 stil\u0101, ide\u0101li piem\u0113rots telpas organiz\u0113\u0161anai dz\u012bvojam\u0101 istab\u0101. Skapis ir apr\u012bkots ar div\u0101m ietilp\u012bg\u0101m ...","robots":{"index":"index","follow":"follow","max-snippet":"max-snippet:-1","max-image-preview":"max-image-preview:large","max-video-preview":"max-video-preview:-1"},"canonical":"https:\/\/brilune.eu\/lv\/product\/tv-stativs-8\/","og_locale":"lv_LV","og_type":"article","og_title":"TV stat\u012bvs","og_description":"Elegants un praktisks TV stat\u012bvs ar atv\u0113rtu glab\u0101tuvi m\u016bsdien\u012bg\u0101 stil\u0101, ide\u0101li piem\u0113rots telpas organiz\u0113\u0161anai dz\u012bvojam\u0101 istab\u0101. Skapis ir apr\u012bkots ar div\u0101m ietilp\u012bg\u0101m ...","og_url":"https:\/\/brilune.eu\/lv\/product\/tv-stativs-8\/","og_site_name":"Brilune","article_modified_time":"2025-02-19T11:30:31+00:00","og_image":[{"width":800,"height":800,"url":"https:\/\/brilune.eu\/wp-content\/uploads\/2025\/01\/14478854.png","type":"image\/png"}],"twitter_card":"summary_large_image","schema":{"@context":"https:\/\/schema.org","@graph":[{"@type":"WebPage","@id":"https:\/\/brilune.eu\/lv\/product\/tv-stativs-8\/","url":"https:\/\/brilune.eu\/lv\/product\/tv-stativs-8\/","name":"TV stat\u012bvs","isPartOf":{"@id":"https:\/\/brilune.eu\/lv\/#website"},"primaryImageOfPage":{"@id":"https:\/\/brilune.eu\/lv\/product\/tv-stativs-8\/#primaryimage"},"image":{"@id":"https:\/\/brilune.eu\/lv\/product\/tv-stativs-8\/#primaryimage"},"thumbnailUrl":"https:\/\/brilune.eu\/wp-content\/uploads\/2025\/01\/14478854.png","datePublished":"2025-02-19T11:04:31+00:00","dateModified":"2025-02-19T11:30:31+00:00","description":"Elegants un praktisks TV stat\u012bvs ar atv\u0113rtu glab\u0101tuvi m\u016bsdien\u012bg\u0101 stil\u0101, ide\u0101li piem\u0113rots telpas organiz\u0113\u0161anai dz\u012bvojam\u0101 istab\u0101. Skapis ir apr\u012bkots ar div\u0101m ietilp\u012bg\u0101m ...","breadcrumb":{"@id":"https:\/\/brilune.eu\/lv\/product\/tv-stativs-8\/#breadcrumb"},"inLanguage":"lv-LV","potentialAction":[{"@type":"ReadAction","target":["https:\/\/brilune.eu\/lv\/product\/tv-stativs-8\/"]}]},{"@type":"ImageObject","inLanguage":"lv-LV","@id":"https:\/\/brilune.eu\/lv\/product\/tv-stativs-8\/#primaryimage","url":"https:\/\/brilune.eu\/wp-content\/uploads\/2025\/01\/14478854.png","contentUrl":"https:\/\/brilune.eu\/wp-content\/uploads\/2025\/01\/14478854.png","width":800,"height":800},{"@type":"BreadcrumbList","@id":"https:\/\/brilune.eu\/lv\/product\/tv-stativs-8\/#breadcrumb","itemListElement":[{"@type":"ListItem","position":1,"name":"S\u0101kums","item":"https:\/\/brilune.eu\/lv\/brilune-mebeles\/"},{"@type":"ListItem","position":2,"name":"Visi produkti","item":"https:\/\/brilune.eu\/lv\/shop\/"},{"@type":"ListItem","position":3,"name":"TV stat\u012bvs"}]},{"@type":"WebSite","@id":"https:\/\/brilune.eu\/lv\/#website","url":"https:\/\/brilune.eu\/lv\/","name":"Brilune","description":"M\u0113s pied\u0101v\u0101jam unik\u0101lus un nebiju\u0161us dizainus, kas apvieno eleganci, funkcionalit\u0101ti un rado\u0161umu.","potentialAction":[{"@type":"SearchAction","target":{"@type":"EntryPoint","urlTemplate":"https:\/\/brilune.eu\/lv\/?s={search_term_string}"},"query-input":{"@type":"PropertyValueSpecification","valueRequired":true,"valueName":"search_term_string"}}],"inLanguage":"lv-LV"}]}},"jetpack_sharing_enabled":true,"_links":{"self":[{"href":"https:\/\/brilune.eu\/lv\/wp-json\/wp\/v2\/product\/38827","targetHints":{"allow":["GET"]}}],"collection":[{"href":"https:\/\/brilune.eu\/lv\/wp-json\/wp\/v2\/product"}],"about":[{"href":"https:\/\/brilune.eu\/lv\/wp-json\/wp\/v2\/types\/product"}],"replies":[{"embeddable":true,"href":"https:\/\/brilune.eu\/lv\/wp-json\/wp\/v2\/comments?post=38827"}],"version-history":[{"count":1,"href":"https:\/\/brilune.eu\/lv\/wp-json\/wp\/v2\/product\/38827\/revisions"}],"predecessor-version":[{"id":38869,"href":"https:\/\/brilune.eu\/lv\/wp-json\/wp\/v2\/product\/38827\/revisions\/38869"}],"wp:featuredmedia":[{"embeddable":true,"href":"https:\/\/brilune.eu\/lv\/wp-json\/wp\/v2\/media\/10805"}],"wp:attachment":[{"href":"https:\/\/brilune.eu\/lv\/wp-json\/wp\/v2\/media?parent=38827"}],"wp:term":[{"taxonomy":"product_brand","embeddable":true,"href":"https:\/\/brilune.eu\/lv\/wp-json\/wp\/v2\/product_brand?post=38827"},{"taxonomy":"product_cat","embeddable":true,"href":"https:\/\/brilune.eu\/lv\/wp-json\/wp\/v2\/product_cat?post=38827"},{"taxonomy":"product_tag","embeddable":true,"href":"https:\/\/brilune.eu\/lv\/wp-json\/wp\/v2\/product_tag?post=38827"}],"curies":[{"name":"wp","href":"https:\/\/api.w.org\/{rel}","templated":true}]}}